{"id":24,"date":"2018-11-27T08:35:14","date_gmt":"2018-11-27T07:35:14","guid":{"rendered":"http:\/\/knjiznice.nsk.hr\/erdody\/?page_id=24"},"modified":"2020-07-30T11:19:10","modified_gmt":"2020-07-30T09:19:10","slug":"o-knjiznici","status":"publish","type":"page","link":"https:\/\/knjiznice.nsk.hr\/erdody\/o-knjiznici\/","title":{"rendered":"O knji\u017enici"},"content":{"rendered":"<p class=\"s3\"><span class=\"s4\">Op\u0107eniti podaci<\/span><\/p>\n<p class=\"s5\"><span class=\"s2\">Op\u0107inska knji\u017enica Sidonije Rubido Erd\u00f6dy<\/span><span class=\"s2\"> javna je i neprofitna kulturna ustanova na podru\u010dju Op\u0107ine Gornja Ri<\/span><span class=\"s2\">jeka. <\/span><span class=\"s2\">Spada u VII. tip knji\u017enica (podru\u010dje do 5000 stanovnika) <\/span><span class=\"s2\">O<\/span><span class=\"s2\">sniva\u010d joj je Op\u0107ina Gornj<\/span><span class=\"s2\">a Rijeka. Osnovana je<\/span><span class=\"s2\"> 15. 10<\/span><span class=\"s2\">. 2007. godine te je time postala <\/span><span class=\"s2\">najmla\u0111a knji\u017enica u Koprivni\u010dko-kri\u017eeva\u010dkoj \u017eupaniji. Broji <\/span><span class=\"s2\">oko 700 \u010dlanova u koje ubrajamo sve dobne skupine. Posjeduje preko 7000 jedinica knji\u017eni\u010dne gra\u0111e.<\/span><span class=\"s2\"> Premda je prostorom mala, u knji\u017enici se mo\u017ee posuditi osnovno\u0161kolska &nbsp;lektira, slikovnice, stru\u010dna literatura iz raznih podru\u010dja znanosti, beletristika, omladinska knji\u017eevnost. Zastupljen je malen opus zavi\u010dajne literature kao i one koja je vrlo va\u017ena pa se koristi isklju\u010divo za upotrebu unutar prostora knji\u017enice. <\/span><span class=\"s2\">\u0160to se ti\u010de periodike, pretpla\u0107uje se na tjednik Podravski lis<\/span><span class=\"s2\">t te na sljede\u0107e \u010dasopise: <\/span><span class=\"s2\">Story, Cosmopolitan<\/span><span class=\"s2\">, Ok, Smib, Lova\u010dki vjesnik, Vatrogasni vjesnik, Ra\u010dunovodstvo i financije, TIM4PIN.<\/span><span class=\"s2\"> Sadr\u017ei ove\u0107u zbirku AV gra\u0111e, prete\u017eito dvd-a (crtanih filmova<\/span><span class=\"s2\"> i nekoliko ra\u010dunalnih igrica)<\/span><\/p>\n<p class=\"s5\"><span class=\"s2\">U sklopu Knji\u017enice djeluju igraonica za djecu pred\u0161kolskog uzrasta te radionica za mame i bebe.<\/span><\/p>\n<p class=\"s5\"><span class=\"s2\">Zaposlena je jedna stru\u010dna osoba.<\/span><\/p>\n<p class=\"s5\"><span class=\"s4\">Naziv<\/span><\/p>\n<p class=\"s5\"><span class=\"s2\"><img loading=\"lazy\" class=\"alignleft\" src=\"https:\/\/i2.wp.com\/povijest.net\/2018\/wp-content\/uploads\/2014\/07\/sidonija-03.jpg?resize=300%2C300\" alt=\"Sidonija Rubido Erd\u00f6dy \u2013 Hrvatski povijesni portal\" width=\"152\" height=\"152\">Nosi veliko ime u svom nazivu, a to je Sidonija Rubido <\/span><span class=\"s2\">Erd\u00f6dy<\/span><span class=\"s2\">, hrvatska grofica, prva koncertna pjeva\u010dica te operna primadona. Knji\u017enica je kao i cijela Op\u0107ina vrlo vezana <\/span><span class=\"s2\">uz njezino ime jer je ta <\/span><span class=\"s2\">hrvatska velikana umrla u dvorcu <\/span><span class=\"s2\">u koji se sjatila pred kraj svog <\/span><span class=\"s2\">\u017eivota, a koji <\/span><span class=\"s2\">se nalazi u Gornjoj R<\/span><span class=\"s2\">ijeci u kojoj je naposljetku i sahranjena.<\/span><\/p>\n<p>Vizualni identitet loga- mag.ing.graph.tech. Karolina Tkal\u010devi\u0107 Krklec<\/p>\n","protected":false},"excerpt":{"rendered":"<p>Op\u0107eniti podaci Op\u0107inska knji\u017enica Sidonije Rubido Erd\u00f6dy javna je i neprofitna kulturna ustanova na podru\u010dju Op\u0107ine Gornja Rijeka. Spada u VII. tip knji\u017enica (podru\u010dje do 5000 stanovnika) Osniva\u010d joj je Op\u0107ina Gornja Rijeka. Osnovana je 15. 10. 2007. godine te je time postala najmla\u0111a knji\u017enica u Koprivni\u010dko-kri\u017eeva\u010dkoj \u017eupaniji. Broji oko 700 \u010dlanova u koje ubrajamo [&hellip;]<\/p>\n","protected":false},"author":174,"featured_media":0,"parent":0,"menu_order":0,"comment_status":"closed","ping_status":"closed","template":"","meta":{"ngg_post_thumbnail":0},"yoast_head":"<!-- This site is optimized with the Yoast SEO plugin v16.4 - https:\/\/yoast.com\/wordpress\/plugins\/seo\/ -->\n<meta name=\"robots\" content=\"index, follow, max-snippet:-1, max-image-preview:large, max-video-preview:-1\" \/>\n<link rel=\"canonical\" href=\"https:\/\/knjiznice.nsk.hr\/erdody\/o-knjiznici\/\" \/>\n<meta property=\"og:locale\" content=\"hr_HR\" \/>\n<meta property=\"og:type\" content=\"article\" \/>\n<meta property=\"og:title\" content=\"O knji\u017enici - Op\u0107inska knji\u017enica Sidonije Rubido Erd\u04e7dy Gornja Rijeka\" \/>\n<meta property=\"og:description\" content=\"Op\u0107eniti podaci Op\u0107inska knji\u017enica Sidonije Rubido Erd\u00f6dy javna je i neprofitna kulturna ustanova na podru\u010dju Op\u0107ine Gornja Rijeka. Spada u VII. tip knji\u017enica (podru\u010dje do 5000 stanovnika) Osniva\u010d joj je Op\u0107ina Gornja Rijeka. Osnovana je 15. 10. 2007. godine te je time postala najmla\u0111a knji\u017enica u Koprivni\u010dko-kri\u017eeva\u010dkoj \u017eupaniji. Broji oko 700 \u010dlanova u koje ubrajamo [&hellip;]\" \/>\n<meta property=\"og:url\" content=\"https:\/\/knjiznice.nsk.hr\/erdody\/o-knjiznici\/\" \/>\n<meta property=\"og:site_name\" content=\"Op\u0107inska knji\u017enica Sidonije Rubido Erd\u04e7dy Gornja Rijeka\" \/>\n<meta property=\"article:modified_time\" content=\"2020-07-30T09:19:10+00:00\" \/>\n<meta property=\"og:image\" content=\"https:\/\/i2.wp.com\/povijest.net\/2018\/wp-content\/uploads\/2014\/07\/sidonija-03.jpg?resize=300%2C300\" \/>\n<meta name=\"twitter:card\" content=\"summary_large_image\" \/>\n<meta name=\"twitter:label1\" content=\"Procijenjeno vrijeme \u010ditanja\" \/>\n\t<meta name=\"twitter:data1\" content=\"1 minuta\" \/>\n<script type=\"application\/ld+json\" class=\"yoast-schema-graph\">{\"@context\":\"https:\/\/schema.org\",\"@graph\":[{\"@type\":\"Organization\",\"@id\":\"https:\/\/knjiznice.nsk.hr\/erdody\/#organization\",\"name\":\"Op\\u0107inska knji\\u017enica S. R. Erdody\",\"url\":\"https:\/\/knjiznice.nsk.hr\/erdody\/\",\"sameAs\":[],\"logo\":{\"@type\":\"ImageObject\",\"@id\":\"https:\/\/knjiznice.nsk.hr\/erdody\/#logo\",\"inLanguage\":\"hr\",\"url\":\"http:\/\/knjiznice.nsk.hr\/erdody\/wp-content\/uploads\/sites\/94\/2018\/11\/logo.png\",\"contentUrl\":\"http:\/\/knjiznice.nsk.hr\/erdody\/wp-content\/uploads\/sites\/94\/2018\/11\/logo.png\",\"width\":70,\"height\":65,\"caption\":\"Op\\u0107inska knji\\u017enica S. R. Erdody\"},\"image\":{\"@id\":\"https:\/\/knjiznice.nsk.hr\/erdody\/#logo\"}},{\"@type\":\"WebSite\",\"@id\":\"https:\/\/knjiznice.nsk.hr\/erdody\/#website\",\"url\":\"https:\/\/knjiznice.nsk.hr\/erdody\/\",\"name\":\"Op\\u0107inska knji\\u017enica Sidonije Rubido Erd\\u04e7dy Gornja Rijeka\",\"description\":\"\",\"publisher\":{\"@id\":\"https:\/\/knjiznice.nsk.hr\/erdody\/#organization\"},\"potentialAction\":[{\"@type\":\"SearchAction\",\"target\":\"https:\/\/knjiznice.nsk.hr\/erdody\/?s={search_term_string}\",\"query-input\":\"required name=search_term_string\"}],\"inLanguage\":\"hr\"},{\"@type\":\"ImageObject\",\"@id\":\"https:\/\/knjiznice.nsk.hr\/erdody\/o-knjiznici\/#primaryimage\",\"inLanguage\":\"hr\",\"url\":\"https:\/\/i2.wp.com\/povijest.net\/2018\/wp-content\/uploads\/2014\/07\/sidonija-03.jpg?resize=300%2C300\",\"contentUrl\":\"https:\/\/i2.wp.com\/povijest.net\/2018\/wp-content\/uploads\/2014\/07\/sidonija-03.jpg?resize=300%2C300\"},{\"@type\":\"WebPage\",\"@id\":\"https:\/\/knjiznice.nsk.hr\/erdody\/o-knjiznici\/#webpage\",\"url\":\"https:\/\/knjiznice.nsk.hr\/erdody\/o-knjiznici\/\",\"name\":\"O knji\\u017enici - Op\\u0107inska knji\\u017enica Sidonije Rubido Erd\\u04e7dy Gornja Rijeka\",\"isPartOf\":{\"@id\":\"https:\/\/knjiznice.nsk.hr\/erdody\/#website\"},\"primaryImageOfPage\":{\"@id\":\"https:\/\/knjiznice.nsk.hr\/erdody\/o-knjiznici\/#primaryimage\"},\"datePublished\":\"2018-11-27T07:35:14+00:00\",\"dateModified\":\"2020-07-30T09:19:10+00:00\",\"breadcrumb\":{\"@id\":\"https:\/\/knjiznice.nsk.hr\/erdody\/o-knjiznici\/#breadcrumb\"},\"inLanguage\":\"hr\",\"potentialAction\":[{\"@type\":\"ReadAction\",\"target\":[\"https:\/\/knjiznice.nsk.hr\/erdody\/o-knjiznici\/\"]}]},{\"@type\":\"BreadcrumbList\",\"@id\":\"https:\/\/knjiznice.nsk.hr\/erdody\/o-knjiznici\/#breadcrumb\",\"itemListElement\":[{\"@type\":\"ListItem\",\"position\":1,\"item\":{\"@type\":\"WebPage\",\"@id\":\"https:\/\/knjiznice.nsk.hr\/erdody\/\",\"url\":\"https:\/\/knjiznice.nsk.hr\/erdody\/\",\"name\":\"Po\\u010detna stranica\"}},{\"@type\":\"ListItem\",\"position\":2,\"item\":{\"@id\":\"https:\/\/knjiznice.nsk.hr\/erdody\/o-knjiznici\/#webpage\"}}]}]}<\/script>\n<!-- \/ Yoast SEO plugin. -->","_links":{"self":[{"href":"https:\/\/knjiznice.nsk.hr\/erdody\/wp-json\/wp\/v2\/pages\/24"}],"collection":[{"href":"https:\/\/knjiznice.nsk.hr\/erdody\/wp-json\/wp\/v2\/pages"}],"about":[{"href":"https:\/\/knjiznice.nsk.hr\/erdody\/wp-json\/wp\/v2\/types\/page"}],"author":[{"embeddable":true,"href":"https:\/\/knjiznice.nsk.hr\/erdody\/wp-json\/wp\/v2\/users\/174"}],"replies":[{"embeddable":true,"href":"https:\/\/knjiznice.nsk.hr\/erdody\/wp-json\/wp\/v2\/comments?post=24"}],"version-history":[{"count":4,"href":"https:\/\/knjiznice.nsk.hr\/erdody\/wp-json\/wp\/v2\/pages\/24\/revisions"}],"predecessor-version":[{"id":228,"href":"https:\/\/knjiznice.nsk.hr\/erdody\/wp-json\/wp\/v2\/pages\/24\/revisions\/228"}],"wp:attachment":[{"href":"https:\/\/knjiznice.nsk.hr\/erdody\/wp-json\/wp\/v2\/media?parent=24"}],"curies":[{"name":"wp","href":"https:\/\/api.w.org\/{rel}","templated":true}]}}