{"id":124,"date":"2019-02-10T10:46:49","date_gmt":"2019-02-10T09:46:49","guid":{"rendered":"http:\/\/knjiznice.nsk.hr\/erdody\/?page_id=124"},"modified":"2020-07-28T08:43:11","modified_gmt":"2020-07-28T06:43:11","slug":"akti-i-pravilnici","status":"publish","type":"page","link":"https:\/\/knjiznice.nsk.hr\/erdody\/akti-i-pravilnici\/","title":{"rendered":"Akti i pravilnici"},"content":{"rendered":"<p><a href=\"http:\/\/knjiznice.nsk.hr\/erdody\/wp-content\/uploads\/sites\/94\/2020\/07\/Statut-Op\u0107inske-knji\u017enice-S.-R.-Erdody-Gornja-Rijeka-..doc\">Statut Op\u0107inske knji\u017enice S. R. Erdody Gornja Rijeka .<\/a><\/p>\n<p><a href=\"http:\/\/knjiznice.nsk.hr\/erdody\/wp-content\/uploads\/sites\/94\/2020\/07\/Pravilnik-o-unutarnjem-ustrojstvu-i-na\u010dinu-rada-Op\u0107inske-knji\u017enice-S.-R.-Erd\u00f6dy-Gornja-Rijeka.docx\">Pravilnik o unutarnjem ustrojstvu i na\u010dinu rada Op\u0107inske knji\u017enice S. R. Erd\u00f6dy Gornja Rijeka<\/a><\/p>\n<p><a href=\"http:\/\/knjiznice.nsk.hr\/erdody\/wp-content\/uploads\/sites\/94\/2020\/07\/Pravilnik-o-unutarnjem-redu-pru\u017eanju-usluga-i-kori\u0161tenju-knji\u017ene-gra\u0111e-Op\u0107inske-knji\u017enice-S.R.-Erd\u00f6dy-Gornja-Rijeka.doc\">Pravilnik o unutarnjem redu, pru\u017eanju usluga i kori\u0161tenju knji\u017ene gra\u0111e Op\u0107inske knji\u017enice S.R. Erd\u00f6dy Gornja Rijeka<\/a><\/p>\n<p><a href=\"http:\/\/knjiznice.nsk.hr\/erdody\/wp-content\/uploads\/sites\/94\/2020\/07\/Ku\u0107ni-red-Op\u0107inske-knji\u017enice-S.R.Erd\u00f6dy-Gornja-Rijeka.docx\">Ku\u0107ni red Op\u0107inske knji\u017enice S.R.Erd\u00f6dy Gornja Rijeka<\/a><\/p>\n<p><a href=\"http:\/\/knjiznice.nsk.hr\/erdody\/wp-content\/uploads\/sites\/94\/2019\/02\/Pravilnik-o-zastiti-od-poz\u030cara-Opc\u0301inske-knjiz\u030cnice-S.R.Erdo\u0308dy.pdf\">Pravilnik o za\u0161titi od po\u017eara Op\u0107inske knji\u017enice S.R.Erdo\u0308dy<\/a><\/p>\n<p><a href=\"http:\/\/knjiznice.nsk.hr\/erdody\/wp-content\/uploads\/sites\/94\/2019\/02\/Pravilnik-o-zas\u030ctiti-na-radu-Opc\u0301inske-knjiz\u030cnice-S.R.Erdo\u0308dy.pdf\">Pravilnik o zas\u030ctiti na radu Opc\u0301inske knjiz\u030cnice S.R.Erdo\u0308dy<\/a><\/p>\n<p>&nbsp;<\/p>\n","protected":false},"excerpt":{"rendered":"<p>Statut Op\u0107inske knji\u017enice S. R. Erdody Gornja Rijeka . Pravilnik o unutarnjem ustrojstvu i na\u010dinu rada Op\u0107inske knji\u017enice S. R. Erd\u00f6dy Gornja Rijeka Pravilnik o unutarnjem redu, pru\u017eanju usluga i kori\u0161tenju knji\u017ene gra\u0111e Op\u0107inske knji\u017enice S.R. Erd\u00f6dy Gornja Rijeka Ku\u0107ni red Op\u0107inske knji\u017enice S.R.Erd\u00f6dy Gornja Rijeka Pravilnik o za\u0161titi od po\u017eara Op\u0107inske knji\u017enice S.R.Erdo\u0308dy Pravilnik [&hellip;]<\/p>\n","protected":false},"author":174,"featured_media":0,"parent":0,"menu_order":0,"comment_status":"closed","ping_status":"closed","template":"","meta":{"ngg_post_thumbnail":0},"yoast_head":"<!-- This site is optimized with the Yoast SEO plugin v16.4 - https:\/\/yoast.com\/wordpress\/plugins\/seo\/ -->\n<meta name=\"robots\" content=\"index, follow, max-snippet:-1, max-image-preview:large, max-video-preview:-1\" \/>\n<link rel=\"canonical\" href=\"http:\/\/knjiznice.nsk.hr\/erdody\/akti-i-pravilnici\/\" \/>\n<meta property=\"og:locale\" content=\"hr_HR\" \/>\n<meta property=\"og:type\" content=\"article\" \/>\n<meta property=\"og:title\" content=\"Akti i pravilnici - Op\u0107inska knji\u017enica Sidonije Rubido Erd\u04e7dy Gornja Rijeka\" \/>\n<meta property=\"og:description\" content=\"Statut Op\u0107inske knji\u017enice S. R. Erdody Gornja Rijeka . Pravilnik o unutarnjem ustrojstvu i na\u010dinu rada Op\u0107inske knji\u017enice S. R. Erd\u00f6dy Gornja Rijeka Pravilnik o unutarnjem redu, pru\u017eanju usluga i kori\u0161tenju knji\u017ene gra\u0111e Op\u0107inske knji\u017enice S.R. Erd\u00f6dy Gornja Rijeka Ku\u0107ni red Op\u0107inske knji\u017enice S.R.Erd\u00f6dy Gornja Rijeka Pravilnik o za\u0161titi od po\u017eara Op\u0107inske knji\u017enice S.R.Erdo\u0308dy Pravilnik [&hellip;]\" \/>\n<meta property=\"og:url\" content=\"http:\/\/knjiznice.nsk.hr\/erdody\/akti-i-pravilnici\/\" \/>\n<meta property=\"og:site_name\" content=\"Op\u0107inska knji\u017enica Sidonije Rubido Erd\u04e7dy Gornja Rijeka\" \/>\n<meta property=\"article:modified_time\" content=\"2020-07-28T06:43:11+00:00\" \/>\n<meta name=\"twitter:card\" content=\"summary_large_image\" \/>\n<script type=\"application\/ld+json\" class=\"yoast-schema-graph\">{\"@context\":\"https:\/\/schema.org\",\"@graph\":[{\"@type\":\"Organization\",\"@id\":\"http:\/\/knjiznice.nsk.hr\/erdody\/#organization\",\"name\":\"Op\\u0107inska knji\\u017enica S. R. Erdody\",\"url\":\"http:\/\/knjiznice.nsk.hr\/erdody\/\",\"sameAs\":[],\"logo\":{\"@type\":\"ImageObject\",\"@id\":\"http:\/\/knjiznice.nsk.hr\/erdody\/#logo\",\"inLanguage\":\"hr\",\"url\":\"http:\/\/knjiznice.nsk.hr\/erdody\/wp-content\/uploads\/sites\/94\/2018\/11\/logo.png\",\"contentUrl\":\"http:\/\/knjiznice.nsk.hr\/erdody\/wp-content\/uploads\/sites\/94\/2018\/11\/logo.png\",\"width\":70,\"height\":65,\"caption\":\"Op\\u0107inska knji\\u017enica S. R. Erdody\"},\"image\":{\"@id\":\"http:\/\/knjiznice.nsk.hr\/erdody\/#logo\"}},{\"@type\":\"WebSite\",\"@id\":\"http:\/\/knjiznice.nsk.hr\/erdody\/#website\",\"url\":\"http:\/\/knjiznice.nsk.hr\/erdody\/\",\"name\":\"Op\\u0107inska knji\\u017enica Sidonije Rubido Erd\\u04e7dy Gornja Rijeka\",\"description\":\"\",\"publisher\":{\"@id\":\"http:\/\/knjiznice.nsk.hr\/erdody\/#organization\"},\"potentialAction\":[{\"@type\":\"SearchAction\",\"target\":\"http:\/\/knjiznice.nsk.hr\/erdody\/?s={search_term_string}\",\"query-input\":\"required name=search_term_string\"}],\"inLanguage\":\"hr\"},{\"@type\":\"WebPage\",\"@id\":\"http:\/\/knjiznice.nsk.hr\/erdody\/akti-i-pravilnici\/#webpage\",\"url\":\"http:\/\/knjiznice.nsk.hr\/erdody\/akti-i-pravilnici\/\",\"name\":\"Akti i pravilnici - Op\\u0107inska knji\\u017enica Sidonije Rubido Erd\\u04e7dy Gornja Rijeka\",\"isPartOf\":{\"@id\":\"http:\/\/knjiznice.nsk.hr\/erdody\/#website\"},\"datePublished\":\"2019-02-10T09:46:49+00:00\",\"dateModified\":\"2020-07-28T06:43:11+00:00\",\"breadcrumb\":{\"@id\":\"http:\/\/knjiznice.nsk.hr\/erdody\/akti-i-pravilnici\/#breadcrumb\"},\"inLanguage\":\"hr\",\"potentialAction\":[{\"@type\":\"ReadAction\",\"target\":[\"http:\/\/knjiznice.nsk.hr\/erdody\/akti-i-pravilnici\/\"]}]},{\"@type\":\"BreadcrumbList\",\"@id\":\"http:\/\/knjiznice.nsk.hr\/erdody\/akti-i-pravilnici\/#breadcrumb\",\"itemListElement\":[{\"@type\":\"ListItem\",\"position\":1,\"item\":{\"@type\":\"WebPage\",\"@id\":\"http:\/\/knjiznice.nsk.hr\/erdody\/\",\"url\":\"http:\/\/knjiznice.nsk.hr\/erdody\/\",\"name\":\"Po\\u010detna stranica\"}},{\"@type\":\"ListItem\",\"position\":2,\"item\":{\"@id\":\"http:\/\/knjiznice.nsk.hr\/erdody\/akti-i-pravilnici\/#webpage\"}}]}]}<\/script>\n<!-- \/ Yoast SEO plugin. -->","_links":{"self":[{"href":"https:\/\/knjiznice.nsk.hr\/erdody\/wp-json\/wp\/v2\/pages\/124"}],"collection":[{"href":"https:\/\/knjiznice.nsk.hr\/erdody\/wp-json\/wp\/v2\/pages"}],"about":[{"href":"https:\/\/knjiznice.nsk.hr\/erdody\/wp-json\/wp\/v2\/types\/page"}],"author":[{"embeddable":true,"href":"https:\/\/knjiznice.nsk.hr\/erdody\/wp-json\/wp\/v2\/users\/174"}],"replies":[{"embeddable":true,"href":"https:\/\/knjiznice.nsk.hr\/erdody\/wp-json\/wp\/v2\/comments?post=124"}],"version-history":[{"count":18,"href":"https:\/\/knjiznice.nsk.hr\/erdody\/wp-json\/wp\/v2\/pages\/124\/revisions"}],"predecessor-version":[{"id":191,"href":"https:\/\/knjiznice.nsk.hr\/erdody\/wp-json\/wp\/v2\/pages\/124\/revisions\/191"}],"wp:attachment":[{"href":"https:\/\/knjiznice.nsk.hr\/erdody\/wp-json\/wp\/v2\/media?parent=124"}],"curies":[{"name":"wp","href":"https:\/\/api.w.org\/{rel}","templated":true}]}}