{"id":2,"date":"2015-03-24T14:08:22","date_gmt":"2015-03-24T14:08:22","guid":{"rendered":"http:\/\/knjiznice.nsk.hr\/drenovci\/?page_id=2"},"modified":"2015-04-02T12:03:23","modified_gmt":"2015-04-02T12:03:23","slug":"primjer-stranice","status":"publish","type":"page","link":"https:\/\/knjiznice.nsk.hr\/drenovci\/primjer-stranice\/","title":{"rendered":"O knji\u017enici"},"content":{"rendered":"<p>&nbsp;<\/p>\n<p><span class=\"xr_s1\"><span class=\"xr_tl\">Op\u0107inska narodna knji\u017enica Drenovci jedna je od mla\u0111ih knji\u017enica na podru\u010dju <\/span><span class=\"xr_tl\">Hrvatske. Osniva\u010d knji\u017enice je Op\u0107ina Drenovci.<\/span><\/span><\/p>\n<p style=\"text-align: center\"><a href=\"http:\/\/knjiznice.nsk.hr\/drenovci\/wp-content\/uploads\/sites\/87\/2015\/04\/1.jpg\"><img loading=\"lazy\" class=\"alignnone size-medium wp-image-33\" src=\"http:\/\/knjiznice.nsk.hr\/drenovci\/wp-content\/uploads\/sites\/87\/2015\/04\/1-300x225.jpg\" alt=\"1\" width=\"300\" height=\"225\" srcset=\"https:\/\/knjiznice.nsk.hr\/drenovci\/wp-content\/uploads\/sites\/87\/2015\/04\/1-300x225.jpg 300w, https:\/\/knjiznice.nsk.hr\/drenovci\/wp-content\/uploads\/sites\/87\/2015\/04\/1.jpg 500w\" sizes=\"(max-width: 300px) 100vw, 300px\" \/><\/a><!--more--><\/p>\n<p><span class=\"xr_s1\"><span class=\"xr_tl\">Knji\u017enica radi u potpuno <\/span><span class=\"xr_tl\">novom, moderno opremljenom prostoru, ukupne povr\u0161ine 341 m2, <\/span><span class=\"xr_tl\">otvorenom 29. listopada 2003. U zgradi knji\u017enice nalazi se i vi\u0161enamjenska <\/span><span class=\"xr_tl\">dvorana s pedeset mjesta.<\/span><\/span><\/p>\n<blockquote><p>Knji\u017enica trenutno ima sljede\u0107e odjele:<\/p><\/blockquote>\n<ul>\n<li><span class=\"xr_s1\"><span class=\"xr_tl\">dje\u010dji odjel s igraonicom<\/span><\/span><\/li>\n<li><span class=\"xr_s1\"><span class=\"xr_tl\">odjel za odrasle<\/span><\/span><\/li>\n<li><span class=\"xr_s1\"><span class=\"xr_tl\">studijski odje<\/span><\/span>l<\/li>\n<li><span class=\"xr_s1\"><span class=\"xr_tl\">\u010ditaonica dnevnog tiska<\/span><\/span><\/li>\n<li><span class=\"xr_s1\"><span class=\"xr_tl\">posudbeni odje<\/span><\/span>l<\/li>\n<li><span class=\"xr_s1\"><span class=\"xr_tl\">odjel multimedije<\/span><\/span><\/li>\n<\/ul>\n<p>&nbsp;<\/p>\n<blockquote><p>Fond knji\u017enice<\/p><\/blockquote>\n<p><span class=\"xr_s1\"><span class=\"xr_tl\">Fond knji\u017enice broji ne\u0161to vi\u0161e od 13000 primjeraka, \u0161to je prema standardima za <\/span><span class=\"xr_tl\">narodne knji\u017enice jo\u0161 uvijek premalo. Zato je u tijeku intezivna nabava gra\u0111e. <\/span><span class=\"xr_tl\">Prilikom otvorenja knji\u017enice darovano je vi\u0161e od tisu\u0107u primjeraka knji\u017ene gra\u0111e. <\/span><span class=\"xr_tl\">Ovim putem \u017eelimo jo\u0161 jednom zahvaliti svim darovateljima.<\/span> <span class=\"xr_tl\">Javite nam se, jer rado \u0107emo prihvatiti sve Va\u0161e prijedloge, kritike i naravno <\/span><span class=\"xr_tl\">donacije!<\/span><\/span><\/p>\n","protected":false},"excerpt":{"rendered":"<p>&nbsp; Op\u0107inska narodna knji\u017enica Drenovci jedna je od mla\u0111ih knji\u017enica na podru\u010dju Hrvatske. Osniva\u010d knji\u017enice je Op\u0107ina Drenovci.<\/p>\n","protected":false},"author":34,"featured_media":0,"parent":0,"menu_order":0,"comment_status":"closed","ping_status":"closed","template":"page-templates\/front-page.php","meta":{"ngg_post_thumbnail":0},"yoast_head":"<!-- This site is optimized with the Yoast SEO plugin v16.4 - https:\/\/yoast.com\/wordpress\/plugins\/seo\/ -->\n<meta name=\"robots\" content=\"index, follow, max-snippet:-1, max-image-preview:large, max-video-preview:-1\" \/>\n<link rel=\"canonical\" href=\"http:\/\/knjiznice.nsk.hr\/drenovci\/primjer-stranice\/\" \/>\n<meta property=\"og:locale\" content=\"hr_HR\" \/>\n<meta property=\"og:type\" content=\"article\" \/>\n<meta property=\"og:title\" content=\"O knji\u017enici - Op\u0107inska narodna knji\u017enica i \u010ditaonica Drenovci\" \/>\n<meta property=\"og:description\" content=\"&nbsp; Op\u0107inska narodna knji\u017enica Drenovci jedna je od mla\u0111ih knji\u017enica na podru\u010dju Hrvatske. Osniva\u010d knji\u017enice je Op\u0107ina Drenovci.\" \/>\n<meta property=\"og:url\" content=\"http:\/\/knjiznice.nsk.hr\/drenovci\/primjer-stranice\/\" \/>\n<meta property=\"og:site_name\" content=\"Op\u0107inska narodna knji\u017enica i \u010ditaonica Drenovci\" \/>\n<meta property=\"article:modified_time\" content=\"2015-04-02T12:03:23+00:00\" \/>\n<meta property=\"og:image\" content=\"http:\/\/knjiznice.nsk.hr\/drenovci\/wp-content\/uploads\/sites\/87\/2015\/04\/1-300x225.jpg\" \/>\n<meta name=\"twitter:label1\" content=\"Procijenjeno vrijeme \u010ditanja\" \/>\n\t<meta name=\"twitter:data1\" content=\"1 minuta\" \/>\n<script type=\"application\/ld+json\" class=\"yoast-schema-graph\">{\"@context\":\"https:\/\/schema.org\",\"@graph\":[{\"@type\":\"WebSite\",\"@id\":\"http:\/\/knjiznice.nsk.hr\/drenovci\/#website\",\"url\":\"http:\/\/knjiznice.nsk.hr\/drenovci\/\",\"name\":\"Op\\u0107inska narodna knji\\u017enica i \\u010ditaonica Drenovci\",\"description\":\"\",\"potentialAction\":[{\"@type\":\"SearchAction\",\"target\":\"http:\/\/knjiznice.nsk.hr\/drenovci\/?s={search_term_string}\",\"query-input\":\"required name=search_term_string\"}],\"inLanguage\":\"hr\"},{\"@type\":\"ImageObject\",\"@id\":\"http:\/\/knjiznice.nsk.hr\/drenovci\/primjer-stranice\/#primaryimage\",\"inLanguage\":\"hr\",\"url\":\"http:\/\/knjiznice.nsk.hr\/drenovci\/wp-content\/uploads\/sites\/87\/2015\/04\/1-300x225.jpg\",\"contentUrl\":\"http:\/\/knjiznice.nsk.hr\/drenovci\/wp-content\/uploads\/sites\/87\/2015\/04\/1-300x225.jpg\"},{\"@type\":\"WebPage\",\"@id\":\"http:\/\/knjiznice.nsk.hr\/drenovci\/primjer-stranice\/#webpage\",\"url\":\"http:\/\/knjiznice.nsk.hr\/drenovci\/primjer-stranice\/\",\"name\":\"O knji\\u017enici - Op\\u0107inska narodna knji\\u017enica i \\u010ditaonica Drenovci\",\"isPartOf\":{\"@id\":\"http:\/\/knjiznice.nsk.hr\/drenovci\/#website\"},\"primaryImageOfPage\":{\"@id\":\"http:\/\/knjiznice.nsk.hr\/drenovci\/primjer-stranice\/#primaryimage\"},\"datePublished\":\"2015-03-24T14:08:22+00:00\",\"dateModified\":\"2015-04-02T12:03:23+00:00\",\"breadcrumb\":{\"@id\":\"http:\/\/knjiznice.nsk.hr\/drenovci\/primjer-stranice\/#breadcrumb\"},\"inLanguage\":\"hr\",\"potentialAction\":[{\"@type\":\"ReadAction\",\"target\":[\"http:\/\/knjiznice.nsk.hr\/drenovci\/primjer-stranice\/\"]}]},{\"@type\":\"BreadcrumbList\",\"@id\":\"http:\/\/knjiznice.nsk.hr\/drenovci\/primjer-stranice\/#breadcrumb\",\"itemListElement\":[{\"@type\":\"ListItem\",\"position\":1,\"item\":{\"@type\":\"WebPage\",\"@id\":\"http:\/\/knjiznice.nsk.hr\/drenovci\/\",\"url\":\"http:\/\/knjiznice.nsk.hr\/drenovci\/\",\"name\":\"Po\\u010detna stranica\"}},{\"@type\":\"ListItem\",\"position\":2,\"item\":{\"@id\":\"http:\/\/knjiznice.nsk.hr\/drenovci\/primjer-stranice\/#webpage\"}}]}]}<\/script>\n<!-- \/ Yoast SEO plugin. -->","_links":{"self":[{"href":"https:\/\/knjiznice.nsk.hr\/drenovci\/wp-json\/wp\/v2\/pages\/2"}],"collection":[{"href":"https:\/\/knjiznice.nsk.hr\/drenovci\/wp-json\/wp\/v2\/pages"}],"about":[{"href":"https:\/\/knjiznice.nsk.hr\/drenovci\/wp-json\/wp\/v2\/types\/page"}],"author":[{"embeddable":true,"href":"https:\/\/knjiznice.nsk.hr\/drenovci\/wp-json\/wp\/v2\/users\/34"}],"replies":[{"embeddable":true,"href":"https:\/\/knjiznice.nsk.hr\/drenovci\/wp-json\/wp\/v2\/comments?post=2"}],"version-history":[{"count":2,"href":"https:\/\/knjiznice.nsk.hr\/drenovci\/wp-json\/wp\/v2\/pages\/2\/revisions"}],"predecessor-version":[{"id":65,"href":"https:\/\/knjiznice.nsk.hr\/drenovci\/wp-json\/wp\/v2\/pages\/2\/revisions\/65"}],"wp:attachment":[{"href":"https:\/\/knjiznice.nsk.hr\/drenovci\/wp-json\/wp\/v2\/media?parent=2"}],"curies":[{"name":"wp","href":"https:\/\/api.w.org\/{rel}","templated":true}]}}