{"id":978,"date":"2015-05-11T07:18:50","date_gmt":"2015-05-11T07:18:50","guid":{"rendered":"http:\/\/knjiznice.nsk.hr\/cres\/?page_id=978"},"modified":"2018-08-20T15:46:34","modified_gmt":"2018-08-20T15:46:34","slug":"o-nama-2","status":"publish","type":"page","link":"https:\/\/knjiznice.nsk.hr\/cres\/o-nama-2\/","title":{"rendered":"O nama"},"content":{"rendered":"<p><span style=\"color: #993300\">Kontakt info<\/span><\/p>\n<p>Gradska knji\u017enica i \u010ditaonica Frane Petri\u0107a<br \/>\nTrg Sv. Frane 8<br \/>\n51557 Cres<br \/>\nTel\/fax: 051 571 054<br \/>\ne-mail: knjiznica-cres@ri.t-com.hr<\/p>\n<p>&nbsp; &nbsp; &nbsp; &nbsp; &nbsp; &nbsp; &nbsp; knjiznica.cres@gmail.com<\/p>\n<p><strong>ravnatelj:<\/strong> Stefano Negoveti\u0107, mag.bibl.<br \/>\n<strong>knji\u017eni\u010dar:<\/strong> Vjekoslav Vel\u010di\u0107<\/p>\n","protected":false},"excerpt":{"rendered":"<p>Kontakt info Gradska knji\u017enica i \u010ditaonica Frane Petri\u0107a Trg Sv. Frane 8 51557 Cres Tel\/fax: 051 571 054 e-mail: knjiznica-cres@ri.t-com.hr &nbsp; &nbsp; &nbsp; &nbsp; &nbsp; &nbsp; &nbsp; knjiznica.cres@gmail.com ravnatelj: Stefano Negoveti\u0107, mag.bibl. knji\u017eni\u010dar: Vjekoslav Vel\u010di\u0107<\/p>\n","protected":false},"author":20,"featured_media":0,"parent":0,"menu_order":0,"comment_status":"closed","ping_status":"closed","template":"","meta":{"ngg_post_thumbnail":0},"yoast_head":"<!-- This site is optimized with the Yoast SEO plugin v16.4 - https:\/\/yoast.com\/wordpress\/plugins\/seo\/ -->\n<meta name=\"robots\" content=\"index, follow, max-snippet:-1, max-image-preview:large, max-video-preview:-1\" \/>\n<link rel=\"canonical\" href=\"https:\/\/knjiznice.nsk.hr\/cres\/o-nama-2\/\" \/>\n<meta property=\"og:locale\" content=\"hr_HR\" \/>\n<meta property=\"og:type\" content=\"article\" \/>\n<meta property=\"og:title\" content=\"O nama - Gradska knji\u017enica i \u010ditaonica Frane Petri\u0107a, Cres\" \/>\n<meta property=\"og:description\" content=\"Kontakt info Gradska knji\u017enica i \u010ditaonica Frane Petri\u0107a Trg Sv. Frane 8 51557 Cres Tel\/fax: 051 571 054 e-mail: knjiznica-cres@ri.t-com.hr &nbsp; &nbsp; &nbsp; &nbsp; &nbsp; &nbsp; &nbsp; knjiznica.cres@gmail.com ravnatelj: Stefano Negoveti\u0107, mag.bibl. knji\u017eni\u010dar: Vjekoslav Vel\u010di\u0107\" \/>\n<meta property=\"og:url\" content=\"https:\/\/knjiznice.nsk.hr\/cres\/o-nama-2\/\" \/>\n<meta property=\"og:site_name\" content=\"Gradska knji\u017enica i \u010ditaonica Frane Petri\u0107a, Cres\" \/>\n<meta property=\"article:modified_time\" content=\"2018-08-20T15:46:34+00:00\" \/>\n<script type=\"application\/ld+json\" class=\"yoast-schema-graph\">{\"@context\":\"https:\/\/schema.org\",\"@graph\":[{\"@type\":\"WebSite\",\"@id\":\"https:\/\/knjiznice.nsk.hr\/cres\/#website\",\"url\":\"https:\/\/knjiznice.nsk.hr\/cres\/\",\"name\":\"Gradska knji\\u017enica i \\u010ditaonica Frane Petri\\u0107a, Cres\",\"description\":\"\",\"potentialAction\":[{\"@type\":\"SearchAction\",\"target\":\"https:\/\/knjiznice.nsk.hr\/cres\/?s={search_term_string}\",\"query-input\":\"required name=search_term_string\"}],\"inLanguage\":\"hr\"},{\"@type\":\"WebPage\",\"@id\":\"https:\/\/knjiznice.nsk.hr\/cres\/o-nama-2\/#webpage\",\"url\":\"https:\/\/knjiznice.nsk.hr\/cres\/o-nama-2\/\",\"name\":\"O nama - Gradska knji\\u017enica i \\u010ditaonica Frane Petri\\u0107a, Cres\",\"isPartOf\":{\"@id\":\"https:\/\/knjiznice.nsk.hr\/cres\/#website\"},\"datePublished\":\"2015-05-11T07:18:50+00:00\",\"dateModified\":\"2018-08-20T15:46:34+00:00\",\"breadcrumb\":{\"@id\":\"https:\/\/knjiznice.nsk.hr\/cres\/o-nama-2\/#breadcrumb\"},\"inLanguage\":\"hr\",\"potentialAction\":[{\"@type\":\"ReadAction\",\"target\":[\"https:\/\/knjiznice.nsk.hr\/cres\/o-nama-2\/\"]}]},{\"@type\":\"BreadcrumbList\",\"@id\":\"https:\/\/knjiznice.nsk.hr\/cres\/o-nama-2\/#breadcrumb\",\"itemListElement\":[{\"@type\":\"ListItem\",\"position\":1,\"item\":{\"@type\":\"WebPage\",\"@id\":\"https:\/\/knjiznice.nsk.hr\/cres\/\",\"url\":\"https:\/\/knjiznice.nsk.hr\/cres\/\",\"name\":\"Po\\u010detna stranica\"}},{\"@type\":\"ListItem\",\"position\":2,\"item\":{\"@id\":\"https:\/\/knjiznice.nsk.hr\/cres\/o-nama-2\/#webpage\"}}]}]}<\/script>\n<!-- \/ Yoast SEO plugin. -->","_links":{"self":[{"href":"https:\/\/knjiznice.nsk.hr\/cres\/wp-json\/wp\/v2\/pages\/978"}],"collection":[{"href":"https:\/\/knjiznice.nsk.hr\/cres\/wp-json\/wp\/v2\/pages"}],"about":[{"href":"https:\/\/knjiznice.nsk.hr\/cres\/wp-json\/wp\/v2\/types\/page"}],"author":[{"embeddable":true,"href":"https:\/\/knjiznice.nsk.hr\/cres\/wp-json\/wp\/v2\/users\/20"}],"replies":[{"embeddable":true,"href":"https:\/\/knjiznice.nsk.hr\/cres\/wp-json\/wp\/v2\/comments?post=978"}],"version-history":[{"count":3,"href":"https:\/\/knjiznice.nsk.hr\/cres\/wp-json\/wp\/v2\/pages\/978\/revisions"}],"predecessor-version":[{"id":1169,"href":"https:\/\/knjiznice.nsk.hr\/cres\/wp-json\/wp\/v2\/pages\/978\/revisions\/1169"}],"wp:attachment":[{"href":"https:\/\/knjiznice.nsk.hr\/cres\/wp-json\/wp\/v2\/media?parent=978"}],"curies":[{"name":"wp","href":"https:\/\/api.w.org\/{rel}","templated":true}]}}