{"id":976,"date":"2015-05-11T07:18:29","date_gmt":"2015-05-11T07:18:29","guid":{"rendered":"http:\/\/knjiznice.nsk.hr\/cres\/?page_id=976"},"modified":"2025-03-10T13:51:10","modified_gmt":"2025-03-10T13:51:10","slug":"clanstvo-i-uvjeti-clanstva","status":"publish","type":"page","link":"https:\/\/knjiznice.nsk.hr\/cres\/primjer-stranice-2\/clanstvo-i-uvjeti-clanstva\/","title":{"rendered":"AKTI KNJI\u017dNICE"},"content":{"rendered":"<p><a href=\"http:\/\/knjiznice.nsk.hr\/cres\/wp-content\/uploads\/sites\/23\/2023\/03\/Izvjestaji-proracuna-proracunskih-i-izvanproracunskih-korisnika-za-2022-1.pdf\">Izvje\u0161taji prora\u010duna, prora\u010dunskih i izvanprora\u010dunskih korisnika za 2022 (1)<\/a><\/p>\n<p><a href=\"http:\/\/knjiznice.nsk.hr\/cres\/wp-content\/uploads\/sites\/23\/2021\/02\/Plan-nabave-2021..docx\">Plan nabave 2021.<\/a><\/p>\n<p><a href=\"http:\/\/knjiznice.nsk.hr\/cres\/wp-content\/uploads\/sites\/23\/2021\/02\/PlanNabave-2020.docx\">PlanNabave 2020<\/a><\/p>\n<p><a href=\"http:\/\/knjiznice.nsk.hr\/cres\/wp-content\/uploads\/sites\/23\/2019\/03\/PlanNabave-2019.docx\">Plan nabave 2019<\/a><\/p>\n<p><a href=\"http:\/\/knjiznice.nsk.hr\/cres\/wp-content\/uploads\/sites\/23\/2019\/03\/PlanNabave-2018.docx\">Plan nabave 2018<\/a><\/p>\n<p><a href=\"http:\/\/knjiznice.nsk.hr\/cres\/wp-content\/uploads\/sites\/23\/2015\/05\/Zahtjev-za-pristup-informacijama-1.pdf\">Zahtjev za pristup informacijama<\/a><\/p>\n<p><a href=\"http:\/\/knjiznice.nsk.hr\/cres\/wp-content\/uploads\/sites\/23\/2021\/02\/zahtjev_za_ponovnu_uporabu_informacija-1.doc\">zahtjev_za_ponovnu_uporabu_informacija (1)<\/a><\/p>\n<p><a href=\"http:\/\/knjiznice.nsk.hr\/cres\/wp-content\/uploads\/sites\/23\/2015\/05\/Katalog-informacija-Gradske-knji\u017enice-i-\u010ditaonice-Frane-Petri\u0107a.pdf\">Katalog informacija Gradske knji\u017enice i \u010ditaonice Frane Petri\u0107a<\/a><\/p>\n<p><a href=\"http:\/\/knjiznice.nsk.hr\/cres\/wp-content\/uploads\/sites\/23\/2021\/02\/Registar-ugovora.doc\">Registar ugovora<\/a><\/p>\n<p><a href=\"http:\/\/knjiznice.nsk.hr\/cres\/wp-content\/uploads\/sites\/23\/2015\/05\/Pravilnik-o-unutarnjem-ustrojstvu-i-na\u010dinu-rada-Gradske-knji\u017enice-i-\u010ditaonice-Frane-Petri\u0107a.pdf\">Pravilnik o unutarnjem ustrojstvu i na\u010dinu rada Gradske knji\u017enice i \u010ditaonice Frane <\/a><a href=\"http:\/\/knjiznice.nsk.hr\/cres\/wp-content\/uploads\/sites\/23\/2015\/05\/Pravilnik-o-unutarnjem-ustrojstvu-i-na\u010dinu-rada-Gradske-knji\u017enice-i-\u010ditaonice-Frane-Petri\u0107a.pdf\">Petri\u0107a<\/a><\/p>\n<p><a href=\"http:\/\/knjiznice.nsk.hr\/cres\/wp-content\/uploads\/sites\/23\/2021\/02\/Pravilnik-o-provedbi-postupaka-jednostavne-nabave-robe-radova-i-usluga.pdf\">Pravilnik o provedbi postupaka jednostavne nabave robe, radova i usluga<\/a><\/p>\n<p><a href=\"http:\/\/knjiznice.nsk.hr\/cres\/wp-content\/uploads\/sites\/23\/2015\/05\/Statut-Gradske-knji\u017enice-i-\u010ditaonice-Frane-Petri\u0107a.pdf\">Statut Gradske knji\u017enice i \u010ditaonice Frane Petri\u0107a<\/a><\/p>\n<p><a href=\"http:\/\/knjiznice.nsk.hr\/cres\/wp-content\/uploads\/sites\/23\/2024\/09\/Izmjena-statuta-2019.pdf\">Izmjena statuta 2019<\/a><\/p>\n<p><a href=\"http:\/\/knjiznice.nsk.hr\/cres\/wp-content\/uploads\/sites\/23\/2024\/09\/Izmjene-statuta-2020.pdf\">Izmjene statuta 2020<\/a><\/p>\n<p><a href=\"http:\/\/knjiznice.nsk.hr\/cres\/wp-content\/uploads\/sites\/23\/2024\/09\/Izmjena-statuta-2024.pdf\">Izmjena statuta 2024<\/a><\/p>\n<p><a href=\"http:\/\/knjiznice.nsk.hr\/cres\/wp-content\/uploads\/sites\/23\/2015\/05\/Pravilnik-o-kori\u0161tenju-knji\u017ene-i-neknji\u017ene-gra\u0111e-Knji\u017enice.pdf\">Pravilnik o kori\u0161tenju knji\u017ene i neknji\u017ene gra\u0111e Knji\u017enice<\/a><\/p>\n<p><a href=\"http:\/\/knjiznice.nsk.hr\/cres\/wp-content\/uploads\/sites\/23\/2015\/05\/Odluka-o-ustrojavanju-kataloga-informacija-Gradske-knji\u017enice-i-\u010ditaonice-Frane-Petri\u0107a.pdf\">Odluka o ustrojavanju kataloga informacija Gradske knji\u017enice i \u010ditaonice Frane Petri\u0107a<\/a><\/p>\n<p><a href=\"http:\/\/knjiznice.nsk.hr\/cres\/wp-content\/uploads\/sites\/23\/2015\/05\/Odluka-o-imenovanju-slu\u017ebenika-za-informiranje.pdf\">Odluka o imenovanju slu\u017ebenika za informiranje<\/a><a href=\"http:\/\/knjiznice.nsk.hr\/cres\/wp-content\/uploads\/sites\/23\/2015\/05\/Zahtjev-za-pristup-informacijama.pdf\">Zahtjev za pristup informacijama<\/a><\/p>\n<p><a href=\"http:\/\/knjiznice.nsk.hr\/cres\/wp-content\/uploads\/sites\/23\/2018\/08\/Pravilnik-o-prikupljanju-obradi-i-kori\u0161tenju-te-za\u0161titi-osobnih-podataka-fizi\u010dkih-osoba.pdf\">Pravilnik o prikupljanju, obradi i kori\u0161tenju, te za\u0161titi osobnih podataka fizi\u010dkih osoba<\/a><\/p>\n<p><a href=\"http:\/\/knjiznice.nsk.hr\/cres\/wp-content\/uploads\/sites\/23\/2020\/01\/Godisnje_izvjesce.pdf\">Godisnje_izvjesce<\/a><\/p>\n<p><a href=\"http:\/\/knjiznice.nsk.hr\/cres\/wp-content\/uploads\/sites\/23\/2021\/02\/godisnje-izvjesce-2020.pdf\">godi\u0161nje izvje\u0161\u0107e 2020<\/a><\/p>\n<p><a href=\"http:\/\/knjiznice.nsk.hr\/cres\/wp-content\/uploads\/sites\/23\/2021\/03\/Odluka-o-ostvarivanju-i-koristenju-vlastitih-prihoda-Gradska-knjiznica-i-citaonica-Frane-Petrica.pdf\">Odluka o ostvarivanju i kori\u0161tenju vlastitih prihoda Gradska knji\u017enica i \u010ditaonica Frane Petri\u0107a<\/a><\/p>\n<p><a href=\"http:\/\/knjiznice.nsk.hr\/cres\/wp-content\/uploads\/sites\/23\/2021\/03\/Procedura-izdavanja-i-obracunavanja-putnih-naloga.pdf\">Procedura izdavanja i obra\u010dunavanja putnih naloga<\/a><\/p>\n<p><a href=\"http:\/\/knjiznice.nsk.hr\/cres\/wp-content\/uploads\/sites\/23\/2021\/03\/Procedura-naplate-potrazivanja.pdf\">Procedura naplate potra\u017eivanja<\/a><\/p>\n<p><a href=\"http:\/\/knjiznice.nsk.hr\/cres\/wp-content\/uploads\/sites\/23\/2021\/03\/Procedura-o-blagajnickom-poslovanju.pdf\">Procedura o blagajni\u010dkom poslovanju<\/a><\/p>\n<p><a href=\"http:\/\/knjiznice.nsk.hr\/cres\/wp-content\/uploads\/sites\/23\/2021\/03\/Procedura-stvaranja-ugovornih-obveza-u-Gradskoj-knjiznici-i-citaonici-Frane-Petrica.pdf\">Procedura stvaranja ugovornih obveza u Gradskoj knji\u017enici i \u010ditaonici Frane Petri\u0107a<\/a><\/p>\n<p><a href=\"http:\/\/knjiznice.nsk.hr\/cres\/wp-content\/uploads\/sites\/23\/2021\/03\/Procedura-zaprimanja-racuna-njihove-kontrole-u-odgovarajucim-ustrojbenim-jedinicama-i-placanje-racuna.pdf\">Procedura zaprimanja ra\u010duna, njihove kontrole u odgovaraju\u0107im ustrojbenim jedinicama i pla\u0107anje ra\u010duna<\/a><\/p>\n<p><a href=\"http:\/\/knjiznice.nsk.hr\/cres\/wp-content\/uploads\/sites\/23\/2022\/02\/GK-Fin-izvjestaji-Biljeske-2021.doc\">GK Fin izvje\u0161taji Bilje\u0161ke 2021<\/a><\/p>\n<p><a href=\"http:\/\/knjiznice.nsk.hr\/cres\/wp-content\/uploads\/sites\/23\/2022\/02\/Godisnje_izvjesce-2021.pdf\">Godisnje_izvjesce 2021<\/a><\/p>\n<p><a href=\"http:\/\/knjiznice.nsk.hr\/cres\/wp-content\/uploads\/sites\/23\/2022\/02\/Gradska-knjiznica-fin-izvjestaji-za-2021-Referentna-str-i-potvrda-.pdf\">Gradska knji\u017enica fin izvje\u0161taji za 2021 Referentna str i potvrda<\/a><\/p>\n<p><a href=\"http:\/\/knjiznice.nsk.hr\/cres\/wp-content\/uploads\/sites\/23\/2023\/01\/Plan-nabave-2022.docx\">Plan nabave 2022<\/a><\/p>\n<p><a href=\"http:\/\/knjiznice.nsk.hr\/cres\/wp-content\/uploads\/sites\/23\/2023\/01\/Godisnje-izvjesce-2022.pdf\">Godi\u0161nje izvje\u0161\u0107e 2022<\/a><\/p>\n<p><a href=\"http:\/\/knjiznice.nsk.hr\/cres\/wp-content\/uploads\/sites\/23\/2023\/01\/Biljeske-uz-financijske-izvjedstaje-Gradske-knjiznice-i-citaonice-Frane-Petrica-za-razdoblje-od-01.-sijecnja-2022.-do-31.-prosinca-2022.doc\">Bilje\u0161ke uz financijske izvje\u0111\u0161taje Gradske knji\u017enice i \u010ditaonice Frane Petri\u0107a za razdoblje od 01. sije\u010dnja 2022. do 31. prosinca 2022<\/a><\/p>\n<p><a href=\"http:\/\/knjiznice.nsk.hr\/cres\/wp-content\/uploads\/sites\/23\/2023\/03\/Izvjestaji-proracuna-proracunskih-i-izvanproracunskih-korisnika-za-2022-1.pdf\" target=\"_blank\" rel=\"noopener\">Izvjestaji-proracuna-proracunskih-i-izvanproracunskih-korisnika-za-2022-1.pdf<\/a><\/p>\n<p><a href=\"http:\/\/knjiznice.nsk.hr\/cres\/wp-content\/uploads\/sites\/23\/2023\/01\/Izvjestaji-proracuna-proracunskih-i-izvanproracunskih-korisnika-za-2022.pdf\">Izvje\u0161taji prora\u010duna, prora\u010dunskih i izvanprora\u010dunskih korisnika za 2022-referentna stranica<\/a><\/p>\n<p><a href=\"http:\/\/knjiznice.nsk.hr\/cres\/wp-content\/uploads\/sites\/23\/2023\/02\/Plan-nabave-2023.docx\">Plan nabave 2023<\/a><\/p>\n<p><a href=\"http:\/\/knjiznice.nsk.hr\/cres\/wp-content\/uploads\/sites\/23\/2024\/02\/Financijski-plan-GK-za-2024-g.-s-projekcijom-na-2025.-i-2026.g.pdf\">Financijski plan GK za 2024 g. s projekcijom na 2025. i 2026.g<\/a><\/p>\n<p><a href=\"http:\/\/knjiznice.nsk.hr\/cres\/wp-content\/uploads\/sites\/23\/2024\/02\/Financijsko-izvjesce-GK-za-2023.g.-referentna-stranica.pdf\">Financijsko izvje\u0161\u0107e GK za 2023.g. -referentna stranica<\/a><\/p>\n<p><a href=\"http:\/\/knjiznice.nsk.hr\/cres\/wp-content\/uploads\/sites\/23\/2024\/02\/Financijsko-izvjesce-GK-za-2023.g.pdf\">Financijsko izvje\u0161\u0107e GK za 2023.g<\/a><\/p>\n<p><a href=\"http:\/\/knjiznice.nsk.hr\/cres\/wp-content\/uploads\/sites\/23\/2024\/02\/Financijsko-izvjesce-Gradske-knjiznice-za-2023.g.-biljeske.pdf\">Financijsko izvje\u0161\u0107e Gradske knji\u017enice za 2023.g.-bilje\u0161ke<\/a><\/p>\n<p><a href=\"http:\/\/knjiznice.nsk.hr\/cres\/wp-content\/uploads\/sites\/23\/2024\/02\/Izvjesce-o-provedbi-Zakona-o-pravu-na-pristup-informacijama-za-2023.pdf\">Izvje\u0161\u0107e o provedbi Zakona o pravu na pristup informacijama za 2023<\/a><\/p>\n<p><a href=\"http:\/\/knjiznice.nsk.hr\/cres\/wp-content\/uploads\/sites\/23\/2024\/04\/Plan-nabave-2024.pdf\">Plan nabave 2024<\/a><\/p>\n<p><a href=\"http:\/\/knjiznice.nsk.hr\/cres\/wp-content\/uploads\/sites\/23\/2024\/09\/Polugodisnji-izvjestaj-o-izvrsenju-financijskog-plana-za-2024.pdf\">Polugodi\u0161nji izvje\u0161taj o izvr\u0161enju financijskog plana za 2024<\/a><\/p>\n<p><a href=\"http:\/\/knjiznice.nsk.hr\/cres\/wp-content\/uploads\/sites\/23\/2025\/03\/GK-referentna-stranica-1-12-2024.pdf\">Financijsko izvje\u0161\u0107e GK za 2024 -referentna stranica<\/a><\/p>\n<p><a href=\"http:\/\/knjiznice.nsk.hr\/cres\/wp-content\/uploads\/sites\/23\/2025\/03\/Gradska-knjiznica-biljeske-2024.pdf\">Financijsko izvje\u0161\u0107e GK za 2024 &#8211; bilje\u0161ke<\/a><\/p>\n<p><a href=\"http:\/\/knjiznice.nsk.hr\/cres\/wp-content\/uploads\/sites\/23\/2025\/03\/Financijsko-izvjesce-GK-2024.pdf\">Financijsko izvje\u0161\u0107e GK-2024<\/a><\/p>\n<p>&nbsp;<\/p>\n","protected":false},"excerpt":{"rendered":"<p>Izvje\u0161taji prora\u010duna, prora\u010dunskih i izvanprora\u010dunskih korisnika za 2022 (1) Plan nabave 2021. PlanNabave 2020 Plan nabave 2019 Plan nabave 2018 Zahtjev za pristup informacijama zahtjev_za_ponovnu_uporabu_informacija (1) Katalog informacija Gradske knji\u017enice i \u010ditaonice Frane Petri\u0107a Registar ugovora Pravilnik o unutarnjem ustrojstvu i na\u010dinu rada Gradske knji\u017enice i \u010ditaonice Frane Petri\u0107a Pravilnik o provedbi postupaka jednostavne nabave [&hellip;]<\/p>\n","protected":false},"author":20,"featured_media":0,"parent":31,"menu_order":0,"comment_status":"closed","ping_status":"closed","template":"","meta":{"ngg_post_thumbnail":0},"yoast_head":"<!-- This site is optimized with the Yoast SEO plugin v16.4 - https:\/\/yoast.com\/wordpress\/plugins\/seo\/ -->\n<meta name=\"robots\" content=\"index, follow, max-snippet:-1, max-image-preview:large, max-video-preview:-1\" \/>\n<link rel=\"canonical\" href=\"http:\/\/knjiznice.nsk.hr\/cres\/primjer-stranice-2\/clanstvo-i-uvjeti-clanstva\/\" \/>\n<meta property=\"og:locale\" content=\"hr_HR\" \/>\n<meta property=\"og:type\" content=\"article\" \/>\n<meta property=\"og:title\" content=\"AKTI KNJI\u017dNICE - Gradska knji\u017enica i \u010ditaonica Frane Petri\u0107a, Cres\" \/>\n<meta property=\"og:description\" content=\"Izvje\u0161taji prora\u010duna, prora\u010dunskih i izvanprora\u010dunskih korisnika za 2022 (1) Plan nabave 2021. PlanNabave 2020 Plan nabave 2019 Plan nabave 2018 Zahtjev za pristup informacijama zahtjev_za_ponovnu_uporabu_informacija (1) Katalog informacija Gradske knji\u017enice i \u010ditaonice Frane Petri\u0107a Registar ugovora Pravilnik o unutarnjem ustrojstvu i na\u010dinu rada Gradske knji\u017enice i \u010ditaonice Frane Petri\u0107a Pravilnik o provedbi postupaka jednostavne nabave [&hellip;]\" \/>\n<meta property=\"og:url\" content=\"http:\/\/knjiznice.nsk.hr\/cres\/primjer-stranice-2\/clanstvo-i-uvjeti-clanstva\/\" \/>\n<meta property=\"og:site_name\" content=\"Gradska knji\u017enica i \u010ditaonica Frane Petri\u0107a, Cres\" \/>\n<meta property=\"article:modified_time\" content=\"2025-03-10T13:51:10+00:00\" \/>\n<meta name=\"twitter:label1\" content=\"Procijenjeno vrijeme \u010ditanja\" \/>\n\t<meta name=\"twitter:data1\" content=\"2 minute\" \/>\n<script type=\"application\/ld+json\" class=\"yoast-schema-graph\">{\"@context\":\"https:\/\/schema.org\",\"@graph\":[{\"@type\":\"WebSite\",\"@id\":\"https:\/\/knjiznice.nsk.hr\/cres\/#website\",\"url\":\"https:\/\/knjiznice.nsk.hr\/cres\/\",\"name\":\"Gradska knji\\u017enica i \\u010ditaonica Frane Petri\\u0107a, Cres\",\"description\":\"\",\"potentialAction\":[{\"@type\":\"SearchAction\",\"target\":\"https:\/\/knjiznice.nsk.hr\/cres\/?s={search_term_string}\",\"query-input\":\"required name=search_term_string\"}],\"inLanguage\":\"hr\"},{\"@type\":\"WebPage\",\"@id\":\"http:\/\/knjiznice.nsk.hr\/cres\/primjer-stranice-2\/clanstvo-i-uvjeti-clanstva\/#webpage\",\"url\":\"http:\/\/knjiznice.nsk.hr\/cres\/primjer-stranice-2\/clanstvo-i-uvjeti-clanstva\/\",\"name\":\"AKTI KNJI\\u017dNICE - Gradska knji\\u017enica i \\u010ditaonica Frane Petri\\u0107a, Cres\",\"isPartOf\":{\"@id\":\"https:\/\/knjiznice.nsk.hr\/cres\/#website\"},\"datePublished\":\"2015-05-11T07:18:29+00:00\",\"dateModified\":\"2025-03-10T13:51:10+00:00\",\"breadcrumb\":{\"@id\":\"http:\/\/knjiznice.nsk.hr\/cres\/primjer-stranice-2\/clanstvo-i-uvjeti-clanstva\/#breadcrumb\"},\"inLanguage\":\"hr\",\"potentialAction\":[{\"@type\":\"ReadAction\",\"target\":[\"http:\/\/knjiznice.nsk.hr\/cres\/primjer-stranice-2\/clanstvo-i-uvjeti-clanstva\/\"]}]},{\"@type\":\"BreadcrumbList\",\"@id\":\"http:\/\/knjiznice.nsk.hr\/cres\/primjer-stranice-2\/clanstvo-i-uvjeti-clanstva\/#breadcrumb\",\"itemListElement\":[{\"@type\":\"ListItem\",\"position\":1,\"item\":{\"@type\":\"WebPage\",\"@id\":\"https:\/\/knjiznice.nsk.hr\/cres\/\",\"url\":\"https:\/\/knjiznice.nsk.hr\/cres\/\",\"name\":\"Po\\u010detna stranica\"}},{\"@type\":\"ListItem\",\"position\":2,\"item\":{\"@type\":\"WebPage\",\"@id\":\"http:\/\/knjiznice.nsk.hr\/cres\/primjer-stranice-2\/\",\"url\":\"http:\/\/knjiznice.nsk.hr\/cres\/primjer-stranice-2\/\",\"name\":\"Primjer stranice\"}},{\"@type\":\"ListItem\",\"position\":3,\"item\":{\"@id\":\"http:\/\/knjiznice.nsk.hr\/cres\/primjer-stranice-2\/clanstvo-i-uvjeti-clanstva\/#webpage\"}}]}]}<\/script>\n<!-- \/ Yoast SEO plugin. -->","_links":{"self":[{"href":"https:\/\/knjiznice.nsk.hr\/cres\/wp-json\/wp\/v2\/pages\/976"}],"collection":[{"href":"https:\/\/knjiznice.nsk.hr\/cres\/wp-json\/wp\/v2\/pages"}],"about":[{"href":"https:\/\/knjiznice.nsk.hr\/cres\/wp-json\/wp\/v2\/types\/page"}],"author":[{"embeddable":true,"href":"https:\/\/knjiznice.nsk.hr\/cres\/wp-json\/wp\/v2\/users\/20"}],"replies":[{"embeddable":true,"href":"https:\/\/knjiznice.nsk.hr\/cres\/wp-json\/wp\/v2\/comments?post=976"}],"version-history":[{"count":30,"href":"https:\/\/knjiznice.nsk.hr\/cres\/wp-json\/wp\/v2\/pages\/976\/revisions"}],"predecessor-version":[{"id":1388,"href":"https:\/\/knjiznice.nsk.hr\/cres\/wp-json\/wp\/v2\/pages\/976\/revisions\/1388"}],"up":[{"embeddable":true,"href":"https:\/\/knjiznice.nsk.hr\/cres\/wp-json\/wp\/v2\/pages\/31"}],"wp:attachment":[{"href":"https:\/\/knjiznice.nsk.hr\/cres\/wp-json\/wp\/v2\/media?parent=976"}],"curies":[{"name":"wp","href":"https:\/\/api.w.org\/{rel}","templated":true}]}}