{"id":972,"date":"2015-05-11T07:17:48","date_gmt":"2015-05-11T07:17:48","guid":{"rendered":"http:\/\/knjiznice.nsk.hr\/cres\/?page_id=972"},"modified":"2023-01-03T09:47:35","modified_gmt":"2023-01-03T09:47:35","slug":"cjenik-usluga","status":"publish","type":"page","link":"https:\/\/knjiznice.nsk.hr\/cres\/cjenik-usluga\/","title":{"rendered":"Cjenik usluga"},"content":{"rendered":"<table>\n<tbody>\n<tr>\n<td width=\"406\">&nbsp; &nbsp; &nbsp;Godi\u0161nja \u010dlanarina:<\/td>\n<td width=\"76\">8,00 \u20ac<\/td>\n<td style=\"text-align: right\" width=\"85\">60,28 kn<\/td>\n<\/tr>\n<tr>\n<td width=\"406\">djeca pred\u0161kolske dobi ne pla\u0107aju \u010dlanarinu<\/td>\n<td width=\"76\">&nbsp;<\/td>\n<td width=\"85\">\n<p style=\"text-align: right\">&nbsp;<\/p>\n<\/td>\n<\/tr>\n<tr>\n<td width=\"406\">u\u010denici, studenti, umirovljenici, korisnici koji privremeno borave u Cresu<\/td>\n<td width=\"76\">6,00 \u20ac<\/td>\n<td width=\"85\">\n<p style=\"text-align: right\">45,21 kn<\/p>\n<\/td>\n<\/tr>\n<tr>\n<td width=\"406\">mjese\u010dna \u010dlanarina<\/td>\n<td width=\"76\">2,00 \u20ac<\/td>\n<td width=\"85\">\n<p style=\"text-align: right\">15,07 kn<\/p>\n<\/td>\n<\/tr>\n<tr>\n<td width=\"406\">&nbsp;<\/td>\n<td width=\"76\">&nbsp;<\/td>\n<td width=\"85\">&nbsp;<\/td>\n<\/tr>\n<tr>\n<td width=\"406\">Zakasnina-po knjizi i po danu<\/td>\n<td width=\"76\">0,10 \u20ac<\/td>\n<td width=\"85\">\n<p style=\"text-align: right\">0,75 kn<\/p>\n<\/td>\n<\/tr>\n<tr>\n<td width=\"406\">&nbsp;<\/td>\n<td width=\"76\">&nbsp;<\/td>\n<td width=\"85\">&nbsp;<\/td>\n<\/tr>\n<tr>\n<td width=\"406\">tro\u0161kovi opomene<\/td>\n<td width=\"76\">0,70 \u20ac<\/td>\n<td width=\"85\">\n<p style=\"text-align: right\">5,27 kn<\/p>\n<\/td>\n<\/tr>\n<tr>\n<td width=\"406\">tro\u0161kovi odvjetni\u010dke opomene<\/td>\n<td width=\"76\">5,00 \u20ac<\/td>\n<td width=\"85\">\n<p style=\"text-align: right\">37,67 kn<\/p>\n<\/td>\n<\/tr>\n<tr>\n<td width=\"406\">&nbsp;<\/td>\n<td width=\"76\">&nbsp;<\/td>\n<td width=\"85\">&nbsp;<\/td>\n<\/tr>\n<tr>\n<td width=\"406\">&nbsp;&nbsp;&nbsp;&nbsp;&nbsp; Me\u0111uknji\u017eni\u010dka posudba<\/p>\n<p>+ cijena koju napla\u0107uje druga knji\u017enica<\/td>\n<td width=\"76\">4,00 \u20ac<\/td>\n<td width=\"85\">\n<p style=\"text-align: right\">30,14 kn<\/p>\n<\/td>\n<\/tr>\n<tr>\n<td width=\"406\">&nbsp;<\/td>\n<td width=\"76\">&nbsp;<\/td>\n<td width=\"85\">&nbsp;<\/td>\n<\/tr>\n<tr>\n<td width=\"406\">&nbsp; &nbsp; &nbsp; &nbsp;Usluge fotokopiranja:<\/td>\n<td width=\"76\">&nbsp;<\/td>\n<td width=\"85\">&nbsp;<\/td>\n<\/tr>\n<tr>\n<td width=\"406\">stranica A4<\/td>\n<td width=\"76\">0,15 \u20ac<\/td>\n<td width=\"85\">\n<p style=\"text-align: right\">1,13 kn<\/p>\n<\/td>\n<\/tr>\n<tr>\n<td width=\"406\">stranica A3<\/td>\n<td width=\"76\">0,30 \u20ac<\/td>\n<td width=\"85\">\n<p style=\"text-align: right\">2,26 kn<\/p>\n<\/td>\n<\/tr>\n<tr>\n<td width=\"406\">&nbsp;<\/td>\n<td width=\"76\">&nbsp;<\/td>\n<td width=\"85\">&nbsp;<\/td>\n<\/tr>\n<tr>\n<td width=\"406\">&nbsp; &nbsp; &nbsp; &nbsp; &nbsp;Tiskanje s ra\u010dunala:<\/td>\n<td width=\"76\">&nbsp;<\/td>\n<td width=\"85\">&nbsp;<\/td>\n<\/tr>\n<tr>\n<td width=\"406\">crno\/bijelo A4<\/td>\n<td width=\"76\">0,15 \u20ac<\/td>\n<td width=\"85\">\n<p style=\"text-align: right\">1,13 kn<\/p>\n<\/td>\n<\/tr>\n<tr>\n<td width=\"406\">boja A4<\/td>\n<td width=\"76\">0,60 \u20ac<\/td>\n<td width=\"85\">\n<p style=\"text-align: right\">4,52 kn<\/p>\n<\/td>\n<\/tr>\n<tr>\n<td width=\"406\">&nbsp;<\/td>\n<td width=\"76\">&nbsp;<\/td>\n<td width=\"85\">&nbsp;<\/td>\n<\/tr>\n<tr>\n<td width=\"406\">&nbsp;&nbsp;&nbsp;&nbsp;&nbsp;&nbsp; Pristup Internetu:<\/td>\n<td width=\"76\">&nbsp;<\/td>\n<td width=\"85\">&nbsp;<\/td>\n<\/tr>\n<tr>\n<td width=\"406\">po minuti<\/td>\n<td width=\"76\">0,03&nbsp; \u20ac<\/td>\n<td width=\"85\">\n<p style=\"text-align: right\">0,33 kn<\/p>\n<\/td>\n<\/tr>\n<tr>\n<td width=\"406\">kori\u0161tenje ra\u010dunala u druge svrhe je besplatno<\/td>\n<td width=\"76\">&nbsp;<\/td>\n<td width=\"85\">&nbsp;<\/td>\n<\/tr>\n<\/tbody>\n<\/table>\n","protected":false},"excerpt":{"rendered":"<p>&nbsp; &nbsp; &nbsp;Godi\u0161nja \u010dlanarina: 8,00 \u20ac 60,28 kn djeca pred\u0161kolske dobi ne pla\u0107aju \u010dlanarinu &nbsp; &nbsp; u\u010denici, studenti, umirovljenici, korisnici koji privremeno borave u Cresu 6,00 \u20ac 45,21 kn mjese\u010dna \u010dlanarina 2,00 \u20ac 15,07 kn &nbsp; &nbsp; &nbsp; Zakasnina-po knjizi i po danu 0,10 \u20ac 0,75 kn &nbsp; &nbsp; &nbsp; tro\u0161kovi opomene 0,70 \u20ac 5,27 [&hellip;]<\/p>\n","protected":false},"author":20,"featured_media":0,"parent":0,"menu_order":0,"comment_status":"closed","ping_status":"closed","template":"","meta":{"ngg_post_thumbnail":0},"yoast_head":"<!-- This site is optimized with the Yoast SEO plugin v16.4 - https:\/\/yoast.com\/wordpress\/plugins\/seo\/ -->\n<meta name=\"robots\" content=\"index, follow, max-snippet:-1, max-image-preview:large, max-video-preview:-1\" \/>\n<link rel=\"canonical\" href=\"https:\/\/knjiznice.nsk.hr\/cres\/cjenik-usluga\/\" \/>\n<meta property=\"og:locale\" content=\"hr_HR\" \/>\n<meta property=\"og:type\" content=\"article\" \/>\n<meta property=\"og:title\" content=\"Cjenik usluga - Gradska knji\u017enica i \u010ditaonica Frane Petri\u0107a, Cres\" \/>\n<meta property=\"og:description\" content=\"&nbsp; &nbsp; &nbsp;Godi\u0161nja \u010dlanarina: 8,00 \u20ac 60,28 kn djeca pred\u0161kolske dobi ne pla\u0107aju \u010dlanarinu &nbsp; &nbsp; u\u010denici, studenti, umirovljenici, korisnici koji privremeno borave u Cresu 6,00 \u20ac 45,21 kn mjese\u010dna \u010dlanarina 2,00 \u20ac 15,07 kn &nbsp; &nbsp; &nbsp; Zakasnina-po knjizi i po danu 0,10 \u20ac 0,75 kn &nbsp; &nbsp; &nbsp; tro\u0161kovi opomene 0,70 \u20ac 5,27 [&hellip;]\" \/>\n<meta property=\"og:url\" content=\"https:\/\/knjiznice.nsk.hr\/cres\/cjenik-usluga\/\" \/>\n<meta property=\"og:site_name\" content=\"Gradska knji\u017enica i \u010ditaonica Frane Petri\u0107a, Cres\" \/>\n<meta property=\"article:modified_time\" content=\"2023-01-03T09:47:35+00:00\" \/>\n<meta name=\"twitter:label1\" content=\"Procijenjeno vrijeme \u010ditanja\" \/>\n\t<meta name=\"twitter:data1\" content=\"1 minuta\" \/>\n<script type=\"application\/ld+json\" class=\"yoast-schema-graph\">{\"@context\":\"https:\/\/schema.org\",\"@graph\":[{\"@type\":\"WebSite\",\"@id\":\"https:\/\/knjiznice.nsk.hr\/cres\/#website\",\"url\":\"https:\/\/knjiznice.nsk.hr\/cres\/\",\"name\":\"Gradska knji\\u017enica i \\u010ditaonica Frane Petri\\u0107a, Cres\",\"description\":\"\",\"potentialAction\":[{\"@type\":\"SearchAction\",\"target\":\"https:\/\/knjiznice.nsk.hr\/cres\/?s={search_term_string}\",\"query-input\":\"required name=search_term_string\"}],\"inLanguage\":\"hr\"},{\"@type\":\"WebPage\",\"@id\":\"https:\/\/knjiznice.nsk.hr\/cres\/cjenik-usluga\/#webpage\",\"url\":\"https:\/\/knjiznice.nsk.hr\/cres\/cjenik-usluga\/\",\"name\":\"Cjenik usluga - Gradska knji\\u017enica i \\u010ditaonica Frane Petri\\u0107a, Cres\",\"isPartOf\":{\"@id\":\"https:\/\/knjiznice.nsk.hr\/cres\/#website\"},\"datePublished\":\"2015-05-11T07:17:48+00:00\",\"dateModified\":\"2023-01-03T09:47:35+00:00\",\"breadcrumb\":{\"@id\":\"https:\/\/knjiznice.nsk.hr\/cres\/cjenik-usluga\/#breadcrumb\"},\"inLanguage\":\"hr\",\"potentialAction\":[{\"@type\":\"ReadAction\",\"target\":[\"https:\/\/knjiznice.nsk.hr\/cres\/cjenik-usluga\/\"]}]},{\"@type\":\"BreadcrumbList\",\"@id\":\"https:\/\/knjiznice.nsk.hr\/cres\/cjenik-usluga\/#breadcrumb\",\"itemListElement\":[{\"@type\":\"ListItem\",\"position\":1,\"item\":{\"@type\":\"WebPage\",\"@id\":\"https:\/\/knjiznice.nsk.hr\/cres\/\",\"url\":\"https:\/\/knjiznice.nsk.hr\/cres\/\",\"name\":\"Po\\u010detna stranica\"}},{\"@type\":\"ListItem\",\"position\":2,\"item\":{\"@id\":\"https:\/\/knjiznice.nsk.hr\/cres\/cjenik-usluga\/#webpage\"}}]}]}<\/script>\n<!-- \/ Yoast SEO plugin. -->","_links":{"self":[{"href":"https:\/\/knjiznice.nsk.hr\/cres\/wp-json\/wp\/v2\/pages\/972"}],"collection":[{"href":"https:\/\/knjiznice.nsk.hr\/cres\/wp-json\/wp\/v2\/pages"}],"about":[{"href":"https:\/\/knjiznice.nsk.hr\/cres\/wp-json\/wp\/v2\/types\/page"}],"author":[{"embeddable":true,"href":"https:\/\/knjiznice.nsk.hr\/cres\/wp-json\/wp\/v2\/users\/20"}],"replies":[{"embeddable":true,"href":"https:\/\/knjiznice.nsk.hr\/cres\/wp-json\/wp\/v2\/comments?post=972"}],"version-history":[{"count":30,"href":"https:\/\/knjiznice.nsk.hr\/cres\/wp-json\/wp\/v2\/pages\/972\/revisions"}],"predecessor-version":[{"id":1325,"href":"https:\/\/knjiznice.nsk.hr\/cres\/wp-json\/wp\/v2\/pages\/972\/revisions\/1325"}],"wp:attachment":[{"href":"https:\/\/knjiznice.nsk.hr\/cres\/wp-json\/wp\/v2\/media?parent=972"}],"curies":[{"name":"wp","href":"https:\/\/api.w.org\/{rel}","templated":true}]}}