{"id":2133,"date":"2020-04-10T06:31:11","date_gmt":"2020-04-10T06:31:11","guid":{"rendered":"http:\/\/knjiznice.nsk.hr\/vrbovsko\/?page_id=2133"},"modified":"2020-04-10T06:48:44","modified_gmt":"2020-04-10T06:48:44","slug":"upute-za-koristenje","status":"publish","type":"page","link":"http:\/\/knjiznice.nsk.hr\/vrbovsko\/upute-za-koristenje\/","title":{"rendered":""},"content":{"rendered":"<p>UPUTE&nbsp; ZA POSUDBU<\/p>\n<p>1. Putem trgovine <a href=\"https:\/\/play.google.com\/store\/apps\/details?id=io.cordova.zakibook&amp;hl=en_US\">Google Play<\/a> mo\u017eete besplatno preuzeti aplikaciju, pritiskom na opciju &#8220;Instaliraj&#8221; \u010dime zapo\u010dinje preuzimanje.&nbsp;<\/p>\n<p><a href=\"http:\/\/knjiznice.nsk.hr\/vrbovsko\/upute-za-koristenje\/11-3\/\" rel=\"attachment wp-att-2135\"><img loading=\"lazy\" class=\"alignnone wp-image-2135\" src=\"http:\/\/knjiznice.nsk.hr\/vrbovsko\/wp-content\/uploads\/sites\/88\/2020\/04\/11.jpg\" alt=\"\" width=\"276\" height=\"514\" srcset=\"http:\/\/knjiznice.nsk.hr\/vrbovsko\/wp-content\/uploads\/sites\/88\/2020\/04\/11.jpg 275w, http:\/\/knjiznice.nsk.hr\/vrbovsko\/wp-content\/uploads\/sites\/88\/2020\/04\/11-161x300.jpg 161w\" sizes=\"(max-width: 276px) 100vw, 276px\" \/><\/a><\/p>\n<p>&nbsp;<\/p>\n<p>2. Nakon \u0161to pokrenete aplikaciju otvara se ekran za prijavu gdje se korisnik prijavljuje koriste\u0107i \u010dlanski broj i PIN koji je prethodno zatra\u017eio u knji\u017enici! Pritiskom na opciju \u201ePrijava\u201c \u010dlan ulazi u aplikaciju.<\/p>\n<p><a href=\"http:\/\/knjiznice.nsk.hr\/vrbovsko\/upute-za-koristenje\/22-6\/\" rel=\"attachment wp-att-2137\"><img loading=\"lazy\" class=\"alignnone wp-image-2137\" src=\"http:\/\/knjiznice.nsk.hr\/vrbovsko\/wp-content\/uploads\/sites\/88\/2020\/04\/22.jpg\" alt=\"\" width=\"281\" height=\"511\" srcset=\"http:\/\/knjiznice.nsk.hr\/vrbovsko\/wp-content\/uploads\/sites\/88\/2020\/04\/22.jpg 281w, http:\/\/knjiznice.nsk.hr\/vrbovsko\/wp-content\/uploads\/sites\/88\/2020\/04\/22-165x300.jpg 165w\" sizes=\"(max-width: 281px) 100vw, 281px\" \/><\/a><\/p>\n<p>&nbsp;<\/p>\n<p>3. &nbsp;Ulaskom u aplikaciju otvara se opcija &#8220;Zadu\u017eenja&#8221;. Ako je posudba e-knjige ostvarena putem mre\u017enog kataloga <a href=\"https:\/\/vrbovsko.zaki.com.hr\/\">(https:\/\/vrbovsko.zaki.com.hr\/<\/a>), a knjige nisu odmah vidljive, potrebno je pritisnuti znak za osvje\u017eavanje \u21bb.<\/p>\n<p><a href=\"http:\/\/knjiznice.nsk.hr\/vrbovsko\/upute-za-koristenje\/33-5\/\" rel=\"attachment wp-att-2139\"><img loading=\"lazy\" class=\"alignnone wp-image-2139\" src=\"http:\/\/knjiznice.nsk.hr\/vrbovsko\/wp-content\/uploads\/sites\/88\/2020\/04\/33-1.jpg\" alt=\"\" width=\"256\" height=\"504\" srcset=\"http:\/\/knjiznice.nsk.hr\/vrbovsko\/wp-content\/uploads\/sites\/88\/2020\/04\/33-1.jpg 260w, http:\/\/knjiznice.nsk.hr\/vrbovsko\/wp-content\/uploads\/sites\/88\/2020\/04\/33-1-152x300.jpg 152w\" sizes=\"(max-width: 256px) 100vw, 256px\" \/><\/a><\/p>\n<p>&nbsp;<\/p>\n<p>4. Posudba e-knjiga putem aplikacije ostvaruje se preko Tra\u017eilice u donjem izborniku.&nbsp;<\/p>\n<p><a href=\"http:\/\/knjiznice.nsk.hr\/vrbovsko\/upute-za-koristenje\/44-3\/\" rel=\"attachment wp-att-2140\"><img loading=\"lazy\" class=\"alignnone wp-image-2140\" src=\"http:\/\/knjiznice.nsk.hr\/vrbovsko\/wp-content\/uploads\/sites\/88\/2020\/04\/44.jpg\" alt=\"\" width=\"268\" height=\"511\" srcset=\"http:\/\/knjiznice.nsk.hr\/vrbovsko\/wp-content\/uploads\/sites\/88\/2020\/04\/44.jpg 268w, http:\/\/knjiznice.nsk.hr\/vrbovsko\/wp-content\/uploads\/sites\/88\/2020\/04\/44-157x300.jpg 157w\" sizes=\"(max-width: 268px) 100vw, 268px\" \/><\/a><\/p>\n<p>&nbsp;<\/p>\n<p>5.&nbsp; Kako bi posudili \u017eeljeni naslov, potrebno je samo pritisnuti opciju &#8220;Posudba&#8221; te u sljede\u0107em prozoru potvrditi radnju ponovnim pritiskom na opciju &#8220;Posudba&#8221;&nbsp;<\/p>\n<p><a href=\"http:\/\/knjiznice.nsk.hr\/vrbovsko\/upute-za-koristenje\/55-2\/\" rel=\"attachment wp-att-2141\"><img loading=\"lazy\" class=\"alignnone wp-image-2141\" src=\"http:\/\/knjiznice.nsk.hr\/vrbovsko\/wp-content\/uploads\/sites\/88\/2020\/04\/55.jpg\" alt=\"\" width=\"262\" height=\"512\"><\/a><\/p>\n<p>&nbsp;<\/p>\n<p>6.&nbsp; Ako je posudba ostvarena, aplikacija&nbsp; obavje\u0161tava korisnika &#8211; \u201eUspje\u0161no ste posudili e-knjigu\u201c.<\/p>\n<p>7.&nbsp; Povratkom na Zadu\u017eenja u donjem izborniku, pojavit \u0107e se posu\u0111eni naslovi. Ako knjige nisu odmah vidljive, potrebno je pritisnuti znak za osvje\u017eavanje \u21bb.<\/p>\n<p>8.&nbsp; Knjiga se otvara pritiskom na naslovnicu knjige!&nbsp;<\/p>\n<p>E-knjiga posu\u0111uje se na rok od 21 dan, bez mogu\u0107nosti produ\u017eenja i rezervacija. \u010clan ima pravo posuditi 2 naslova odjednom, odnosno maksimalno 5 naslova unutar jednog kalendarskog mjeseca.<\/p>\n<p>Povrat prije isteka roka od 21 dan vr\u0161i se pritiskom na opciju \u201ePovrat\u201c.<\/p>\n<p>U\u017eivajte u \u010ditanju!!&nbsp;<\/p>\n","protected":false},"excerpt":{"rendered":"<p>UPUTE&nbsp; ZA POSUDBU 1. Putem trgovine Google Play mo\u017eete besplatno preuzeti aplikaciju, pritiskom na opciju &#8220;Instaliraj&#8221; \u010dime zapo\u010dinje preuzimanje.&nbsp; &nbsp; 2. Nakon \u0161to pokrenete aplikaciju otvara se ekran za prijavu gdje se korisnik prijavljuje koriste\u0107i \u010dlanski broj i PIN koji je prethodno zatra\u017eio u knji\u017enici! Pritiskom na opciju \u201ePrijava\u201c \u010dlan ulazi u aplikaciju. &nbsp; 3. [&hellip;]<\/p>\n","protected":false},"author":103,"featured_media":0,"parent":0,"menu_order":0,"comment_status":"closed","ping_status":"closed","template":"","meta":{"ngg_post_thumbnail":0},"yoast_head":"<!-- This site is optimized with the Yoast SEO plugin v16.4 - https:\/\/yoast.com\/wordpress\/plugins\/seo\/ -->\n<meta name=\"robots\" content=\"index, follow, max-snippet:-1, max-image-preview:large, max-video-preview:-1\" \/>\n<link rel=\"canonical\" href=\"https:\/\/knjiznice.nsk.hr\/vrbovsko\/upute-za-koristenje\/\" \/>\n<meta property=\"og:locale\" content=\"hr_HR\" \/>\n<meta property=\"og:type\" content=\"article\" \/>\n<meta property=\"og:title\" content=\"- Gradska knji\u017enica Ivana Gorana Kova\u010di\u0107a Vrbovsko\" \/>\n<meta property=\"og:description\" content=\"UPUTE&nbsp; ZA POSUDBU 1. Putem trgovine Google Play mo\u017eete besplatno preuzeti aplikaciju, pritiskom na opciju &#8220;Instaliraj&#8221; \u010dime zapo\u010dinje preuzimanje.&nbsp; &nbsp; 2. Nakon \u0161to pokrenete aplikaciju otvara se ekran za prijavu gdje se korisnik prijavljuje koriste\u0107i \u010dlanski broj i PIN koji je prethodno zatra\u017eio u knji\u017enici! Pritiskom na opciju \u201ePrijava\u201c \u010dlan ulazi u aplikaciju. &nbsp; 3. [&hellip;]\" \/>\n<meta property=\"og:url\" content=\"https:\/\/knjiznice.nsk.hr\/vrbovsko\/upute-za-koristenje\/\" \/>\n<meta property=\"og:site_name\" content=\"Gradska knji\u017enica Ivana Gorana Kova\u010di\u0107a Vrbovsko\" \/>\n<meta property=\"article:modified_time\" content=\"2020-04-10T06:48:44+00:00\" \/>\n<meta property=\"og:image\" content=\"http:\/\/knjiznice.nsk.hr\/vrbovsko\/wp-content\/uploads\/sites\/88\/2020\/04\/11.jpg\" \/>\n<meta name=\"twitter:label1\" content=\"Procijenjeno vrijeme \u010ditanja\" \/>\n\t<meta name=\"twitter:data1\" content=\"1 minuta\" \/>\n<script type=\"application\/ld+json\" class=\"yoast-schema-graph\">{\"@context\":\"https:\/\/schema.org\",\"@graph\":[{\"@type\":\"WebSite\",\"@id\":\"http:\/\/knjiznice.nsk.hr\/vrbovsko\/#website\",\"url\":\"http:\/\/knjiznice.nsk.hr\/vrbovsko\/\",\"name\":\"Gradska knji\\u017enica Ivana Gorana Kova\\u010di\\u0107a Vrbovsko\",\"description\":\"\",\"potentialAction\":[{\"@type\":\"SearchAction\",\"target\":\"http:\/\/knjiznice.nsk.hr\/vrbovsko\/?s={search_term_string}\",\"query-input\":\"required name=search_term_string\"}],\"inLanguage\":\"hr\"},{\"@type\":\"ImageObject\",\"@id\":\"https:\/\/knjiznice.nsk.hr\/vrbovsko\/upute-za-koristenje\/#primaryimage\",\"inLanguage\":\"hr\",\"url\":\"http:\/\/knjiznice.nsk.hr\/vrbovsko\/wp-content\/uploads\/sites\/88\/2020\/04\/11.jpg\",\"contentUrl\":\"http:\/\/knjiznice.nsk.hr\/vrbovsko\/wp-content\/uploads\/sites\/88\/2020\/04\/11.jpg\",\"width\":275,\"height\":512},{\"@type\":\"WebPage\",\"@id\":\"https:\/\/knjiznice.nsk.hr\/vrbovsko\/upute-za-koristenje\/#webpage\",\"url\":\"https:\/\/knjiznice.nsk.hr\/vrbovsko\/upute-za-koristenje\/\",\"name\":\"- Gradska knji\\u017enica Ivana Gorana Kova\\u010di\\u0107a Vrbovsko\",\"isPartOf\":{\"@id\":\"http:\/\/knjiznice.nsk.hr\/vrbovsko\/#website\"},\"primaryImageOfPage\":{\"@id\":\"https:\/\/knjiznice.nsk.hr\/vrbovsko\/upute-za-koristenje\/#primaryimage\"},\"datePublished\":\"2020-04-10T06:31:11+00:00\",\"dateModified\":\"2020-04-10T06:48:44+00:00\",\"breadcrumb\":{\"@id\":\"https:\/\/knjiznice.nsk.hr\/vrbovsko\/upute-za-koristenje\/#breadcrumb\"},\"inLanguage\":\"hr\",\"potentialAction\":[{\"@type\":\"ReadAction\",\"target\":[\"https:\/\/knjiznice.nsk.hr\/vrbovsko\/upute-za-koristenje\/\"]}]},{\"@type\":\"BreadcrumbList\",\"@id\":\"https:\/\/knjiznice.nsk.hr\/vrbovsko\/upute-za-koristenje\/#breadcrumb\",\"itemListElement\":[{\"@type\":\"ListItem\",\"position\":1,\"item\":{\"@type\":\"WebPage\",\"@id\":\"http:\/\/knjiznice.nsk.hr\/vrbovsko\/\",\"url\":\"http:\/\/knjiznice.nsk.hr\/vrbovsko\/\",\"name\":\"Po\\u010detna stranica\"}},{\"@type\":\"ListItem\",\"position\":2,\"item\":{\"@id\":\"https:\/\/knjiznice.nsk.hr\/vrbovsko\/upute-za-koristenje\/#webpage\"}}]}]}<\/script>\n<!-- \/ Yoast SEO plugin. -->","_links":{"self":[{"href":"http:\/\/knjiznice.nsk.hr\/vrbovsko\/wp-json\/wp\/v2\/pages\/2133"}],"collection":[{"href":"http:\/\/knjiznice.nsk.hr\/vrbovsko\/wp-json\/wp\/v2\/pages"}],"about":[{"href":"http:\/\/knjiznice.nsk.hr\/vrbovsko\/wp-json\/wp\/v2\/types\/page"}],"author":[{"embeddable":true,"href":"http:\/\/knjiznice.nsk.hr\/vrbovsko\/wp-json\/wp\/v2\/users\/103"}],"replies":[{"embeddable":true,"href":"http:\/\/knjiznice.nsk.hr\/vrbovsko\/wp-json\/wp\/v2\/comments?post=2133"}],"version-history":[{"count":5,"href":"http:\/\/knjiznice.nsk.hr\/vrbovsko\/wp-json\/wp\/v2\/pages\/2133\/revisions"}],"predecessor-version":[{"id":2144,"href":"http:\/\/knjiznice.nsk.hr\/vrbovsko\/wp-json\/wp\/v2\/pages\/2133\/revisions\/2144"}],"wp:attachment":[{"href":"http:\/\/knjiznice.nsk.hr\/vrbovsko\/wp-json\/wp\/v2\/media?parent=2133"}],"curies":[{"name":"wp","href":"https:\/\/api.w.org\/{rel}","templated":true}]}}