{"id":2111,"date":"2020-04-10T05:56:01","date_gmt":"2020-04-10T05:56:01","guid":{"rendered":"http:\/\/knjiznice.nsk.hr\/vrbovsko\/?page_id=2111"},"modified":"2020-04-10T07:05:42","modified_gmt":"2020-04-10T07:05:42","slug":"e-knjige-2","status":"publish","type":"page","link":"http:\/\/knjiznice.nsk.hr\/vrbovsko\/e-knjige-2\/","title":{"rendered":"E-KNJIGE"},"content":{"rendered":"<div id=\"metaslider-id-2147\" style=\"width: 100%;\" class=\"ml-slider-3-20-3 metaslider metaslider-flex metaslider-2147 ml-slider ms-theme-outline has-dots-nav\">\n    <div id=\"metaslider_container_2147\">\n        <div id=\"metaslider_2147\">\n            <ul aria-live=\"polite\" class=\"slides\">\n                <li style=\"display: block; width: 100%;\" class=\"slide-2151 ms-image\"><img src=\"http:\/\/knjiznice.nsk.hr\/vrbovsko\/wp-content\/uploads\/sites\/88\/2020\/04\/e-book-750x375.jpg\" height=\"500\" width=\"1000\" alt=\"\" class=\"slider-2147 slide-2151\" title=\"e book\" \/><\/li>\n                <li style=\"display: none; width: 100%;\" class=\"slide-2157 ms-image\"><img src=\"http:\/\/knjiznice.nsk.hr\/vrbovsko\/wp-content\/uploads\/sites\/88\/2020\/04\/sss-865x432.png\" height=\"500\" width=\"1000\" alt=\"\" class=\"slider-2147 slide-2157\" title=\"sss\" \/><\/li>\n            <\/ul>\n        <\/div>\n        \n    <\/div>\n<\/div>\n<p>&nbsp;<\/p>\n<p>Korisnicima Gradske knji\u017enice dostupna je usluga kori\u0161tenja e-knji\u017enice na mobilnim ure\u0111ajima, tabletima i ra\u010dunalima putem aplikacije ZaKi Book &#8211; knji\u017eni\u010dne aplikacije za e-knjige. Aplikaciju je mogu\u0107e preuzeti u&nbsp; u <a href=\"https:\/\/play.google.com\/store\/apps\/details?id=io.cordova.zakibook&amp;hl=en_US\">Google Play Storeu<\/a>&nbsp;(Android ure\u0111aji),&nbsp;<a href=\"https:\/\/www.microsoft.com\/hr-hr\/p\/zaki-book\/9pflw66v72bf?activetab=pivot:overviewtab\">Microsoft Storeu<\/a>&nbsp;(Windows 10) i&nbsp;<a href=\"https:\/\/apps.apple.com\/hr\/app\/zaki-book\/id1464530319\">App Storeu<\/a> (iOS ure\u0111aji).&nbsp; E-knjige mogu se posu\u0111ivati i putem mre\u017enog kataloga &#8211; <a href=\"https:\/\/vrbovsko.zaki.com.hr\/\">https:\/\/vrbovsko.zaki.com.hr\/<\/a> . Novu uslugu knji\u017enice mogu koristiti svi \u010dlanovi Gradske knji\u017enice Ivana Gorana Kova\u010di\u0107a Vrbovsko, upisom \u010dlanskog broja i PIN-a kojeg je potrebno zatra\u017eiti u knji\u017enici!&nbsp;<br \/>\n&nbsp;<br \/>\nU na\u0161em novom, virtualnom fondu nalaze se mnogi lektirni naslovi ali i aktualni romani za koje se nadamo da \u0107e potaknuti \u010ditanje i pridonijeti popularizaciji knjiga!<\/p>\n<h3><strong><a href=\"https:\/\/vrbovsko.zaki.com.hr\/pagesResults\/rezultati.aspx?searchById=1&amp;sort=0&amp;spid0=1&amp;spv0=&amp;fid0=2&amp;fv0=e-knjiga\">Pogledajte ponu\u0111ene naslove! <\/a><\/strong><\/h3>\n<p>&nbsp;<\/p>\n<h3>PRAVILA KORI\u0160TENJA<\/h3>\n<ul>\n<li>Aplikacija za kori\u0161tenje e-knjige mo\u017ee se besplatno preuzeti na platformama Google Play (za Android), App Store (za iOS) i Microsoft Store (Windows 10)<\/li>\n<li>U aplikaciju se ulazi brojem \u010dlanske iskaznice i PIN-om koji se dobiva u knji\u017enici na upit<\/li>\n<li>Kada se prijavite u aplikaciju ZaKi Book, sustav vas automatski prepoznaje kao korisnika knji\u017enice<\/li>\n<li>Putem aplikacije mo\u017eete pretra\u017eiti naslove, zadu\u017eiti i razdu\u017eiti knjigu te pove\u0107avati i smanjivati slova<\/li>\n<li>Mogu\u0107e je posuditi dvije e-knjige odjednom<\/li>\n<li>Aplikacija se mo\u017ee koristiti na 4 ure\u0111aja istovremeno<\/li>\n<li>Rok posudbe e-knjige je 21 dan bez mogu\u0107nosti produljenja roka posudbe \u2013 ne morate poduzimati dodatne radnje nego program jednostavno \u201epovu\u010de\u201c knjigu i vi\u0161e je nema u va\u0161oj aplikaciji bez zakasnine.<\/li>\n<\/ul>\n<p>&nbsp;<\/p>\n<h3><strong><a href=\"http:\/\/knjiznice.nsk.hr\/vrbovsko\/upute-za-koristenje\/\">DETALJNE UPUTE ZA POSUDBU&nbsp;<\/a><\/strong><\/h3>\n<p>&nbsp;<\/p>\n<p>&nbsp;<\/p>\n<p>&nbsp;<\/p>\n","protected":false},"excerpt":{"rendered":"<p>&nbsp; Korisnicima Gradske knji\u017enice dostupna je usluga kori\u0161tenja e-knji\u017enice na mobilnim ure\u0111ajima, tabletima i ra\u010dunalima putem aplikacije ZaKi Book &#8211; knji\u017eni\u010dne aplikacije za e-knjige. Aplikaciju je mogu\u0107e preuzeti u&nbsp; u Google Play Storeu&nbsp;(Android ure\u0111aji),&nbsp;Microsoft Storeu&nbsp;(Windows 10) i&nbsp;App Storeu (iOS ure\u0111aji).&nbsp; E-knjige mogu se posu\u0111ivati i putem mre\u017enog kataloga &#8211; https:\/\/vrbovsko.zaki.com.hr\/ . Novu uslugu knji\u017enice mogu [&hellip;]<\/p>\n","protected":false},"author":103,"featured_media":0,"parent":0,"menu_order":0,"comment_status":"closed","ping_status":"closed","template":"","meta":{"ngg_post_thumbnail":0},"yoast_head":"<!-- This site is optimized with the Yoast SEO plugin v16.4 - https:\/\/yoast.com\/wordpress\/plugins\/seo\/ -->\n<meta name=\"robots\" content=\"index, follow, max-snippet:-1, max-image-preview:large, max-video-preview:-1\" \/>\n<link rel=\"canonical\" href=\"http:\/\/knjiznice.nsk.hr\/vrbovsko\/e-knjige-2\/\" \/>\n<meta property=\"og:locale\" content=\"hr_HR\" \/>\n<meta property=\"og:type\" content=\"article\" \/>\n<meta property=\"og:title\" content=\"E-KNJIGE - Gradska knji\u017enica Ivana Gorana Kova\u010di\u0107a Vrbovsko\" \/>\n<meta property=\"og:description\" content=\"&nbsp; Korisnicima Gradske knji\u017enice dostupna je usluga kori\u0161tenja e-knji\u017enice na mobilnim ure\u0111ajima, tabletima i ra\u010dunalima putem aplikacije ZaKi Book &#8211; knji\u017eni\u010dne aplikacije za e-knjige. Aplikaciju je mogu\u0107e preuzeti u&nbsp; u Google Play Storeu&nbsp;(Android ure\u0111aji),&nbsp;Microsoft Storeu&nbsp;(Windows 10) i&nbsp;App Storeu (iOS ure\u0111aji).&nbsp; E-knjige mogu se posu\u0111ivati i putem mre\u017enog kataloga &#8211; https:\/\/vrbovsko.zaki.com.hr\/ . Novu uslugu knji\u017enice mogu [&hellip;]\" \/>\n<meta property=\"og:url\" content=\"http:\/\/knjiznice.nsk.hr\/vrbovsko\/e-knjige-2\/\" \/>\n<meta property=\"og:site_name\" content=\"Gradska knji\u017enica Ivana Gorana Kova\u010di\u0107a Vrbovsko\" \/>\n<meta property=\"article:modified_time\" content=\"2020-04-10T07:05:42+00:00\" \/>\n<meta name=\"twitter:label1\" content=\"Procijenjeno vrijeme \u010ditanja\" \/>\n\t<meta name=\"twitter:data1\" content=\"1 minuta\" \/>\n<script type=\"application\/ld+json\" class=\"yoast-schema-graph\">{\"@context\":\"https:\/\/schema.org\",\"@graph\":[{\"@type\":\"WebSite\",\"@id\":\"http:\/\/knjiznice.nsk.hr\/vrbovsko\/#website\",\"url\":\"http:\/\/knjiznice.nsk.hr\/vrbovsko\/\",\"name\":\"Gradska knji\\u017enica Ivana Gorana Kova\\u010di\\u0107a Vrbovsko\",\"description\":\"\",\"potentialAction\":[{\"@type\":\"SearchAction\",\"target\":\"http:\/\/knjiznice.nsk.hr\/vrbovsko\/?s={search_term_string}\",\"query-input\":\"required name=search_term_string\"}],\"inLanguage\":\"hr\"},{\"@type\":\"WebPage\",\"@id\":\"http:\/\/knjiznice.nsk.hr\/vrbovsko\/e-knjige-2\/#webpage\",\"url\":\"http:\/\/knjiznice.nsk.hr\/vrbovsko\/e-knjige-2\/\",\"name\":\"E-KNJIGE - Gradska knji\\u017enica Ivana Gorana Kova\\u010di\\u0107a Vrbovsko\",\"isPartOf\":{\"@id\":\"http:\/\/knjiznice.nsk.hr\/vrbovsko\/#website\"},\"datePublished\":\"2020-04-10T05:56:01+00:00\",\"dateModified\":\"2020-04-10T07:05:42+00:00\",\"breadcrumb\":{\"@id\":\"http:\/\/knjiznice.nsk.hr\/vrbovsko\/e-knjige-2\/#breadcrumb\"},\"inLanguage\":\"hr\",\"potentialAction\":[{\"@type\":\"ReadAction\",\"target\":[\"http:\/\/knjiznice.nsk.hr\/vrbovsko\/e-knjige-2\/\"]}]},{\"@type\":\"BreadcrumbList\",\"@id\":\"http:\/\/knjiznice.nsk.hr\/vrbovsko\/e-knjige-2\/#breadcrumb\",\"itemListElement\":[{\"@type\":\"ListItem\",\"position\":1,\"item\":{\"@type\":\"WebPage\",\"@id\":\"http:\/\/knjiznice.nsk.hr\/vrbovsko\/\",\"url\":\"http:\/\/knjiznice.nsk.hr\/vrbovsko\/\",\"name\":\"Po\\u010detna stranica\"}},{\"@type\":\"ListItem\",\"position\":2,\"item\":{\"@id\":\"http:\/\/knjiznice.nsk.hr\/vrbovsko\/e-knjige-2\/#webpage\"}}]}]}<\/script>\n<!-- \/ Yoast SEO plugin. -->","_links":{"self":[{"href":"http:\/\/knjiznice.nsk.hr\/vrbovsko\/wp-json\/wp\/v2\/pages\/2111"}],"collection":[{"href":"http:\/\/knjiznice.nsk.hr\/vrbovsko\/wp-json\/wp\/v2\/pages"}],"about":[{"href":"http:\/\/knjiznice.nsk.hr\/vrbovsko\/wp-json\/wp\/v2\/types\/page"}],"author":[{"embeddable":true,"href":"http:\/\/knjiznice.nsk.hr\/vrbovsko\/wp-json\/wp\/v2\/users\/103"}],"replies":[{"embeddable":true,"href":"http:\/\/knjiznice.nsk.hr\/vrbovsko\/wp-json\/wp\/v2\/comments?post=2111"}],"version-history":[{"count":21,"href":"http:\/\/knjiznice.nsk.hr\/vrbovsko\/wp-json\/wp\/v2\/pages\/2111\/revisions"}],"predecessor-version":[{"id":2116,"href":"http:\/\/knjiznice.nsk.hr\/vrbovsko\/wp-json\/wp\/v2\/pages\/2111\/revisions\/2116"}],"wp:attachment":[{"href":"http:\/\/knjiznice.nsk.hr\/vrbovsko\/wp-json\/wp\/v2\/media?parent=2111"}],"curies":[{"name":"wp","href":"https:\/\/api.w.org\/{rel}","templated":true}]}}