{"id":202,"date":"2015-11-08T17:38:16","date_gmt":"2015-11-08T17:38:16","guid":{"rendered":"http:\/\/knjiznice.nsk.hr\/vrbovsko\/?page_id=202"},"modified":"2023-09-28T14:15:49","modified_gmt":"2023-09-28T14:15:49","slug":"informacije","status":"publish","type":"page","link":"http:\/\/knjiznice.nsk.hr\/vrbovsko\/informacije\/","title":{"rendered":"Informacije"},"content":{"rendered":"<h2>Radno vrijeme:<\/h2>\n<p><strong>PONEDJELJAK:<\/strong> 07:00-15:00<br \/>\n<strong>UTORAK:<\/strong> 07:00-15:00<br \/>\n<strong>SRIJEDA:<\/strong> 07:00-15:00<br \/>\n<strong>\u010cETVRTAK:<\/strong> 07:00-17:00<br \/>\n<strong>PETAK:<\/strong> 07:00-15:00<\/p>\n<h2>Kontakt<\/h2>\n<table class=\"knjiznica-informacije\">\n<tbody>\n<tr>\n<th>Telefon:<\/th>\n<td>051 &#8211; 875 159<\/td>\n<\/tr>\n<tr>\n<th>Fax:<\/th>\n<td>051 &#8211; 875 159<\/td>\n<\/tr>\n<tr>\n<th>e-mail:<\/th>\n<td><a href=\"mailto:vrbovsko.knjiznica@gmail.com\">vrbovsko.knjiznica@gmail.com<\/a><\/td>\n<\/tr>\n<\/tbody>\n<\/table>\n<h2>Adresa elektroni\u010dke po\u0161te za primanje pismena&nbsp;<\/h2>\n<p><strong>E-mail: vrbovsko.knjiznica@gmail.com&nbsp;<\/strong><\/p>\n<h2>Unutarnje ustrojstvo Gradske knji\u017enice Ivana Gorana Kova\u010di\u0107a Vrbovsko:&nbsp;<\/h2>\n<p>Ravnateljica: Gordana Vu\u010dini\u0107, knji\u017e.<\/p>\n<p>mob.: 091\/547-5852<\/p>\n<p><a href=\"http:\/\/knjiznice.nsk.hr\/vrbovsko\/wp-content\/uploads\/sites\/88\/2021\/07\/PRAVILNIK-O-UNUTARNJEM-USTROJSTVU.pdf\">Pravilnik o unutranjem ustrojstvu<\/a><\/p>\n<h2>Lokacija<\/h2>\n<p>Gradska knji\u017enica Ivana Gorana Kova\u010di\u0107a Vrbovsko: Ivana Gorana Kova\u010di\u0107a 20a, Vrbovsko &#8211; <a href=\"https:\/\/www.google.hr\/maps\/place\/Ul.+Ivana+Gorana+Kova\u010di\u0107a+20A,+51326,+Vrbovsko\/@45.3734678,15.0758725,17z\/\" target=\"_blank\" rel=\"noopener noreferrer\">Google mapa<\/a><\/p>\n<p>Izlo\u017ebeni prostor Vrbovsko: Ivana Gorana Kova\u010di\u0107a 44 &#8211; <a href=\"https:\/\/www.google.com\/maps\/place\/Ul.+Ivana+Gorana+Kova%C4%8Di%C4%87a+44,+51326,+Vrbovsko\/@45.3750796,15.0777446,17z\/data=!4m13!1m7!3m6!1s0x476464bf6e2149a1:0xaa0bf52c6876e091!2sUl.+Ivana+Gorana+Kova%C4%8Di%C4%87a+44,+51326,+Vrbovsko!3b1!8m2!3d45.3750796!4d15.0799333!3m4!1s0x476464bf6e2149a1:0xaa0bf52c6876e091!8m2!3d45.3750796!4d15.0799333\">Google mapa<\/a><\/p>\n<p>&nbsp;<\/p>\n","protected":false},"excerpt":{"rendered":"<p>Radno vrijeme: PONEDJELJAK: 07:00-15:00 UTORAK: 07:00-15:00 SRIJEDA: 07:00-15:00 \u010cETVRTAK: 07:00-17:00 PETAK: 07:00-15:00 Kontakt Telefon: 051 &#8211; 875 159 Fax: 051 &#8211; 875 159 e-mail: vrbovsko.knjiznica@gmail.com Adresa elektroni\u010dke po\u0161te za primanje pismena&nbsp; E-mail: vrbovsko.knjiznica@gmail.com&nbsp; Unutarnje ustrojstvo Gradske knji\u017enice Ivana Gorana Kova\u010di\u0107a Vrbovsko:&nbsp; Ravnateljica: Gordana Vu\u010dini\u0107, knji\u017e. mob.: 091\/547-5852 Pravilnik o unutranjem ustrojstvu Lokacija Gradska knji\u017enica Ivana [&hellip;]<\/p>\n","protected":false},"author":103,"featured_media":0,"parent":0,"menu_order":0,"comment_status":"closed","ping_status":"closed","template":"","meta":{"ngg_post_thumbnail":0},"yoast_head":"<!-- This site is optimized with the Yoast SEO plugin v16.4 - https:\/\/yoast.com\/wordpress\/plugins\/seo\/ -->\n<meta name=\"robots\" content=\"index, follow, max-snippet:-1, max-image-preview:large, max-video-preview:-1\" \/>\n<link rel=\"canonical\" href=\"http:\/\/knjiznice.nsk.hr\/vrbovsko\/informacije\/\" \/>\n<meta property=\"og:locale\" content=\"hr_HR\" \/>\n<meta property=\"og:type\" content=\"article\" \/>\n<meta property=\"og:title\" content=\"Informacije - Gradska knji\u017enica Ivana Gorana Kova\u010di\u0107a Vrbovsko\" \/>\n<meta property=\"og:description\" content=\"Radno vrijeme: PONEDJELJAK: 07:00-15:00 UTORAK: 07:00-15:00 SRIJEDA: 07:00-15:00 \u010cETVRTAK: 07:00-17:00 PETAK: 07:00-15:00 Kontakt Telefon: 051 &#8211; 875 159 Fax: 051 &#8211; 875 159 e-mail: vrbovsko.knjiznica@gmail.com Adresa elektroni\u010dke po\u0161te za primanje pismena&nbsp; E-mail: vrbovsko.knjiznica@gmail.com&nbsp; Unutarnje ustrojstvo Gradske knji\u017enice Ivana Gorana Kova\u010di\u0107a Vrbovsko:&nbsp; Ravnateljica: Gordana Vu\u010dini\u0107, knji\u017e. mob.: 091\/547-5852 Pravilnik o unutranjem ustrojstvu Lokacija Gradska knji\u017enica Ivana [&hellip;]\" \/>\n<meta property=\"og:url\" content=\"http:\/\/knjiznice.nsk.hr\/vrbovsko\/informacije\/\" \/>\n<meta property=\"og:site_name\" content=\"Gradska knji\u017enica Ivana Gorana Kova\u010di\u0107a Vrbovsko\" \/>\n<meta property=\"article:modified_time\" content=\"2023-09-28T14:15:49+00:00\" \/>\n<meta name=\"twitter:label1\" content=\"Procijenjeno vrijeme \u010ditanja\" \/>\n\t<meta name=\"twitter:data1\" content=\"1 minuta\" \/>\n<script type=\"application\/ld+json\" class=\"yoast-schema-graph\">{\"@context\":\"https:\/\/schema.org\",\"@graph\":[{\"@type\":\"WebSite\",\"@id\":\"http:\/\/knjiznice.nsk.hr\/vrbovsko\/#website\",\"url\":\"http:\/\/knjiznice.nsk.hr\/vrbovsko\/\",\"name\":\"Gradska knji\\u017enica Ivana Gorana Kova\\u010di\\u0107a Vrbovsko\",\"description\":\"\",\"potentialAction\":[{\"@type\":\"SearchAction\",\"target\":\"http:\/\/knjiznice.nsk.hr\/vrbovsko\/?s={search_term_string}\",\"query-input\":\"required name=search_term_string\"}],\"inLanguage\":\"hr\"},{\"@type\":\"WebPage\",\"@id\":\"http:\/\/knjiznice.nsk.hr\/vrbovsko\/informacije\/#webpage\",\"url\":\"http:\/\/knjiznice.nsk.hr\/vrbovsko\/informacije\/\",\"name\":\"Informacije - Gradska knji\\u017enica Ivana Gorana Kova\\u010di\\u0107a Vrbovsko\",\"isPartOf\":{\"@id\":\"http:\/\/knjiznice.nsk.hr\/vrbovsko\/#website\"},\"datePublished\":\"2015-11-08T17:38:16+00:00\",\"dateModified\":\"2023-09-28T14:15:49+00:00\",\"breadcrumb\":{\"@id\":\"http:\/\/knjiznice.nsk.hr\/vrbovsko\/informacije\/#breadcrumb\"},\"inLanguage\":\"hr\",\"potentialAction\":[{\"@type\":\"ReadAction\",\"target\":[\"http:\/\/knjiznice.nsk.hr\/vrbovsko\/informacije\/\"]}]},{\"@type\":\"BreadcrumbList\",\"@id\":\"http:\/\/knjiznice.nsk.hr\/vrbovsko\/informacije\/#breadcrumb\",\"itemListElement\":[{\"@type\":\"ListItem\",\"position\":1,\"item\":{\"@type\":\"WebPage\",\"@id\":\"http:\/\/knjiznice.nsk.hr\/vrbovsko\/\",\"url\":\"http:\/\/knjiznice.nsk.hr\/vrbovsko\/\",\"name\":\"Po\\u010detna stranica\"}},{\"@type\":\"ListItem\",\"position\":2,\"item\":{\"@id\":\"http:\/\/knjiznice.nsk.hr\/vrbovsko\/informacije\/#webpage\"}}]}]}<\/script>\n<!-- \/ Yoast SEO plugin. -->","_links":{"self":[{"href":"http:\/\/knjiznice.nsk.hr\/vrbovsko\/wp-json\/wp\/v2\/pages\/202"}],"collection":[{"href":"http:\/\/knjiznice.nsk.hr\/vrbovsko\/wp-json\/wp\/v2\/pages"}],"about":[{"href":"http:\/\/knjiznice.nsk.hr\/vrbovsko\/wp-json\/wp\/v2\/types\/page"}],"author":[{"embeddable":true,"href":"http:\/\/knjiznice.nsk.hr\/vrbovsko\/wp-json\/wp\/v2\/users\/103"}],"replies":[{"embeddable":true,"href":"http:\/\/knjiznice.nsk.hr\/vrbovsko\/wp-json\/wp\/v2\/comments?post=202"}],"version-history":[{"count":37,"href":"http:\/\/knjiznice.nsk.hr\/vrbovsko\/wp-json\/wp\/v2\/pages\/202\/revisions"}],"predecessor-version":[{"id":2583,"href":"http:\/\/knjiznice.nsk.hr\/vrbovsko\/wp-json\/wp\/v2\/pages\/202\/revisions\/2583"}],"wp:attachment":[{"href":"http:\/\/knjiznice.nsk.hr\/vrbovsko\/wp-json\/wp\/v2\/media?parent=202"}],"curies":[{"name":"wp","href":"https:\/\/api.w.org\/{rel}","templated":true}]}}