{"id":1844,"date":"2020-01-31T08:07:59","date_gmt":"2020-01-31T08:07:59","guid":{"rendered":"http:\/\/knjiznice.nsk.hr\/vrbovsko\/?page_id=1844"},"modified":"2023-10-20T06:19:44","modified_gmt":"2023-10-20T06:19:44","slug":"pravo-na-pristup-informacijama","status":"publish","type":"page","link":"http:\/\/knjiznice.nsk.hr\/vrbovsko\/pravo-na-pristup-informacijama\/","title":{"rendered":"DOKUMENTI"},"content":{"rendered":"<p><strong>DOKUMENTI<\/strong><\/p>\n<p><a href=\"http:\/\/knjiznice.nsk.hr\/vrbovsko\/pravo-na-pristup-informacijama\/katalog_informacija_igk-vrbovsko-1-2\/\" rel=\"attachment wp-att-2014\">Katalog informacija IGK Vrbovsko-1<\/a><\/p>\n<p><a href=\"http:\/\/knjiznice.nsk.hr\/vrbovsko\/pravo-na-pristup-informacijama\/zahtjev-za-pristup-informacijama-2\/\" rel=\"attachment wp-att-1874\">Zahtjev za pristup informacijama<\/a><\/p>\n<p><a href=\"http:\/\/knjiznice.nsk.hr\/vrbovsko\/pravo-na-pristup-informacijama\/zahtjev-za-pristup-informacijama-2\/\" rel=\"attachment wp-att-1874\">Zahtjev za pristup informacijama<\/a><\/p>\n<p><a href=\"http:\/\/knjiznice.nsk.hr\/vrbovsko\/pravo-na-pristup-informacijama\/zahtjev-za-ponovnu-uporabu-informacija\/\" rel=\"attachment wp-att-1873\">Zahtjev za ponovnu uporabu informacija<\/a><\/p>\n<p><a href=\"http:\/\/knjiznice.nsk.hr\/vrbovsko\/wp-content\/uploads\/sites\/88\/2023\/01\/Zahtjev-za-ispravak-ili-dopunu-informacije-obrazac-1.doc\">Zahtjev za dopunu ili ispravak informacije<\/a><\/p>\n<p><a href=\"http:\/\/knjiznice.nsk.hr\/vrbovsko\/wp-content\/uploads\/sites\/88\/2020\/03\/Politike-za\u0161tite-podataka-1.pdf\" rel=\"attachment wp-att-2015\">Politike za\u0161tite podataka<\/a><\/p>\n<p><a href=\"http:\/\/knjiznice.nsk.hr\/vrbovsko\/wp-content\/uploads\/sites\/88\/2020\/03\/Pravila_privatnosti.pdf\" rel=\"attachment wp-att-2017\">Pravila privatnosti<\/a><\/p>\n<p><a href=\"http:\/\/knjiznice.nsk.hr\/vrbovsko\/pravo-na-pristup-informacijama\/procedura-blagajnickog-poslovanja-2\/\" rel=\"attachment wp-att-2018\">Procedura blagajni\u010dkog poslovanja<\/a><\/p>\n<p><a href=\"http:\/\/knjiznice.nsk.hr\/vrbovsko\/pravo-na-pristup-informacijama\/procedura-izdavanja-putnih-naloga-2\/\" rel=\"attachment wp-att-2019\">Procedura izdavanja putnih naloga<\/a><\/p>\n<p><a href=\"http:\/\/knjiznice.nsk.hr\/vrbovsko\/wp-content\/uploads\/sites\/88\/2021\/01\/Sluzbenica-za-zastitu-podataka.docx\" rel=\"attachment wp-att-2020\">Slu\u017ebenica za za\u0161titu podataka<\/a><\/p>\n<p><a href=\"http:\/\/knjiznice.nsk.hr\/vrbovsko\/pravo-na-pristup-informacijama\/suglasnost-za-fotografiranje-djeca-2\/\" rel=\"attachment wp-att-2021\">Suglasnost za fotografiranje &#8211; djeca<\/a><\/p>\n<p><a href=\"http:\/\/knjiznice.nsk.hr\/vrbovsko\/pravo-na-pristup-informacijama\/suglasnost-za-fotografiranje-odrasli-2\/\" rel=\"attachment wp-att-2022\">Suglasnost za fotografiranje &#8211; odrasli<\/a><\/p>\n<p><a href=\"http:\/\/knjiznice.nsk.hr\/vrbovsko\/wp-content\/uploads\/sites\/88\/2022\/02\/PLAN-BROJCANIH-OZNAKA.pdf\">Plan klasifikacijskih oznaka i broj\u010danih oznaka<\/a>&nbsp;<\/p>\n<p><a href=\"http:\/\/knjiznice.nsk.hr\/vrbovsko\/wp-content\/uploads\/sites\/88\/2023\/10\/Pravilnik-o-pruzanju-usluga-i-koristenju-knjizne-grade.pdf\">Pravilnik o pru\u017eanju usluga i kori\u0161tenju knji\u017ene gra\u0111e<\/a><\/p>\n<p><strong>GODI\u0160NJA IZVJE\u0160\u0106A&nbsp;<\/strong><\/p>\n<p><a href=\"http:\/\/knjiznice.nsk.hr\/vrbovsko\/wp-content\/uploads\/sites\/88\/2023\/01\/Godisnje_izvjesce.pdf\">Godi\u0161nje izvje\u0161\u0107e 2022. <\/a><\/p>\n<p><a href=\"http:\/\/knjiznice.nsk.hr\/vrbovsko\/wp-content\/uploads\/sites\/88\/2022\/01\/Godisnje_izvjesce-13-1.pdf\">Godi\u0161nje izvje\u0161\u0107e 2021.<\/a><\/p>\n<p><span style=\"color: #0000ee\">G<\/span><a href=\"http:\/\/knjiznice.nsk.hr\/vrbovsko\/pravo-na-pristup-informacijama\/godisnje-izvjesce-2019\/\" rel=\"attachment wp-att-1865\">odi\u0161nje izvje\u0161\u0107e 2019 <\/a><\/p>\n<p><a href=\"http:\/\/knjiznice.nsk.hr\/vrbovsko\/pravo-na-pristup-informacijama\/godisnje-izvjesce-2018\/\" rel=\"attachment wp-att-1863\">Godi\u0161nje izvje\u0161\u0107e 2018<\/a>.<\/p>\n<p><a href=\"http:\/\/knjiznice.nsk.hr\/vrbovsko\/pravo-na-pristup-informacijama\/godisnje-izvjesce-2017\/\" rel=\"attachment wp-att-1841\">Godi\u0161nje izvje\u0161\u0107e 2017.<\/a><\/p>\n<p><a href=\"http:\/\/knjiznice.nsk.hr\/vrbovsko\/pravo-na-pristup-informacijama\/godisnje-izvjesce-2016\/\" rel=\"attachment wp-att-1868\">Godi\u0161nje izvje\u0161\u0107e 2016.<\/a><\/p>\n<p><a href=\"http:\/\/knjiznice.nsk.hr\/vrbovsko\/pravo-na-pristup-informacijama\/godisnje-izvjesce-2015\/\" rel=\"attachment wp-att-1870\">Godi\u0161nje izvje\u0161\u0107e 2015.<\/a><\/p>\n<p><strong>IZVJE\u0160\u0106A O RADU&nbsp;<\/strong><\/p>\n<p><a href=\"http:\/\/knjiznice.nsk.hr\/vrbovsko\/wp-content\/uploads\/sites\/88\/2023\/01\/Izvjesce-o-radu-za-2021.pdf\">IZVJE\u0160\u0106E O RADU 2021.&nbsp;<\/a><\/p>\n<p><a href=\"http:\/\/knjiznice.nsk.hr\/vrbovsko\/pravo-na-pristup-informacijama\/izvjesce-o-radu-2016-3\/\" rel=\"attachment wp-att-2006\">IZVJE\u0160\u0106E O RADU 2016.<\/a><\/p>\n<p><a href=\"http:\/\/knjiznice.nsk.hr\/vrbovsko\/pravo-na-pristup-informacijama\/izvjesce-o-radu-2015-2\/\" rel=\"attachment wp-att-2005\">IZVJE\u0160\u0106E O RADU 2015.<\/a><\/p>\n<p><a href=\"http:\/\/knjiznice.nsk.hr\/vrbovsko\/pravo-na-pristup-informacijama\/izvjesce-o-radu-2014-2\/\" rel=\"attachment wp-att-2004\">IZVJE\u0160\u0106E O RADU 2014.<\/a><\/p>\n<p><strong>PROGRAM RADA I FINANCIJSKI PLAN&nbsp;<\/strong><\/p>\n<p><a href=\"http:\/\/knjiznice.nsk.hr\/vrbovsko\/wp-content\/uploads\/sites\/88\/2023\/01\/Programa-rada-i-financijski-plan-2023.pdf\">Program rada za 2023. godinu i prijedlog financijskog plana&nbsp;<\/a><\/p>\n<p><a href=\"http:\/\/knjiznice.nsk.hr\/vrbovsko\/wp-content\/uploads\/sites\/88\/2023\/01\/Financijski-plan-za-2023.png\">Prora\u010dun za 2023. i projekcija za 2024. i 2025.&nbsp;<\/a><\/p>\n<p><a href=\"http:\/\/knjiznice.nsk.hr\/vrbovsko\/wp-content\/uploads\/sites\/88\/2023\/08\/Polugodisnji-izvjestaj-za-2023-i-obrazlozenje-opceg-dijela-polugodisnjeg-izvjestaja-o-o-izvrsenju-financijskog-plana.pdf\">Polugodi\u0161nji izvje\u0161taj za 2023. godinu&nbsp; i obrazlo\u017eenje op\u0107eg dijela polugodi\u0161njeg izvje\u0161taja o izvr\u0161enju financijskog plana&nbsp;<\/a><\/p>\n<p><strong>CJENIK<\/strong><\/p>\n<p><a href=\"http:\/\/knjiznice.nsk.hr\/vrbovsko\/wp-content\/uploads\/sites\/88\/2023\/01\/Odluka-Cjenik.pdf\">Cjenik<\/a><\/p>\n","protected":false},"excerpt":{"rendered":"<p>DOKUMENTI Katalog informacija IGK Vrbovsko-1 Zahtjev za pristup informacijama Zahtjev za pristup informacijama Zahtjev za ponovnu uporabu informacija Zahtjev za dopunu ili ispravak informacije Politike za\u0161tite podataka Pravila privatnosti Procedura blagajni\u010dkog poslovanja Procedura izdavanja putnih naloga Slu\u017ebenica za za\u0161titu podataka Suglasnost za fotografiranje &#8211; djeca Suglasnost za fotografiranje &#8211; odrasli Plan klasifikacijskih oznaka i broj\u010danih [&hellip;]<\/p>\n","protected":false},"author":103,"featured_media":0,"parent":0,"menu_order":0,"comment_status":"closed","ping_status":"closed","template":"","meta":{"ngg_post_thumbnail":0},"yoast_head":"<!-- This site is optimized with the Yoast SEO plugin v16.4 - https:\/\/yoast.com\/wordpress\/plugins\/seo\/ -->\n<meta name=\"robots\" content=\"index, follow, max-snippet:-1, max-image-preview:large, max-video-preview:-1\" \/>\n<link rel=\"canonical\" href=\"https:\/\/knjiznice.nsk.hr\/vrbovsko\/pravo-na-pristup-informacijama\/\" \/>\n<meta property=\"og:locale\" content=\"hr_HR\" \/>\n<meta property=\"og:type\" content=\"article\" \/>\n<meta property=\"og:title\" content=\"DOKUMENTI - Gradska knji\u017enica Ivana Gorana Kova\u010di\u0107a Vrbovsko\" \/>\n<meta property=\"og:description\" content=\"DOKUMENTI Katalog informacija IGK Vrbovsko-1 Zahtjev za pristup informacijama Zahtjev za pristup informacijama Zahtjev za ponovnu uporabu informacija Zahtjev za dopunu ili ispravak informacije Politike za\u0161tite podataka Pravila privatnosti Procedura blagajni\u010dkog poslovanja Procedura izdavanja putnih naloga Slu\u017ebenica za za\u0161titu podataka Suglasnost za fotografiranje &#8211; djeca Suglasnost za fotografiranje &#8211; odrasli Plan klasifikacijskih oznaka i broj\u010danih [&hellip;]\" \/>\n<meta property=\"og:url\" content=\"https:\/\/knjiznice.nsk.hr\/vrbovsko\/pravo-na-pristup-informacijama\/\" \/>\n<meta property=\"og:site_name\" content=\"Gradska knji\u017enica Ivana Gorana Kova\u010di\u0107a Vrbovsko\" \/>\n<meta property=\"article:modified_time\" content=\"2023-10-20T06:19:44+00:00\" \/>\n<meta name=\"twitter:label1\" content=\"Procijenjeno vrijeme \u010ditanja\" \/>\n\t<meta name=\"twitter:data1\" content=\"1 minuta\" \/>\n<script type=\"application\/ld+json\" class=\"yoast-schema-graph\">{\"@context\":\"https:\/\/schema.org\",\"@graph\":[{\"@type\":\"WebSite\",\"@id\":\"http:\/\/knjiznice.nsk.hr\/vrbovsko\/#website\",\"url\":\"http:\/\/knjiznice.nsk.hr\/vrbovsko\/\",\"name\":\"Gradska knji\\u017enica Ivana Gorana Kova\\u010di\\u0107a Vrbovsko\",\"description\":\"\",\"potentialAction\":[{\"@type\":\"SearchAction\",\"target\":\"http:\/\/knjiznice.nsk.hr\/vrbovsko\/?s={search_term_string}\",\"query-input\":\"required name=search_term_string\"}],\"inLanguage\":\"hr\"},{\"@type\":\"WebPage\",\"@id\":\"https:\/\/knjiznice.nsk.hr\/vrbovsko\/pravo-na-pristup-informacijama\/#webpage\",\"url\":\"https:\/\/knjiznice.nsk.hr\/vrbovsko\/pravo-na-pristup-informacijama\/\",\"name\":\"DOKUMENTI - Gradska knji\\u017enica Ivana Gorana Kova\\u010di\\u0107a Vrbovsko\",\"isPartOf\":{\"@id\":\"http:\/\/knjiznice.nsk.hr\/vrbovsko\/#website\"},\"datePublished\":\"2020-01-31T08:07:59+00:00\",\"dateModified\":\"2023-10-20T06:19:44+00:00\",\"breadcrumb\":{\"@id\":\"https:\/\/knjiznice.nsk.hr\/vrbovsko\/pravo-na-pristup-informacijama\/#breadcrumb\"},\"inLanguage\":\"hr\",\"potentialAction\":[{\"@type\":\"ReadAction\",\"target\":[\"https:\/\/knjiznice.nsk.hr\/vrbovsko\/pravo-na-pristup-informacijama\/\"]}]},{\"@type\":\"BreadcrumbList\",\"@id\":\"https:\/\/knjiznice.nsk.hr\/vrbovsko\/pravo-na-pristup-informacijama\/#breadcrumb\",\"itemListElement\":[{\"@type\":\"ListItem\",\"position\":1,\"item\":{\"@type\":\"WebPage\",\"@id\":\"http:\/\/knjiznice.nsk.hr\/vrbovsko\/\",\"url\":\"http:\/\/knjiznice.nsk.hr\/vrbovsko\/\",\"name\":\"Po\\u010detna stranica\"}},{\"@type\":\"ListItem\",\"position\":2,\"item\":{\"@id\":\"https:\/\/knjiznice.nsk.hr\/vrbovsko\/pravo-na-pristup-informacijama\/#webpage\"}}]}]}<\/script>\n<!-- \/ Yoast SEO plugin. -->","_links":{"self":[{"href":"http:\/\/knjiznice.nsk.hr\/vrbovsko\/wp-json\/wp\/v2\/pages\/1844"}],"collection":[{"href":"http:\/\/knjiznice.nsk.hr\/vrbovsko\/wp-json\/wp\/v2\/pages"}],"about":[{"href":"http:\/\/knjiznice.nsk.hr\/vrbovsko\/wp-json\/wp\/v2\/types\/page"}],"author":[{"embeddable":true,"href":"http:\/\/knjiznice.nsk.hr\/vrbovsko\/wp-json\/wp\/v2\/users\/103"}],"replies":[{"embeddable":true,"href":"http:\/\/knjiznice.nsk.hr\/vrbovsko\/wp-json\/wp\/v2\/comments?post=1844"}],"version-history":[{"count":38,"href":"http:\/\/knjiznice.nsk.hr\/vrbovsko\/wp-json\/wp\/v2\/pages\/1844\/revisions"}],"predecessor-version":[{"id":3630,"href":"http:\/\/knjiznice.nsk.hr\/vrbovsko\/wp-json\/wp\/v2\/pages\/1844\/revisions\/3630"}],"wp:attachment":[{"href":"http:\/\/knjiznice.nsk.hr\/vrbovsko\/wp-json\/wp\/v2\/media?parent=1844"}],"curies":[{"name":"wp","href":"https:\/\/api.w.org\/{rel}","templated":true}]}}