{"id":76,"date":"2024-11-19T11:44:48","date_gmt":"2024-11-19T10:44:48","guid":{"rendered":"http:\/\/knjiznice.nsk.hr\/vis\/?page_id=76"},"modified":"2024-11-19T11:47:47","modified_gmt":"2024-11-19T10:47:47","slug":"hrvatska-zora","status":"publish","type":"page","link":"http:\/\/knjiznice.nsk.hr\/vis\/hrvatska-zora\/","title":{"rendered":"Hrvatska zora"},"content":{"rendered":"<p>Dragi \u010ditatelji, ovoga su ljeta (2024.) skenirani svi brojevi &#8220;Hrvatske zore&#8221;, a sada su u suradnji Ogranka Matice hrvatske u Visu i Gradske knji\u017enice i \u010ditaonice Vis spremni za objavu. Svi brojevi su pretra\u017eivi, no ipak valja napomenuti da, osobito kod starijih brojeva i akcentuiranih tekstova, postoji mogu\u0107nost da neki upit ne\u0107e biti prepoznat. Kako novi brojevi budu izlazili, tako \u0107e biti objavljivani, s odre\u0111enom odgodom, na sljede\u0107oj <a href=\"https:\/\/drive.google.com\/drive\/folders\/1x-oyehBEzFs55WpJlvTC8bKVdtyni2ow?usp=sharing\">poveznici<\/a>.<\/p>\n","protected":false},"excerpt":{"rendered":"<p>Dragi \u010ditatelji, ovoga su ljeta (2024.) skenirani svi brojevi &#8220;Hrvatske zore&#8221;, a sada su u suradnji Ogranka Matice hrvatske u Visu i Gradske knji\u017enice i \u010ditaonice Vis spremni za objavu. Svi brojevi su pretra\u017eivi, no ipak valja napomenuti da, osobito kod starijih brojeva i akcentuiranih tekstova, postoji mogu\u0107nost da neki upit ne\u0107e biti prepoznat. Kako [&hellip;]<\/p>\n","protected":false},"author":162,"featured_media":0,"parent":0,"menu_order":4,"comment_status":"closed","ping_status":"closed","template":"","meta":{"ngg_post_thumbnail":0},"yoast_head":"<!-- This site is optimized with the Yoast SEO plugin v16.4 - https:\/\/yoast.com\/wordpress\/plugins\/seo\/ -->\n<meta name=\"robots\" content=\"index, follow, max-snippet:-1, max-image-preview:large, max-video-preview:-1\" \/>\n<link rel=\"canonical\" href=\"https:\/\/knjiznice.nsk.hr\/vis\/hrvatska-zora\/\" \/>\n<meta property=\"og:locale\" content=\"hr_HR\" \/>\n<meta property=\"og:type\" content=\"article\" \/>\n<meta property=\"og:title\" content=\"Hrvatska zora - Gradska knji\u017enica i \u010ditaonica Vis\" \/>\n<meta property=\"og:description\" content=\"Dragi \u010ditatelji, ovoga su ljeta (2024.) skenirani svi brojevi &#8220;Hrvatske zore&#8221;, a sada su u suradnji Ogranka Matice hrvatske u Visu i Gradske knji\u017enice i \u010ditaonice Vis spremni za objavu. Svi brojevi su pretra\u017eivi, no ipak valja napomenuti da, osobito kod starijih brojeva i akcentuiranih tekstova, postoji mogu\u0107nost da neki upit ne\u0107e biti prepoznat. Kako [&hellip;]\" \/>\n<meta property=\"og:url\" content=\"https:\/\/knjiznice.nsk.hr\/vis\/hrvatska-zora\/\" \/>\n<meta property=\"og:site_name\" content=\"Gradska knji\u017enica i \u010ditaonica Vis\" \/>\n<meta property=\"article:publisher\" content=\"https:\/\/www.facebook.com\/knjiznicavis\" \/>\n<meta property=\"article:modified_time\" content=\"2024-11-19T10:47:47+00:00\" \/>\n<meta name=\"twitter:card\" content=\"summary_large_image\" \/>\n<meta name=\"twitter:label1\" content=\"Procijenjeno vrijeme \u010ditanja\" \/>\n\t<meta name=\"twitter:data1\" content=\"1 minuta\" \/>\n<script type=\"application\/ld+json\" class=\"yoast-schema-graph\">{\"@context\":\"https:\/\/schema.org\",\"@graph\":[{\"@type\":\"WebSite\",\"@id\":\"https:\/\/knjiznice.nsk.hr\/vis\/#website\",\"url\":\"https:\/\/knjiznice.nsk.hr\/vis\/\",\"name\":\"Gradska knji\\u017enica i \\u010ditaonica Vis\",\"description\":\"Gradska knji\\u017enica Vis\",\"potentialAction\":[{\"@type\":\"SearchAction\",\"target\":\"https:\/\/knjiznice.nsk.hr\/vis\/?s={search_term_string}\",\"query-input\":\"required name=search_term_string\"}],\"inLanguage\":\"hr\"},{\"@type\":\"WebPage\",\"@id\":\"https:\/\/knjiznice.nsk.hr\/vis\/hrvatska-zora\/#webpage\",\"url\":\"https:\/\/knjiznice.nsk.hr\/vis\/hrvatska-zora\/\",\"name\":\"Hrvatska zora - Gradska knji\\u017enica i \\u010ditaonica Vis\",\"isPartOf\":{\"@id\":\"https:\/\/knjiznice.nsk.hr\/vis\/#website\"},\"datePublished\":\"2024-11-19T10:44:48+00:00\",\"dateModified\":\"2024-11-19T10:47:47+00:00\",\"breadcrumb\":{\"@id\":\"https:\/\/knjiznice.nsk.hr\/vis\/hrvatska-zora\/#breadcrumb\"},\"inLanguage\":\"hr\",\"potentialAction\":[{\"@type\":\"ReadAction\",\"target\":[\"https:\/\/knjiznice.nsk.hr\/vis\/hrvatska-zora\/\"]}]},{\"@type\":\"BreadcrumbList\",\"@id\":\"https:\/\/knjiznice.nsk.hr\/vis\/hrvatska-zora\/#breadcrumb\",\"itemListElement\":[{\"@type\":\"ListItem\",\"position\":1,\"item\":{\"@type\":\"WebPage\",\"@id\":\"https:\/\/knjiznice.nsk.hr\/vis\/\",\"url\":\"https:\/\/knjiznice.nsk.hr\/vis\/\",\"name\":\"Po\\u010detna stranica\"}},{\"@type\":\"ListItem\",\"position\":2,\"item\":{\"@id\":\"https:\/\/knjiznice.nsk.hr\/vis\/hrvatska-zora\/#webpage\"}}]}]}<\/script>\n<!-- \/ Yoast SEO plugin. -->","_links":{"self":[{"href":"http:\/\/knjiznice.nsk.hr\/vis\/wp-json\/wp\/v2\/pages\/76"}],"collection":[{"href":"http:\/\/knjiznice.nsk.hr\/vis\/wp-json\/wp\/v2\/pages"}],"about":[{"href":"http:\/\/knjiznice.nsk.hr\/vis\/wp-json\/wp\/v2\/types\/page"}],"author":[{"embeddable":true,"href":"http:\/\/knjiznice.nsk.hr\/vis\/wp-json\/wp\/v2\/users\/162"}],"replies":[{"embeddable":true,"href":"http:\/\/knjiznice.nsk.hr\/vis\/wp-json\/wp\/v2\/comments?post=76"}],"version-history":[{"count":1,"href":"http:\/\/knjiznice.nsk.hr\/vis\/wp-json\/wp\/v2\/pages\/76\/revisions"}],"predecessor-version":[{"id":77,"href":"http:\/\/knjiznice.nsk.hr\/vis\/wp-json\/wp\/v2\/pages\/76\/revisions\/77"}],"wp:attachment":[{"href":"http:\/\/knjiznice.nsk.hr\/vis\/wp-json\/wp\/v2\/media?parent=76"}],"curies":[{"name":"wp","href":"https:\/\/api.w.org\/{rel}","templated":true}]}}