{"id":50,"date":"2019-01-14T17:49:54","date_gmt":"2019-01-14T16:49:54","guid":{"rendered":"http:\/\/knjiznice.nsk.hr\/vis\/?page_id=50"},"modified":"2019-01-14T18:51:41","modified_gmt":"2019-01-14T17:51:41","slug":"kontakt","status":"publish","type":"page","link":"http:\/\/knjiznice.nsk.hr\/vis\/kontakt\/","title":{"rendered":"Kontakt"},"content":{"rendered":"<p>Gradska knji\u017enica i \u010ditaonica Vis<\/p>\n<p>\u0160etali\u0161te Vi\u0161kog boja 13<\/p>\n<p>21480 Vis<\/p>\n<p>&nbsp;<\/p>\n<p>tel. 021\/711-925<\/p>\n<p>mail: gkcvis@gmail.com<\/p>\n","protected":false},"excerpt":{"rendered":"<p>Gradska knji\u017enica i \u010ditaonica Vis \u0160etali\u0161te Vi\u0161kog boja 13 21480 Vis &nbsp; tel. 021\/711-925 mail: gkcvis@gmail.com<\/p>\n","protected":false},"author":162,"featured_media":0,"parent":0,"menu_order":0,"comment_status":"closed","ping_status":"closed","template":"","meta":{"ngg_post_thumbnail":0},"yoast_head":"<!-- This site is optimized with the Yoast SEO plugin v16.4 - https:\/\/yoast.com\/wordpress\/plugins\/seo\/ -->\n<meta name=\"robots\" content=\"index, follow, max-snippet:-1, max-image-preview:large, max-video-preview:-1\" \/>\n<link rel=\"canonical\" href=\"http:\/\/knjiznice.nsk.hr\/vis\/kontakt\/\" \/>\n<meta property=\"og:locale\" content=\"hr_HR\" \/>\n<meta property=\"og:type\" content=\"article\" \/>\n<meta property=\"og:title\" content=\"Kontakt - Gradska knji\u017enica i \u010ditaonica Vis\" \/>\n<meta property=\"og:description\" content=\"Gradska knji\u017enica i \u010ditaonica Vis \u0160etali\u0161te Vi\u0161kog boja 13 21480 Vis &nbsp; tel. 021\/711-925 mail: gkcvis@gmail.com\" \/>\n<meta property=\"og:url\" content=\"http:\/\/knjiznice.nsk.hr\/vis\/kontakt\/\" \/>\n<meta property=\"og:site_name\" content=\"Gradska knji\u017enica i \u010ditaonica Vis\" \/>\n<meta property=\"article:publisher\" content=\"https:\/\/www.facebook.com\/knjiznicavis\" \/>\n<meta property=\"article:modified_time\" content=\"2019-01-14T17:51:41+00:00\" \/>\n<meta name=\"twitter:card\" content=\"summary_large_image\" \/>\n<script type=\"application\/ld+json\" class=\"yoast-schema-graph\">{\"@context\":\"https:\/\/schema.org\",\"@graph\":[{\"@type\":\"WebSite\",\"@id\":\"http:\/\/knjiznice.nsk.hr\/vis\/#website\",\"url\":\"http:\/\/knjiznice.nsk.hr\/vis\/\",\"name\":\"Gradska knji\\u017enica i \\u010ditaonica Vis\",\"description\":\"Gradska knji\\u017enica Vis\",\"potentialAction\":[{\"@type\":\"SearchAction\",\"target\":\"http:\/\/knjiznice.nsk.hr\/vis\/?s={search_term_string}\",\"query-input\":\"required name=search_term_string\"}],\"inLanguage\":\"hr\"},{\"@type\":\"WebPage\",\"@id\":\"http:\/\/knjiznice.nsk.hr\/vis\/kontakt\/#webpage\",\"url\":\"http:\/\/knjiznice.nsk.hr\/vis\/kontakt\/\",\"name\":\"Kontakt - Gradska knji\\u017enica i \\u010ditaonica Vis\",\"isPartOf\":{\"@id\":\"http:\/\/knjiznice.nsk.hr\/vis\/#website\"},\"datePublished\":\"2019-01-14T16:49:54+00:00\",\"dateModified\":\"2019-01-14T17:51:41+00:00\",\"breadcrumb\":{\"@id\":\"http:\/\/knjiznice.nsk.hr\/vis\/kontakt\/#breadcrumb\"},\"inLanguage\":\"hr\",\"potentialAction\":[{\"@type\":\"ReadAction\",\"target\":[\"http:\/\/knjiznice.nsk.hr\/vis\/kontakt\/\"]}]},{\"@type\":\"BreadcrumbList\",\"@id\":\"http:\/\/knjiznice.nsk.hr\/vis\/kontakt\/#breadcrumb\",\"itemListElement\":[{\"@type\":\"ListItem\",\"position\":1,\"item\":{\"@type\":\"WebPage\",\"@id\":\"http:\/\/knjiznice.nsk.hr\/vis\/\",\"url\":\"http:\/\/knjiznice.nsk.hr\/vis\/\",\"name\":\"Po\\u010detna stranica\"}},{\"@type\":\"ListItem\",\"position\":2,\"item\":{\"@id\":\"http:\/\/knjiznice.nsk.hr\/vis\/kontakt\/#webpage\"}}]}]}<\/script>\n<!-- \/ Yoast SEO plugin. -->","_links":{"self":[{"href":"http:\/\/knjiznice.nsk.hr\/vis\/wp-json\/wp\/v2\/pages\/50"}],"collection":[{"href":"http:\/\/knjiznice.nsk.hr\/vis\/wp-json\/wp\/v2\/pages"}],"about":[{"href":"http:\/\/knjiznice.nsk.hr\/vis\/wp-json\/wp\/v2\/types\/page"}],"author":[{"embeddable":true,"href":"http:\/\/knjiznice.nsk.hr\/vis\/wp-json\/wp\/v2\/users\/162"}],"replies":[{"embeddable":true,"href":"http:\/\/knjiznice.nsk.hr\/vis\/wp-json\/wp\/v2\/comments?post=50"}],"version-history":[{"count":5,"href":"http:\/\/knjiznice.nsk.hr\/vis\/wp-json\/wp\/v2\/pages\/50\/revisions"}],"predecessor-version":[{"id":67,"href":"http:\/\/knjiznice.nsk.hr\/vis\/wp-json\/wp\/v2\/pages\/50\/revisions\/67"}],"wp:attachment":[{"href":"http:\/\/knjiznice.nsk.hr\/vis\/wp-json\/wp\/v2\/media?parent=50"}],"curies":[{"name":"wp","href":"https:\/\/api.w.org\/{rel}","templated":true}]}}