{"id":38,"date":"2015-04-23T07:31:25","date_gmt":"2015-04-23T07:31:25","guid":{"rendered":"http:\/\/knjiznice.nsk.hr\/virje\/?page_id=38"},"modified":"2015-04-23T07:52:40","modified_gmt":"2015-04-23T07:52:40","slug":"novosti","status":"publish","type":"page","link":"http:\/\/knjiznice.nsk.hr\/virje\/novosti\/","title":{"rendered":"Novosti"},"content":{"rendered":"<p>U izradi je nova web stranica knji\u017enice koja \u0107e Vam omogu\u0107iti da nas lak\u0161e kontaktirate, br\u017ee i lak\u0161e saznate tra\u017eene i informacije i budete jo\u0161 bolje upoznati s novostima i doga\u0111anjima u svojoj knji\u017enici.<\/p>\n<p>Do dovr\u0161etka web stranice, pratite nas kao i do sad na:<\/p>\n<p><a title=\"Facebook stranica Knjiznice Virje\" href=\"https:\/\/www.facebook.com\/knjiznicavirje\" target=\"_blank\">https:\/\/www.facebook.com\/knjiznicavirje<\/a><br \/>\ni<br \/>\n<a title=\"Stranica opcine Virje, knjiznica\" href=\"http:\/\/www.virje.hr\/zivot-u-virju\/kultura\/knjiznica\/\" target=\"_blank\">http:\/\/www.virje.hr\/zivot-u-virju\/kultura\/knjiznica\/<\/a><\/p>\n","protected":false},"excerpt":{"rendered":"<p>U izradi je nova web stranica knji\u017enice koja \u0107e Vam omogu\u0107iti da nas lak\u0161e kontaktirate, br\u017ee i lak\u0161e saznate tra\u017eene i informacije i budete jo\u0161 bolje upoznati s novostima i doga\u0111anjima u svojoj knji\u017enici. Do dovr\u0161etka web stranice, pratite nas kao i do sad na: https:\/\/www.facebook.com\/knjiznicavirje i http:\/\/www.virje.hr\/zivot-u-virju\/kultura\/knjiznica\/<\/p>\n","protected":false},"author":57,"featured_media":0,"parent":0,"menu_order":0,"comment_status":"closed","ping_status":"closed","template":"","meta":{"ngg_post_thumbnail":0},"yoast_head":"<!-- This site is optimized with the Yoast SEO plugin v16.4 - https:\/\/yoast.com\/wordpress\/plugins\/seo\/ -->\n<meta name=\"robots\" content=\"index, follow, max-snippet:-1, max-image-preview:large, max-video-preview:-1\" \/>\n<link rel=\"canonical\" href=\"http:\/\/knjiznice.nsk.hr\/virje\/novosti\/\" \/>\n<meta property=\"og:locale\" content=\"hr_HR\" \/>\n<meta property=\"og:type\" content=\"article\" \/>\n<meta property=\"og:title\" content=\"Novosti - Narodna knji\u017enica Virje\" \/>\n<meta property=\"og:description\" content=\"U izradi je nova web stranica knji\u017enice koja \u0107e Vam omogu\u0107iti da nas lak\u0161e kontaktirate, br\u017ee i lak\u0161e saznate tra\u017eene i informacije i budete jo\u0161 bolje upoznati s novostima i doga\u0111anjima u svojoj knji\u017enici. Do dovr\u0161etka web stranice, pratite nas kao i do sad na: https:\/\/www.facebook.com\/knjiznicavirje i http:\/\/www.virje.hr\/zivot-u-virju\/kultura\/knjiznica\/\" \/>\n<meta property=\"og:url\" content=\"http:\/\/knjiznice.nsk.hr\/virje\/novosti\/\" \/>\n<meta property=\"og:site_name\" content=\"Narodna knji\u017enica Virje\" \/>\n<meta property=\"article:modified_time\" content=\"2015-04-23T07:52:40+00:00\" \/>\n<script type=\"application\/ld+json\" class=\"yoast-schema-graph\">{\"@context\":\"https:\/\/schema.org\",\"@graph\":[{\"@type\":\"WebSite\",\"@id\":\"http:\/\/knjiznice.nsk.hr\/virje\/#website\",\"url\":\"http:\/\/knjiznice.nsk.hr\/virje\/\",\"name\":\"Narodna knji\\u017enica Virje\",\"description\":\"\",\"potentialAction\":[{\"@type\":\"SearchAction\",\"target\":\"http:\/\/knjiznice.nsk.hr\/virje\/?s={search_term_string}\",\"query-input\":\"required name=search_term_string\"}],\"inLanguage\":\"hr\"},{\"@type\":\"WebPage\",\"@id\":\"http:\/\/knjiznice.nsk.hr\/virje\/novosti\/#webpage\",\"url\":\"http:\/\/knjiznice.nsk.hr\/virje\/novosti\/\",\"name\":\"Novosti - Narodna knji\\u017enica Virje\",\"isPartOf\":{\"@id\":\"http:\/\/knjiznice.nsk.hr\/virje\/#website\"},\"datePublished\":\"2015-04-23T07:31:25+00:00\",\"dateModified\":\"2015-04-23T07:52:40+00:00\",\"breadcrumb\":{\"@id\":\"http:\/\/knjiznice.nsk.hr\/virje\/novosti\/#breadcrumb\"},\"inLanguage\":\"hr\",\"potentialAction\":[{\"@type\":\"ReadAction\",\"target\":[\"http:\/\/knjiznice.nsk.hr\/virje\/novosti\/\"]}]},{\"@type\":\"BreadcrumbList\",\"@id\":\"http:\/\/knjiznice.nsk.hr\/virje\/novosti\/#breadcrumb\",\"itemListElement\":[{\"@type\":\"ListItem\",\"position\":1,\"item\":{\"@type\":\"WebPage\",\"@id\":\"http:\/\/knjiznice.nsk.hr\/virje\/\",\"url\":\"http:\/\/knjiznice.nsk.hr\/virje\/\",\"name\":\"Po\\u010detna stranica\"}},{\"@type\":\"ListItem\",\"position\":2,\"item\":{\"@id\":\"http:\/\/knjiznice.nsk.hr\/virje\/novosti\/#webpage\"}}]}]}<\/script>\n<!-- \/ Yoast SEO plugin. -->","_links":{"self":[{"href":"http:\/\/knjiznice.nsk.hr\/virje\/wp-json\/wp\/v2\/pages\/38"}],"collection":[{"href":"http:\/\/knjiznice.nsk.hr\/virje\/wp-json\/wp\/v2\/pages"}],"about":[{"href":"http:\/\/knjiznice.nsk.hr\/virje\/wp-json\/wp\/v2\/types\/page"}],"author":[{"embeddable":true,"href":"http:\/\/knjiznice.nsk.hr\/virje\/wp-json\/wp\/v2\/users\/57"}],"replies":[{"embeddable":true,"href":"http:\/\/knjiznice.nsk.hr\/virje\/wp-json\/wp\/v2\/comments?post=38"}],"version-history":[{"count":7,"href":"http:\/\/knjiznice.nsk.hr\/virje\/wp-json\/wp\/v2\/pages\/38\/revisions"}],"predecessor-version":[{"id":45,"href":"http:\/\/knjiznice.nsk.hr\/virje\/wp-json\/wp\/v2\/pages\/38\/revisions\/45"}],"wp:attachment":[{"href":"http:\/\/knjiznice.nsk.hr\/virje\/wp-json\/wp\/v2\/media?parent=38"}],"curies":[{"name":"wp","href":"https:\/\/api.w.org\/{rel}","templated":true}]}}