{"id":34,"date":"2015-04-23T07:21:57","date_gmt":"2015-04-23T07:21:57","guid":{"rendered":"http:\/\/knjiznice.nsk.hr\/virje\/?page_id=34"},"modified":"2015-04-23T07:56:09","modified_gmt":"2015-04-23T07:56:09","slug":"info-za-korisnike","status":"publish","type":"page","link":"http:\/\/knjiznice.nsk.hr\/virje\/info-za-korisnike\/","title":{"rendered":"Info za korisnike"},"content":{"rendered":"<p>&nbsp;<\/p>\n<p><strong>Radno vrijeme za korisnike<\/strong><\/p>\n<p>Ponedjeljak:<strong> 14 \u2013 19 sati<\/strong><br \/>\nUtorak, srijeda, \u010detvrtak, petak: <strong>9 \u2013 16 sati<\/strong><\/p>\n<p><strong>Adresa<\/strong><br \/>\nTrg Stjepana Radi\u0107a 1<br \/>\n48326 Virje<\/p>\n<p><strong>Kontakti<\/strong><br \/>\nTelefon: 048 897 095<br \/>\nFax: 048 897 095<br \/>\nE-mail: narodna.knjiznica.virje@kc.t-com.hr<\/p>\n<p><strong>Kori\u0161tenje knji\u017enice<\/strong><\/p>\n<ul>\n<li>Pravo kori\u0161tenja usluga Knji\u017enice ostvaruje se upisom u \u010dlanstvo knji\u017enice. \u010clanarina vrijedi godinu dana, odnosno 12 mjeseci od dana upisa.<\/li>\n<li>Dopu\u0161teni rok posudbe knjiga u svim odjelima je 30 dana.<\/li>\n<li>Dopu\u0161teni rok posudbe AVE gra\u0111e na svim odjelima je 7 dana.<\/li>\n<li>Dopu\u0161teni rok posudbe za djela koja su na popisu obvezne \u0161kolske lektire je 15 dana.<\/li>\n<li>Rok posudbe mo\u017ee se produ\u017eiti samo jednom i to neposredno prije roka vra\u0107anja knjiga, a produ\u017eenje se mo\u017ee obaviti osobnim dolaskom ili telefonski. Rok posudbe ne mo\u017ee se produ\u017eiti za djela koja su na popisu obvezne \u0161kolske lektire i za knjige na popisu rezervacija.<\/li>\n<li>Ako se knjige ne vrate, a rok posudbe ne produ\u017ei, \u010dlanovima se napla\u0107uje zakasnina koja se zara\u010dunava po jedinici knji\u017eni\u010dne gra\u0111e i danu ka\u0161njenja i napla\u0107uje se prema va\u017ee\u0107em cjeniku usluga.<\/li>\n<li>Za posu\u0111enu knji\u017eni\u010dnu gra\u0111u korisnik je osobno odgovoran.<\/li>\n<\/ul>\n<p><strong>Cjenik usluga<\/strong><\/p>\n<ul>\n<li>Godi\u0161nja \u010dlanarina: besplatna<\/li>\n<li>Naknada za izradu iskaznice \u2013 prilikom prvog u\u010dlanjena i naknadna za izradu izgubljene ili o\u0161te\u0107ene iskaznice: 10 kn<\/li>\n<li>Zakasnina: 1 kn po knjizi i po danu<\/li>\n<li>Opomene za nevra\u0107ene knjige: prva 10 kn, druga 20 kn, tre\u0107a 50 kn (+ zakasnina)<\/li>\n<li>Me\u0111uknji\u017eni\u010dna posudba: 20 kn<\/li>\n<li>Kori\u0161tenje interneta: besplatno (1 sat dnevno)<\/li>\n<li>Fotokopiranje (gra\u0111a knji\u017enice), A4, C\/B: 1kn<\/li>\n<li>Ispis teksta i slike: tekst C\/B 1 kn ; tekst u boji 2 kn ; slika C\/B A5 2 kn ; slika u boji A5 4 kn ; slika C\/B A4 6 kn ; slika u boji A4 8 kn<\/li>\n<li>Skeniranje po slici: 4 kn<\/li>\n<li>Me\u0111uknji\u017eni\u010dna posudba: 10 kn uve\u0107ano za tro\u0161kove dostave ako postoje<\/li>\n<\/ul>\n","protected":false},"excerpt":{"rendered":"<p>&nbsp; Radno vrijeme za korisnike Ponedjeljak: 14 \u2013 19 sati Utorak, srijeda, \u010detvrtak, petak: 9 \u2013 16 sati Adresa Trg Stjepana Radi\u0107a 1 48326 Virje Kontakti Telefon: 048 897 095 Fax: 048 897 095 E-mail: narodna.knjiznica.virje@kc.t-com.hr Kori\u0161tenje knji\u017enice Pravo kori\u0161tenja usluga Knji\u017enice ostvaruje se upisom u \u010dlanstvo knji\u017enice. \u010clanarina vrijedi godinu dana, odnosno 12 mjeseci [&hellip;]<\/p>\n","protected":false},"author":57,"featured_media":0,"parent":0,"menu_order":0,"comment_status":"closed","ping_status":"closed","template":"","meta":{"ngg_post_thumbnail":0},"yoast_head":"<!-- This site is optimized with the Yoast SEO plugin v16.4 - https:\/\/yoast.com\/wordpress\/plugins\/seo\/ -->\n<meta name=\"robots\" content=\"index, follow, max-snippet:-1, max-image-preview:large, max-video-preview:-1\" \/>\n<link rel=\"canonical\" href=\"http:\/\/knjiznice.nsk.hr\/virje\/info-za-korisnike\/\" \/>\n<meta property=\"og:locale\" content=\"hr_HR\" \/>\n<meta property=\"og:type\" content=\"article\" \/>\n<meta property=\"og:title\" content=\"Info za korisnike - Narodna knji\u017enica Virje\" \/>\n<meta property=\"og:description\" content=\"&nbsp; Radno vrijeme za korisnike Ponedjeljak: 14 \u2013 19 sati Utorak, srijeda, \u010detvrtak, petak: 9 \u2013 16 sati Adresa Trg Stjepana Radi\u0107a 1 48326 Virje Kontakti Telefon: 048 897 095 Fax: 048 897 095 E-mail: narodna.knjiznica.virje@kc.t-com.hr Kori\u0161tenje knji\u017enice Pravo kori\u0161tenja usluga Knji\u017enice ostvaruje se upisom u \u010dlanstvo knji\u017enice. \u010clanarina vrijedi godinu dana, odnosno 12 mjeseci [&hellip;]\" \/>\n<meta property=\"og:url\" content=\"http:\/\/knjiznice.nsk.hr\/virje\/info-za-korisnike\/\" \/>\n<meta property=\"og:site_name\" content=\"Narodna knji\u017enica Virje\" \/>\n<meta property=\"article:modified_time\" content=\"2015-04-23T07:56:09+00:00\" \/>\n<meta name=\"twitter:label1\" content=\"Procijenjeno vrijeme \u010ditanja\" \/>\n\t<meta name=\"twitter:data1\" content=\"2 minute\" \/>\n<script type=\"application\/ld+json\" class=\"yoast-schema-graph\">{\"@context\":\"https:\/\/schema.org\",\"@graph\":[{\"@type\":\"WebSite\",\"@id\":\"http:\/\/knjiznice.nsk.hr\/virje\/#website\",\"url\":\"http:\/\/knjiznice.nsk.hr\/virje\/\",\"name\":\"Narodna knji\\u017enica Virje\",\"description\":\"\",\"potentialAction\":[{\"@type\":\"SearchAction\",\"target\":\"http:\/\/knjiznice.nsk.hr\/virje\/?s={search_term_string}\",\"query-input\":\"required name=search_term_string\"}],\"inLanguage\":\"hr\"},{\"@type\":\"WebPage\",\"@id\":\"http:\/\/knjiznice.nsk.hr\/virje\/info-za-korisnike\/#webpage\",\"url\":\"http:\/\/knjiznice.nsk.hr\/virje\/info-za-korisnike\/\",\"name\":\"Info za korisnike - Narodna knji\\u017enica Virje\",\"isPartOf\":{\"@id\":\"http:\/\/knjiznice.nsk.hr\/virje\/#website\"},\"datePublished\":\"2015-04-23T07:21:57+00:00\",\"dateModified\":\"2015-04-23T07:56:09+00:00\",\"breadcrumb\":{\"@id\":\"http:\/\/knjiznice.nsk.hr\/virje\/info-za-korisnike\/#breadcrumb\"},\"inLanguage\":\"hr\",\"potentialAction\":[{\"@type\":\"ReadAction\",\"target\":[\"http:\/\/knjiznice.nsk.hr\/virje\/info-za-korisnike\/\"]}]},{\"@type\":\"BreadcrumbList\",\"@id\":\"http:\/\/knjiznice.nsk.hr\/virje\/info-za-korisnike\/#breadcrumb\",\"itemListElement\":[{\"@type\":\"ListItem\",\"position\":1,\"item\":{\"@type\":\"WebPage\",\"@id\":\"http:\/\/knjiznice.nsk.hr\/virje\/\",\"url\":\"http:\/\/knjiznice.nsk.hr\/virje\/\",\"name\":\"Po\\u010detna stranica\"}},{\"@type\":\"ListItem\",\"position\":2,\"item\":{\"@id\":\"http:\/\/knjiznice.nsk.hr\/virje\/info-za-korisnike\/#webpage\"}}]}]}<\/script>\n<!-- \/ Yoast SEO plugin. -->","_links":{"self":[{"href":"http:\/\/knjiznice.nsk.hr\/virje\/wp-json\/wp\/v2\/pages\/34"}],"collection":[{"href":"http:\/\/knjiznice.nsk.hr\/virje\/wp-json\/wp\/v2\/pages"}],"about":[{"href":"http:\/\/knjiznice.nsk.hr\/virje\/wp-json\/wp\/v2\/types\/page"}],"author":[{"embeddable":true,"href":"http:\/\/knjiznice.nsk.hr\/virje\/wp-json\/wp\/v2\/users\/57"}],"replies":[{"embeddable":true,"href":"http:\/\/knjiznice.nsk.hr\/virje\/wp-json\/wp\/v2\/comments?post=34"}],"version-history":[{"count":4,"href":"http:\/\/knjiznice.nsk.hr\/virje\/wp-json\/wp\/v2\/pages\/34\/revisions"}],"predecessor-version":[{"id":76,"href":"http:\/\/knjiznice.nsk.hr\/virje\/wp-json\/wp\/v2\/pages\/34\/revisions\/76"}],"wp:attachment":[{"href":"http:\/\/knjiznice.nsk.hr\/virje\/wp-json\/wp\/v2\/media?parent=34"}],"curies":[{"name":"wp","href":"https:\/\/api.w.org\/{rel}","templated":true}]}}