{"id":70,"date":"2019-04-14T00:59:30","date_gmt":"2019-04-13T22:59:30","guid":{"rendered":"http:\/\/knjiznice.nsk.hr\/tutorijali\/?page_id=70"},"modified":"2019-04-14T01:00:37","modified_gmt":"2019-04-13T23:00:37","slug":"stavljanje-poveznica-linkova","status":"publish","type":"page","link":"http:\/\/knjiznice.nsk.hr\/tutorijali\/stavljanje-poveznica-linkova\/","title":{"rendered":"Stavljanje poveznica (linkova)"},"content":{"rendered":"<p>Ova poveznica vodi na stranicu od <a href=\"http:\/\/www.nsk.hr\/\" target=\"_blank\" rel=\"noopener noreferrer\">Nacionalne i sveu\u010dili\u0161ne knji\u017enice u Zagrebu.&nbsp;<\/a><\/p>\n<p>&nbsp;<\/p>\n","protected":false},"excerpt":{"rendered":"<p>Ova poveznica vodi na stranicu od Nacionalne i sveu\u010dili\u0161ne knji\u017enice u Zagrebu.&nbsp; &nbsp;<\/p>\n","protected":false},"author":176,"featured_media":0,"parent":0,"menu_order":0,"comment_status":"closed","ping_status":"closed","template":"","meta":{"ngg_post_thumbnail":0},"yoast_head":"<!-- This site is optimized with the Yoast SEO plugin v16.4 - https:\/\/yoast.com\/wordpress\/plugins\/seo\/ -->\n<meta name=\"robots\" content=\"index, follow, max-snippet:-1, max-image-preview:large, max-video-preview:-1\" \/>\n<link rel=\"canonical\" href=\"http:\/\/knjiznice.nsk.hr\/tutorijali\/stavljanje-poveznica-linkova\/\" \/>\n<meta property=\"og:locale\" content=\"hr_HR\" \/>\n<meta property=\"og:type\" content=\"article\" \/>\n<meta property=\"og:title\" content=\"Stavljanje poveznica (linkova) - Tutorial web site\" \/>\n<meta property=\"og:description\" content=\"Ova poveznica vodi na stranicu od Nacionalne i sveu\u010dili\u0161ne knji\u017enice u Zagrebu.&nbsp; &nbsp;\" \/>\n<meta property=\"og:url\" content=\"http:\/\/knjiznice.nsk.hr\/tutorijali\/stavljanje-poveznica-linkova\/\" \/>\n<meta property=\"og:site_name\" content=\"Tutorial web site\" \/>\n<meta property=\"article:modified_time\" content=\"2019-04-13T23:00:37+00:00\" \/>\n<meta name=\"twitter:card\" content=\"summary_large_image\" \/>\n<script type=\"application\/ld+json\" class=\"yoast-schema-graph\">{\"@context\":\"https:\/\/schema.org\",\"@graph\":[{\"@type\":\"WebSite\",\"@id\":\"http:\/\/knjiznice.nsk.hr\/tutorijali\/#website\",\"url\":\"http:\/\/knjiznice.nsk.hr\/tutorijali\/\",\"name\":\"Tutorial web site\",\"description\":\"Samo jo\\u0161 jedna Sredi\\u0161nji sustav za upravljanje sadr\\u017eajem internetskih stranica narodnih knji\\u017enica Web stranica web-stranica\",\"potentialAction\":[{\"@type\":\"SearchAction\",\"target\":\"http:\/\/knjiznice.nsk.hr\/tutorijali\/?s={search_term_string}\",\"query-input\":\"required name=search_term_string\"}],\"inLanguage\":\"hr\"},{\"@type\":\"WebPage\",\"@id\":\"http:\/\/knjiznice.nsk.hr\/tutorijali\/stavljanje-poveznica-linkova\/#webpage\",\"url\":\"http:\/\/knjiznice.nsk.hr\/tutorijali\/stavljanje-poveznica-linkova\/\",\"name\":\"Stavljanje poveznica (linkova) - Tutorial web site\",\"isPartOf\":{\"@id\":\"http:\/\/knjiznice.nsk.hr\/tutorijali\/#website\"},\"datePublished\":\"2019-04-13T22:59:30+00:00\",\"dateModified\":\"2019-04-13T23:00:37+00:00\",\"breadcrumb\":{\"@id\":\"http:\/\/knjiznice.nsk.hr\/tutorijali\/stavljanje-poveznica-linkova\/#breadcrumb\"},\"inLanguage\":\"hr\",\"potentialAction\":[{\"@type\":\"ReadAction\",\"target\":[\"http:\/\/knjiznice.nsk.hr\/tutorijali\/stavljanje-poveznica-linkova\/\"]}]},{\"@type\":\"BreadcrumbList\",\"@id\":\"http:\/\/knjiznice.nsk.hr\/tutorijali\/stavljanje-poveznica-linkova\/#breadcrumb\",\"itemListElement\":[{\"@type\":\"ListItem\",\"position\":1,\"item\":{\"@type\":\"WebPage\",\"@id\":\"http:\/\/knjiznice.nsk.hr\/tutorijali\/\",\"url\":\"http:\/\/knjiznice.nsk.hr\/tutorijali\/\",\"name\":\"Po\\u010detna stranica\"}},{\"@type\":\"ListItem\",\"position\":2,\"item\":{\"@id\":\"http:\/\/knjiznice.nsk.hr\/tutorijali\/stavljanje-poveznica-linkova\/#webpage\"}}]}]}<\/script>\n<!-- \/ Yoast SEO plugin. -->","_links":{"self":[{"href":"http:\/\/knjiznice.nsk.hr\/tutorijali\/wp-json\/wp\/v2\/pages\/70"}],"collection":[{"href":"http:\/\/knjiznice.nsk.hr\/tutorijali\/wp-json\/wp\/v2\/pages"}],"about":[{"href":"http:\/\/knjiznice.nsk.hr\/tutorijali\/wp-json\/wp\/v2\/types\/page"}],"author":[{"embeddable":true,"href":"http:\/\/knjiznice.nsk.hr\/tutorijali\/wp-json\/wp\/v2\/users\/176"}],"replies":[{"embeddable":true,"href":"http:\/\/knjiznice.nsk.hr\/tutorijali\/wp-json\/wp\/v2\/comments?post=70"}],"version-history":[{"count":2,"href":"http:\/\/knjiznice.nsk.hr\/tutorijali\/wp-json\/wp\/v2\/pages\/70\/revisions"}],"predecessor-version":[{"id":72,"href":"http:\/\/knjiznice.nsk.hr\/tutorijali\/wp-json\/wp\/v2\/pages\/70\/revisions\/72"}],"wp:attachment":[{"href":"http:\/\/knjiznice.nsk.hr\/tutorijali\/wp-json\/wp\/v2\/media?parent=70"}],"curies":[{"name":"wp","href":"https:\/\/api.w.org\/{rel}","templated":true}]}}