{"id":1464,"date":"2015-03-30T08:43:45","date_gmt":"2015-03-30T08:43:45","guid":{"rendered":"http:\/\/knjiznice.nsk.hr\/tester\/?page_id=1464"},"modified":"2015-04-21T06:22:56","modified_gmt":"2015-04-21T06:22:56","slug":"inicijalno-postavljanje-sadrzaja-na-web-stranice","status":"publish","type":"page","link":"http:\/\/knjiznice.nsk.hr\/tester\/inicijalno-postavljanje-sadrzaja-na-web-stranice\/","title":{"rendered":"Inicijalno postavljanje sadr\u017eaja na web stranice"},"content":{"rendered":"<p>Ukoliko ste zainteresirani za uslugu inicijalnog postavljanja sadr\u017eaja na Va\u0161u web stranicu, molimo Vas da ispunite dolje navedeni obrazac. Ponu\u0111ene opcije obrasca kreirane su u skladu s na\u0161im Uvjetima kori\u0161tenja. Uslugu inicijalnog postavljanja sadr\u017eaja na Va\u0161u web stranicu <strong>mo\u017eete iskoristiti samo jednom te je stoga va\u017eno da ispravno ozna\u010dite sve opcije<\/strong> obrasca koje \u017eelite da u\u0111u u Va\u0161e inicijalno postavljanje sadr\u017eaja.<\/p>\n<p>Pozivamo Vas da obrazac ispunite \u0161to prije kako bi Va\u0161 sadr\u017eaj bio \u0161to prije dostupan za Va\u0161e posjetitelje i korisnike.<\/p>\n<p><strong>Napomena<\/strong>: polja ozna\u010dena zvjezdicom (*) su obvezna polja prilikom ispunjavanja obrasca. Potrebno je ispuniti cijeli obrazac prije nego li se upisani i proslije\u0111eni materijali potvrde za slanje klikom na opciju &#8220;<strong>Po\u0161alji<\/strong>&#8221; koja se nalazi na dnu obrasca. Kada se u obrazac predaju dokumenti i slike, oznaka bijelog &#8220;x&#8221; na crvenom krugu je znak da je dokument ili slika ispravno predan, a klikom na spomenutu oznaku bri\u0161ete dokument ili sliku iz obrasca (u slu\u010daju da ste predali krivu datoteku).<\/p>\n<p class=\"gform_not_found\">Oops! We could not locate your form.<\/p>\n","protected":false},"excerpt":{"rendered":"<p>Ukoliko ste zainteresirani za uslugu inicijalnog postavljanja sadr\u017eaja na Va\u0161u web stranicu, molimo Vas da ispunite dolje navedeni obrazac. Ponu\u0111ene opcije obrasca kreirane su u skladu s na\u0161im Uvjetima kori\u0161tenja. Uslugu inicijalnog postavljanja sadr\u017eaja na Va\u0161u web stranicu mo\u017eete iskoristiti samo jednom te je stoga va\u017eno da ispravno ozna\u010dite sve opcije obrasca koje \u017eelite da&#8230;<\/p>\n","protected":false},"author":34,"featured_media":0,"parent":0,"menu_order":0,"comment_status":"closed","ping_status":"closed","template":"","meta":{"ngg_post_thumbnail":0},"yoast_head":"<!-- This site is optimized with the Yoast SEO plugin v16.4 - https:\/\/yoast.com\/wordpress\/plugins\/seo\/ -->\n<meta name=\"robots\" content=\"index, follow, max-snippet:-1, max-image-preview:large, max-video-preview:-1\" \/>\n<link rel=\"canonical\" href=\"http:\/\/knjiznice.nsk.hr\/tester\/inicijalno-postavljanje-sadrzaja-na-web-stranice\/\" \/>\n<meta property=\"og:locale\" content=\"hr_HR\" \/>\n<meta property=\"og:type\" content=\"article\" \/>\n<meta property=\"og:title\" content=\"Inicijalno postavljanje sadr\u017eaja na web stranice - Tester title\" \/>\n<meta property=\"og:description\" content=\"Ukoliko ste zainteresirani za uslugu inicijalnog postavljanja sadr\u017eaja na Va\u0161u web stranicu, molimo Vas da ispunite dolje navedeni obrazac. Ponu\u0111ene opcije obrasca kreirane su u skladu s na\u0161im Uvjetima kori\u0161tenja. Uslugu inicijalnog postavljanja sadr\u017eaja na Va\u0161u web stranicu mo\u017eete iskoristiti samo jednom te je stoga va\u017eno da ispravno ozna\u010dite sve opcije obrasca koje \u017eelite da...\" \/>\n<meta property=\"og:url\" content=\"http:\/\/knjiznice.nsk.hr\/tester\/inicijalno-postavljanje-sadrzaja-na-web-stranice\/\" \/>\n<meta property=\"og:site_name\" content=\"Tester title\" \/>\n<meta property=\"article:modified_time\" content=\"2015-04-21T06:22:56+00:00\" \/>\n<meta name=\"twitter:label1\" content=\"Procijenjeno vrijeme \u010ditanja\" \/>\n\t<meta name=\"twitter:data1\" content=\"1 minuta\" \/>\n<script type=\"application\/ld+json\" class=\"yoast-schema-graph\">{\"@context\":\"https:\/\/schema.org\",\"@graph\":[{\"@type\":\"WebSite\",\"@id\":\"http:\/\/knjiznice.nsk.hr\/tester\/#website\",\"url\":\"http:\/\/knjiznice.nsk.hr\/tester\/\",\"name\":\"Tester title\",\"description\":\"Nacionalna i sveu\\u010dili\\u0161na knji\\u017enica u Zagrebu\",\"potentialAction\":[{\"@type\":\"SearchAction\",\"target\":\"http:\/\/knjiznice.nsk.hr\/tester\/?s={search_term_string}\",\"query-input\":\"required name=search_term_string\"}],\"inLanguage\":\"hr\"},{\"@type\":\"WebPage\",\"@id\":\"http:\/\/knjiznice.nsk.hr\/tester\/inicijalno-postavljanje-sadrzaja-na-web-stranice\/#webpage\",\"url\":\"http:\/\/knjiznice.nsk.hr\/tester\/inicijalno-postavljanje-sadrzaja-na-web-stranice\/\",\"name\":\"Inicijalno postavljanje sadr\\u017eaja na web stranice - Tester title\",\"isPartOf\":{\"@id\":\"http:\/\/knjiznice.nsk.hr\/tester\/#website\"},\"datePublished\":\"2015-03-30T08:43:45+00:00\",\"dateModified\":\"2015-04-21T06:22:56+00:00\",\"breadcrumb\":{\"@id\":\"http:\/\/knjiznice.nsk.hr\/tester\/inicijalno-postavljanje-sadrzaja-na-web-stranice\/#breadcrumb\"},\"inLanguage\":\"hr\",\"potentialAction\":[{\"@type\":\"ReadAction\",\"target\":[\"http:\/\/knjiznice.nsk.hr\/tester\/inicijalno-postavljanje-sadrzaja-na-web-stranice\/\"]}]},{\"@type\":\"BreadcrumbList\",\"@id\":\"http:\/\/knjiznice.nsk.hr\/tester\/inicijalno-postavljanje-sadrzaja-na-web-stranice\/#breadcrumb\",\"itemListElement\":[{\"@type\":\"ListItem\",\"position\":1,\"item\":{\"@type\":\"WebPage\",\"@id\":\"http:\/\/knjiznice.nsk.hr\/tester\/\",\"url\":\"http:\/\/knjiznice.nsk.hr\/tester\/\",\"name\":\"Po\\u010detna stranica\"}},{\"@type\":\"ListItem\",\"position\":2,\"item\":{\"@id\":\"http:\/\/knjiznice.nsk.hr\/tester\/inicijalno-postavljanje-sadrzaja-na-web-stranice\/#webpage\"}}]}]}<\/script>\n<!-- \/ Yoast SEO plugin. -->","_links":{"self":[{"href":"http:\/\/knjiznice.nsk.hr\/tester\/wp-json\/wp\/v2\/pages\/1464"}],"collection":[{"href":"http:\/\/knjiznice.nsk.hr\/tester\/wp-json\/wp\/v2\/pages"}],"about":[{"href":"http:\/\/knjiznice.nsk.hr\/tester\/wp-json\/wp\/v2\/types\/page"}],"author":[{"embeddable":true,"href":"http:\/\/knjiznice.nsk.hr\/tester\/wp-json\/wp\/v2\/users\/34"}],"replies":[{"embeddable":true,"href":"http:\/\/knjiznice.nsk.hr\/tester\/wp-json\/wp\/v2\/comments?post=1464"}],"version-history":[{"count":12,"href":"http:\/\/knjiznice.nsk.hr\/tester\/wp-json\/wp\/v2\/pages\/1464\/revisions"}],"predecessor-version":[{"id":1603,"href":"http:\/\/knjiznice.nsk.hr\/tester\/wp-json\/wp\/v2\/pages\/1464\/revisions\/1603"}],"wp:attachment":[{"href":"http:\/\/knjiznice.nsk.hr\/tester\/wp-json\/wp\/v2\/media?parent=1464"}],"curies":[{"name":"wp","href":"https:\/\/api.w.org\/{rel}","templated":true}]}}