{"id":15,"date":"2018-12-12T11:01:15","date_gmt":"2018-12-12T10:01:15","guid":{"rendered":"http:\/\/knjiznice.nsk.hr\/stupnik\/?page_id=15"},"modified":"2018-12-12T11:04:42","modified_gmt":"2018-12-12T10:04:42","slug":"o-nama","status":"publish","type":"page","link":"http:\/\/knjiznice.nsk.hr\/stupnik\/o-nama\/","title":{"rendered":"O nama"},"content":{"rendered":"<p>Narodna knji\u017enica i \u010ditaonica je osnovana 1988 godine i pokriva korisnike sa podru\u010dja Op\u0107ine Brodski Stupnik, ali i sa podru\u010dja susjednih op\u0107ina. Trenutni fond knjiga koji se nalazi u knji\u017enici je oko 9000 komada. U knji\u017enici se kroz godinu odr\u017eavaju radionice u suradnji s Podru\u010dnim \u0161kolama Brodski Stupnik i Stari Slatinik, te sa Igraonicom za djecu \u201eBubamara.<br \/>\nNarodna knji\u017enica i \u010ditaonica Brodski Stupnik je narodna knji\u017enica i zato ima knji\u017eni\u010dnu gra\u0111u koja pokriva sva podru\u010dja ljudskoga znanja, djeluje u sastavu Op\u0107ine Brodski Stupnik. Rad Knji\u017enice financiraju Op\u0107ina, i Ministarstvo kulture. Knji\u017eni\u010dna gra\u0111a je stru\u010dno obra\u0111ena, \u0161to zna\u010di da je gra\u0111a nabavljena, katalogizirana, klasificirana, inventarizirana i tehni\u010dki obra\u0111ena. Knjige su tek tad spremne za posudbu! Namje\u0161taj je izra\u0111en prema Standardima, te u potpunosti zadovoljava u funkcionalnom i estetskom smislu.<br \/>\nOsnivanjem Narodne knji\u017enice i \u010ditaonice Brodski Stupnik mje\u0161tani svih uzrasta dobili su knji\u017enicu, ali i mjesto cjelo\u017eivotnoga u\u010denja, dru\u017eenja i kvalitetnog provo\u0111enja slobodnoga vremena.<br \/>\nNarodna knji\u017enica i \u010ditaonica Brodski Stupnik smje\u0161tena je, na adresi Stjepana Radi\u0107a 52, i nalazi se u zgradi iz vremena Vojne krajine, sagra\u0111ena je 1827. godine.<\/p>\n","protected":false},"excerpt":{"rendered":"<p>Narodna knji\u017enica i \u010ditaonica je osnovana 1988 godine i pokriva korisnike sa podru\u010dja Op\u0107ine Brodski Stupnik, ali i sa podru\u010dja susjednih op\u0107ina. Trenutni fond knjiga koji se nalazi u knji\u017enici je oko 9000 komada. U knji\u017enici se kroz godinu odr\u017eavaju radionice u suradnji s Podru\u010dnim \u0161kolama Brodski Stupnik i Stari Slatinik, te sa Igraonicom za [&hellip;]<\/p>\n","protected":false},"author":171,"featured_media":0,"parent":0,"menu_order":0,"comment_status":"closed","ping_status":"closed","template":"","meta":{"ngg_post_thumbnail":0},"yoast_head":"<!-- This site is optimized with the Yoast SEO plugin v16.4 - https:\/\/yoast.com\/wordpress\/plugins\/seo\/ -->\n<meta name=\"robots\" content=\"index, follow, max-snippet:-1, max-image-preview:large, max-video-preview:-1\" \/>\n<link rel=\"canonical\" href=\"http:\/\/knjiznice.nsk.hr\/stupnik\/o-nama\/\" \/>\n<meta property=\"og:locale\" content=\"hr_HR\" \/>\n<meta property=\"og:type\" content=\"article\" \/>\n<meta property=\"og:title\" content=\"O nama - Narodna knji\u017enica i \u010ditaonica Brodski Stupnik\" \/>\n<meta property=\"og:description\" content=\"Narodna knji\u017enica i \u010ditaonica je osnovana 1988 godine i pokriva korisnike sa podru\u010dja Op\u0107ine Brodski Stupnik, ali i sa podru\u010dja susjednih op\u0107ina. Trenutni fond knjiga koji se nalazi u knji\u017enici je oko 9000 komada. U knji\u017enici se kroz godinu odr\u017eavaju radionice u suradnji s Podru\u010dnim \u0161kolama Brodski Stupnik i Stari Slatinik, te sa Igraonicom za [&hellip;]\" \/>\n<meta property=\"og:url\" content=\"http:\/\/knjiznice.nsk.hr\/stupnik\/o-nama\/\" \/>\n<meta property=\"og:site_name\" content=\"Narodna knji\u017enica i \u010ditaonica Brodski Stupnik\" \/>\n<meta property=\"article:modified_time\" content=\"2018-12-12T10:04:42+00:00\" \/>\n<meta name=\"twitter:card\" content=\"summary_large_image\" \/>\n<meta name=\"twitter:label1\" content=\"Procijenjeno vrijeme \u010ditanja\" \/>\n\t<meta name=\"twitter:data1\" content=\"1 minuta\" \/>\n<script type=\"application\/ld+json\" class=\"yoast-schema-graph\">{\"@context\":\"https:\/\/schema.org\",\"@graph\":[{\"@type\":\"WebSite\",\"@id\":\"http:\/\/knjiznice.nsk.hr\/stupnik\/#website\",\"url\":\"http:\/\/knjiznice.nsk.hr\/stupnik\/\",\"name\":\"Narodna knji\\u017enica i \\u010ditaonica Brodski Stupnik\",\"description\":\"\",\"potentialAction\":[{\"@type\":\"SearchAction\",\"target\":\"http:\/\/knjiznice.nsk.hr\/stupnik\/?s={search_term_string}\",\"query-input\":\"required name=search_term_string\"}],\"inLanguage\":\"hr\"},{\"@type\":\"WebPage\",\"@id\":\"http:\/\/knjiznice.nsk.hr\/stupnik\/o-nama\/#webpage\",\"url\":\"http:\/\/knjiznice.nsk.hr\/stupnik\/o-nama\/\",\"name\":\"O nama - Narodna knji\\u017enica i \\u010ditaonica Brodski Stupnik\",\"isPartOf\":{\"@id\":\"http:\/\/knjiznice.nsk.hr\/stupnik\/#website\"},\"datePublished\":\"2018-12-12T10:01:15+00:00\",\"dateModified\":\"2018-12-12T10:04:42+00:00\",\"breadcrumb\":{\"@id\":\"http:\/\/knjiznice.nsk.hr\/stupnik\/o-nama\/#breadcrumb\"},\"inLanguage\":\"hr\",\"potentialAction\":[{\"@type\":\"ReadAction\",\"target\":[\"http:\/\/knjiznice.nsk.hr\/stupnik\/o-nama\/\"]}]},{\"@type\":\"BreadcrumbList\",\"@id\":\"http:\/\/knjiznice.nsk.hr\/stupnik\/o-nama\/#breadcrumb\",\"itemListElement\":[{\"@type\":\"ListItem\",\"position\":1,\"item\":{\"@type\":\"WebPage\",\"@id\":\"http:\/\/knjiznice.nsk.hr\/stupnik\/\",\"url\":\"http:\/\/knjiznice.nsk.hr\/stupnik\/\",\"name\":\"Po\\u010detna stranica\"}},{\"@type\":\"ListItem\",\"position\":2,\"item\":{\"@id\":\"http:\/\/knjiznice.nsk.hr\/stupnik\/o-nama\/#webpage\"}}]}]}<\/script>\n<!-- \/ Yoast SEO plugin. -->","_links":{"self":[{"href":"http:\/\/knjiznice.nsk.hr\/stupnik\/wp-json\/wp\/v2\/pages\/15"}],"collection":[{"href":"http:\/\/knjiznice.nsk.hr\/stupnik\/wp-json\/wp\/v2\/pages"}],"about":[{"href":"http:\/\/knjiznice.nsk.hr\/stupnik\/wp-json\/wp\/v2\/types\/page"}],"author":[{"embeddable":true,"href":"http:\/\/knjiznice.nsk.hr\/stupnik\/wp-json\/wp\/v2\/users\/171"}],"replies":[{"embeddable":true,"href":"http:\/\/knjiznice.nsk.hr\/stupnik\/wp-json\/wp\/v2\/comments?post=15"}],"version-history":[{"count":1,"href":"http:\/\/knjiznice.nsk.hr\/stupnik\/wp-json\/wp\/v2\/pages\/15\/revisions"}],"predecessor-version":[{"id":16,"href":"http:\/\/knjiznice.nsk.hr\/stupnik\/wp-json\/wp\/v2\/pages\/15\/revisions\/16"}],"wp:attachment":[{"href":"http:\/\/knjiznice.nsk.hr\/stupnik\/wp-json\/wp\/v2\/media?parent=15"}],"curies":[{"name":"wp","href":"https:\/\/api.w.org\/{rel}","templated":true}]}}