{"id":942,"date":"2021-09-06T07:26:44","date_gmt":"2021-09-06T07:26:44","guid":{"rendered":"http:\/\/knjiznice.nsk.hr\/ston\/?page_id=942"},"modified":"2021-09-06T08:02:28","modified_gmt":"2021-09-06T08:02:28","slug":"stoner-john-williams","status":"publish","type":"page","link":"http:\/\/knjiznice.nsk.hr\/ston\/stoner-john-williams\/","title":{"rendered":"Stoner &#8211; John Williams"},"content":{"rendered":"<p>Stoner je roman Johna Williamsa, a izdan je davne 1965. godine. Tada nije do\u017eivio velik publicitet no danas je jedan od popularnijih ameri\u010dkih romana. Radnja prati \u017eivot Williama Stonera farmerskog djeteta, supruga, ljubavnika, oca i strastvenog profesora knji\u017eevnosti. Od farmerskog djeteta koje je poslu\u0161no vr\u0161ilo svoju ulogu na obiteljskom posjedu do\u0161ao je do sina koji je izdao \u017eelje i trud svojih roditelja kada je odlu\u010dio napustit \u0161kolovanje u poljoprivredi i okrenuti se knji\u017eevnosti. Postao je predan svom pozivu, no istovremeno nije bio predan svojoj maloj obitelji. Bio je nevjeran suprug. Profesorski \u017eivot postavio je pred njega brojne izazove koji \u0107e ogoliti njegov karakter. Donose\u0107i  gre\u0161ne odluke koje u dru\u0161tvu obi\u010dno nailaze na osudu Stoner ipak odu\u0161evljava \u010ditatelje. Njegovo kontriranje dru\u0161tvenim normama i o\u010dekivanjima dokaz je svojevrsne hrabrosti koja privla\u010di \u010ditatelja. Njegove osobine, nade, snovi, strasti ponekad su \u010ditatelju  izvor poistovje\u0107ivanja ili bar nadanja da \u0107e i oni biti takvi i upravo je u tome mo\u0107 ove knjige.<\/p>\n<p><em>\u201ePo\u010deo je samouvjereno govoriti i osjetio je kako se u njemu skuplja \u010dvrsta neumoljivost. Dobio je osje\u0107aj da, s deset godina zaka\u0161njenja, napokon otkriva tko je zapravo, a lik koji je ugledao bio je i vi\u0161e i manje od onog \u0161to je neko\u0107 zami\u0161ljao da \u0107e biti.\u201c<\/em><\/p>\n<p><a href=\"http:\/\/knjiznice.nsk.hr\/ston\/wp-content\/uploads\/sites\/12\/2021\/09\/234761572_349677980041072_3619000687998800744_n-1.jpg\"><img loading=\"lazy\" src=\"http:\/\/knjiznice.nsk.hr\/ston\/wp-content\/uploads\/sites\/12\/2021\/09\/234761572_349677980041072_3619000687998800744_n-1-225x300.jpg\" alt=\"\" width=\"225\" height=\"300\" class=\"alignnone size-medium wp-image-943\" srcset=\"http:\/\/knjiznice.nsk.hr\/ston\/wp-content\/uploads\/sites\/12\/2021\/09\/234761572_349677980041072_3619000687998800744_n-1-225x300.jpg 225w, http:\/\/knjiznice.nsk.hr\/ston\/wp-content\/uploads\/sites\/12\/2021\/09\/234761572_349677980041072_3619000687998800744_n-1-768x1024.jpg 768w, http:\/\/knjiznice.nsk.hr\/ston\/wp-content\/uploads\/sites\/12\/2021\/09\/234761572_349677980041072_3619000687998800744_n-1-600x800.jpg 600w, http:\/\/knjiznice.nsk.hr\/ston\/wp-content\/uploads\/sites\/12\/2021\/09\/234761572_349677980041072_3619000687998800744_n-1-1152x1536.jpg 1152w, http:\/\/knjiznice.nsk.hr\/ston\/wp-content\/uploads\/sites\/12\/2021\/09\/234761572_349677980041072_3619000687998800744_n-1.jpg 1536w\" sizes=\"(max-width: 225px) 100vw, 225px\" \/><\/a><br \/>\nLokacija: Stonske zidine-istok<br \/>\nPoveznica na katalog: <a href=\"https:\/\/library.foi.hr\/lib\/knjiga.php?B=67&amp;H=&amp;E=&amp;V=&amp;lok=&amp;zbi=&amp;item=9898&amp;nivo=&amp;upit=stoner\">dostupnost<\/a><\/p>\n","protected":false},"excerpt":{"rendered":"<p>Stoner je roman Johna Williamsa, a izdan je davne 1965. godine. Tada nije do\u017eivio velik publicitet no danas je jedan od popularnijih ameri\u010dkih romana. Radnja prati \u017eivot Williama Stonera farmerskog djeteta, supruga, ljubavnika, oca i strastvenog profesora knji\u017eevnosti. Od farmerskog djeteta koje je poslu\u0161no vr\u0161ilo svoju ulogu na obiteljskom posjedu do\u0161ao je do sina koji [&hellip;]<\/p>\n","protected":false},"author":55,"featured_media":0,"parent":0,"menu_order":0,"comment_status":"closed","ping_status":"closed","template":"","meta":{"ngg_post_thumbnail":0},"yoast_head":"<!-- This site is optimized with the Yoast SEO plugin v16.4 - https:\/\/yoast.com\/wordpress\/plugins\/seo\/ -->\n<meta name=\"robots\" content=\"index, follow, max-snippet:-1, max-image-preview:large, max-video-preview:-1\" \/>\n<link rel=\"canonical\" href=\"http:\/\/knjiznice.nsk.hr\/ston\/stoner-john-williams\/\" \/>\n<meta property=\"og:locale\" content=\"hr_HR\" \/>\n<meta property=\"og:type\" content=\"article\" \/>\n<meta property=\"og:title\" content=\"Stoner - John Williams &ndash; Narodna knji\u017enica Ston\" \/>\n<meta property=\"og:description\" content=\"Stoner je roman Johna Williamsa, a izdan je davne 1965. godine. Tada nije do\u017eivio velik publicitet no danas je jedan od popularnijih ameri\u010dkih romana. Radnja prati \u017eivot Williama Stonera farmerskog djeteta, supruga, ljubavnika, oca i strastvenog profesora knji\u017eevnosti. Od farmerskog djeteta koje je poslu\u0161no vr\u0161ilo svoju ulogu na obiteljskom posjedu do\u0161ao je do sina koji [&hellip;]\" \/>\n<meta property=\"og:url\" content=\"http:\/\/knjiznice.nsk.hr\/ston\/stoner-john-williams\/\" \/>\n<meta property=\"og:site_name\" content=\"Narodna knji\u017enica Ston\" \/>\n<meta property=\"article:modified_time\" content=\"2021-09-06T08:02:28+00:00\" \/>\n<meta property=\"og:image\" content=\"http:\/\/knjiznice.nsk.hr\/ston\/wp-content\/uploads\/sites\/12\/2021\/09\/234761572_349677980041072_3619000687998800744_n-1-225x300.jpg\" \/>\n<meta name=\"twitter:label1\" content=\"Procijenjeno vrijeme \u010ditanja\" \/>\n\t<meta name=\"twitter:data1\" content=\"1 minuta\" \/>\n<script type=\"application\/ld+json\" class=\"yoast-schema-graph\">{\"@context\":\"https:\/\/schema.org\",\"@graph\":[{\"@type\":\"WebSite\",\"@id\":\"http:\/\/knjiznice.nsk.hr\/ston\/#website\",\"url\":\"http:\/\/knjiznice.nsk.hr\/ston\/\",\"name\":\"Narodna knji\\u017enica Ston\",\"description\":\"\",\"potentialAction\":[{\"@type\":\"SearchAction\",\"target\":\"http:\/\/knjiznice.nsk.hr\/ston\/?s={search_term_string}\",\"query-input\":\"required name=search_term_string\"}],\"inLanguage\":\"hr\"},{\"@type\":\"ImageObject\",\"@id\":\"http:\/\/knjiznice.nsk.hr\/ston\/stoner-john-williams\/#primaryimage\",\"inLanguage\":\"hr\",\"url\":\"http:\/\/knjiznice.nsk.hr\/ston\/wp-content\/uploads\/sites\/12\/2021\/09\/234761572_349677980041072_3619000687998800744_n-1.jpg\",\"contentUrl\":\"http:\/\/knjiznice.nsk.hr\/ston\/wp-content\/uploads\/sites\/12\/2021\/09\/234761572_349677980041072_3619000687998800744_n-1.jpg\",\"width\":1536,\"height\":2048},{\"@type\":\"WebPage\",\"@id\":\"http:\/\/knjiznice.nsk.hr\/ston\/stoner-john-williams\/#webpage\",\"url\":\"http:\/\/knjiznice.nsk.hr\/ston\/stoner-john-williams\/\",\"name\":\"Stoner - John Williams &ndash; Narodna knji\\u017enica Ston\",\"isPartOf\":{\"@id\":\"http:\/\/knjiznice.nsk.hr\/ston\/#website\"},\"primaryImageOfPage\":{\"@id\":\"http:\/\/knjiznice.nsk.hr\/ston\/stoner-john-williams\/#primaryimage\"},\"datePublished\":\"2021-09-06T07:26:44+00:00\",\"dateModified\":\"2021-09-06T08:02:28+00:00\",\"breadcrumb\":{\"@id\":\"http:\/\/knjiznice.nsk.hr\/ston\/stoner-john-williams\/#breadcrumb\"},\"inLanguage\":\"hr\",\"potentialAction\":[{\"@type\":\"ReadAction\",\"target\":[\"http:\/\/knjiznice.nsk.hr\/ston\/stoner-john-williams\/\"]}]},{\"@type\":\"BreadcrumbList\",\"@id\":\"http:\/\/knjiznice.nsk.hr\/ston\/stoner-john-williams\/#breadcrumb\",\"itemListElement\":[{\"@type\":\"ListItem\",\"position\":1,\"item\":{\"@type\":\"WebPage\",\"@id\":\"http:\/\/knjiznice.nsk.hr\/ston\/\",\"url\":\"http:\/\/knjiznice.nsk.hr\/ston\/\",\"name\":\"Po\\u010detna stranica\"}},{\"@type\":\"ListItem\",\"position\":2,\"item\":{\"@id\":\"http:\/\/knjiznice.nsk.hr\/ston\/stoner-john-williams\/#webpage\"}}]}]}<\/script>\n<!-- \/ Yoast SEO plugin. -->","_links":{"self":[{"href":"http:\/\/knjiznice.nsk.hr\/ston\/wp-json\/wp\/v2\/pages\/942"}],"collection":[{"href":"http:\/\/knjiznice.nsk.hr\/ston\/wp-json\/wp\/v2\/pages"}],"about":[{"href":"http:\/\/knjiznice.nsk.hr\/ston\/wp-json\/wp\/v2\/types\/page"}],"author":[{"embeddable":true,"href":"http:\/\/knjiznice.nsk.hr\/ston\/wp-json\/wp\/v2\/users\/55"}],"replies":[{"embeddable":true,"href":"http:\/\/knjiznice.nsk.hr\/ston\/wp-json\/wp\/v2\/comments?post=942"}],"version-history":[{"count":4,"href":"http:\/\/knjiznice.nsk.hr\/ston\/wp-json\/wp\/v2\/pages\/942\/revisions"}],"predecessor-version":[{"id":976,"href":"http:\/\/knjiznice.nsk.hr\/ston\/wp-json\/wp\/v2\/pages\/942\/revisions\/976"}],"wp:attachment":[{"href":"http:\/\/knjiznice.nsk.hr\/ston\/wp-json\/wp\/v2\/media?parent=942"}],"curies":[{"name":"wp","href":"https:\/\/api.w.org\/{rel}","templated":true}]}}