{"id":904,"date":"2021-08-23T11:52:16","date_gmt":"2021-08-23T11:52:16","guid":{"rendered":"http:\/\/knjiznice.nsk.hr\/ston\/?page_id=904"},"modified":"2021-08-23T11:52:16","modified_gmt":"2021-08-23T11:52:16","slug":"medo-klavir-i-koncert-malene-medvjedice-david-litchfielda","status":"publish","type":"page","link":"http:\/\/knjiznice.nsk.hr\/ston\/medo-klavir-i-koncert-malene-medvjedice-david-litchfielda\/","title":{"rendered":"Medo, klavir i koncert malene medvjedice &#8211; David Litchfielda"},"content":{"rendered":"<p>Medo, klavir i koncert malene medvjedice dio je Medine trilogije autora Davida Litchfielda. Rije\u010d je o vrlo \u017eivotnim i emocionalno toplim pri\u010dama sa prekrasnim ilustracijama. Pri\u010da prati Meda koji je nau\u010dio svirati klavir u \u0161umi, a potom oti\u0161ao u grad kako bi svoje vje\u0161tine pokazao pred velikom publikom. Tamo je okupio \u017eivotinjski orkestar i bio slavan, ali kako to u \u017eivotu biva medvjedi (kao i ljudi) stare i u njihov \u017eivot dolaze promjene. Autor to vrlo jednostavno prikazuje kroz pri\u010du medvjedova povla\u010denja u \u0161umu zbog pada popularnosti na glazbenoj sceni i zavr\u0161etka karijere. Isto tako, prikazuju\u0107i medvjeda tu\u017enim prilikom zavr\u0161etka karijere ukazuje kako u \u017eivotu imamo uspone i padove ali i kako svaki kraj zna\u010di po\u010detak ne\u010deg novog. Tako Medo nakon zavr\u0161etka karijere dobiva k\u0107er, malu medvjedicu koja \u0107e prepoznati o\u010devu ljubav prema glazbi i okupiti njegove prijatelje na posljednjem koncertu. Biti \u0107e to novi izvor zadovoljstva u njegovom \u017eivotu. Prate\u0107i ovu radnju djeca \u0107e  prepoznati zna\u010denje ljubavi, prijateljstva i sre\u0107e. Ova pri\u010da pravi je poticaj da treba pratiti svoje snove i raditi ono \u0161to volite!<\/p>\n<p>Naravno, motiv ljubavi prema glazbi sam po sebi nosi svoje \u010dari. Glazba je vrlo va\u017ean element u \u017eivotu \u010dovjeka, ona mo\u017ee biti inspiracija, nada, utjeha i svakako skriveni talent i stoga je va\u017eno djeci pribli\u017eiti glazbu na sve na\u010dine pa i kroz ovakve pri\u010de.<\/p>\n<p><a href=\"http:\/\/knjiznice.nsk.hr\/ston\/wp-content\/uploads\/sites\/12\/2021\/08\/240142452_373678717592113_472528946059802285_n.jpg\"><img loading=\"lazy\" src=\"http:\/\/knjiznice.nsk.hr\/ston\/wp-content\/uploads\/sites\/12\/2021\/08\/240142452_373678717592113_472528946059802285_n-221x300.jpg\" alt=\"\" width=\"221\" height=\"300\" class=\"alignnone size-medium wp-image-905\" srcset=\"http:\/\/knjiznice.nsk.hr\/ston\/wp-content\/uploads\/sites\/12\/2021\/08\/240142452_373678717592113_472528946059802285_n-221x300.jpg 221w, http:\/\/knjiznice.nsk.hr\/ston\/wp-content\/uploads\/sites\/12\/2021\/08\/240142452_373678717592113_472528946059802285_n-600x816.jpg 600w, http:\/\/knjiznice.nsk.hr\/ston\/wp-content\/uploads\/sites\/12\/2021\/08\/240142452_373678717592113_472528946059802285_n.jpg 692w\" sizes=\"(max-width: 221px) 100vw, 221px\" \/><\/a><br \/>\nLokacija: uvala prije Koba\u0161a<br \/>\nPoveznica na katalog: <a href=\"https:\/\/library.foi.hr\/lib\/knjiga.php?B=67&amp;H=&amp;E=&amp;V=&amp;lok=&amp;zbi=&amp;item=16937&amp;nivo=&amp;upit=Medo_%20klavir%20i%20koncert%20malene%20medvjedice\">dostupnost<\/a><\/p>\n","protected":false},"excerpt":{"rendered":"<p>Medo, klavir i koncert malene medvjedice dio je Medine trilogije autora Davida Litchfielda. Rije\u010d je o vrlo \u017eivotnim i emocionalno toplim pri\u010dama sa prekrasnim ilustracijama. Pri\u010da prati Meda koji je nau\u010dio svirati klavir u \u0161umi, a potom oti\u0161ao u grad kako bi svoje vje\u0161tine pokazao pred velikom publikom. Tamo je okupio \u017eivotinjski orkestar i bio [&hellip;]<\/p>\n","protected":false},"author":55,"featured_media":0,"parent":0,"menu_order":0,"comment_status":"closed","ping_status":"closed","template":"","meta":{"ngg_post_thumbnail":0},"yoast_head":"<!-- This site is optimized with the Yoast SEO plugin v16.4 - https:\/\/yoast.com\/wordpress\/plugins\/seo\/ -->\n<meta name=\"robots\" content=\"index, follow, max-snippet:-1, max-image-preview:large, max-video-preview:-1\" \/>\n<link rel=\"canonical\" href=\"http:\/\/knjiznice.nsk.hr\/ston\/medo-klavir-i-koncert-malene-medvjedice-david-litchfielda\/\" \/>\n<meta property=\"og:locale\" content=\"hr_HR\" \/>\n<meta property=\"og:type\" content=\"article\" \/>\n<meta property=\"og:title\" content=\"Medo, klavir i koncert malene medvjedice - David Litchfielda &ndash; Narodna knji\u017enica Ston\" \/>\n<meta property=\"og:description\" content=\"Medo, klavir i koncert malene medvjedice dio je Medine trilogije autora Davida Litchfielda. Rije\u010d je o vrlo \u017eivotnim i emocionalno toplim pri\u010dama sa prekrasnim ilustracijama. Pri\u010da prati Meda koji je nau\u010dio svirati klavir u \u0161umi, a potom oti\u0161ao u grad kako bi svoje vje\u0161tine pokazao pred velikom publikom. Tamo je okupio \u017eivotinjski orkestar i bio [&hellip;]\" \/>\n<meta property=\"og:url\" content=\"http:\/\/knjiznice.nsk.hr\/ston\/medo-klavir-i-koncert-malene-medvjedice-david-litchfielda\/\" \/>\n<meta property=\"og:site_name\" content=\"Narodna knji\u017enica Ston\" \/>\n<meta property=\"og:image\" content=\"http:\/\/knjiznice.nsk.hr\/ston\/wp-content\/uploads\/sites\/12\/2021\/08\/240142452_373678717592113_472528946059802285_n-221x300.jpg\" \/>\n<meta name=\"twitter:label1\" content=\"Procijenjeno vrijeme \u010ditanja\" \/>\n\t<meta name=\"twitter:data1\" content=\"1 minuta\" \/>\n<script type=\"application\/ld+json\" class=\"yoast-schema-graph\">{\"@context\":\"https:\/\/schema.org\",\"@graph\":[{\"@type\":\"WebSite\",\"@id\":\"http:\/\/knjiznice.nsk.hr\/ston\/#website\",\"url\":\"http:\/\/knjiznice.nsk.hr\/ston\/\",\"name\":\"Narodna knji\\u017enica Ston\",\"description\":\"\",\"potentialAction\":[{\"@type\":\"SearchAction\",\"target\":\"http:\/\/knjiznice.nsk.hr\/ston\/?s={search_term_string}\",\"query-input\":\"required name=search_term_string\"}],\"inLanguage\":\"hr\"},{\"@type\":\"ImageObject\",\"@id\":\"http:\/\/knjiznice.nsk.hr\/ston\/medo-klavir-i-koncert-malene-medvjedice-david-litchfielda\/#primaryimage\",\"inLanguage\":\"hr\",\"url\":\"http:\/\/knjiznice.nsk.hr\/ston\/wp-content\/uploads\/sites\/12\/2021\/08\/240142452_373678717592113_472528946059802285_n.jpg\",\"contentUrl\":\"http:\/\/knjiznice.nsk.hr\/ston\/wp-content\/uploads\/sites\/12\/2021\/08\/240142452_373678717592113_472528946059802285_n.jpg\",\"width\":692,\"height\":941},{\"@type\":\"WebPage\",\"@id\":\"http:\/\/knjiznice.nsk.hr\/ston\/medo-klavir-i-koncert-malene-medvjedice-david-litchfielda\/#webpage\",\"url\":\"http:\/\/knjiznice.nsk.hr\/ston\/medo-klavir-i-koncert-malene-medvjedice-david-litchfielda\/\",\"name\":\"Medo, klavir i koncert malene medvjedice - David Litchfielda &ndash; Narodna knji\\u017enica Ston\",\"isPartOf\":{\"@id\":\"http:\/\/knjiznice.nsk.hr\/ston\/#website\"},\"primaryImageOfPage\":{\"@id\":\"http:\/\/knjiznice.nsk.hr\/ston\/medo-klavir-i-koncert-malene-medvjedice-david-litchfielda\/#primaryimage\"},\"datePublished\":\"2021-08-23T11:52:16+00:00\",\"dateModified\":\"2021-08-23T11:52:16+00:00\",\"breadcrumb\":{\"@id\":\"http:\/\/knjiznice.nsk.hr\/ston\/medo-klavir-i-koncert-malene-medvjedice-david-litchfielda\/#breadcrumb\"},\"inLanguage\":\"hr\",\"potentialAction\":[{\"@type\":\"ReadAction\",\"target\":[\"http:\/\/knjiznice.nsk.hr\/ston\/medo-klavir-i-koncert-malene-medvjedice-david-litchfielda\/\"]}]},{\"@type\":\"BreadcrumbList\",\"@id\":\"http:\/\/knjiznice.nsk.hr\/ston\/medo-klavir-i-koncert-malene-medvjedice-david-litchfielda\/#breadcrumb\",\"itemListElement\":[{\"@type\":\"ListItem\",\"position\":1,\"item\":{\"@type\":\"WebPage\",\"@id\":\"http:\/\/knjiznice.nsk.hr\/ston\/\",\"url\":\"http:\/\/knjiznice.nsk.hr\/ston\/\",\"name\":\"Po\\u010detna stranica\"}},{\"@type\":\"ListItem\",\"position\":2,\"item\":{\"@id\":\"http:\/\/knjiznice.nsk.hr\/ston\/medo-klavir-i-koncert-malene-medvjedice-david-litchfielda\/#webpage\"}}]}]}<\/script>\n<!-- \/ Yoast SEO plugin. -->","_links":{"self":[{"href":"http:\/\/knjiznice.nsk.hr\/ston\/wp-json\/wp\/v2\/pages\/904"}],"collection":[{"href":"http:\/\/knjiznice.nsk.hr\/ston\/wp-json\/wp\/v2\/pages"}],"about":[{"href":"http:\/\/knjiznice.nsk.hr\/ston\/wp-json\/wp\/v2\/types\/page"}],"author":[{"embeddable":true,"href":"http:\/\/knjiznice.nsk.hr\/ston\/wp-json\/wp\/v2\/users\/55"}],"replies":[{"embeddable":true,"href":"http:\/\/knjiznice.nsk.hr\/ston\/wp-json\/wp\/v2\/comments?post=904"}],"version-history":[{"count":1,"href":"http:\/\/knjiznice.nsk.hr\/ston\/wp-json\/wp\/v2\/pages\/904\/revisions"}],"predecessor-version":[{"id":906,"href":"http:\/\/knjiznice.nsk.hr\/ston\/wp-json\/wp\/v2\/pages\/904\/revisions\/906"}],"wp:attachment":[{"href":"http:\/\/knjiznice.nsk.hr\/ston\/wp-json\/wp\/v2\/media?parent=904"}],"curies":[{"name":"wp","href":"https:\/\/api.w.org\/{rel}","templated":true}]}}