{"id":900,"date":"2021-08-17T10:13:46","date_gmt":"2021-08-17T10:13:46","guid":{"rendered":"http:\/\/knjiznice.nsk.hr\/ston\/?page_id=900"},"modified":"2021-08-17T10:14:27","modified_gmt":"2021-08-17T10:14:27","slug":"oprosti-ida-hegazi-hoyer","status":"publish","type":"page","link":"http:\/\/knjiznice.nsk.hr\/ston\/oprosti-ida-hegazi-hoyer\/","title":{"rendered":"Oprosti &#8211; Ida Hegazi Hoyer"},"content":{"rendered":"<p>Oprosti je roman norve\u0161ke spisateljice Ide Hegazi Hoyer. Rije\u010d je o emocionalnom i donekle ljubavnom romanu koji kroz radnju dobiva karakteristike psiholo\u0161kog trilera. Radnja prati dvoje mladih izme\u0111u kojih se dogodila ljubav na prvi pogled. U ludoj zaljubljenosti oni se vezuju jedno za drugo tako sna\u017eno da ubrzo po\u010dinju zajedni\u010dki \u017eivot, planiranje sretne budu\u0107nosti koja u sebi nosi snove o avanturama, zasnivanju obitelji pa i kupnji zajedni\u010dkog jedrenjaka. Nerazdvojni su i sami sebi dovoljni no ubrzo tu idilu po\u010dinju preplavljivati osje\u0107aji napetosti i nelagode jer la\u017ei koje su jedno drugome plasirali po\u010dele su izlaziti na povr\u0161inu. Kakva je pro\u0161lost koju skrivaju jedno od drugoga i kako ona utje\u010de na njihovu stvarnost otkrijete \u010ditaju\u0107i ovaj pitki roman. <\/p>\n<p>Ovaj roman govori o pitanju granice istine i la\u017ei, o pitanju odga\u0111anja rje\u0161avanja problema i zatvaranja o\u010diju pred istim. Poti\u010de nas na razmi\u0161ljanje o utjecaju o\u017eiljaka iz djetinjstva i o vlastitoj autenti\u010dnosti\u2026jer jesmo li uvijek onakvi kakvi uistinu jesmo ili se ponekad pretvaramo?<\/p>\n<p><a href=\"http:\/\/knjiznice.nsk.hr\/ston\/wp-content\/uploads\/sites\/12\/2021\/08\/234818836_242104591112071_5946948163575290161_n.jpg\"><img loading=\"lazy\" src=\"http:\/\/knjiznice.nsk.hr\/ston\/wp-content\/uploads\/sites\/12\/2021\/08\/234818836_242104591112071_5946948163575290161_n-225x300.jpg\" alt=\"\" width=\"225\" height=\"300\" class=\"alignnone size-medium wp-image-901\" srcset=\"http:\/\/knjiznice.nsk.hr\/ston\/wp-content\/uploads\/sites\/12\/2021\/08\/234818836_242104591112071_5946948163575290161_n-225x300.jpg 225w, http:\/\/knjiznice.nsk.hr\/ston\/wp-content\/uploads\/sites\/12\/2021\/08\/234818836_242104591112071_5946948163575290161_n-768x1024.jpg 768w, http:\/\/knjiznice.nsk.hr\/ston\/wp-content\/uploads\/sites\/12\/2021\/08\/234818836_242104591112071_5946948163575290161_n-600x800.jpg 600w, http:\/\/knjiznice.nsk.hr\/ston\/wp-content\/uploads\/sites\/12\/2021\/08\/234818836_242104591112071_5946948163575290161_n-1152x1536.jpg 1152w, http:\/\/knjiznice.nsk.hr\/ston\/wp-content\/uploads\/sites\/12\/2021\/08\/234818836_242104591112071_5946948163575290161_n.jpg 1536w\" sizes=\"(max-width: 225px) 100vw, 225px\" \/><\/a><br \/>\nLokacija: Ston, Kula nad vodom<br \/>\nPoveznica na katalog: <a href=\"https:\/\/library.foi.hr\/lib\/knjiga.php?B=67&amp;H=&amp;E=&amp;V=&amp;lok=&amp;zbi=&amp;item=16784&amp;nivo=&amp;upit=oprosti\">dostupnost<\/a> <\/p>\n","protected":false},"excerpt":{"rendered":"<p>Oprosti je roman norve\u0161ke spisateljice Ide Hegazi Hoyer. Rije\u010d je o emocionalnom i donekle ljubavnom romanu koji kroz radnju dobiva karakteristike psiholo\u0161kog trilera. Radnja prati dvoje mladih izme\u0111u kojih se dogodila ljubav na prvi pogled. U ludoj zaljubljenosti oni se vezuju jedno za drugo tako sna\u017eno da ubrzo po\u010dinju zajedni\u010dki \u017eivot, planiranje sretne budu\u0107nosti koja [&hellip;]<\/p>\n","protected":false},"author":55,"featured_media":0,"parent":0,"menu_order":0,"comment_status":"closed","ping_status":"closed","template":"","meta":{"ngg_post_thumbnail":0},"yoast_head":"<!-- This site is optimized with the Yoast SEO plugin v16.4 - https:\/\/yoast.com\/wordpress\/plugins\/seo\/ -->\n<meta name=\"robots\" content=\"index, follow, max-snippet:-1, max-image-preview:large, max-video-preview:-1\" \/>\n<link rel=\"canonical\" href=\"http:\/\/knjiznice.nsk.hr\/ston\/oprosti-ida-hegazi-hoyer\/\" \/>\n<meta property=\"og:locale\" content=\"hr_HR\" \/>\n<meta property=\"og:type\" content=\"article\" \/>\n<meta property=\"og:title\" content=\"Oprosti - Ida Hegazi Hoyer &ndash; Narodna knji\u017enica Ston\" \/>\n<meta property=\"og:description\" content=\"Oprosti je roman norve\u0161ke spisateljice Ide Hegazi Hoyer. Rije\u010d je o emocionalnom i donekle ljubavnom romanu koji kroz radnju dobiva karakteristike psiholo\u0161kog trilera. Radnja prati dvoje mladih izme\u0111u kojih se dogodila ljubav na prvi pogled. U ludoj zaljubljenosti oni se vezuju jedno za drugo tako sna\u017eno da ubrzo po\u010dinju zajedni\u010dki \u017eivot, planiranje sretne budu\u0107nosti koja [&hellip;]\" \/>\n<meta property=\"og:url\" content=\"http:\/\/knjiznice.nsk.hr\/ston\/oprosti-ida-hegazi-hoyer\/\" \/>\n<meta property=\"og:site_name\" content=\"Narodna knji\u017enica Ston\" \/>\n<meta property=\"article:modified_time\" content=\"2021-08-17T10:14:27+00:00\" \/>\n<meta property=\"og:image\" content=\"http:\/\/knjiznice.nsk.hr\/ston\/wp-content\/uploads\/sites\/12\/2021\/08\/234818836_242104591112071_5946948163575290161_n-225x300.jpg\" \/>\n<meta name=\"twitter:label1\" content=\"Procijenjeno vrijeme \u010ditanja\" \/>\n\t<meta name=\"twitter:data1\" content=\"1 minuta\" \/>\n<script type=\"application\/ld+json\" class=\"yoast-schema-graph\">{\"@context\":\"https:\/\/schema.org\",\"@graph\":[{\"@type\":\"WebSite\",\"@id\":\"http:\/\/knjiznice.nsk.hr\/ston\/#website\",\"url\":\"http:\/\/knjiznice.nsk.hr\/ston\/\",\"name\":\"Narodna knji\\u017enica Ston\",\"description\":\"\",\"potentialAction\":[{\"@type\":\"SearchAction\",\"target\":\"http:\/\/knjiznice.nsk.hr\/ston\/?s={search_term_string}\",\"query-input\":\"required name=search_term_string\"}],\"inLanguage\":\"hr\"},{\"@type\":\"ImageObject\",\"@id\":\"http:\/\/knjiznice.nsk.hr\/ston\/oprosti-ida-hegazi-hoyer\/#primaryimage\",\"inLanguage\":\"hr\",\"url\":\"http:\/\/knjiznice.nsk.hr\/ston\/wp-content\/uploads\/sites\/12\/2021\/08\/234818836_242104591112071_5946948163575290161_n.jpg\",\"contentUrl\":\"http:\/\/knjiznice.nsk.hr\/ston\/wp-content\/uploads\/sites\/12\/2021\/08\/234818836_242104591112071_5946948163575290161_n.jpg\",\"width\":1536,\"height\":2048},{\"@type\":\"WebPage\",\"@id\":\"http:\/\/knjiznice.nsk.hr\/ston\/oprosti-ida-hegazi-hoyer\/#webpage\",\"url\":\"http:\/\/knjiznice.nsk.hr\/ston\/oprosti-ida-hegazi-hoyer\/\",\"name\":\"Oprosti - Ida Hegazi Hoyer &ndash; Narodna knji\\u017enica Ston\",\"isPartOf\":{\"@id\":\"http:\/\/knjiznice.nsk.hr\/ston\/#website\"},\"primaryImageOfPage\":{\"@id\":\"http:\/\/knjiznice.nsk.hr\/ston\/oprosti-ida-hegazi-hoyer\/#primaryimage\"},\"datePublished\":\"2021-08-17T10:13:46+00:00\",\"dateModified\":\"2021-08-17T10:14:27+00:00\",\"breadcrumb\":{\"@id\":\"http:\/\/knjiznice.nsk.hr\/ston\/oprosti-ida-hegazi-hoyer\/#breadcrumb\"},\"inLanguage\":\"hr\",\"potentialAction\":[{\"@type\":\"ReadAction\",\"target\":[\"http:\/\/knjiznice.nsk.hr\/ston\/oprosti-ida-hegazi-hoyer\/\"]}]},{\"@type\":\"BreadcrumbList\",\"@id\":\"http:\/\/knjiznice.nsk.hr\/ston\/oprosti-ida-hegazi-hoyer\/#breadcrumb\",\"itemListElement\":[{\"@type\":\"ListItem\",\"position\":1,\"item\":{\"@type\":\"WebPage\",\"@id\":\"http:\/\/knjiznice.nsk.hr\/ston\/\",\"url\":\"http:\/\/knjiznice.nsk.hr\/ston\/\",\"name\":\"Po\\u010detna stranica\"}},{\"@type\":\"ListItem\",\"position\":2,\"item\":{\"@id\":\"http:\/\/knjiznice.nsk.hr\/ston\/oprosti-ida-hegazi-hoyer\/#webpage\"}}]}]}<\/script>\n<!-- \/ Yoast SEO plugin. -->","_links":{"self":[{"href":"http:\/\/knjiznice.nsk.hr\/ston\/wp-json\/wp\/v2\/pages\/900"}],"collection":[{"href":"http:\/\/knjiznice.nsk.hr\/ston\/wp-json\/wp\/v2\/pages"}],"about":[{"href":"http:\/\/knjiznice.nsk.hr\/ston\/wp-json\/wp\/v2\/types\/page"}],"author":[{"embeddable":true,"href":"http:\/\/knjiznice.nsk.hr\/ston\/wp-json\/wp\/v2\/users\/55"}],"replies":[{"embeddable":true,"href":"http:\/\/knjiznice.nsk.hr\/ston\/wp-json\/wp\/v2\/comments?post=900"}],"version-history":[{"count":1,"href":"http:\/\/knjiznice.nsk.hr\/ston\/wp-json\/wp\/v2\/pages\/900\/revisions"}],"predecessor-version":[{"id":902,"href":"http:\/\/knjiznice.nsk.hr\/ston\/wp-json\/wp\/v2\/pages\/900\/revisions\/902"}],"wp:attachment":[{"href":"http:\/\/knjiznice.nsk.hr\/ston\/wp-json\/wp\/v2\/media?parent=900"}],"curies":[{"name":"wp","href":"https:\/\/api.w.org\/{rel}","templated":true}]}}