{"id":844,"date":"2021-07-29T09:28:11","date_gmt":"2021-07-29T09:28:11","guid":{"rendered":"http:\/\/knjiznice.nsk.hr\/ston\/?page_id=844"},"modified":"2021-07-29T10:00:28","modified_gmt":"2021-07-29T10:00:28","slug":"ako-dodes-na-zemlju-sophie-blackall","status":"publish","type":"page","link":"http:\/\/knjiznice.nsk.hr\/ston\/ako-dodes-na-zemlju-sophie-blackall\/","title":{"rendered":"Ako do\u0111e\u0161 na zemlju &#8211; Sophie Blackall"},"content":{"rendered":"<p>Ako do\u0111e\u0161 na zemlju \u017eivopisna je i prekrasno ilustrirana pri\u010da o na\u0161em planetu. To je vodi\u010d u kojem i tekst i slika na jednostavan na\u010din ukazuju na ljepotu i raznolikost na\u0161e zemlje. Pri\u010da nastoji objasniti na\u0161 planet, prirodu i dru\u0161tvo u kojem \u017eivimo nekom tko bi ga posjetio iz svemira, ali to nisu uputstva korisna samo nekom svemircu ve\u0107 i svakome od nas. Pri\u010da \u0161alje niz va\u017enih poruka. Prije svega da je potrebno \u010duvati Zemlju jer to je na\u0161 dom. Isto tako i kako smo svi mi u svojoj raznolikosti ipak vrlo sli\u010dni jer:&#8221;Na zemlji \u017eivi vi\u0161e od sedam milijardi ljudi. Svi imamo tijela. Ali svako tijelo je druga\u010dije.&#8221;<br \/>\nAko tra\u017eite na\u010din kako objasniti svojim mali\u0161anima u kakvom svijetu \u017eive, \u0161to sve Zemlja je, kakve biljke i \u017eivotinje stanuju na njoj ova knjiga je izvrsno rije\u0161enje. Osim toga dobra je pripomo\u0107 u obja\u0161njavaju razli\u010ditosti ljudi u njihovu izgledu, boji ko\u017ee, zanimanju i sli\u010dnim elementima.<\/p>\n<p><a href=\"http:\/\/knjiznice.nsk.hr\/ston\/wp-content\/uploads\/sites\/12\/2021\/07\/224607624_259511372294864_4399392540236892072_n.jpg\"><img loading=\"lazy\" src=\"http:\/\/knjiznice.nsk.hr\/ston\/wp-content\/uploads\/sites\/12\/2021\/07\/224607624_259511372294864_4399392540236892072_n-300x225.jpg\" alt=\"\" width=\"300\" height=\"225\" class=\"alignnone size-medium wp-image-845\" srcset=\"http:\/\/knjiznice.nsk.hr\/ston\/wp-content\/uploads\/sites\/12\/2021\/07\/224607624_259511372294864_4399392540236892072_n-300x225.jpg 300w, http:\/\/knjiznice.nsk.hr\/ston\/wp-content\/uploads\/sites\/12\/2021\/07\/224607624_259511372294864_4399392540236892072_n-1024x768.jpg 1024w, http:\/\/knjiznice.nsk.hr\/ston\/wp-content\/uploads\/sites\/12\/2021\/07\/224607624_259511372294864_4399392540236892072_n-768x576.jpg 768w, http:\/\/knjiznice.nsk.hr\/ston\/wp-content\/uploads\/sites\/12\/2021\/07\/224607624_259511372294864_4399392540236892072_n-600x450.jpg 600w, http:\/\/knjiznice.nsk.hr\/ston\/wp-content\/uploads\/sites\/12\/2021\/07\/224607624_259511372294864_4399392540236892072_n-1536x1152.jpg 1536w, http:\/\/knjiznice.nsk.hr\/ston\/wp-content\/uploads\/sites\/12\/2021\/07\/224607624_259511372294864_4399392540236892072_n.jpg 2048w\" sizes=\"(max-width: 300px) 100vw, 300px\" \/><\/a><br \/>\nLokacija: pogled iz knji\u017enice na Ston<br \/>\nPoveznica na katalog: <a href=\"https:\/\/library.foi.hr\/lib\/knjiga.php?B=67&amp;H=&amp;E=&amp;V=&amp;lok=&amp;zbi=&amp;item=17331&amp;nivo=&amp;upit=ako%20do%F0e%9A%20na%20zemlju\">dostupnost<\/a><\/p>\n","protected":false},"excerpt":{"rendered":"<p>Ako do\u0111e\u0161 na zemlju \u017eivopisna je i prekrasno ilustrirana pri\u010da o na\u0161em planetu. To je vodi\u010d u kojem i tekst i slika na jednostavan na\u010din ukazuju na ljepotu i raznolikost na\u0161e zemlje. Pri\u010da nastoji objasniti na\u0161 planet, prirodu i dru\u0161tvo u kojem \u017eivimo nekom tko bi ga posjetio iz svemira, ali to nisu uputstva korisna [&hellip;]<\/p>\n","protected":false},"author":55,"featured_media":0,"parent":0,"menu_order":0,"comment_status":"closed","ping_status":"closed","template":"","meta":{"ngg_post_thumbnail":0},"yoast_head":"<!-- This site is optimized with the Yoast SEO plugin v16.4 - https:\/\/yoast.com\/wordpress\/plugins\/seo\/ -->\n<meta name=\"robots\" content=\"index, follow, max-snippet:-1, max-image-preview:large, max-video-preview:-1\" \/>\n<link rel=\"canonical\" href=\"http:\/\/knjiznice.nsk.hr\/ston\/ako-dodes-na-zemlju-sophie-blackall\/\" \/>\n<meta property=\"og:locale\" content=\"hr_HR\" \/>\n<meta property=\"og:type\" content=\"article\" \/>\n<meta property=\"og:title\" content=\"Ako do\u0111e\u0161 na zemlju - Sophie Blackall &ndash; Narodna knji\u017enica Ston\" \/>\n<meta property=\"og:description\" content=\"Ako do\u0111e\u0161 na zemlju \u017eivopisna je i prekrasno ilustrirana pri\u010da o na\u0161em planetu. To je vodi\u010d u kojem i tekst i slika na jednostavan na\u010din ukazuju na ljepotu i raznolikost na\u0161e zemlje. Pri\u010da nastoji objasniti na\u0161 planet, prirodu i dru\u0161tvo u kojem \u017eivimo nekom tko bi ga posjetio iz svemira, ali to nisu uputstva korisna [&hellip;]\" \/>\n<meta property=\"og:url\" content=\"http:\/\/knjiznice.nsk.hr\/ston\/ako-dodes-na-zemlju-sophie-blackall\/\" \/>\n<meta property=\"og:site_name\" content=\"Narodna knji\u017enica Ston\" \/>\n<meta property=\"article:modified_time\" content=\"2021-07-29T10:00:28+00:00\" \/>\n<meta property=\"og:image\" content=\"http:\/\/knjiznice.nsk.hr\/ston\/wp-content\/uploads\/sites\/12\/2021\/07\/224607624_259511372294864_4399392540236892072_n-300x225.jpg\" \/>\n<meta name=\"twitter:label1\" content=\"Procijenjeno vrijeme \u010ditanja\" \/>\n\t<meta name=\"twitter:data1\" content=\"1 minuta\" \/>\n<script type=\"application\/ld+json\" class=\"yoast-schema-graph\">{\"@context\":\"https:\/\/schema.org\",\"@graph\":[{\"@type\":\"WebSite\",\"@id\":\"http:\/\/knjiznice.nsk.hr\/ston\/#website\",\"url\":\"http:\/\/knjiznice.nsk.hr\/ston\/\",\"name\":\"Narodna knji\\u017enica Ston\",\"description\":\"\",\"potentialAction\":[{\"@type\":\"SearchAction\",\"target\":\"http:\/\/knjiznice.nsk.hr\/ston\/?s={search_term_string}\",\"query-input\":\"required name=search_term_string\"}],\"inLanguage\":\"hr\"},{\"@type\":\"ImageObject\",\"@id\":\"http:\/\/knjiznice.nsk.hr\/ston\/ako-dodes-na-zemlju-sophie-blackall\/#primaryimage\",\"inLanguage\":\"hr\",\"url\":\"http:\/\/knjiznice.nsk.hr\/ston\/wp-content\/uploads\/sites\/12\/2021\/07\/224607624_259511372294864_4399392540236892072_n.jpg\",\"contentUrl\":\"http:\/\/knjiznice.nsk.hr\/ston\/wp-content\/uploads\/sites\/12\/2021\/07\/224607624_259511372294864_4399392540236892072_n.jpg\",\"width\":2048,\"height\":1536},{\"@type\":\"WebPage\",\"@id\":\"http:\/\/knjiznice.nsk.hr\/ston\/ako-dodes-na-zemlju-sophie-blackall\/#webpage\",\"url\":\"http:\/\/knjiznice.nsk.hr\/ston\/ako-dodes-na-zemlju-sophie-blackall\/\",\"name\":\"Ako do\\u0111e\\u0161 na zemlju - Sophie Blackall &ndash; Narodna knji\\u017enica Ston\",\"isPartOf\":{\"@id\":\"http:\/\/knjiznice.nsk.hr\/ston\/#website\"},\"primaryImageOfPage\":{\"@id\":\"http:\/\/knjiznice.nsk.hr\/ston\/ako-dodes-na-zemlju-sophie-blackall\/#primaryimage\"},\"datePublished\":\"2021-07-29T09:28:11+00:00\",\"dateModified\":\"2021-07-29T10:00:28+00:00\",\"breadcrumb\":{\"@id\":\"http:\/\/knjiznice.nsk.hr\/ston\/ako-dodes-na-zemlju-sophie-blackall\/#breadcrumb\"},\"inLanguage\":\"hr\",\"potentialAction\":[{\"@type\":\"ReadAction\",\"target\":[\"http:\/\/knjiznice.nsk.hr\/ston\/ako-dodes-na-zemlju-sophie-blackall\/\"]}]},{\"@type\":\"BreadcrumbList\",\"@id\":\"http:\/\/knjiznice.nsk.hr\/ston\/ako-dodes-na-zemlju-sophie-blackall\/#breadcrumb\",\"itemListElement\":[{\"@type\":\"ListItem\",\"position\":1,\"item\":{\"@type\":\"WebPage\",\"@id\":\"http:\/\/knjiznice.nsk.hr\/ston\/\",\"url\":\"http:\/\/knjiznice.nsk.hr\/ston\/\",\"name\":\"Po\\u010detna stranica\"}},{\"@type\":\"ListItem\",\"position\":2,\"item\":{\"@id\":\"http:\/\/knjiznice.nsk.hr\/ston\/ako-dodes-na-zemlju-sophie-blackall\/#webpage\"}}]}]}<\/script>\n<!-- \/ Yoast SEO plugin. -->","_links":{"self":[{"href":"http:\/\/knjiznice.nsk.hr\/ston\/wp-json\/wp\/v2\/pages\/844"}],"collection":[{"href":"http:\/\/knjiznice.nsk.hr\/ston\/wp-json\/wp\/v2\/pages"}],"about":[{"href":"http:\/\/knjiznice.nsk.hr\/ston\/wp-json\/wp\/v2\/types\/page"}],"author":[{"embeddable":true,"href":"http:\/\/knjiznice.nsk.hr\/ston\/wp-json\/wp\/v2\/users\/55"}],"replies":[{"embeddable":true,"href":"http:\/\/knjiznice.nsk.hr\/ston\/wp-json\/wp\/v2\/comments?post=844"}],"version-history":[{"count":9,"href":"http:\/\/knjiznice.nsk.hr\/ston\/wp-json\/wp\/v2\/pages\/844\/revisions"}],"predecessor-version":[{"id":855,"href":"http:\/\/knjiznice.nsk.hr\/ston\/wp-json\/wp\/v2\/pages\/844\/revisions\/855"}],"wp:attachment":[{"href":"http:\/\/knjiznice.nsk.hr\/ston\/wp-json\/wp\/v2\/media?parent=844"}],"curies":[{"name":"wp","href":"https:\/\/api.w.org\/{rel}","templated":true}]}}