{"id":825,"date":"2021-07-26T11:46:56","date_gmt":"2021-07-26T11:46:56","guid":{"rendered":"http:\/\/knjiznice.nsk.hr\/ston\/?page_id=825"},"modified":"2021-07-29T09:59:49","modified_gmt":"2021-07-29T09:59:49","slug":"djecak-krtica-lisica-i-konj-charlie-mackesy","status":"publish","type":"page","link":"http:\/\/knjiznice.nsk.hr\/ston\/djecak-krtica-lisica-i-konj-charlie-mackesy\/","title":{"rendered":"Dje\u010dak, krtica, lisica i konj &#8211; Charlie Mackesy"},"content":{"rendered":"<p>Dje\u010dak, krtica, lisica i konj je pri\u010da u autorstvu Charliea Mackesya. Rije\u010d je o knjizi koja kombinira tekst i prekrasne ilustracije tu\u0161em. Radnja prati 4 junaka spomenuta u naslovu, znati\u017eeljnog dje\u010daka, pohlepnu krticu punu \u017eivota, lisicu koju je \u017eivot u\u010dinio opreznom i mudrog, nje\u017enog konja. Svaki od njih nosi svoje slabosti i probleme, a utjehu i potporu pronalaze u razgovoru jedni s drugima. Njihovi dijalozi kratke su i jednostavne re\u010denice koje otkrivaju velike odgovore. One nose misli o \u017eivotu, prijateljstvu, utjesi i nadi, one podi\u017eu duh i inspiracija su. Svatko se mo\u017ee prona\u0107i i poistovjetiti sa barem jednom porukom iz ove knjige,  zahvaljuju\u0107i univerzalnosti namijenjena je svim uzrastima.<\/p>\n<p><em>\u201eNije li to \u010dudno . Mo\u017eemo vidjeti samo svoju vanj\u0161tinu, a skoro sve se doga\u0111a u nutrini.\u201c<\/p>\n<p>\u201eKad si bio najsna\u017eniji?\u201c upitao je dje\u010dak. \u201eKad sam se usudio pokazati svoje slabosti.\u201c<\/em><\/p>\n<p><a href=\"http:\/\/knjiznice.nsk.hr\/ston\/wp-content\/uploads\/sites\/12\/2021\/07\/220961745_865981580970134_6473357104354348892_n.jpg\"><img loading=\"lazy\" src=\"http:\/\/knjiznice.nsk.hr\/ston\/wp-content\/uploads\/sites\/12\/2021\/07\/220961745_865981580970134_6473357104354348892_n-225x300.jpg\" alt=\"\" width=\"225\" height=\"300\" class=\"alignnone size-medium wp-image-830\" srcset=\"http:\/\/knjiznice.nsk.hr\/ston\/wp-content\/uploads\/sites\/12\/2021\/07\/220961745_865981580970134_6473357104354348892_n-225x300.jpg 225w, http:\/\/knjiznice.nsk.hr\/ston\/wp-content\/uploads\/sites\/12\/2021\/07\/220961745_865981580970134_6473357104354348892_n-768x1024.jpg 768w, http:\/\/knjiznice.nsk.hr\/ston\/wp-content\/uploads\/sites\/12\/2021\/07\/220961745_865981580970134_6473357104354348892_n-600x800.jpg 600w, http:\/\/knjiznice.nsk.hr\/ston\/wp-content\/uploads\/sites\/12\/2021\/07\/220961745_865981580970134_6473357104354348892_n-1152x1536.jpg 1152w, http:\/\/knjiznice.nsk.hr\/ston\/wp-content\/uploads\/sites\/12\/2021\/07\/220961745_865981580970134_6473357104354348892_n.jpg 1536w\" sizes=\"(max-width: 225px) 100vw, 225px\" \/><\/a><br \/>\nLokacija: Ston, unutra\u0161njost Velikog Ka\u0161tia<br \/>\nPoveznica na katalog: <a href=\"https:\/\/library.foi.hr\/lib\/knjiga.php?B=67&amp;H=&amp;E=&amp;V=&amp;lok=&amp;zbi=&amp;item=16863&amp;nivo=&amp;upit=dje%E8ak%20krtica\" rel=\"noopener\" target=\"_blank\">dostupnost<\/a><\/p>\n","protected":false},"excerpt":{"rendered":"<p>Dje\u010dak, krtica, lisica i konj je pri\u010da u autorstvu Charliea Mackesya. Rije\u010d je o knjizi koja kombinira tekst i prekrasne ilustracije tu\u0161em. Radnja prati 4 junaka spomenuta u naslovu, znati\u017eeljnog dje\u010daka, pohlepnu krticu punu \u017eivota, lisicu koju je \u017eivot u\u010dinio opreznom i mudrog, nje\u017enog konja. Svaki od njih nosi svoje slabosti i probleme, a utjehu [&hellip;]<\/p>\n","protected":false},"author":55,"featured_media":0,"parent":0,"menu_order":0,"comment_status":"closed","ping_status":"closed","template":"","meta":{"ngg_post_thumbnail":0},"yoast_head":"<!-- This site is optimized with the Yoast SEO plugin v16.4 - https:\/\/yoast.com\/wordpress\/plugins\/seo\/ -->\n<meta name=\"robots\" content=\"index, follow, max-snippet:-1, max-image-preview:large, max-video-preview:-1\" \/>\n<link rel=\"canonical\" href=\"https:\/\/knjiznice.nsk.hr\/ston\/djecak-krtica-lisica-i-konj-charlie-mackesy\/\" \/>\n<meta property=\"og:locale\" content=\"hr_HR\" \/>\n<meta property=\"og:type\" content=\"article\" \/>\n<meta property=\"og:title\" content=\"Dje\u010dak, krtica, lisica i konj - Charlie Mackesy &ndash; Narodna knji\u017enica Ston\" \/>\n<meta property=\"og:description\" content=\"Dje\u010dak, krtica, lisica i konj je pri\u010da u autorstvu Charliea Mackesya. Rije\u010d je o knjizi koja kombinira tekst i prekrasne ilustracije tu\u0161em. Radnja prati 4 junaka spomenuta u naslovu, znati\u017eeljnog dje\u010daka, pohlepnu krticu punu \u017eivota, lisicu koju je \u017eivot u\u010dinio opreznom i mudrog, nje\u017enog konja. Svaki od njih nosi svoje slabosti i probleme, a utjehu [&hellip;]\" \/>\n<meta property=\"og:url\" content=\"https:\/\/knjiznice.nsk.hr\/ston\/djecak-krtica-lisica-i-konj-charlie-mackesy\/\" \/>\n<meta property=\"og:site_name\" content=\"Narodna knji\u017enica Ston\" \/>\n<meta property=\"article:modified_time\" content=\"2021-07-29T09:59:49+00:00\" \/>\n<meta property=\"og:image\" content=\"http:\/\/knjiznice.nsk.hr\/ston\/wp-content\/uploads\/sites\/12\/2021\/07\/220961745_865981580970134_6473357104354348892_n-225x300.jpg\" \/>\n<meta name=\"twitter:label1\" content=\"Procijenjeno vrijeme \u010ditanja\" \/>\n\t<meta name=\"twitter:data1\" content=\"1 minuta\" \/>\n<script type=\"application\/ld+json\" class=\"yoast-schema-graph\">{\"@context\":\"https:\/\/schema.org\",\"@graph\":[{\"@type\":\"WebSite\",\"@id\":\"http:\/\/knjiznice.nsk.hr\/ston\/#website\",\"url\":\"http:\/\/knjiznice.nsk.hr\/ston\/\",\"name\":\"Narodna knji\\u017enica Ston\",\"description\":\"\",\"potentialAction\":[{\"@type\":\"SearchAction\",\"target\":\"http:\/\/knjiznice.nsk.hr\/ston\/?s={search_term_string}\",\"query-input\":\"required name=search_term_string\"}],\"inLanguage\":\"hr\"},{\"@type\":\"ImageObject\",\"@id\":\"https:\/\/knjiznice.nsk.hr\/ston\/djecak-krtica-lisica-i-konj-charlie-mackesy\/#primaryimage\",\"inLanguage\":\"hr\",\"url\":\"http:\/\/knjiznice.nsk.hr\/ston\/wp-content\/uploads\/sites\/12\/2021\/07\/220961745_865981580970134_6473357104354348892_n.jpg\",\"contentUrl\":\"http:\/\/knjiznice.nsk.hr\/ston\/wp-content\/uploads\/sites\/12\/2021\/07\/220961745_865981580970134_6473357104354348892_n.jpg\",\"width\":1536,\"height\":2048},{\"@type\":\"WebPage\",\"@id\":\"https:\/\/knjiznice.nsk.hr\/ston\/djecak-krtica-lisica-i-konj-charlie-mackesy\/#webpage\",\"url\":\"https:\/\/knjiznice.nsk.hr\/ston\/djecak-krtica-lisica-i-konj-charlie-mackesy\/\",\"name\":\"Dje\\u010dak, krtica, lisica i konj - Charlie Mackesy &ndash; Narodna knji\\u017enica Ston\",\"isPartOf\":{\"@id\":\"http:\/\/knjiznice.nsk.hr\/ston\/#website\"},\"primaryImageOfPage\":{\"@id\":\"https:\/\/knjiznice.nsk.hr\/ston\/djecak-krtica-lisica-i-konj-charlie-mackesy\/#primaryimage\"},\"datePublished\":\"2021-07-26T11:46:56+00:00\",\"dateModified\":\"2021-07-29T09:59:49+00:00\",\"breadcrumb\":{\"@id\":\"https:\/\/knjiznice.nsk.hr\/ston\/djecak-krtica-lisica-i-konj-charlie-mackesy\/#breadcrumb\"},\"inLanguage\":\"hr\",\"potentialAction\":[{\"@type\":\"ReadAction\",\"target\":[\"https:\/\/knjiznice.nsk.hr\/ston\/djecak-krtica-lisica-i-konj-charlie-mackesy\/\"]}]},{\"@type\":\"BreadcrumbList\",\"@id\":\"https:\/\/knjiznice.nsk.hr\/ston\/djecak-krtica-lisica-i-konj-charlie-mackesy\/#breadcrumb\",\"itemListElement\":[{\"@type\":\"ListItem\",\"position\":1,\"item\":{\"@type\":\"WebPage\",\"@id\":\"http:\/\/knjiznice.nsk.hr\/ston\/\",\"url\":\"http:\/\/knjiznice.nsk.hr\/ston\/\",\"name\":\"Po\\u010detna stranica\"}},{\"@type\":\"ListItem\",\"position\":2,\"item\":{\"@id\":\"https:\/\/knjiznice.nsk.hr\/ston\/djecak-krtica-lisica-i-konj-charlie-mackesy\/#webpage\"}}]}]}<\/script>\n<!-- \/ Yoast SEO plugin. -->","_links":{"self":[{"href":"http:\/\/knjiznice.nsk.hr\/ston\/wp-json\/wp\/v2\/pages\/825"}],"collection":[{"href":"http:\/\/knjiznice.nsk.hr\/ston\/wp-json\/wp\/v2\/pages"}],"about":[{"href":"http:\/\/knjiznice.nsk.hr\/ston\/wp-json\/wp\/v2\/types\/page"}],"author":[{"embeddable":true,"href":"http:\/\/knjiznice.nsk.hr\/ston\/wp-json\/wp\/v2\/users\/55"}],"replies":[{"embeddable":true,"href":"http:\/\/knjiznice.nsk.hr\/ston\/wp-json\/wp\/v2\/comments?post=825"}],"version-history":[{"count":5,"href":"http:\/\/knjiznice.nsk.hr\/ston\/wp-json\/wp\/v2\/pages\/825\/revisions"}],"predecessor-version":[{"id":856,"href":"http:\/\/knjiznice.nsk.hr\/ston\/wp-json\/wp\/v2\/pages\/825\/revisions\/856"}],"wp:attachment":[{"href":"http:\/\/knjiznice.nsk.hr\/ston\/wp-json\/wp\/v2\/media?parent=825"}],"curies":[{"name":"wp","href":"https:\/\/api.w.org\/{rel}","templated":true}]}}