{"id":60,"date":"2020-09-10T08:27:09","date_gmt":"2020-09-10T08:27:09","guid":{"rendered":"http:\/\/knjiznice.nsk.hr\/ston\/?page_id=60"},"modified":"2026-04-13T09:02:13","modified_gmt":"2026-04-13T09:02:13","slug":"galerija-2","status":"publish","type":"page","link":"http:\/\/knjiznice.nsk.hr\/ston\/galerija-2\/","title":{"rendered":"GALERIJA"},"content":{"rendered":"<p><a href=\"https:\/\/knjiznice.nsk.hr\/ston\/galerija-dogadanja-2026-godine\/\">Galerija doga\u0111anja 2026. godine<\/a><\/p>\n<p><a href=\"http:\/\/knjiznice.nsk.hr\/ston\/2025-2\/\">Galerija doga\u0111anja 2025. godine<\/a><\/p>\n<p><a href=\"http:\/\/knjiznice.nsk.hr\/ston\/2024-2\/\">Galerija doga\u0111anja 2024. godine<\/a><\/p>\n<p><a href=\"http:\/\/knjiznice.nsk.hr\/ston\/2023-2\/\">Galerija doga\u0111anja 2023. godine<\/a><\/p>\n<p><a href=\"http:\/\/knjiznice.nsk.hr\/ston\/2022-2\/\">Galerija doga\u0111aja 2022. godine<\/a><\/p>\n<p><a href=\"http:\/\/knjiznice.nsk.hr\/ston\/2021-2\/\">Galerija doga\u0111aja 2021. godine<\/a><\/p>\n<p><a href=\"http:\/\/knjiznice.nsk.hr\/ston\/2020-3\/\">Galerija doga\u0111aja 2020. godine<\/a><\/p>\n<p><a href=\"http:\/\/knjiznice.nsk.hr\/ston\/2019-3\/\">Galerija doga\u0111aja 2019. godine<\/a><\/p>\n<p><a href=\"http:\/\/knjiznice.nsk.hr\/ston\/2018-2\/\">Galerija doga\u0111aja 2018. godine<\/a><\/p>\n","protected":false},"excerpt":{"rendered":"<p>Galerija doga\u0111anja 2026. godine Galerija doga\u0111anja 2025. godine Galerija doga\u0111anja 2024. godine Galerija doga\u0111anja 2023. godine Galerija doga\u0111aja 2022. godine Galerija doga\u0111aja 2021. godine Galerija doga\u0111aja 2020. godine Galerija doga\u0111aja 2019. godine Galerija doga\u0111aja 2018. godine<\/p>\n","protected":false},"author":55,"featured_media":0,"parent":0,"menu_order":0,"comment_status":"closed","ping_status":"closed","template":"","meta":{"ngg_post_thumbnail":0},"yoast_head":"<!-- This site is optimized with the Yoast SEO plugin v16.4 - https:\/\/yoast.com\/wordpress\/plugins\/seo\/ -->\n<meta name=\"robots\" content=\"index, follow, max-snippet:-1, max-image-preview:large, max-video-preview:-1\" \/>\n<link rel=\"canonical\" href=\"https:\/\/knjiznice.nsk.hr\/ston\/galerija-2\/\" \/>\n<meta property=\"og:locale\" content=\"hr_HR\" \/>\n<meta property=\"og:type\" content=\"article\" \/>\n<meta property=\"og:title\" content=\"GALERIJA &ndash; Narodna knji\u017enica Ston\" \/>\n<meta property=\"og:description\" content=\"Galerija doga\u0111anja 2026. godine Galerija doga\u0111anja 2025. godine Galerija doga\u0111anja 2024. godine Galerija doga\u0111anja 2023. godine Galerija doga\u0111aja 2022. godine Galerija doga\u0111aja 2021. godine Galerija doga\u0111aja 2020. godine Galerija doga\u0111aja 2019. godine Galerija doga\u0111aja 2018. godine\" \/>\n<meta property=\"og:url\" content=\"https:\/\/knjiznice.nsk.hr\/ston\/galerija-2\/\" \/>\n<meta property=\"og:site_name\" content=\"Narodna knji\u017enica Ston\" \/>\n<meta property=\"article:modified_time\" content=\"2026-04-13T09:02:13+00:00\" \/>\n<meta name=\"twitter:label1\" content=\"Procijenjeno vrijeme \u010ditanja\" \/>\n\t<meta name=\"twitter:data1\" content=\"1 minuta\" \/>\n<script type=\"application\/ld+json\" class=\"yoast-schema-graph\">{\"@context\":\"https:\/\/schema.org\",\"@graph\":[{\"@type\":\"WebSite\",\"@id\":\"http:\/\/knjiznice.nsk.hr\/ston\/#website\",\"url\":\"http:\/\/knjiznice.nsk.hr\/ston\/\",\"name\":\"Narodna knji\\u017enica Ston\",\"description\":\"\",\"potentialAction\":[{\"@type\":\"SearchAction\",\"target\":\"http:\/\/knjiznice.nsk.hr\/ston\/?s={search_term_string}\",\"query-input\":\"required name=search_term_string\"}],\"inLanguage\":\"hr\"},{\"@type\":\"WebPage\",\"@id\":\"https:\/\/knjiznice.nsk.hr\/ston\/galerija-2\/#webpage\",\"url\":\"https:\/\/knjiznice.nsk.hr\/ston\/galerija-2\/\",\"name\":\"GALERIJA &ndash; Narodna knji\\u017enica Ston\",\"isPartOf\":{\"@id\":\"http:\/\/knjiznice.nsk.hr\/ston\/#website\"},\"datePublished\":\"2020-09-10T08:27:09+00:00\",\"dateModified\":\"2026-04-13T09:02:13+00:00\",\"breadcrumb\":{\"@id\":\"https:\/\/knjiznice.nsk.hr\/ston\/galerija-2\/#breadcrumb\"},\"inLanguage\":\"hr\",\"potentialAction\":[{\"@type\":\"ReadAction\",\"target\":[\"https:\/\/knjiznice.nsk.hr\/ston\/galerija-2\/\"]}]},{\"@type\":\"BreadcrumbList\",\"@id\":\"https:\/\/knjiznice.nsk.hr\/ston\/galerija-2\/#breadcrumb\",\"itemListElement\":[{\"@type\":\"ListItem\",\"position\":1,\"item\":{\"@type\":\"WebPage\",\"@id\":\"http:\/\/knjiznice.nsk.hr\/ston\/\",\"url\":\"http:\/\/knjiznice.nsk.hr\/ston\/\",\"name\":\"Po\\u010detna stranica\"}},{\"@type\":\"ListItem\",\"position\":2,\"item\":{\"@id\":\"https:\/\/knjiznice.nsk.hr\/ston\/galerija-2\/#webpage\"}}]}]}<\/script>\n<!-- \/ Yoast SEO plugin. -->","_links":{"self":[{"href":"http:\/\/knjiznice.nsk.hr\/ston\/wp-json\/wp\/v2\/pages\/60"}],"collection":[{"href":"http:\/\/knjiznice.nsk.hr\/ston\/wp-json\/wp\/v2\/pages"}],"about":[{"href":"http:\/\/knjiznice.nsk.hr\/ston\/wp-json\/wp\/v2\/types\/page"}],"author":[{"embeddable":true,"href":"http:\/\/knjiznice.nsk.hr\/ston\/wp-json\/wp\/v2\/users\/55"}],"replies":[{"embeddable":true,"href":"http:\/\/knjiznice.nsk.hr\/ston\/wp-json\/wp\/v2\/comments?post=60"}],"version-history":[{"count":54,"href":"http:\/\/knjiznice.nsk.hr\/ston\/wp-json\/wp\/v2\/pages\/60\/revisions"}],"predecessor-version":[{"id":4547,"href":"http:\/\/knjiznice.nsk.hr\/ston\/wp-json\/wp\/v2\/pages\/60\/revisions\/4547"}],"wp:attachment":[{"href":"http:\/\/knjiznice.nsk.hr\/ston\/wp-json\/wp\/v2\/media?parent=60"}],"curies":[{"name":"wp","href":"https:\/\/api.w.org\/{rel}","templated":true}]}}