{"id":59,"date":"2020-09-10T08:27:09","date_gmt":"2020-09-10T08:27:09","guid":{"rendered":"http:\/\/knjiznice.nsk.hr\/ston\/?page_id=59"},"modified":"2023-01-11T10:45:37","modified_gmt":"2023-01-11T10:45:37","slug":"cjenik","status":"publish","type":"page","link":"http:\/\/knjiznice.nsk.hr\/ston\/cjenik\/","title":{"rendered":"CJENIK"},"content":{"rendered":"<ul>\n<li><a href=\"http:\/\/knjiznice.nsk.hr\/ston\/wp-content\/uploads\/sites\/12\/2020\/09\/PRISTUPNICA-ZA-ODRASLE-CLANOVE.docx\" data-wahfont=\"16\">Pristupnica za odrasle \u010dlanove<\/a><\/li>\n<li><a href=\"http:\/\/knjiznice.nsk.hr\/ston\/wp-content\/uploads\/sites\/12\/2020\/09\/PRISTUPNICA-ZA-CLANOVE-DO-16-G..doc\" data-wahfont=\"16\">Pristupnica za \u010dlanove do 16 godina<\/a><\/li>\n<\/ul>\n<p><strong>Godi\u0161nja \u010dlanarina<\/strong><\/p>\n<table style=\"height: 253px\" width=\"633\">\n<tbody>\n<tr>\n<td width=\"206\">Odrasli<\/td>\n<td width=\"206\">&nbsp;9 \u20ac<\/td>\n<td width=\"206\">&nbsp;<\/td>\n<\/tr>\n<tr>\n<td width=\"206\">U\u010denici i studenti<\/td>\n<td width=\"206\">&nbsp;5 \u20ac<\/td>\n<td width=\"206\">&nbsp;<\/td>\n<\/tr>\n<tr>\n<td width=\"206\">Umirovljenici<\/td>\n<td width=\"206\">&nbsp;5 \u20ac<\/td>\n<td width=\"206\">&nbsp;<\/td>\n<\/tr>\n<tr>\n<td width=\"206\">Upisi do 3 mjeseca<\/td>\n<td width=\"206\">&nbsp;4 \u20ac<\/td>\n<td width=\"206\">&nbsp;<\/td>\n<\/tr>\n<\/tbody>\n<\/table>\n<p><strong>Posudba knji\u017eni\u010dne gra\u0111e<\/strong><\/p>\n<p>Zakasnina za knjige (po naslovu i po danu)&nbsp; &nbsp; &nbsp; &nbsp; &nbsp; &nbsp; &nbsp; &nbsp; &nbsp; &nbsp; &nbsp; &nbsp; &nbsp; &nbsp; &nbsp; &nbsp; &nbsp;0,07 \u20ac<\/p>\n<p>Zakasnina za AV gra\u0111u&nbsp; &nbsp; &nbsp; &nbsp; &nbsp; &nbsp; &nbsp; &nbsp; &nbsp; &nbsp; &nbsp; &nbsp; &nbsp; &nbsp; &nbsp; &nbsp; &nbsp; &nbsp; &nbsp; &nbsp; &nbsp; &nbsp; &nbsp; &nbsp; &nbsp; &nbsp; &nbsp; &nbsp; &nbsp; &nbsp; &nbsp; &nbsp;0, 34 \u20ac<\/p>\n<p>Maksimalan iznos zakasnine&nbsp; &nbsp; &nbsp; &nbsp; &nbsp; &nbsp; &nbsp; &nbsp; &nbsp; &nbsp; &nbsp; &nbsp; &nbsp; &nbsp; &nbsp; &nbsp; &nbsp; &nbsp; &nbsp; &nbsp; &nbsp; &nbsp; &nbsp; &nbsp; &nbsp; &nbsp; &nbsp;20,00 \u20ac<\/p>\n<p>Me\u0111uknji\u017eni\u010dna&nbsp; posudba&nbsp; &nbsp; &nbsp; &nbsp; &nbsp; &nbsp; &nbsp; &nbsp; &nbsp; &nbsp; &nbsp; &nbsp; &nbsp; &nbsp; &nbsp; &nbsp; &nbsp; &nbsp; &nbsp; &nbsp; &nbsp; &nbsp; &nbsp; &nbsp; &nbsp; &nbsp; &nbsp; &nbsp; &nbsp; &nbsp; &nbsp; &nbsp; &nbsp;4 \u20ac&nbsp; &nbsp; &nbsp; &nbsp; &nbsp; &nbsp; &nbsp; &nbsp; &nbsp; &nbsp; &nbsp; &nbsp; &nbsp; &nbsp; &nbsp; &nbsp; &nbsp; &nbsp; &nbsp; &nbsp; &nbsp; &nbsp; &nbsp; &nbsp; &nbsp; &nbsp; &nbsp; &nbsp;<\/p>\n<p><strong>&nbsp;&nbsp;&nbsp;&nbsp;&nbsp;&nbsp;&nbsp;&nbsp;&nbsp;&nbsp;&nbsp;&nbsp;&nbsp;&nbsp;&nbsp;&nbsp;&nbsp;&nbsp;&nbsp;&nbsp;&nbsp;&nbsp;&nbsp;&nbsp;&nbsp;&nbsp;&nbsp;&nbsp;&nbsp;&nbsp;&nbsp;&nbsp;&nbsp;&nbsp;&nbsp;&nbsp;&nbsp;&nbsp;&nbsp;&nbsp;&nbsp;&nbsp;&nbsp;&nbsp;&nbsp;&nbsp;&nbsp;&nbsp;&nbsp;&nbsp;&nbsp;&nbsp;&nbsp;&nbsp;&nbsp;&nbsp;&nbsp;&nbsp; &nbsp;&nbsp;&nbsp;&nbsp; <\/strong><strong>Ra\u010dunalne usluge<\/strong><\/p>\n<table style=\"height: 49px\" width=\"557\">\n<tbody>\n<tr>\n<td width=\"435\">&nbsp;<\/td>\n<td width=\"85\">&nbsp;<\/td>\n<td width=\"84\">&nbsp;<\/td>\n<\/tr>\n<tr>\n<td width=\"45\">Internet<\/td>\n<td width=\"435\">&nbsp;<\/td>\n<td width=\"85\">&nbsp;<\/td>\n<\/tr>\n<\/tbody>\n<\/table>\n<p>Za&nbsp; \u010dlanove knji\u017enice&nbsp; &nbsp; &nbsp; &nbsp; &nbsp; &nbsp; &nbsp; &nbsp; &nbsp; &nbsp; &nbsp; &nbsp; &nbsp; &nbsp; 0,00 \u20ac &#8211; 60 min<\/p>\n<p>Za ostale korisnike&nbsp; &nbsp; &nbsp; &nbsp; &nbsp; &nbsp; &nbsp; &nbsp; &nbsp; &nbsp; &nbsp; &nbsp; &nbsp; &nbsp; &nbsp; &nbsp; &nbsp; 0,7 \u20ac &#8211; 60 min<\/p>\n<p>&nbsp;<\/p>\n<p><strong>O\u0161te\u0107ena ili izgubljena gra\u0111a nadokna\u0111uje se:<\/strong><\/p>\n<ul>\n<li>istim naslovom knji\u017eni\u010dne gra\u0111e ili nov\u010danim iznosom prema nabavnoj cijeni nove gra\u0111e u trenutku vra\u0107anja odnosno naknade,<\/li>\n<li>izuzetno drugom jednakovrijednom knji\u017eni\u010dnom gra\u0111om koja se odredi dogovorno s ravnateljem.&nbsp;<\/li>\n<\/ul>\n","protected":false},"excerpt":{"rendered":"<p>Pristupnica za odrasle \u010dlanove Pristupnica za \u010dlanove do 16 godina Godi\u0161nja \u010dlanarina Odrasli &nbsp;9 \u20ac &nbsp; U\u010denici i studenti &nbsp;5 \u20ac &nbsp; Umirovljenici &nbsp;5 \u20ac &nbsp; Upisi do 3 mjeseca &nbsp;4 \u20ac &nbsp; Posudba knji\u017eni\u010dne gra\u0111e Zakasnina za knjige (po naslovu i po danu)&nbsp; &nbsp; &nbsp; &nbsp; &nbsp; &nbsp; &nbsp; &nbsp; &nbsp; &nbsp; &nbsp; &nbsp; [&hellip;]<\/p>\n","protected":false},"author":55,"featured_media":0,"parent":0,"menu_order":0,"comment_status":"closed","ping_status":"closed","template":"","meta":{"ngg_post_thumbnail":0},"yoast_head":"<!-- This site is optimized with the Yoast SEO plugin v16.4 - https:\/\/yoast.com\/wordpress\/plugins\/seo\/ -->\n<meta name=\"robots\" content=\"index, follow, max-snippet:-1, max-image-preview:large, max-video-preview:-1\" \/>\n<link rel=\"canonical\" href=\"http:\/\/knjiznice.nsk.hr\/ston\/cjenik\/\" \/>\n<meta property=\"og:locale\" content=\"hr_HR\" \/>\n<meta property=\"og:type\" content=\"article\" \/>\n<meta property=\"og:title\" content=\"CJENIK &ndash; Narodna knji\u017enica Ston\" \/>\n<meta property=\"og:description\" content=\"Pristupnica za odrasle \u010dlanove Pristupnica za \u010dlanove do 16 godina Godi\u0161nja \u010dlanarina Odrasli &nbsp;9 \u20ac &nbsp; U\u010denici i studenti &nbsp;5 \u20ac &nbsp; Umirovljenici &nbsp;5 \u20ac &nbsp; Upisi do 3 mjeseca &nbsp;4 \u20ac &nbsp; Posudba knji\u017eni\u010dne gra\u0111e Zakasnina za knjige (po naslovu i po danu)&nbsp; &nbsp; &nbsp; &nbsp; &nbsp; &nbsp; &nbsp; &nbsp; &nbsp; &nbsp; &nbsp; &nbsp; [&hellip;]\" \/>\n<meta property=\"og:url\" content=\"http:\/\/knjiznice.nsk.hr\/ston\/cjenik\/\" \/>\n<meta property=\"og:site_name\" content=\"Narodna knji\u017enica Ston\" \/>\n<meta property=\"article:modified_time\" content=\"2023-01-11T10:45:37+00:00\" \/>\n<meta name=\"twitter:label1\" content=\"Procijenjeno vrijeme \u010ditanja\" \/>\n\t<meta name=\"twitter:data1\" content=\"2 minute\" \/>\n<script type=\"application\/ld+json\" class=\"yoast-schema-graph\">{\"@context\":\"https:\/\/schema.org\",\"@graph\":[{\"@type\":\"WebSite\",\"@id\":\"https:\/\/knjiznice.nsk.hr\/ston\/#website\",\"url\":\"https:\/\/knjiznice.nsk.hr\/ston\/\",\"name\":\"Narodna knji\\u017enica Ston\",\"description\":\"\",\"potentialAction\":[{\"@type\":\"SearchAction\",\"target\":\"https:\/\/knjiznice.nsk.hr\/ston\/?s={search_term_string}\",\"query-input\":\"required name=search_term_string\"}],\"inLanguage\":\"hr\"},{\"@type\":\"WebPage\",\"@id\":\"http:\/\/knjiznice.nsk.hr\/ston\/cjenik\/#webpage\",\"url\":\"http:\/\/knjiznice.nsk.hr\/ston\/cjenik\/\",\"name\":\"CJENIK &ndash; Narodna knji\\u017enica Ston\",\"isPartOf\":{\"@id\":\"https:\/\/knjiznice.nsk.hr\/ston\/#website\"},\"datePublished\":\"2020-09-10T08:27:09+00:00\",\"dateModified\":\"2023-01-11T10:45:37+00:00\",\"breadcrumb\":{\"@id\":\"http:\/\/knjiznice.nsk.hr\/ston\/cjenik\/#breadcrumb\"},\"inLanguage\":\"hr\",\"potentialAction\":[{\"@type\":\"ReadAction\",\"target\":[\"http:\/\/knjiznice.nsk.hr\/ston\/cjenik\/\"]}]},{\"@type\":\"BreadcrumbList\",\"@id\":\"http:\/\/knjiznice.nsk.hr\/ston\/cjenik\/#breadcrumb\",\"itemListElement\":[{\"@type\":\"ListItem\",\"position\":1,\"item\":{\"@type\":\"WebPage\",\"@id\":\"https:\/\/knjiznice.nsk.hr\/ston\/\",\"url\":\"https:\/\/knjiznice.nsk.hr\/ston\/\",\"name\":\"Po\\u010detna stranica\"}},{\"@type\":\"ListItem\",\"position\":2,\"item\":{\"@id\":\"http:\/\/knjiznice.nsk.hr\/ston\/cjenik\/#webpage\"}}]}]}<\/script>\n<!-- \/ Yoast SEO plugin. -->","_links":{"self":[{"href":"http:\/\/knjiznice.nsk.hr\/ston\/wp-json\/wp\/v2\/pages\/59"}],"collection":[{"href":"http:\/\/knjiznice.nsk.hr\/ston\/wp-json\/wp\/v2\/pages"}],"about":[{"href":"http:\/\/knjiznice.nsk.hr\/ston\/wp-json\/wp\/v2\/types\/page"}],"author":[{"embeddable":true,"href":"http:\/\/knjiznice.nsk.hr\/ston\/wp-json\/wp\/v2\/users\/55"}],"replies":[{"embeddable":true,"href":"http:\/\/knjiznice.nsk.hr\/ston\/wp-json\/wp\/v2\/comments?post=59"}],"version-history":[{"count":20,"href":"http:\/\/knjiznice.nsk.hr\/ston\/wp-json\/wp\/v2\/pages\/59\/revisions"}],"predecessor-version":[{"id":1925,"href":"http:\/\/knjiznice.nsk.hr\/ston\/wp-json\/wp\/v2\/pages\/59\/revisions\/1925"}],"wp:attachment":[{"href":"http:\/\/knjiznice.nsk.hr\/ston\/wp-json\/wp\/v2\/media?parent=59"}],"curies":[{"name":"wp","href":"https:\/\/api.w.org\/{rel}","templated":true}]}}