{"id":4549,"date":"2026-04-13T09:04:21","date_gmt":"2026-04-13T09:04:21","guid":{"rendered":"https:\/\/knjiznice.nsk.hr\/ston\/?page_id=4549"},"modified":"2026-04-13T09:04:21","modified_gmt":"2026-04-13T09:04:21","slug":"2026-2","status":"publish","type":"page","link":"http:\/\/knjiznice.nsk.hr\/ston\/2026-2\/","title":{"rendered":"2026."},"content":{"rendered":"<div class=\"ngg-albumoverview\">\n            <div class=\"ngg-album-compact\">\n            <div class=\"ngg-album-compactbox\">\n                <div class=\"ngg-album-link\">\n                                        <a title='Predstavljanje knjige  Sada Josipe Pavi\u010di\u0107'\n                       href='http:\/\/knjiznice.nsk.hr\/ston\/2026-2\/nggallery\/predstavljanje-knjige-sada-josipa-pavicic\/predstavljanje-knjige-sada-josipe-pavicic'>\n                        <img class=\"Thumb\"\n                             alt=\"Predstavljanje knjige  Sada Josipe Pavi\u010di\u0107\"\n                             src=\"http:\/\/knjiznice.nsk.hr\/ston\/wp-content\/uploads\/sites\/12\/nggallery\/predstavljanje-knjige-sada-josipe-pavicic\/cache\/647116129_1249534727280322_5557583731350092294_n.jpg-nggid041550-ngg0dyn-240x160x100-00f0w010c011r110f110r010t010.jpg\"\/>\n                    <\/a>\n                                    <\/div>\n            <\/div>\n                        <h4>\n                <a class='ngg-album-desc' title='Predstavljanje knjige  Sada Josipe Pavi\u010di\u0107'\n                       href='http:\/\/knjiznice.nsk.hr\/ston\/2026-2\/nggallery\/predstavljanje-knjige-sada-josipa-pavicic\/predstavljanje-knjige-sada-josipe-pavicic'style=\"max-width: 260px\">Predstavljanje knjige  Sada Josipe Pavi\u010di\u0107<\/a>\n            <\/h4>\n            <p class=\"ngg-album-gallery-image-counter\">\n                                    <strong>5<\/strong>&nbsp;Photos                            <\/p>\n        <\/div>\n            <div class=\"ngg-album-compact\">\n            <div class=\"ngg-album-compactbox\">\n                <div class=\"ngg-album-link\">\n                                        <a title='Radionica Penganje po bursama'\n                       href='http:\/\/knjiznice.nsk.hr\/ston\/2026-2\/nggallery\/uskrsne-radionice\/radionica-penganje-po-bursama'>\n                        <img class=\"Thumb\"\n                             alt=\"Radionica Penganje po bursama\"\n                             src=\"http:\/\/knjiznice.nsk.hr\/ston\/wp-content\/uploads\/sites\/12\/nggallery\/radionica-penganje-po-bursama\/cache\/660509334_1270973875136407_7675834977159967204_n.jpg-nggid041578-ngg0dyn-240x160x100-00f0w010c011r110f110r010t010.jpg\"\/>\n                    <\/a>\n                                    <\/div>\n            <\/div>\n                        <h4>\n                <a class='ngg-album-desc' title='Radionica Penganje po bursama'\n                       href='http:\/\/knjiznice.nsk.hr\/ston\/2026-2\/nggallery\/uskrsne-radionice\/radionica-penganje-po-bursama'style=\"max-width: 260px\">Radionica Penganje po bursama<\/a>\n            <\/h4>\n            <p class=\"ngg-album-gallery-image-counter\">\n                                    <strong>8<\/strong>&nbsp;Photos                            <\/p>\n        <\/div>\n            <div class=\"ngg-album-compact\">\n            <div class=\"ngg-album-compactbox\">\n                <div class=\"ngg-album-link\">\n                                        <a title='Uskrsna radionica pletenja pomica'\n                       href='http:\/\/knjiznice.nsk.hr\/ston\/2026-2\/nggallery\/uskrsne-radionice\/uskrsna-radionica-pletenja-pomica'>\n                        <img class=\"Thumb\"\n                             alt=\"Uskrsna radionica pletenja pomica\"\n                             src=\"http:\/\/knjiznice.nsk.hr\/ston\/wp-content\/uploads\/sites\/12\/nggallery\/uskrsna-radionica-pletenja-pomica\/cache\/657258776_1265503185683476_5775601911269355261_n.jpg-nggid041572-ngg0dyn-240x160x100-00f0w010c011r110f110r010t010.jpg\"\/>\n                    <\/a>\n                                    <\/div>\n            <\/div>\n                        <h4>\n                <a class='ngg-album-desc' title='Uskrsna radionica pletenja pomica'\n                       href='http:\/\/knjiznice.nsk.hr\/ston\/2026-2\/nggallery\/uskrsne-radionice\/uskrsna-radionica-pletenja-pomica'style=\"max-width: 260px\">Uskrsna radionica pletenja pomica<\/a>\n            <\/h4>\n            <p class=\"ngg-album-gallery-image-counter\">\n                                    <strong>7<\/strong>&nbsp;Photos                            <\/p>\n        <\/div>\n            <div class=\"ngg-album-compact\">\n            <div class=\"ngg-album-compactbox\">\n                <div class=\"ngg-album-link\">\n                                        <a title='Radionica penganja jaja'\n                       href='http:\/\/knjiznice.nsk.hr\/ston\/2026-2\/nggallery\/uskrsne-radionice\/radionica-penganja-jaja'>\n                        <img class=\"Thumb\"\n                             alt=\"Radionica penganja jaja\"\n                             src=\"http:\/\/knjiznice.nsk.hr\/ston\/wp-content\/uploads\/sites\/12\/nggallery\/radionica-penganja-jaja\/cache\/657582913_1269487555285039_1319098640690144037_n.jpg-nggid041561-ngg0dyn-240x160x100-00f0w010c011r110f110r010t010.jpg\"\/>\n                    <\/a>\n                                    <\/div>\n            <\/div>\n                        <h4>\n                <a class='ngg-album-desc' title='Radionica penganja jaja'\n                       href='http:\/\/knjiznice.nsk.hr\/ston\/2026-2\/nggallery\/uskrsne-radionice\/radionica-penganja-jaja'style=\"max-width: 260px\">Radionica penganja jaja<\/a>\n            <\/h4>\n            <p class=\"ngg-album-gallery-image-counter\">\n                                    <strong>9<\/strong>&nbsp;Photos                            <\/p>\n        <\/div>\n            <div class=\"ngg-album-compact\">\n            <div class=\"ngg-album-compactbox\">\n                <div class=\"ngg-album-link\">\n                                        <a title='Radionica Uskrsne golubice'\n                       href='http:\/\/knjiznice.nsk.hr\/ston\/2026-2\/nggallery\/uskrsne-radionice\/radionica-uskrsne-golubice-4'>\n                        <img class=\"Thumb\"\n                             alt=\"Radionica Uskrsne golubice\"\n                             src=\"http:\/\/knjiznice.nsk.hr\/ston\/wp-content\/uploads\/sites\/12\/nggallery\/radionica-uskrsne-golubice-3\/cache\/651277187_1257449749822153_963589986957555278_n.jpg-nggid041553-ngg0dyn-240x160x100-00f0w010c011r110f110r010t010.jpg\"\/>\n                    <\/a>\n                                    <\/div>\n            <\/div>\n                        <h4>\n                <a class='ngg-album-desc' title='Radionica Uskrsne golubice'\n                       href='http:\/\/knjiznice.nsk.hr\/ston\/2026-2\/nggallery\/uskrsne-radionice\/radionica-uskrsne-golubice-4'style=\"max-width: 260px\">Radionica Uskrsne golubice<\/a>\n            <\/h4>\n            <p class=\"ngg-album-gallery-image-counter\">\n                                    <strong>7<\/strong>&nbsp;Photos                            <\/p>\n        <\/div>\n            <div class=\"ngg-album-compact\">\n            <div class=\"ngg-album-compactbox\">\n                <div class=\"ngg-album-link\">\n                                        <a title='Predstavljanje knjige Tre\u0107i \u017eivot Marica \u017daneti\u0107 Malenica'\n                       href='http:\/\/knjiznice.nsk.hr\/ston\/2026-2\/nggallery\/predstavljanje-knjige-treci-zivot-marica-zanetic-malenica\/predstavljanje-knjige-treci-zivot-marica-zanetic-malenica'>\n                        <img class=\"Thumb\"\n                             alt=\"Predstavljanje knjige Tre\u0107i \u017eivot Marica \u017daneti\u0107 Malenica\"\n                             src=\"http:\/\/knjiznice.nsk.hr\/ston\/wp-content\/uploads\/sites\/12\/nggallery\/predstavljanje-knjige-treci-zivot-marica-zanetic-malenica\/cache\/669554071_1277535271146934_7266304346565614632_n.jpg-nggid041584-ngg0dyn-240x160x100-00f0w010c011r110f110r010t010.jpg\"\/>\n                    <\/a>\n                                    <\/div>\n            <\/div>\n                        <h4>\n                <a class='ngg-album-desc' title='Predstavljanje knjige Tre\u0107i \u017eivot Marica \u017daneti\u0107 Malenica'\n                       href='http:\/\/knjiznice.nsk.hr\/ston\/2026-2\/nggallery\/predstavljanje-knjige-treci-zivot-marica-zanetic-malenica\/predstavljanje-knjige-treci-zivot-marica-zanetic-malenica'style=\"max-width: 260px\">Predstavljanje knjige Tre\u0107i \u017eivot Marica \u017daneti\u0107 Malenica<\/a>\n            <\/h4>\n            <p class=\"ngg-album-gallery-image-counter\">\n                                    <strong>5<\/strong>&nbsp;Photos                            <\/p>\n        <\/div>\n        <br class=\"ngg-clear\"\/>\n    <div class='ngg-clear'><\/div><\/div>\n\n","protected":false},"excerpt":{"rendered":"","protected":false},"author":55,"featured_media":0,"parent":0,"menu_order":0,"comment_status":"closed","ping_status":"closed","template":"","meta":{"ngg_post_thumbnail":0},"yoast_head":"<!-- This site is optimized with the Yoast SEO plugin v16.4 - https:\/\/yoast.com\/wordpress\/plugins\/seo\/ -->\n<meta name=\"robots\" content=\"index, follow, max-snippet:-1, max-image-preview:large, max-video-preview:-1\" \/>\n<link rel=\"canonical\" href=\"http:\/\/knjiznice.nsk.hr\/ston\/2026-2\/\" \/>\n<meta property=\"og:locale\" content=\"hr_HR\" \/>\n<meta property=\"og:type\" content=\"article\" \/>\n<meta property=\"og:title\" content=\"2026. &ndash; Narodna knji\u017enica Ston\" \/>\n<meta property=\"og:url\" content=\"http:\/\/knjiznice.nsk.hr\/ston\/2026-2\/\" \/>\n<meta property=\"og:site_name\" content=\"Narodna knji\u017enica Ston\" \/>\n<meta name=\"twitter:label1\" content=\"Procijenjeno vrijeme \u010ditanja\" \/>\n\t<meta name=\"twitter:data1\" content=\"1 minuta\" \/>\n<script type=\"application\/ld+json\" class=\"yoast-schema-graph\">{\"@context\":\"https:\/\/schema.org\",\"@graph\":[{\"@type\":\"WebSite\",\"@id\":\"http:\/\/knjiznice.nsk.hr\/ston\/#website\",\"url\":\"http:\/\/knjiznice.nsk.hr\/ston\/\",\"name\":\"Narodna knji\\u017enica Ston\",\"description\":\"\",\"potentialAction\":[{\"@type\":\"SearchAction\",\"target\":\"http:\/\/knjiznice.nsk.hr\/ston\/?s={search_term_string}\",\"query-input\":\"required name=search_term_string\"}],\"inLanguage\":\"hr\"},{\"@type\":\"WebPage\",\"@id\":\"http:\/\/knjiznice.nsk.hr\/ston\/2026-2\/#webpage\",\"url\":\"http:\/\/knjiznice.nsk.hr\/ston\/2026-2\/\",\"name\":\"2026. &ndash; Narodna knji\\u017enica Ston\",\"isPartOf\":{\"@id\":\"http:\/\/knjiznice.nsk.hr\/ston\/#website\"},\"datePublished\":\"2026-04-13T09:04:21+00:00\",\"dateModified\":\"2026-04-13T09:04:21+00:00\",\"breadcrumb\":{\"@id\":\"http:\/\/knjiznice.nsk.hr\/ston\/2026-2\/#breadcrumb\"},\"inLanguage\":\"hr\",\"potentialAction\":[{\"@type\":\"ReadAction\",\"target\":[\"http:\/\/knjiznice.nsk.hr\/ston\/2026-2\/\"]}]},{\"@type\":\"BreadcrumbList\",\"@id\":\"http:\/\/knjiznice.nsk.hr\/ston\/2026-2\/#breadcrumb\",\"itemListElement\":[{\"@type\":\"ListItem\",\"position\":1,\"item\":{\"@type\":\"WebPage\",\"@id\":\"http:\/\/knjiznice.nsk.hr\/ston\/\",\"url\":\"http:\/\/knjiznice.nsk.hr\/ston\/\",\"name\":\"Po\\u010detna stranica\"}},{\"@type\":\"ListItem\",\"position\":2,\"item\":{\"@id\":\"http:\/\/knjiznice.nsk.hr\/ston\/2026-2\/#webpage\"}}]}]}<\/script>\n<!-- \/ Yoast SEO plugin. -->","_links":{"self":[{"href":"http:\/\/knjiznice.nsk.hr\/ston\/wp-json\/wp\/v2\/pages\/4549"}],"collection":[{"href":"http:\/\/knjiznice.nsk.hr\/ston\/wp-json\/wp\/v2\/pages"}],"about":[{"href":"http:\/\/knjiznice.nsk.hr\/ston\/wp-json\/wp\/v2\/types\/page"}],"author":[{"embeddable":true,"href":"http:\/\/knjiznice.nsk.hr\/ston\/wp-json\/wp\/v2\/users\/55"}],"replies":[{"embeddable":true,"href":"http:\/\/knjiznice.nsk.hr\/ston\/wp-json\/wp\/v2\/comments?post=4549"}],"version-history":[{"count":1,"href":"http:\/\/knjiznice.nsk.hr\/ston\/wp-json\/wp\/v2\/pages\/4549\/revisions"}],"predecessor-version":[{"id":4550,"href":"http:\/\/knjiznice.nsk.hr\/ston\/wp-json\/wp\/v2\/pages\/4549\/revisions\/4550"}],"wp:attachment":[{"href":"http:\/\/knjiznice.nsk.hr\/ston\/wp-json\/wp\/v2\/media?parent=4549"}],"curies":[{"name":"wp","href":"https:\/\/api.w.org\/{rel}","templated":true}]}}