{"id":3924,"date":"2026-01-29T10:51:26","date_gmt":"2026-01-29T10:51:26","guid":{"rendered":"http:\/\/knjiznice.nsk.hr\/ston\/?page_id=3924"},"modified":"2026-03-23T08:21:10","modified_gmt":"2026-03-23T08:21:10","slug":"financijski-izvjestaj-za-2025-godinu","status":"publish","type":"page","link":"http:\/\/knjiznice.nsk.hr\/ston\/financijski-izvjestaj-za-2025-godinu\/","title":{"rendered":"Financijski izvje\u0161taj za 2026. godinu"},"content":{"rendered":"<p>&nbsp;<\/p>\n<ul>\n<li><a href=\"http:\/\/knjiznice.nsk.hr\/ston\/wp-content\/uploads\/sites\/12\/2026\/03\/Ispis-izvrsenja-proracuna-2025-NK-STON-6-2.pdf\">Izvr\u0161enja prora\u010duna za 2025.&nbsp;<\/a><\/li>\n<li><a href=\"http:\/\/knjiznice.nsk.hr\/ston\/wp-content\/uploads\/sites\/12\/2026\/03\/Narodna-knjiznica-Ston-OBRAZLOZENJE-2025-2.pdf\">Obrazlo\u017eenje prora\u010duna za 2025.&nbsp;&nbsp;<\/a><\/li>\n<\/ul>\n<p>&nbsp;<\/p>\n<ul>\n<li><a href=\"http:\/\/knjiznice.nsk.hr\/ston\/wp-content\/uploads\/sites\/12\/2026\/01\/Obrasci_financijskih_izvjestaja_v_8.3.0-NK-STON-2025..pdf\">Financijski izvje\u0161taj 2025<\/a><\/li>\n<li><a href=\"http:\/\/knjiznice.nsk.hr\/ston\/wp-content\/uploads\/sites\/12\/2026\/01\/ref-25_20260129_0001.pdf\">Ref erentna stranica 2025<\/a><\/li>\n<li><a href=\"http:\/\/knjiznice.nsk.hr\/ston\/wp-content\/uploads\/sites\/12\/2026\/01\/Biljeske-uz-financijske-izvjestaje-razine-21-za-I-XII-2025-1.docx\">Bilje\u0161ke uz financijske izvje\u0161taje 2025<\/a><\/li>\n<li><a href=\"http:\/\/knjiznice.nsk.hr\/ston\/wp-content\/uploads\/sites\/12\/2026\/01\/Potvrda-5.pdf\">Potvrda o u\u010ditanom financijskom izvje\u0161\u0107u 2025.<\/a><\/li>\n<\/ul>\n<h6>&nbsp; &nbsp; &nbsp; &nbsp; &nbsp; &nbsp; &nbsp; &nbsp; &nbsp; &nbsp; &nbsp; &nbsp; &nbsp; &nbsp; &nbsp; &nbsp; &nbsp; &nbsp; &nbsp; &nbsp; &nbsp; &nbsp; &nbsp; &nbsp; &nbsp; &nbsp; &nbsp; &nbsp; &nbsp; &nbsp; &nbsp; &nbsp; &nbsp; &nbsp; &nbsp; &nbsp; &nbsp; &nbsp; &nbsp; Objavljeno 29. sije\u010dnja 2025.<\/h6>\n<ul>\n<li><a href=\"http:\/\/knjiznice.nsk.hr\/ston\/wp-content\/uploads\/sites\/12\/2025\/10\/Obrasci_financijskih_izvjestaja-09.2025.-NK-STON.pdf\">Financijski izvjeO\u0161taj I-IX 2025.<\/a><\/li>\n<li><a href=\"http:\/\/knjiznice.nsk.hr\/ston\/wp-content\/uploads\/sites\/12\/2025\/10\/Potvrda-3.pdf\">Potvrda o u\u010ditanom financijskom izvje\u0161taju I-IX 2025<\/a><\/li>\n<li><a href=\"http:\/\/knjiznice.nsk.hr\/ston\/wp-content\/uploads\/sites\/12\/2025\/10\/REFERENTA-SKEN_20251007_0001.pdf\">Referentna stranica I &#8211; IX 2025<\/a><\/li>\n<li><a href=\"http:\/\/knjiznice.nsk.hr\/ston\/wp-content\/uploads\/sites\/12\/2025\/10\/Biljeske-uz-financijske-izvjestaje-razine-21-za-I-IX-2025.docx\">Bilje\u0161ke uz financijske izvje\u0161taje&nbsp; I &#8211; IX 2025<\/a><\/li>\n<li><a href=\"http:\/\/knjiznice.nsk.hr\/ston\/wp-content\/uploads\/sites\/12\/2025\/07\/Ispis-izvrsenja-proracuna-2025-NK-STON-3-1.pdf\">Izvr\u0161enje&nbsp; prora\u010duna VI &#8211; 2025<\/a><\/li>\n<li><a href=\"http:\/\/knjiznice.nsk.hr\/ston\/wp-content\/uploads\/sites\/12\/2025\/07\/NK-Ston-Obrazlozenje-izvrsenja-1-6-2025-3.doc\">Obrazlo\u017eenje izvr\u0161enja prora\u010duna I-VI-2025<\/a><\/li>\n<li><a href=\"http:\/\/knjiznice.nsk.hr\/ston\/wp-content\/uploads\/sites\/12\/2025\/07\/Obrasci_financijskih_izvjestaja_v_8.2.0-01-06.2025-KNJIZNICA-STON-2-1.pdf\">Financijski izvje\u0161taj I-VI 2025<\/a><\/li>\n<li><a href=\"http:\/\/knjiznice.nsk.hr\/ston\/wp-content\/uploads\/sites\/12\/2025\/07\/Potvrda-o-ucitanom-izvjescu_20250707_0001.pdf\">Potvrda o u\u010ditanom financijskom izvje\u0161\u0107u I-VI 2025<\/a><\/li>\n<li><a href=\"http:\/\/knjiznice.nsk.hr\/ston\/wp-content\/uploads\/sites\/12\/2025\/07\/referentna-stranica-2025_20250707_0001.pdf\">Referentna stranica I-VI 2025<\/a><\/li>\n<li><a href=\"http:\/\/knjiznice.nsk.hr\/ston\/wp-content\/uploads\/sites\/12\/2025\/07\/Biljeske-uz-financijske-izvjestaje-I-VI-2025_20250707_0001-1.pdf\">Bilje\u0161ke uz financijske izvje\u0161taje I &#8211; VI 2025<\/a><\/li>\n<li><a href=\"http:\/\/knjiznice.nsk.hr\/ston\/wp-content\/uploads\/sites\/12\/2025\/04\/Kopija-Obrasci_financijskih_izvjestaja_v_8.2.0-NK-STON-01-03.2025.-1.pdf\">Financijski izvje\u0161taj za prvo tromjese\u010dje 2025.<\/a><\/li>\n<li>&nbsp;<a href=\"http:\/\/knjiznice.nsk.hr\/ston\/wp-content\/uploads\/sites\/12\/2025\/04\/Potvrda-1.pdf\">Potvrda o u\u010ditanom financijom izvje\u0161taju &#8211; prvo tromjese\u010dje 2025-<\/a><\/li>\n<li><a href=\"http:\/\/knjiznice.nsk.hr\/ston\/wp-content\/uploads\/sites\/12\/2025\/04\/referentna-stranica-prvo-tromjesecje-2025.pdf\">Referentna stranica &#8211; prvo tromjese\u010dje 2025<\/a><\/li>\n<li><a href=\"http:\/\/knjiznice.nsk.hr\/ston\/wp-content\/uploads\/sites\/12\/2025\/04\/biljeske-uz-financijska-izvjesca-prvo-tromjesecje-2025_20250410_0001.pdf\">Bilje\u0161ke uz financijska izvje\u0161\u0107a &#8211; prvo tromjese\u010dje 2025._<\/a><\/li>\n<\/ul>\n","protected":false},"excerpt":{"rendered":"<p>&nbsp; Izvr\u0161enja prora\u010duna za 2025.&nbsp; Obrazlo\u017eenje prora\u010duna za 2025.&nbsp;&nbsp; &nbsp; Financijski izvje\u0161taj 2025 Ref erentna stranica 2025 Bilje\u0161ke uz financijske izvje\u0161taje 2025 Potvrda o u\u010ditanom financijskom izvje\u0161\u0107u 2025. &nbsp; &nbsp; &nbsp; &nbsp; &nbsp; &nbsp; &nbsp; &nbsp; &nbsp; &nbsp; &nbsp; &nbsp; &nbsp; &nbsp; &nbsp; &nbsp; &nbsp; &nbsp; &nbsp; &nbsp; &nbsp; &nbsp; &nbsp; &nbsp; &nbsp; &nbsp; &nbsp; [&hellip;]<\/p>\n","protected":false},"author":55,"featured_media":0,"parent":0,"menu_order":0,"comment_status":"closed","ping_status":"closed","template":"","meta":{"ngg_post_thumbnail":0},"yoast_head":"<!-- This site is optimized with the Yoast SEO plugin v16.4 - https:\/\/yoast.com\/wordpress\/plugins\/seo\/ -->\n<meta name=\"robots\" content=\"index, follow, max-snippet:-1, max-image-preview:large, max-video-preview:-1\" \/>\n<link rel=\"canonical\" href=\"http:\/\/knjiznice.nsk.hr\/ston\/financijski-izvjestaj-za-2025-godinu\/\" \/>\n<meta property=\"og:locale\" content=\"hr_HR\" \/>\n<meta property=\"og:type\" content=\"article\" \/>\n<meta property=\"og:title\" content=\"Financijski izvje\u0161taj za 2026. godinu &ndash; Narodna knji\u017enica Ston\" \/>\n<meta property=\"og:description\" content=\"&nbsp; Izvr\u0161enja prora\u010duna za 2025.&nbsp; Obrazlo\u017eenje prora\u010duna za 2025.&nbsp;&nbsp; &nbsp; Financijski izvje\u0161taj 2025 Ref erentna stranica 2025 Bilje\u0161ke uz financijske izvje\u0161taje 2025 Potvrda o u\u010ditanom financijskom izvje\u0161\u0107u 2025. &nbsp; &nbsp; &nbsp; &nbsp; &nbsp; &nbsp; &nbsp; &nbsp; &nbsp; &nbsp; &nbsp; &nbsp; &nbsp; &nbsp; &nbsp; &nbsp; &nbsp; &nbsp; &nbsp; &nbsp; &nbsp; &nbsp; &nbsp; &nbsp; &nbsp; &nbsp; &nbsp; [&hellip;]\" \/>\n<meta property=\"og:url\" content=\"http:\/\/knjiznice.nsk.hr\/ston\/financijski-izvjestaj-za-2025-godinu\/\" \/>\n<meta property=\"og:site_name\" content=\"Narodna knji\u017enica Ston\" \/>\n<meta property=\"article:modified_time\" content=\"2026-03-23T08:21:10+00:00\" \/>\n<meta name=\"twitter:label1\" content=\"Procijenjeno vrijeme \u010ditanja\" \/>\n\t<meta name=\"twitter:data1\" content=\"1 minuta\" \/>\n<script type=\"application\/ld+json\" class=\"yoast-schema-graph\">{\"@context\":\"https:\/\/schema.org\",\"@graph\":[{\"@type\":\"WebSite\",\"@id\":\"http:\/\/knjiznice.nsk.hr\/ston\/#website\",\"url\":\"http:\/\/knjiznice.nsk.hr\/ston\/\",\"name\":\"Narodna knji\\u017enica Ston\",\"description\":\"\",\"potentialAction\":[{\"@type\":\"SearchAction\",\"target\":\"http:\/\/knjiznice.nsk.hr\/ston\/?s={search_term_string}\",\"query-input\":\"required name=search_term_string\"}],\"inLanguage\":\"hr\"},{\"@type\":\"WebPage\",\"@id\":\"http:\/\/knjiznice.nsk.hr\/ston\/financijski-izvjestaj-za-2025-godinu\/#webpage\",\"url\":\"http:\/\/knjiznice.nsk.hr\/ston\/financijski-izvjestaj-za-2025-godinu\/\",\"name\":\"Financijski izvje\\u0161taj za 2026. godinu &ndash; Narodna knji\\u017enica Ston\",\"isPartOf\":{\"@id\":\"http:\/\/knjiznice.nsk.hr\/ston\/#website\"},\"datePublished\":\"2026-01-29T10:51:26+00:00\",\"dateModified\":\"2026-03-23T08:21:10+00:00\",\"breadcrumb\":{\"@id\":\"http:\/\/knjiznice.nsk.hr\/ston\/financijski-izvjestaj-za-2025-godinu\/#breadcrumb\"},\"inLanguage\":\"hr\",\"potentialAction\":[{\"@type\":\"ReadAction\",\"target\":[\"http:\/\/knjiznice.nsk.hr\/ston\/financijski-izvjestaj-za-2025-godinu\/\"]}]},{\"@type\":\"BreadcrumbList\",\"@id\":\"http:\/\/knjiznice.nsk.hr\/ston\/financijski-izvjestaj-za-2025-godinu\/#breadcrumb\",\"itemListElement\":[{\"@type\":\"ListItem\",\"position\":1,\"item\":{\"@type\":\"WebPage\",\"@id\":\"http:\/\/knjiznice.nsk.hr\/ston\/\",\"url\":\"http:\/\/knjiznice.nsk.hr\/ston\/\",\"name\":\"Po\\u010detna stranica\"}},{\"@type\":\"ListItem\",\"position\":2,\"item\":{\"@id\":\"http:\/\/knjiznice.nsk.hr\/ston\/financijski-izvjestaj-za-2025-godinu\/#webpage\"}}]}]}<\/script>\n<!-- \/ Yoast SEO plugin. -->","_links":{"self":[{"href":"http:\/\/knjiznice.nsk.hr\/ston\/wp-json\/wp\/v2\/pages\/3924"}],"collection":[{"href":"http:\/\/knjiznice.nsk.hr\/ston\/wp-json\/wp\/v2\/pages"}],"about":[{"href":"http:\/\/knjiznice.nsk.hr\/ston\/wp-json\/wp\/v2\/types\/page"}],"author":[{"embeddable":true,"href":"http:\/\/knjiznice.nsk.hr\/ston\/wp-json\/wp\/v2\/users\/55"}],"replies":[{"embeddable":true,"href":"http:\/\/knjiznice.nsk.hr\/ston\/wp-json\/wp\/v2\/comments?post=3924"}],"version-history":[{"count":11,"href":"http:\/\/knjiznice.nsk.hr\/ston\/wp-json\/wp\/v2\/pages\/3924\/revisions"}],"predecessor-version":[{"id":4468,"href":"http:\/\/knjiznice.nsk.hr\/ston\/wp-json\/wp\/v2\/pages\/3924\/revisions\/4468"}],"wp:attachment":[{"href":"http:\/\/knjiznice.nsk.hr\/ston\/wp-json\/wp\/v2\/media?parent=3924"}],"curies":[{"name":"wp","href":"https:\/\/api.w.org\/{rel}","templated":true}]}}