{"id":3682,"date":"2025-01-03T10:53:52","date_gmt":"2025-01-03T10:53:52","guid":{"rendered":"http:\/\/knjiznice.nsk.hr\/ston\/?page_id=3682"},"modified":"2025-01-03T12:31:17","modified_gmt":"2025-01-03T12:31:17","slug":"trilogije-2","status":"publish","type":"page","link":"http:\/\/knjiznice.nsk.hr\/ston\/trilogije-2\/","title":{"rendered":"Trilogije"},"content":{"rendered":"<p><strong>Trilogija Terra Alta<\/strong><\/p>\n<p><a href=\"http:\/\/knjiznice.nsk.hr\/ston\/wp-content\/uploads\/sites\/12\/2025\/01\/dvorac-modrobradoga_square-komplet.png\"><img loading=\"lazy\" class=\"alignnone size-medium wp-image-3678\" src=\"http:\/\/knjiznice.nsk.hr\/ston\/wp-content\/uploads\/sites\/12\/2025\/01\/dvorac-modrobradoga_square-komplet-300x190.png\" alt=\"\" width=\"300\" height=\"190\" srcset=\"http:\/\/knjiznice.nsk.hr\/ston\/wp-content\/uploads\/sites\/12\/2025\/01\/dvorac-modrobradoga_square-komplet-300x190.png 300w, http:\/\/knjiznice.nsk.hr\/ston\/wp-content\/uploads\/sites\/12\/2025\/01\/dvorac-modrobradoga_square-komplet-600x381.png 600w, http:\/\/knjiznice.nsk.hr\/ston\/wp-content\/uploads\/sites\/12\/2025\/01\/dvorac-modrobradoga_square-komplet.png 610w\" sizes=\"(max-width: 300px) 100vw, 300px\" \/><\/a><\/p>\n<p>Rije\u010d je o nagra\u0111ivanoj kriminalisti\u010dkoj trilogiji \u0161panjolskog pisca Javiera Cercasa. Glavni lik ove trilogije je policajac Melchor Marina, sin prostitutke i biv\u0161eg vojnika narkokartela koji je dug dru\u0161tvu platio zatvorskom kaznom i iskupljenjem kroz \u0161kolovanje za policajca. &nbsp;<\/p>\n<p>U prvoj knjizi upoznajemo Melchora koji &nbsp;u surovom krajoliku Terre Alte gdje kao legenda policijskih snaga vodi miran \u017eivot sa suprugom knji\u017eni\u010darkom i k\u0107eri Cosette, Melchor je uvjeren da je mra\u010dnoj pro\u0161losti koji je proveo na ulicama Barcelone uspio umaknuti. No katalonski gradi\u0107 ba\u0161 tada potresa stravi\u010dan zlo\u010din i duhovi tame su probu\u0111eni. Netko je, nakon zvjerskog mu\u010denja, ubio postariji bra\u010dni par, vlasnike tvrtke kod koje kruh zara\u0111uje dobar dio stanovnika toga kraja. Je li posrijedi brutalna plja\u010dka? Stara sva\u0111a? Kad policija odlu\u010di zatvoriti slu\u010daj, Melchor po\u010dinje istra\u017eivati sam, ali cijena koju \u0107e za to platiti bit \u0107e iznimno visoka.<\/p>\n<p>Neovisnost je druga knjiga ove detektivske trilogije u kojoj je &nbsp;policijska karijera iza Melchora, mir tra\u017ei u knjigama i \u010ditanju ali kada ga biv\u0161i kolega pozove da mu pomogne razrije\u0161iti osjetljivi slu\u010daj ucjene kontroverzne gradona\u010delnice Barcelone, grad u kojemu je odrastao podsjetit \u0107e ga na mrak koji skriva iza svojega lijepog, vje\u0161to na\u0161minkanoga lica.<\/p>\n<p>U posljednjem nastavku ove trilogije Melchor Mar\u00edn je ve\u0107 dugogodi\u0161nji knji\u017eni\u010dar, vodI miran \u017eivot posve\u0107en k\u0107eri Cosette. No kada sedamnaestogodi\u0161njakinja koja ga je kroz djetinjstvo smatrala svojim vitezom za\u0161titnikom jednoga dana sazna bolnu istinu o sudbini svoje majke u doba Melchorove prve istrage, bliskost koju je osje\u0107ala prema ocu pretvorit \u0107e se u razo\u010daranje i bijes. Svaljuju\u0107i krivnju na Melchora, Cosette odlazi na Mallorcu i ondje nestaje.<\/p>\n<p>Izvor: <a href=\"https:\/\/fraktura.hr\/\">https:\/\/fraktura.hr\/<\/a>&nbsp;<\/p>\n<p><strong>Trilogija Crvena kraljica \u2013 Crna vu\u010dica \u2013 Bijeli kralj<\/strong><\/p>\n<p><img loading=\"lazy\" class=\"\" src=\"https:\/\/fraktura.hr\/media\/catalog\/product\/c\/r\/crvena_kraljica.jpg\" alt=\"Crvena kraljica\" width=\"102\" height=\"153\"> <img loading=\"lazy\" class=\"\" src=\"https:\/\/fraktura.hr\/media\/catalog\/product\/cache\/38b20320c57ba6ea11385c2a53cdbc4c\/c\/r\/crna_vucica_300dpi.jpg\" alt=\"Crna Vu\u010dica\" width=\"102\" height=\"153\"> <img loading=\"lazy\" class=\"\" src=\"https:\/\/fraktura.hr\/media\/catalog\/product\/cache\/38b20320c57ba6ea11385c2a53cdbc4c\/b\/i\/bijeli_kralj_300dpi_1.jpg\" alt=\"Bijeli kralj\" width=\"101\" height=\"152\"><\/p>\n<p>Jo\u0161 jedan \u0161panjolski pisac Juan Gomez Juarda napisao je izvrsnu krimi trilogiju koju posebnom \u010dini humor kojim je pro\u017eeta. Glavna junakinja je forenzi\u010darka Antonia Scott, u poslu nadmo\u0107na nad svima koji je okru\u017euju, no istodobno privatno ranjiva \u017eena, socijalno neuklopljiva.<\/p>\n<p>Njen intelekt u slu\u017ebi je Crvene kraljice, elitne mini.grupacije koja egzistira ispod radara javnosti, a koju vodi tajanstveni i atipi\u010dni Mentor. Nakon jednog misterioznog i prili\u010dno brutalnog ubojstva bit \u0107e joj pridru\u017een Jon Gutierrez, suspendirani inspektor iz Bilbaa, kojeg njegov status \u010dini podlo\u017enim svojevrsnoj ucjeni. Krupni gay koji jo\u0161 uvijek \u017eivi s majkom prisiljen je nagovoriti prili\u010dno tvrdoglavu i nepredvidljivu Antoniju na suradnju. Ovaj dvojac na\u0107i \u0107e se u krvavom vrtlogu zlo\u010dina koji \u0107e ih gotovo stajati \u017eivota. U Crvnoj kraljici Antonija i Jon moraju rije\u0161iti ubojstvo i otmicu me\u0111u najbogatijim \u0160panjolcima, dok se u Crnoj vu\u010dici suo\u010davaju s ubojstvima me\u0111u \u010dlanovima ruskog mafija\u0161kog klana. Bijeli kralj posljednja je utrka Antonie Scott s vremenom, njen partner otet je u sredi\u0161tu Madrida, supertajni projekt Crvena kraljica napadnut je na svim boji\u0161tima\u2026<\/p>\n<p>Izvor: <a href=\"https:\/\/www.telegram.hr\/kultura\/jedan-je-od-najslavnijih-spanjolskih-pisaca-javier-cercas-za-telegram-vodi-se-bitka-izmedu-demokracije-i-nacionalpopulizma\/\">https:\/\/www.telegram.hr\/kultura\/jedan-je-od-najslavnijih-spanjolskih-pisaca-javier-cercas-za-telegram-vodi-se-bitka-izmedu-demokracije-i-nacionalpopulizma\/<\/a><\/p>\n<p><strong>Trilogija magle<\/strong><\/p>\n<p><img loading=\"lazy\" class=\"\" src=\"https:\/\/4.bp.blogspot.com\/-4R5OmbfIeCg\/UxjITfnwI1I\/AAAAAAAABE0\/-x4ZrvSxfWU\/s1600\/zafon-blogcover.jpg\" width=\"298\" height=\"154\"><\/p>\n<p>U&nbsp;<em>Trilogiji magle&nbsp;<\/em>sabrana su tri prva romana Crala Ruiza Zafona \u2013<em>&nbsp;Princ magle<\/em>,&nbsp;<em>Pono\u0107na pala\u010da&nbsp;<\/em>i&nbsp;<em>Rujanska svjetla<\/em>&nbsp;\u2013 koja su, iako izvorno pisana za mlade, osvojila \u010ditatelje svih dobnih skupina. Radnja&nbsp;<em>Princa magle<\/em>&nbsp;odvija se u gradi\u0107u na obali Atlantika, 1943. godine tijekom Drugog svjetskog rata. U&nbsp;<em>Pono\u0107noj pala\u010di<\/em>&nbsp;smo u Calcutti, 1932. godine u zlokobnom labirintu \u017eeljezni\u010dkog kolodovra dok je u&nbsp;<em>Rujanskim svjetlima<\/em>&nbsp;radnja je smje\u0161tena u mali grad u Normandiji zvan Bah\u00eda Azul kod olupine potonulog broda, 1937. godine. Carlos Ruiz Zaf\u00f3n u ovoj trilogiji plete napete fabule o prijete\u0107im opasnostima ostavljenima u naslije\u0111e glavnim junacima koji na svojoj strani imaju tek osje\u0107aj za pravdu i nekoliko bliskih ljudi koji \u0107e se zajedno s njima izlo\u017eiti demonima koji im poku\u0161avaju oduzeti priliku za miran i sretan \u017eivot.<\/p>\n<p><em>Trilogija magle&nbsp;<\/em>iznimno je napeto knji\u017eevno putovanje kroz tri Zaf\u00f3nova izma\u0161tana svijeta u koja \u0107emo bezrezervno povjerovati i onda kad se u njima pojavljuju nadnaravna bi\u0107a ili pojave, i onda kad adrenalin borbe za \u017eivot gubitnike pretvara u pobjednike, a pogotovo onda kad nam autor kroz sveprisutnu maglu naizgled nepremostivih te\u0161ko\u0107a otkrije onaj mali prolaz kroz koji dopire svjetlo pravde, juna\u0161tva, prijateljstva i bezuvjetne ljubavi koja se izbori za pravedne zavr\u0161etke.<\/p>\n<p>Izvor: <a href=\"https:\/\/bookdragon13.net\/trilogija-magle-carlos-ruiz-zafon\/\">https:\/\/bookdragon13.net\/trilogija-magle-carlos-ruiz-zafon\/<\/a>&nbsp; , <a href=\"https:\/\/fraktura.hr\/trilogija-magle.html\">https:\/\/fraktura.hr\/trilogija-magle.html<\/a><\/p>\n<p><strong>D\u017eaipurska trilogija<\/strong><\/p>\n<p><img src=\"https:\/\/mozaik-knjiga.hr\/wp-content\/uploads\/2023\/08\/0823-KAT-Komplet-ALKA-JOSHI-174x300.jpg\" alt=\"0823-KAT-Komplet-ALKA-JOSHI-174x300\"><\/p>\n<p>Indijsko- ameri\u010dka spisateljica Alka Joshi napisala je egzoti\u010dnu trilogiju koji prati \u017eivotni put indijke Lakshmi i provodi nas kroz jedinstvenu kulturu Indije u periodu nakon njene neovisnoti.<\/p>\n<p>U prvom dijelu, \u017dena koja je slikala kanom, bje\u017ee\u0107i od dogovorena braka ispunjena nasiljem sedamnaestogodi\u0161nja Lakshmi sama odlazi iz svojega sela i sti\u017ee u \u017eivopisni ru\u017ei\u010dasti grad Jaipur. Ondje postaje \u017eena koja slika kanom \u2013 i pouzdanica \u2013 veoma tra\u017eena me\u0111u bogatim \u017eenama vi\u0161e klase. No, premda su joj povjerene tajne bogata\u0161a, ona ne smije razotkriti svoje\u2026 Dok nastoji ostvariti svoj san o neovisnu \u017eivotu, jednoga je dana iznenadi susret s mu\u017eem koji ju je prona\u0161ao nakon toliko godina. S njim je mlada djevojka \u2013 sestra za \u010dije postojanje Lakshmi uop\u0107e nije znala. Odjednom joj se \u017eivot okre\u0107e naglavce. Ona ipak ustrajava, koristi svoje talente i usput poma\u017ee onima koji je okru\u017euju. \u017divopisan i neodoljiv u svom prikazu borbe jedne \u017eene da na\u0111e mjesto za sebe u dru\u0161tvu izme\u0111u tradicionalnoga i modernoga<\/p>\n<p>Drugi dio ove trilogije vodi nas u prolje\u0107e 1969. godine. Lakshmi, koja je sada u braku s dr. Kumarom, ravnateljica je Ljekovitog vrta ledi Bradley u Simli. Maliku je pak dvadeset godina, zavr\u0161io je \u0161kolu te se upustio u vezu s mladom djevojkom Nimmi. Na Lakshminu inicijativu Malik odlazi u Jaipur raditi na projektu otvorenja kina Kraljevski dragulj.Malik ubrzo spoznaje da se u Ru\u017ei\u010dastom Gradu njegova djetinjstva nije puno toga promijenilo. Mo\u0107 i novac i dalje te\u010dno kolaju me\u0111u pripadnicima imu\u0107nijih klasa, a Kraljevska pala\u010da u Jaipuru i dalje je vrelo tajnovitih pri\u010da. No kada otvorenje kina zasjeni tragedija, Malik po\u010dinje sumnjati da se u pole\u0111ini toga stravi\u010dnog doga\u0111aja krije ne\u0161to puno mra\u010dnije te odva\u017eno poku\u0161ava otkriti istinu. Neko\u0107 dijete ulice, Malik je iznimno snala\u017eljiv i vi\u010dan u rasplitanju zamr\u0161ene mre\u017ee tajni \u010dije su niti razvu\u010dene ulicama Jaipura.<\/p>\n<p>Francuski parfem na indijski na\u010din vodi nas u Pariz, 1974. Tridesetdvogodi\u0161nja Radha \u017eivi u Parizu sa suprugom Pierreom i njihovim dvjema k\u0107erima. Premda jo\u0161 uvijek \u017eali \u0161to se godinama prije odrekla svoga prvoro\u0111ena sina, dok je i sama jo\u0161 bila dijete, u\u017eiva u maj\u010dinstvu te napokon pronalazi izvor svoje strasti u riznici bogatih i opojnih mirisa.Nakon \u0161to je desetak godina ranije otkrila svoj skriveni talent \u2013 da je u stanju otkriti parfem koji savr\u0161eno pristaje svakoj mu\u0161teriji \u2013 ona sada radi za priznatu parfumerijsku ku\u0107u i osmi\u0161ljava u potpunosti nove kombinacije mirisa, grade\u0107i pritom svoju karijeru parfem po parfem. Ipak, voljela bi kad bi Pierre pokazivao vi\u0161e razumijevanja za njezinu karijeru. Osje\u0107a njegovu frustraciju, no nema se srca odre\u0107i onoga \u0161to je toliko veseli.Kada joj u ruke dopadne vodstvo prvog velikog projekta, Radha otputuje u Indiju gdje joj u pomo\u0107 pristi\u017eu njezina sestra Lakshmi te kurtizane iz Agre \u2013 \u017eene koje koriste mo\u0107 parfema kako bi zavodile i zadirkivale te pobu\u0111ivale seksualnu napetost.<\/p>\n<p>Izvor: <a href=\"https:\/\/mozaik-knjiga.hr\/proizvod\/komplet-dzaipurska-trilogija\/\">https:\/\/mozaik-knjiga.hr\/proizvod\/komplet-dzaipurska-trilogija\/<\/a><\/p>\n<p><strong>Trilogija Hekne<\/strong><\/p>\n<p><img loading=\"lazy\" class=\"\" src=\"https:\/\/hena-com.hr\/media\/cache\/6677\/zvona96.jpg\" alt=\"Sestrinska zvona\" width=\"100\" height=\"154\">&nbsp; &nbsp;<img loading=\"lazy\" class=\"\" src=\"https:\/\/hena-com.hr\/media\/cache\/7368\/tapiserija_sestara_hekne_96.jpg\" alt=\"Tapiserija sestara Hekne | Lars Mytting | Beletristika strana prodaja | Cijena | Akcija | Hrvatska\" width=\"101\" height=\"155\"><\/p>\n<p>Norve\u0161ki knji\u017eevnik Lars Mytting napisao je povijesnu sagu o norve\u0161koj obitelji Hekne iz 19. stolje\u0107a. Sestrinska zvona po\u010detak su ove trilogije smje\u0161tene u selu Butangen gdje se oko pitanja mjesne crkve odvija sukob tradicionalnog i modernog. &nbsp;Na po\u010detku romana knji\u017eevnik nas upoznaje s legendom o Sestrinskim zvonima iskovanim oko 1200. godine u spomen sestrama Halfrid i Gunhild Hekne, zvonima koja su sama zvonila upozoravaju\u0107i mje\u0161tane na opasnosti, a u koja je otac djevojaka Eirik dao uliti svo obiteljsko srebro i koja su imala poseban zvuk i mjesto u srcima stanovnika Butangena. Kada stigne novi Pastor Kai Schweigaard prva odluka koju donosi ru\u0161enje je lokalne srednjovjekovne crkve, \u201epremalene i nefunkcionalne\u201c koja nosi Sestrinska zvona. No, &nbsp;u selo uskoro sti\u017ee i mladi Nijemac Gerhard Sch\u00f6nauer, student arhitekture, \u010dija je zada\u0107a prenijeti impozantnu crkvu na papir kako bi se ona mogla ponovno izgraditi na njema\u010dkom tlu. Planovi dvojice namje\u0161tenika nepovratno se remete kada upoznaju inteligentnu Astrid Hekne, potomkinju jedne od najstarijih obitelji sela koje vrvi narodnim predajama i vjerovanjima\u2026<\/p>\n<p>U drugome dijelu trilogije&nbsp;<em>Hekne<\/em>&nbsp;autor produbljuje pri\u010du o staroj norve\u0161koj obitelji, predajama i legendama koje je okru\u017euju i&nbsp;nevjerojatnim sudbinama&nbsp;njezinih \u010dlanova u razli\u010ditim nara\u0161tajima, zauvijek povezanima neopipljivim, ali \u010dvrstim vrijednostima, dok prijevod tre\u0107eg dijela jo\u0161 uvijek i\u010dekujemo.<\/p>\n<p><strong>Trilogija Vu\u010dja jazbina \u2013 Ku\u0107a sa zlatnim vratima \u2013<\/strong><\/p>\n<p><img loading=\"lazy\" class=\"\" src=\"https:\/\/znanje.hr\/product-images\/5b4c14b9-27c9-4a05-aa4f-ef02a5341303.jpg\" alt=\"Knjiga Vu\u010dja jazbina autora Elodie Harper izdana 2023 kao meki uvez dostupna u Knji\u017eari Znanje.\" width=\"124\" height=\"192\"> <img loading=\"lazy\" class=\"\" src=\"https:\/\/znanje.hr\/product-images\/71e95de3-aedb-4b35-a101-04bbe7bd4ac9.jpg\" alt=\"Knjiga Ku\u0107a sa zlatnim vratima autora Elodie Harper izdana 2024 kao meki uvez dostupna u Knji\u017eari Znanje.\" width=\"124\" height=\"193\"><\/p>\n<p>Britanska autorica Elodie Harper napisala je povijesnu trilogiju smje\u0161tenu u Pompeje anti\u010dkog doma. Tijekom 1. stolje\u0107a prije nove ere, samo nekoliko godina prije \u010duvene erupcije vulkana koja \u0107e Pompeje ostaviti u pepelu Grkinja Amara prodana je u roblje nakon o\u010deve smrti i bankrota svoje ugledne obitelji, zavr\u0161ila je kao prostitutka u bordelu.<\/p>\n<p>U prvom dijelu, Vu\u010dja jazbina, Amarin \u017eivot u bordelu okrutnog Felixa donosi pri\u010du o hrabrosti i \u017eenskom prijateljstvu. Osokoljena zajedni\u0161tvom i sestrinskim odnosom koji je uspostavila s ostalim \u017eenama u javnoj ku\u0107i, Amara pronalazi utjehu u njihovu smijehu i nadama. Gradske su ulice prepune prilika \u2013 ondje \u010dak i rob najni\u017eeg porijekla mo\u017ee sanjati o novome po\u010detku. Ipak, sve u Pompejima ima odre\u0111enu cijenu, pitanje je koliko \u0107e Amaru stajati sloboda?<\/p>\n<p>U dugom dijelu pratimo Amaru nakon bijega iz \u017eivota robinje u najzloglasnijem bordelu u Pompejima. Njezin opstanak sada ovisi o naklonosti mu\u0161karca kojeg mo\u017eda ne poznaje onoliko koliko joj se \u010dini&#8230; \u017divot kurtizane u Pompejima je glamurozan, ali i opasan. No\u0107u, u ku\u0107i koju joj je unajmio njezin za\u0161titnik, ku\u0107i sa zlatnim vratima, Amaru opsjeda njezina pro\u0161lost. Ona \u010dezne i \u017eali za svojim sestrinstvom \u2013 \u017eenama iz bordela koje je morala ostaviti. Osim pro\u0161losti, Amaru progoni i okrutan i osvetoljubiv \u010dovjek koji ju je neko\u0107 posjedovao. \u017deli li zaista biti slobodna, morat \u0107e biti jednako nemilosrdna kao i on. Amara zna da njezin opstanak u Pompejima ovisi o Veneri, bo\u017eici ljubavi. No prepu\u0161tanje ljubavi mo\u017ee biti najopasnija odluka. Sva surovost drevnog svijeta do\u010darana je u ovoj knjizi,a \u0161to nam posljednji nastavak donosi tek \u0107emo saznati\u2026<\/p>\n<p>Izvor: <a href=\"https:\/\/znanje.hr\/\">https:\/\/znanje.hr\/<\/a><\/p>\n<p>&nbsp;<\/p>\n<p>&nbsp;<\/p>\n","protected":false},"excerpt":{"rendered":"<p>Trilogija Terra Alta Rije\u010d je o nagra\u0111ivanoj kriminalisti\u010dkoj trilogiji \u0161panjolskog pisca Javiera Cercasa. Glavni lik ove trilogije je policajac Melchor Marina, sin prostitutke i biv\u0161eg vojnika narkokartela koji je dug dru\u0161tvu platio zatvorskom kaznom i iskupljenjem kroz \u0161kolovanje za policajca. &nbsp; U prvoj knjizi upoznajemo Melchora koji &nbsp;u surovom krajoliku Terre Alte gdje kao legenda [&hellip;]<\/p>\n","protected":false},"author":55,"featured_media":0,"parent":0,"menu_order":0,"comment_status":"closed","ping_status":"closed","template":"","meta":{"ngg_post_thumbnail":0},"yoast_head":"<!-- This site is optimized with the Yoast SEO plugin v16.4 - https:\/\/yoast.com\/wordpress\/plugins\/seo\/ -->\n<meta name=\"robots\" content=\"index, follow, max-snippet:-1, max-image-preview:large, max-video-preview:-1\" \/>\n<link rel=\"canonical\" href=\"http:\/\/knjiznice.nsk.hr\/ston\/trilogije-2\/\" \/>\n<meta property=\"og:locale\" content=\"hr_HR\" \/>\n<meta property=\"og:type\" content=\"article\" \/>\n<meta property=\"og:title\" content=\"Trilogije &ndash; Narodna knji\u017enica Ston\" \/>\n<meta property=\"og:description\" content=\"Trilogija Terra Alta Rije\u010d je o nagra\u0111ivanoj kriminalisti\u010dkoj trilogiji \u0161panjolskog pisca Javiera Cercasa. Glavni lik ove trilogije je policajac Melchor Marina, sin prostitutke i biv\u0161eg vojnika narkokartela koji je dug dru\u0161tvu platio zatvorskom kaznom i iskupljenjem kroz \u0161kolovanje za policajca. &nbsp; U prvoj knjizi upoznajemo Melchora koji &nbsp;u surovom krajoliku Terre Alte gdje kao legenda [&hellip;]\" \/>\n<meta property=\"og:url\" content=\"http:\/\/knjiznice.nsk.hr\/ston\/trilogije-2\/\" \/>\n<meta property=\"og:site_name\" content=\"Narodna knji\u017enica Ston\" \/>\n<meta property=\"article:modified_time\" content=\"2025-01-03T12:31:17+00:00\" \/>\n<meta property=\"og:image\" content=\"http:\/\/knjiznice.nsk.hr\/ston\/wp-content\/uploads\/sites\/12\/2025\/01\/dvorac-modrobradoga_square-komplet-300x190.png\" \/>\n<meta name=\"twitter:label1\" content=\"Procijenjeno vrijeme \u010ditanja\" \/>\n\t<meta name=\"twitter:data1\" content=\"9 minuta\" \/>\n<script type=\"application\/ld+json\" class=\"yoast-schema-graph\">{\"@context\":\"https:\/\/schema.org\",\"@graph\":[{\"@type\":\"WebSite\",\"@id\":\"http:\/\/knjiznice.nsk.hr\/ston\/#website\",\"url\":\"http:\/\/knjiznice.nsk.hr\/ston\/\",\"name\":\"Narodna knji\\u017enica Ston\",\"description\":\"\",\"potentialAction\":[{\"@type\":\"SearchAction\",\"target\":\"http:\/\/knjiznice.nsk.hr\/ston\/?s={search_term_string}\",\"query-input\":\"required name=search_term_string\"}],\"inLanguage\":\"hr\"},{\"@type\":\"ImageObject\",\"@id\":\"http:\/\/knjiznice.nsk.hr\/ston\/trilogije-2\/#primaryimage\",\"inLanguage\":\"hr\",\"url\":\"http:\/\/knjiznice.nsk.hr\/ston\/wp-content\/uploads\/sites\/12\/2025\/01\/dvorac-modrobradoga_square-komplet.png\",\"contentUrl\":\"http:\/\/knjiznice.nsk.hr\/ston\/wp-content\/uploads\/sites\/12\/2025\/01\/dvorac-modrobradoga_square-komplet.png\",\"width\":610,\"height\":387},{\"@type\":\"WebPage\",\"@id\":\"http:\/\/knjiznice.nsk.hr\/ston\/trilogije-2\/#webpage\",\"url\":\"http:\/\/knjiznice.nsk.hr\/ston\/trilogije-2\/\",\"name\":\"Trilogije &ndash; Narodna knji\\u017enica Ston\",\"isPartOf\":{\"@id\":\"http:\/\/knjiznice.nsk.hr\/ston\/#website\"},\"primaryImageOfPage\":{\"@id\":\"http:\/\/knjiznice.nsk.hr\/ston\/trilogije-2\/#primaryimage\"},\"datePublished\":\"2025-01-03T10:53:52+00:00\",\"dateModified\":\"2025-01-03T12:31:17+00:00\",\"breadcrumb\":{\"@id\":\"http:\/\/knjiznice.nsk.hr\/ston\/trilogije-2\/#breadcrumb\"},\"inLanguage\":\"hr\",\"potentialAction\":[{\"@type\":\"ReadAction\",\"target\":[\"http:\/\/knjiznice.nsk.hr\/ston\/trilogije-2\/\"]}]},{\"@type\":\"BreadcrumbList\",\"@id\":\"http:\/\/knjiznice.nsk.hr\/ston\/trilogije-2\/#breadcrumb\",\"itemListElement\":[{\"@type\":\"ListItem\",\"position\":1,\"item\":{\"@type\":\"WebPage\",\"@id\":\"http:\/\/knjiznice.nsk.hr\/ston\/\",\"url\":\"http:\/\/knjiznice.nsk.hr\/ston\/\",\"name\":\"Po\\u010detna stranica\"}},{\"@type\":\"ListItem\",\"position\":2,\"item\":{\"@id\":\"http:\/\/knjiznice.nsk.hr\/ston\/trilogije-2\/#webpage\"}}]}]}<\/script>\n<!-- \/ Yoast SEO plugin. -->","_links":{"self":[{"href":"http:\/\/knjiznice.nsk.hr\/ston\/wp-json\/wp\/v2\/pages\/3682"}],"collection":[{"href":"http:\/\/knjiznice.nsk.hr\/ston\/wp-json\/wp\/v2\/pages"}],"about":[{"href":"http:\/\/knjiznice.nsk.hr\/ston\/wp-json\/wp\/v2\/types\/page"}],"author":[{"embeddable":true,"href":"http:\/\/knjiznice.nsk.hr\/ston\/wp-json\/wp\/v2\/users\/55"}],"replies":[{"embeddable":true,"href":"http:\/\/knjiznice.nsk.hr\/ston\/wp-json\/wp\/v2\/comments?post=3682"}],"version-history":[{"count":5,"href":"http:\/\/knjiznice.nsk.hr\/ston\/wp-json\/wp\/v2\/pages\/3682\/revisions"}],"predecessor-version":[{"id":3689,"href":"http:\/\/knjiznice.nsk.hr\/ston\/wp-json\/wp\/v2\/pages\/3682\/revisions\/3689"}],"wp:attachment":[{"href":"http:\/\/knjiznice.nsk.hr\/ston\/wp-json\/wp\/v2\/media?parent=3682"}],"curies":[{"name":"wp","href":"https:\/\/api.w.org\/{rel}","templated":true}]}}