{"id":2971,"date":"2024-04-11T08:44:16","date_gmt":"2024-04-11T08:44:16","guid":{"rendered":"http:\/\/knjiznice.nsk.hr\/ston\/?page_id=2971"},"modified":"2025-01-31T13:33:14","modified_gmt":"2025-01-31T13:33:14","slug":"financijski-izvjestaj-za-2024-godinu","status":"publish","type":"page","link":"http:\/\/knjiznice.nsk.hr\/ston\/financijski-izvjestaj-za-2024-godinu\/","title":{"rendered":"Financijski izvje\u0161taj za 2024. godinu"},"content":{"rendered":"<ul>\n<li><a href=\"http:\/\/knjiznice.nsk.hr\/ston\/wp-content\/uploads\/sites\/12\/2024\/04\/PROR-1-3-2024-KNJIZNICA.pdf\">Financijski izvje\u0161taj za razdoblje od 1. sije\u010dnja do 31. o\u017eujka 2024.<\/a><\/li>\n<li><a href=\"http:\/\/knjiznice.nsk.hr\/ston\/wp-content\/uploads\/sites\/12\/2024\/04\/potvrda24_20240412_0001-1.pdf\">Potvrda o u\u010ditanom financijskom izvje\u0161taju za prvo tromjese\u010dje 2024.<\/a><\/li>\n<li><a href=\"http:\/\/knjiznice.nsk.hr\/ston\/wp-content\/uploads\/sites\/12\/2024\/04\/ref-stranica-1.pdf\">Referentna stranica &#8211; o\u017eujak 2024.<\/a><\/li>\n<li><a href=\"http:\/\/knjiznice.nsk.hr\/ston\/wp-content\/uploads\/sites\/12\/2024\/07\/knjiznica-06-2024-1-1.pdf\">Financijski izvje\u0161taj za razdoblje od 1. sije\u010dnja do 30. lipnja 2024.&nbsp;<\/a><\/li>\n<li><a href=\"http:\/\/knjiznice.nsk.hr\/ston\/wp-content\/uploads\/sites\/12\/2024\/07\/ref-najnovija.pdf\">Referentna stranica &#8211; lipanj 2024.<\/a><\/li>\n<li><a href=\"http:\/\/knjiznice.nsk.hr\/ston\/wp-content\/uploads\/sites\/12\/2024\/07\/potvrda-knjiznica-6-2024.pdf\">Potvrda o u\u010ditanom polugodi\u0161njem financijskom izvje\u0161taju 2024.<\/a><\/li>\n<li><a href=\"http:\/\/knjiznice.nsk.hr\/ston\/wp-content\/uploads\/sites\/12\/2024\/07\/biljeske-scan.pdf\">Bilje\u0161ke uz financijska izvje\u0161\u0107a za razdoblje od 1. sije\u010dnja do 30. lipnja 2024.<\/a><\/li>\n<li><a href=\"http:\/\/knjiznice.nsk.hr\/ston\/wp-content\/uploads\/sites\/12\/2024\/10\/KNJIZNICA-09-2024.pdf\">Financijski izvje\u0161taj za razdoblje od 1. sije\u010dnja do 30. rujna 2024.<\/a><\/li>\n<li><a href=\"http:\/\/knjiznice.nsk.hr\/ston\/wp-content\/uploads\/sites\/12\/2024\/10\/potvrda-o-ucitanom-financijskom-izvjestaju_20241014_0001.pdf\">Potvrda o u\u010ditanom financijskom izvje\u0161taju za tri tromjese\u010dja 2024<\/a><\/li>\n<li><a href=\"http:\/\/knjiznice.nsk.hr\/ston\/wp-content\/uploads\/sites\/12\/2024\/10\/knjiznica-ref-1.pdf\">Referentna stranica &#8211; rujan 2024.&nbsp;<\/a><\/li>\n<li><a href=\"http:\/\/knjiznice.nsk.hr\/ston\/wp-content\/uploads\/sites\/12\/2025\/01\/knjiznica-fin-izvj-2024-1.pdf\">Financijski izvje\u0161taj za 2024<\/a>.<\/li>\n<li><a href=\"http:\/\/knjiznice.nsk.hr\/ston\/wp-content\/uploads\/sites\/12\/2025\/01\/Biljeske-uz-financijska-izvjesca-2024_20250131_0001.pdf\">Bilje\u0161ke uz financijska izvje\u0161\u0107a 2024<\/a><\/li>\n<li><a href=\"http:\/\/knjiznice.nsk.hr\/ston\/wp-content\/uploads\/sites\/12\/2025\/01\/Referentna-stranica-2024_20250131_0001.pdf\">Referentna stranica 2024<\/a><\/li>\n<li><a href=\"http:\/\/knjiznice.nsk.hr\/ston\/wp-content\/uploads\/sites\/12\/2025\/01\/Potvrda-o-ucitanom-financijskom-izvjescu_20250131_0001.pdf\">Potvrda o u\u010ditanom financijskom izvje\u0161\u0107u_<\/a><\/li>\n<\/ul>\n","protected":false},"excerpt":{"rendered":"<p>Financijski izvje\u0161taj za razdoblje od 1. sije\u010dnja do 31. o\u017eujka 2024. Potvrda o u\u010ditanom financijskom izvje\u0161taju za prvo tromjese\u010dje 2024. Referentna stranica &#8211; o\u017eujak 2024. Financijski izvje\u0161taj za razdoblje od 1. sije\u010dnja do 30. lipnja 2024.&nbsp; Referentna stranica &#8211; lipanj 2024. Potvrda o u\u010ditanom polugodi\u0161njem financijskom izvje\u0161taju 2024. Bilje\u0161ke uz financijska izvje\u0161\u0107a za razdoblje od [&hellip;]<\/p>\n","protected":false},"author":55,"featured_media":0,"parent":0,"menu_order":0,"comment_status":"closed","ping_status":"closed","template":"","meta":{"ngg_post_thumbnail":0},"yoast_head":"<!-- This site is optimized with the Yoast SEO plugin v16.4 - https:\/\/yoast.com\/wordpress\/plugins\/seo\/ -->\n<meta name=\"robots\" content=\"index, follow, max-snippet:-1, max-image-preview:large, max-video-preview:-1\" \/>\n<link rel=\"canonical\" href=\"http:\/\/knjiznice.nsk.hr\/ston\/financijski-izvjestaj-za-2024-godinu\/\" \/>\n<meta property=\"og:locale\" content=\"hr_HR\" \/>\n<meta property=\"og:type\" content=\"article\" \/>\n<meta property=\"og:title\" content=\"Financijski izvje\u0161taj za 2024. godinu &ndash; Narodna knji\u017enica Ston\" \/>\n<meta property=\"og:description\" content=\"Financijski izvje\u0161taj za razdoblje od 1. sije\u010dnja do 31. o\u017eujka 2024. Potvrda o u\u010ditanom financijskom izvje\u0161taju za prvo tromjese\u010dje 2024. Referentna stranica &#8211; o\u017eujak 2024. Financijski izvje\u0161taj za razdoblje od 1. sije\u010dnja do 30. lipnja 2024.&nbsp; Referentna stranica &#8211; lipanj 2024. Potvrda o u\u010ditanom polugodi\u0161njem financijskom izvje\u0161taju 2024. Bilje\u0161ke uz financijska izvje\u0161\u0107a za razdoblje od [&hellip;]\" \/>\n<meta property=\"og:url\" content=\"http:\/\/knjiznice.nsk.hr\/ston\/financijski-izvjestaj-za-2024-godinu\/\" \/>\n<meta property=\"og:site_name\" content=\"Narodna knji\u017enica Ston\" \/>\n<meta property=\"article:modified_time\" content=\"2025-01-31T13:33:14+00:00\" \/>\n<meta name=\"twitter:label1\" content=\"Procijenjeno vrijeme \u010ditanja\" \/>\n\t<meta name=\"twitter:data1\" content=\"1 minuta\" \/>\n<script type=\"application\/ld+json\" class=\"yoast-schema-graph\">{\"@context\":\"https:\/\/schema.org\",\"@graph\":[{\"@type\":\"WebSite\",\"@id\":\"http:\/\/knjiznice.nsk.hr\/ston\/#website\",\"url\":\"http:\/\/knjiznice.nsk.hr\/ston\/\",\"name\":\"Narodna knji\\u017enica Ston\",\"description\":\"\",\"potentialAction\":[{\"@type\":\"SearchAction\",\"target\":\"http:\/\/knjiznice.nsk.hr\/ston\/?s={search_term_string}\",\"query-input\":\"required name=search_term_string\"}],\"inLanguage\":\"hr\"},{\"@type\":\"WebPage\",\"@id\":\"http:\/\/knjiznice.nsk.hr\/ston\/financijski-izvjestaj-za-2024-godinu\/#webpage\",\"url\":\"http:\/\/knjiznice.nsk.hr\/ston\/financijski-izvjestaj-za-2024-godinu\/\",\"name\":\"Financijski izvje\\u0161taj za 2024. godinu &ndash; Narodna knji\\u017enica Ston\",\"isPartOf\":{\"@id\":\"http:\/\/knjiznice.nsk.hr\/ston\/#website\"},\"datePublished\":\"2024-04-11T08:44:16+00:00\",\"dateModified\":\"2025-01-31T13:33:14+00:00\",\"breadcrumb\":{\"@id\":\"http:\/\/knjiznice.nsk.hr\/ston\/financijski-izvjestaj-za-2024-godinu\/#breadcrumb\"},\"inLanguage\":\"hr\",\"potentialAction\":[{\"@type\":\"ReadAction\",\"target\":[\"http:\/\/knjiznice.nsk.hr\/ston\/financijski-izvjestaj-za-2024-godinu\/\"]}]},{\"@type\":\"BreadcrumbList\",\"@id\":\"http:\/\/knjiznice.nsk.hr\/ston\/financijski-izvjestaj-za-2024-godinu\/#breadcrumb\",\"itemListElement\":[{\"@type\":\"ListItem\",\"position\":1,\"item\":{\"@type\":\"WebPage\",\"@id\":\"http:\/\/knjiznice.nsk.hr\/ston\/\",\"url\":\"http:\/\/knjiznice.nsk.hr\/ston\/\",\"name\":\"Po\\u010detna stranica\"}},{\"@type\":\"ListItem\",\"position\":2,\"item\":{\"@id\":\"http:\/\/knjiznice.nsk.hr\/ston\/financijski-izvjestaj-za-2024-godinu\/#webpage\"}}]}]}<\/script>\n<!-- \/ Yoast SEO plugin. -->","_links":{"self":[{"href":"http:\/\/knjiznice.nsk.hr\/ston\/wp-json\/wp\/v2\/pages\/2971"}],"collection":[{"href":"http:\/\/knjiznice.nsk.hr\/ston\/wp-json\/wp\/v2\/pages"}],"about":[{"href":"http:\/\/knjiznice.nsk.hr\/ston\/wp-json\/wp\/v2\/types\/page"}],"author":[{"embeddable":true,"href":"http:\/\/knjiznice.nsk.hr\/ston\/wp-json\/wp\/v2\/users\/55"}],"replies":[{"embeddable":true,"href":"http:\/\/knjiznice.nsk.hr\/ston\/wp-json\/wp\/v2\/comments?post=2971"}],"version-history":[{"count":15,"href":"http:\/\/knjiznice.nsk.hr\/ston\/wp-json\/wp\/v2\/pages\/2971\/revisions"}],"predecessor-version":[{"id":3705,"href":"http:\/\/knjiznice.nsk.hr\/ston\/wp-json\/wp\/v2\/pages\/2971\/revisions\/3705"}],"wp:attachment":[{"href":"http:\/\/knjiznice.nsk.hr\/ston\/wp-json\/wp\/v2\/media?parent=2971"}],"curies":[{"name":"wp","href":"https:\/\/api.w.org\/{rel}","templated":true}]}}