{"id":2625,"date":"2023-09-05T07:02:20","date_gmt":"2023-09-05T07:02:20","guid":{"rendered":"http:\/\/knjiznice.nsk.hr\/ston\/?page_id=2625"},"modified":"2024-07-11T08:26:18","modified_gmt":"2024-07-11T08:26:18","slug":"financijski-izvjestaj-za-2023-godinu","status":"publish","type":"page","link":"http:\/\/knjiznice.nsk.hr\/ston\/financijski-izvjestaj-za-2023-godinu\/","title":{"rendered":"Financijski izvje\u0161taj za 2023. godinu"},"content":{"rendered":"<ul>\n<li><a href=\"http:\/\/knjiznice.nsk.hr\/ston\/wp-content\/uploads\/sites\/12\/2023\/09\/Izvjestaj-o-izvrsenju-proracuna-za-razdoblje-od-1.1.-do-30.6.-2023..pdf\">Izvje\u0161taj o izvr\u0161enju prora\u010duna za razdoblje od 1.sije\u010dnja do 30.lipnja 2023.<\/a><\/li>\n<li><a href=\"http:\/\/knjiznice.nsk.hr\/ston\/wp-content\/uploads\/sites\/12\/2024\/02\/POTVRDA-KNJIZNICA.pdf\">Potvrda o u\u010ditanom financijskom izvje\u0161taju<\/a><\/li>\n<li><a href=\"http:\/\/knjiznice.nsk.hr\/ston\/wp-content\/uploads\/sites\/12\/2024\/02\/Biljeske-za-2023.pdf\">Bilje\u0161ke uz financijska izvje\u0161\u0107a za 2023<\/a><\/li>\n<li><a href=\"http:\/\/knjiznice.nsk.hr\/ston\/wp-content\/uploads\/sites\/12\/2024\/02\/referentna-23.pdf\">Referentna stranica 2023<\/a><\/li>\n<li><a href=\"http:\/\/knjiznice.nsk.hr\/ston\/wp-content\/uploads\/sites\/12\/2024\/05\/obrazlozenje-uz-polugodisnji-izvjestaj-za-2023._20240528_0001.pdf\">Odluka o usvajanju polugodi\u0161njeg izvje\u0161taja o izvr\u0161enju prora\u010duna<\/a><\/li>\n<li><a href=\"http:\/\/knjiznice.nsk.hr\/ston\/wp-content\/uploads\/sites\/12\/2024\/02\/PROR-KNJIZNICA-2023-1.pdf\">Financijski izvje\u0161taj 2023<\/a><\/li>\n<li><a href=\"http:\/\/knjiznice.nsk.hr\/ston\/wp-content\/uploads\/sites\/12\/2024\/06\/izvrsenje-proracuna-za-2023._20240604_0001_compressed-1.pdf\">Izvr\u0161enje prora\u010duna za 2023.<\/a><\/li>\n<\/ul>\n","protected":false},"excerpt":{"rendered":"<p>Izvje\u0161taj o izvr\u0161enju prora\u010duna za razdoblje od 1.sije\u010dnja do 30.lipnja 2023. Potvrda o u\u010ditanom financijskom izvje\u0161taju Bilje\u0161ke uz financijska izvje\u0161\u0107a za 2023 Referentna stranica 2023 Odluka o usvajanju polugodi\u0161njeg izvje\u0161taja o izvr\u0161enju prora\u010duna Financijski izvje\u0161taj 2023 Izvr\u0161enje prora\u010duna za 2023.<\/p>\n","protected":false},"author":55,"featured_media":0,"parent":0,"menu_order":0,"comment_status":"closed","ping_status":"closed","template":"","meta":{"ngg_post_thumbnail":0},"yoast_head":"<!-- This site is optimized with the Yoast SEO plugin v16.4 - https:\/\/yoast.com\/wordpress\/plugins\/seo\/ -->\n<meta name=\"robots\" content=\"index, follow, max-snippet:-1, max-image-preview:large, max-video-preview:-1\" \/>\n<link rel=\"canonical\" href=\"http:\/\/knjiznice.nsk.hr\/ston\/financijski-izvjestaj-za-2023-godinu\/\" \/>\n<meta property=\"og:locale\" content=\"hr_HR\" \/>\n<meta property=\"og:type\" content=\"article\" \/>\n<meta property=\"og:title\" content=\"Financijski izvje\u0161taj za 2023. godinu &ndash; Narodna knji\u017enica Ston\" \/>\n<meta property=\"og:description\" content=\"Izvje\u0161taj o izvr\u0161enju prora\u010duna za razdoblje od 1.sije\u010dnja do 30.lipnja 2023. Potvrda o u\u010ditanom financijskom izvje\u0161taju Bilje\u0161ke uz financijska izvje\u0161\u0107a za 2023 Referentna stranica 2023 Odluka o usvajanju polugodi\u0161njeg izvje\u0161taja o izvr\u0161enju prora\u010duna Financijski izvje\u0161taj 2023 Izvr\u0161enje prora\u010duna za 2023.\" \/>\n<meta property=\"og:url\" content=\"http:\/\/knjiznice.nsk.hr\/ston\/financijski-izvjestaj-za-2023-godinu\/\" \/>\n<meta property=\"og:site_name\" content=\"Narodna knji\u017enica Ston\" \/>\n<meta property=\"article:modified_time\" content=\"2024-07-11T08:26:18+00:00\" \/>\n<meta name=\"twitter:label1\" content=\"Procijenjeno vrijeme \u010ditanja\" \/>\n\t<meta name=\"twitter:data1\" content=\"1 minuta\" \/>\n<script type=\"application\/ld+json\" class=\"yoast-schema-graph\">{\"@context\":\"https:\/\/schema.org\",\"@graph\":[{\"@type\":\"WebSite\",\"@id\":\"http:\/\/knjiznice.nsk.hr\/ston\/#website\",\"url\":\"http:\/\/knjiznice.nsk.hr\/ston\/\",\"name\":\"Narodna knji\\u017enica Ston\",\"description\":\"\",\"potentialAction\":[{\"@type\":\"SearchAction\",\"target\":\"http:\/\/knjiznice.nsk.hr\/ston\/?s={search_term_string}\",\"query-input\":\"required name=search_term_string\"}],\"inLanguage\":\"hr\"},{\"@type\":\"WebPage\",\"@id\":\"http:\/\/knjiznice.nsk.hr\/ston\/financijski-izvjestaj-za-2023-godinu\/#webpage\",\"url\":\"http:\/\/knjiznice.nsk.hr\/ston\/financijski-izvjestaj-za-2023-godinu\/\",\"name\":\"Financijski izvje\\u0161taj za 2023. godinu &ndash; Narodna knji\\u017enica Ston\",\"isPartOf\":{\"@id\":\"http:\/\/knjiznice.nsk.hr\/ston\/#website\"},\"datePublished\":\"2023-09-05T07:02:20+00:00\",\"dateModified\":\"2024-07-11T08:26:18+00:00\",\"breadcrumb\":{\"@id\":\"http:\/\/knjiznice.nsk.hr\/ston\/financijski-izvjestaj-za-2023-godinu\/#breadcrumb\"},\"inLanguage\":\"hr\",\"potentialAction\":[{\"@type\":\"ReadAction\",\"target\":[\"http:\/\/knjiznice.nsk.hr\/ston\/financijski-izvjestaj-za-2023-godinu\/\"]}]},{\"@type\":\"BreadcrumbList\",\"@id\":\"http:\/\/knjiznice.nsk.hr\/ston\/financijski-izvjestaj-za-2023-godinu\/#breadcrumb\",\"itemListElement\":[{\"@type\":\"ListItem\",\"position\":1,\"item\":{\"@type\":\"WebPage\",\"@id\":\"http:\/\/knjiznice.nsk.hr\/ston\/\",\"url\":\"http:\/\/knjiznice.nsk.hr\/ston\/\",\"name\":\"Po\\u010detna stranica\"}},{\"@type\":\"ListItem\",\"position\":2,\"item\":{\"@id\":\"http:\/\/knjiznice.nsk.hr\/ston\/financijski-izvjestaj-za-2023-godinu\/#webpage\"}}]}]}<\/script>\n<!-- \/ Yoast SEO plugin. -->","_links":{"self":[{"href":"http:\/\/knjiznice.nsk.hr\/ston\/wp-json\/wp\/v2\/pages\/2625"}],"collection":[{"href":"http:\/\/knjiznice.nsk.hr\/ston\/wp-json\/wp\/v2\/pages"}],"about":[{"href":"http:\/\/knjiznice.nsk.hr\/ston\/wp-json\/wp\/v2\/types\/page"}],"author":[{"embeddable":true,"href":"http:\/\/knjiznice.nsk.hr\/ston\/wp-json\/wp\/v2\/users\/55"}],"replies":[{"embeddable":true,"href":"http:\/\/knjiznice.nsk.hr\/ston\/wp-json\/wp\/v2\/comments?post=2625"}],"version-history":[{"count":8,"href":"http:\/\/knjiznice.nsk.hr\/ston\/wp-json\/wp\/v2\/pages\/2625\/revisions"}],"predecessor-version":[{"id":3287,"href":"http:\/\/knjiznice.nsk.hr\/ston\/wp-json\/wp\/v2\/pages\/2625\/revisions\/3287"}],"wp:attachment":[{"href":"http:\/\/knjiznice.nsk.hr\/ston\/wp-json\/wp\/v2\/media?parent=2625"}],"curies":[{"name":"wp","href":"https:\/\/api.w.org\/{rel}","templated":true}]}}