{"id":2592,"date":"2023-08-28T08:12:46","date_gmt":"2023-08-28T08:12:46","guid":{"rendered":"http:\/\/knjiznice.nsk.hr\/ston\/?page_id=2592"},"modified":"2024-05-13T06:13:13","modified_gmt":"2024-05-13T06:13:13","slug":"rezultati-natjecaja","status":"publish","type":"page","link":"http:\/\/knjiznice.nsk.hr\/ston\/rezultati-natjecaja\/","title":{"rendered":"Rezultati natje\u010daja"},"content":{"rendered":"<p>Temeljem Javnog natje\u010daja za izbor i imenovanje ravnatelja Narodne knji\u017enice Ston od 30. studenoga 2022. godine na mjesto ravnatelja izabrana je Sandra Vuleti\u0107, knji\u017eni\u010darka.<\/p>\n<p><a href=\"http:\/\/knjiznice.nsk.hr\/ston\/wp-content\/uploads\/sites\/12\/2024\/05\/ishod-natjecaja_20240425_0001.pdf\">Rezultati natje\u010daja za radno mjesto knji\u017eni\u010dar<\/a><\/p>\n","protected":false},"excerpt":{"rendered":"<p>Temeljem Javnog natje\u010daja za izbor i imenovanje ravnatelja Narodne knji\u017enice Ston od 30. studenoga 2022. godine na mjesto ravnatelja izabrana je Sandra Vuleti\u0107, knji\u017eni\u010darka. Rezultati natje\u010daja za radno mjesto knji\u017eni\u010dar<\/p>\n","protected":false},"author":55,"featured_media":0,"parent":0,"menu_order":0,"comment_status":"closed","ping_status":"closed","template":"","meta":{"ngg_post_thumbnail":0},"yoast_head":"<!-- This site is optimized with the Yoast SEO plugin v16.4 - https:\/\/yoast.com\/wordpress\/plugins\/seo\/ -->\n<meta name=\"robots\" content=\"index, follow, max-snippet:-1, max-image-preview:large, max-video-preview:-1\" \/>\n<link rel=\"canonical\" href=\"http:\/\/knjiznice.nsk.hr\/ston\/rezultati-natjecaja\/\" \/>\n<meta property=\"og:locale\" content=\"hr_HR\" \/>\n<meta property=\"og:type\" content=\"article\" \/>\n<meta property=\"og:title\" content=\"Rezultati natje\u010daja &ndash; Narodna knji\u017enica Ston\" \/>\n<meta property=\"og:description\" content=\"Temeljem Javnog natje\u010daja za izbor i imenovanje ravnatelja Narodne knji\u017enice Ston od 30. studenoga 2022. godine na mjesto ravnatelja izabrana je Sandra Vuleti\u0107, knji\u017eni\u010darka. Rezultati natje\u010daja za radno mjesto knji\u017eni\u010dar\" \/>\n<meta property=\"og:url\" content=\"http:\/\/knjiznice.nsk.hr\/ston\/rezultati-natjecaja\/\" \/>\n<meta property=\"og:site_name\" content=\"Narodna knji\u017enica Ston\" \/>\n<meta property=\"article:modified_time\" content=\"2024-05-13T06:13:13+00:00\" \/>\n<meta name=\"twitter:label1\" content=\"Procijenjeno vrijeme \u010ditanja\" \/>\n\t<meta name=\"twitter:data1\" content=\"1 minuta\" \/>\n<script type=\"application\/ld+json\" class=\"yoast-schema-graph\">{\"@context\":\"https:\/\/schema.org\",\"@graph\":[{\"@type\":\"WebSite\",\"@id\":\"http:\/\/knjiznice.nsk.hr\/ston\/#website\",\"url\":\"http:\/\/knjiznice.nsk.hr\/ston\/\",\"name\":\"Narodna knji\\u017enica Ston\",\"description\":\"\",\"potentialAction\":[{\"@type\":\"SearchAction\",\"target\":\"http:\/\/knjiznice.nsk.hr\/ston\/?s={search_term_string}\",\"query-input\":\"required name=search_term_string\"}],\"inLanguage\":\"hr\"},{\"@type\":\"WebPage\",\"@id\":\"http:\/\/knjiznice.nsk.hr\/ston\/rezultati-natjecaja\/#webpage\",\"url\":\"http:\/\/knjiznice.nsk.hr\/ston\/rezultati-natjecaja\/\",\"name\":\"Rezultati natje\\u010daja &ndash; Narodna knji\\u017enica Ston\",\"isPartOf\":{\"@id\":\"http:\/\/knjiznice.nsk.hr\/ston\/#website\"},\"datePublished\":\"2023-08-28T08:12:46+00:00\",\"dateModified\":\"2024-05-13T06:13:13+00:00\",\"breadcrumb\":{\"@id\":\"http:\/\/knjiznice.nsk.hr\/ston\/rezultati-natjecaja\/#breadcrumb\"},\"inLanguage\":\"hr\",\"potentialAction\":[{\"@type\":\"ReadAction\",\"target\":[\"http:\/\/knjiznice.nsk.hr\/ston\/rezultati-natjecaja\/\"]}]},{\"@type\":\"BreadcrumbList\",\"@id\":\"http:\/\/knjiznice.nsk.hr\/ston\/rezultati-natjecaja\/#breadcrumb\",\"itemListElement\":[{\"@type\":\"ListItem\",\"position\":1,\"item\":{\"@type\":\"WebPage\",\"@id\":\"http:\/\/knjiznice.nsk.hr\/ston\/\",\"url\":\"http:\/\/knjiznice.nsk.hr\/ston\/\",\"name\":\"Po\\u010detna stranica\"}},{\"@type\":\"ListItem\",\"position\":2,\"item\":{\"@id\":\"http:\/\/knjiznice.nsk.hr\/ston\/rezultati-natjecaja\/#webpage\"}}]}]}<\/script>\n<!-- \/ Yoast SEO plugin. -->","_links":{"self":[{"href":"http:\/\/knjiznice.nsk.hr\/ston\/wp-json\/wp\/v2\/pages\/2592"}],"collection":[{"href":"http:\/\/knjiznice.nsk.hr\/ston\/wp-json\/wp\/v2\/pages"}],"about":[{"href":"http:\/\/knjiznice.nsk.hr\/ston\/wp-json\/wp\/v2\/types\/page"}],"author":[{"embeddable":true,"href":"http:\/\/knjiznice.nsk.hr\/ston\/wp-json\/wp\/v2\/users\/55"}],"replies":[{"embeddable":true,"href":"http:\/\/knjiznice.nsk.hr\/ston\/wp-json\/wp\/v2\/comments?post=2592"}],"version-history":[{"count":7,"href":"http:\/\/knjiznice.nsk.hr\/ston\/wp-json\/wp\/v2\/pages\/2592\/revisions"}],"predecessor-version":[{"id":3152,"href":"http:\/\/knjiznice.nsk.hr\/ston\/wp-json\/wp\/v2\/pages\/2592\/revisions\/3152"}],"wp:attachment":[{"href":"http:\/\/knjiznice.nsk.hr\/ston\/wp-json\/wp\/v2\/media?parent=2592"}],"curies":[{"name":"wp","href":"https:\/\/api.w.org\/{rel}","templated":true}]}}