{"id":1938,"date":"2023-02-02T09:17:56","date_gmt":"2023-02-02T09:17:56","guid":{"rendered":"http:\/\/knjiznice.nsk.hr\/ston\/?page_id=1938"},"modified":"2023-02-02T09:17:56","modified_gmt":"2023-02-02T09:17:56","slug":"financijski-izvjestaj-za-2022-godinu","status":"publish","type":"page","link":"http:\/\/knjiznice.nsk.hr\/ston\/financijski-izvjestaj-za-2022-godinu\/","title":{"rendered":"Financijski izvje\u0161taj za 2022. godinu"},"content":{"rendered":"<ul>\n<li><a href=\"http:\/\/knjiznice.nsk.hr\/ston\/wp-content\/uploads\/sites\/12\/2023\/02\/Referentna-stranica-za-2022.pdf\">Referentna stranica za 2022<\/a><\/li>\n<li><a href=\"http:\/\/knjiznice.nsk.hr\/ston\/wp-content\/uploads\/sites\/12\/2023\/02\/Financijski-izvjestaj-za-2022.pdf\">Financijski izvje\u0161taj za 2022<\/a><\/li>\n<li><a href=\"http:\/\/knjiznice.nsk.hr\/ston\/wp-content\/uploads\/sites\/12\/2023\/02\/Biljeske-uz-financijska-izvjesca-za-2022.pdf\">Bilje\u0161ke uz financijska izvje\u0161\u0107a za 2022<\/a><\/li>\n<li><a href=\"http:\/\/knjiznice.nsk.hr\/ston\/wp-content\/uploads\/sites\/12\/2023\/02\/Potvrda-o-ucitanom-financijskom-izvjestaju.pdf\">P<\/a><a href=\"http:\/\/knjiznice.nsk.hr\/ston\/wp-content\/uploads\/sites\/12\/2023\/02\/Potvrda-o-ucitanom-financijskom-izvjestaju.pdf\">otvrda o u\u010ditanom financijskom izvje\u0161taju<\/a><\/li>\n<\/ul>\n","protected":false},"excerpt":{"rendered":"<p>Referentna stranica za 2022 Financijski izvje\u0161taj za 2022 Bilje\u0161ke uz financijska izvje\u0161\u0107a za 2022 Potvrda o u\u010ditanom financijskom izvje\u0161taju<\/p>\n","protected":false},"author":55,"featured_media":0,"parent":0,"menu_order":0,"comment_status":"closed","ping_status":"closed","template":"","meta":{"ngg_post_thumbnail":0},"yoast_head":"<!-- This site is optimized with the Yoast SEO plugin v16.4 - https:\/\/yoast.com\/wordpress\/plugins\/seo\/ -->\n<meta name=\"robots\" content=\"index, follow, max-snippet:-1, max-image-preview:large, max-video-preview:-1\" \/>\n<link rel=\"canonical\" href=\"http:\/\/knjiznice.nsk.hr\/ston\/financijski-izvjestaj-za-2022-godinu\/\" \/>\n<meta property=\"og:locale\" content=\"hr_HR\" \/>\n<meta property=\"og:type\" content=\"article\" \/>\n<meta property=\"og:title\" content=\"Financijski izvje\u0161taj za 2022. godinu &ndash; Narodna knji\u017enica Ston\" \/>\n<meta property=\"og:description\" content=\"Referentna stranica za 2022 Financijski izvje\u0161taj za 2022 Bilje\u0161ke uz financijska izvje\u0161\u0107a za 2022 Potvrda o u\u010ditanom financijskom izvje\u0161taju\" \/>\n<meta property=\"og:url\" content=\"http:\/\/knjiznice.nsk.hr\/ston\/financijski-izvjestaj-za-2022-godinu\/\" \/>\n<meta property=\"og:site_name\" content=\"Narodna knji\u017enica Ston\" \/>\n<meta name=\"twitter:label1\" content=\"Procijenjeno vrijeme \u010ditanja\" \/>\n\t<meta name=\"twitter:data1\" content=\"1 minuta\" \/>\n<script type=\"application\/ld+json\" class=\"yoast-schema-graph\">{\"@context\":\"https:\/\/schema.org\",\"@graph\":[{\"@type\":\"WebSite\",\"@id\":\"http:\/\/knjiznice.nsk.hr\/ston\/#website\",\"url\":\"http:\/\/knjiznice.nsk.hr\/ston\/\",\"name\":\"Narodna knji\\u017enica Ston\",\"description\":\"\",\"potentialAction\":[{\"@type\":\"SearchAction\",\"target\":\"http:\/\/knjiznice.nsk.hr\/ston\/?s={search_term_string}\",\"query-input\":\"required name=search_term_string\"}],\"inLanguage\":\"hr\"},{\"@type\":\"WebPage\",\"@id\":\"http:\/\/knjiznice.nsk.hr\/ston\/financijski-izvjestaj-za-2022-godinu\/#webpage\",\"url\":\"http:\/\/knjiznice.nsk.hr\/ston\/financijski-izvjestaj-za-2022-godinu\/\",\"name\":\"Financijski izvje\\u0161taj za 2022. godinu &ndash; Narodna knji\\u017enica Ston\",\"isPartOf\":{\"@id\":\"http:\/\/knjiznice.nsk.hr\/ston\/#website\"},\"datePublished\":\"2023-02-02T09:17:56+00:00\",\"dateModified\":\"2023-02-02T09:17:56+00:00\",\"breadcrumb\":{\"@id\":\"http:\/\/knjiznice.nsk.hr\/ston\/financijski-izvjestaj-za-2022-godinu\/#breadcrumb\"},\"inLanguage\":\"hr\",\"potentialAction\":[{\"@type\":\"ReadAction\",\"target\":[\"http:\/\/knjiznice.nsk.hr\/ston\/financijski-izvjestaj-za-2022-godinu\/\"]}]},{\"@type\":\"BreadcrumbList\",\"@id\":\"http:\/\/knjiznice.nsk.hr\/ston\/financijski-izvjestaj-za-2022-godinu\/#breadcrumb\",\"itemListElement\":[{\"@type\":\"ListItem\",\"position\":1,\"item\":{\"@type\":\"WebPage\",\"@id\":\"http:\/\/knjiznice.nsk.hr\/ston\/\",\"url\":\"http:\/\/knjiznice.nsk.hr\/ston\/\",\"name\":\"Po\\u010detna stranica\"}},{\"@type\":\"ListItem\",\"position\":2,\"item\":{\"@id\":\"http:\/\/knjiznice.nsk.hr\/ston\/financijski-izvjestaj-za-2022-godinu\/#webpage\"}}]}]}<\/script>\n<!-- \/ Yoast SEO plugin. -->","_links":{"self":[{"href":"http:\/\/knjiznice.nsk.hr\/ston\/wp-json\/wp\/v2\/pages\/1938"}],"collection":[{"href":"http:\/\/knjiznice.nsk.hr\/ston\/wp-json\/wp\/v2\/pages"}],"about":[{"href":"http:\/\/knjiznice.nsk.hr\/ston\/wp-json\/wp\/v2\/types\/page"}],"author":[{"embeddable":true,"href":"http:\/\/knjiznice.nsk.hr\/ston\/wp-json\/wp\/v2\/users\/55"}],"replies":[{"embeddable":true,"href":"http:\/\/knjiznice.nsk.hr\/ston\/wp-json\/wp\/v2\/comments?post=1938"}],"version-history":[{"count":1,"href":"http:\/\/knjiznice.nsk.hr\/ston\/wp-json\/wp\/v2\/pages\/1938\/revisions"}],"predecessor-version":[{"id":1944,"href":"http:\/\/knjiznice.nsk.hr\/ston\/wp-json\/wp\/v2\/pages\/1938\/revisions\/1944"}],"wp:attachment":[{"href":"http:\/\/knjiznice.nsk.hr\/ston\/wp-json\/wp\/v2\/media?parent=1938"}],"curies":[{"name":"wp","href":"https:\/\/api.w.org\/{rel}","templated":true}]}}