{"id":1908,"date":"2022-11-30T08:23:18","date_gmt":"2022-11-30T08:23:18","guid":{"rendered":"http:\/\/knjiznice.nsk.hr\/ston\/?page_id=1908"},"modified":"2023-08-28T08:13:01","modified_gmt":"2023-08-28T08:13:01","slug":"1908-2","status":"publish","type":"page","link":"http:\/\/knjiznice.nsk.hr\/ston\/1908-2\/","title":{"rendered":"Natje\u010daji"},"content":{"rendered":"<p><a href=\"http:\/\/knjiznice.nsk.hr\/ston\/otvoreni-natjecaji\/\">Otvoreni natje\u010daji<\/a><\/p>\n<p><a href=\"http:\/\/knjiznice.nsk.hr\/ston\/rezultati-natjecaja\/\">Rezultati natje\u010daja<\/a><\/p>\n<p><a href=\"http:\/\/knjiznice.nsk.hr\/ston\/arhiva-natjecaja\/\">Arhiva natje\u010daja<\/a><\/p>\n","protected":false},"excerpt":{"rendered":"<p>Otvoreni natje\u010daji Rezultati natje\u010daja Arhiva natje\u010daja<\/p>\n","protected":false},"author":55,"featured_media":0,"parent":0,"menu_order":0,"comment_status":"closed","ping_status":"closed","template":"","meta":{"ngg_post_thumbnail":0},"yoast_head":"<!-- This site is optimized with the Yoast SEO plugin v16.4 - https:\/\/yoast.com\/wordpress\/plugins\/seo\/ -->\n<meta name=\"robots\" content=\"index, follow, max-snippet:-1, max-image-preview:large, max-video-preview:-1\" \/>\n<link rel=\"canonical\" href=\"http:\/\/knjiznice.nsk.hr\/ston\/1908-2\/\" \/>\n<meta property=\"og:locale\" content=\"hr_HR\" \/>\n<meta property=\"og:type\" content=\"article\" \/>\n<meta property=\"og:title\" content=\"Natje\u010daji &ndash; Narodna knji\u017enica Ston\" \/>\n<meta property=\"og:description\" content=\"Otvoreni natje\u010daji Rezultati natje\u010daja Arhiva natje\u010daja\" \/>\n<meta property=\"og:url\" content=\"http:\/\/knjiznice.nsk.hr\/ston\/1908-2\/\" \/>\n<meta property=\"og:site_name\" content=\"Narodna knji\u017enica Ston\" \/>\n<meta property=\"article:modified_time\" content=\"2023-08-28T08:13:01+00:00\" \/>\n<meta name=\"twitter:label1\" content=\"Procijenjeno vrijeme \u010ditanja\" \/>\n\t<meta name=\"twitter:data1\" content=\"1 minuta\" \/>\n<script type=\"application\/ld+json\" class=\"yoast-schema-graph\">{\"@context\":\"https:\/\/schema.org\",\"@graph\":[{\"@type\":\"WebSite\",\"@id\":\"https:\/\/knjiznice.nsk.hr\/ston\/#website\",\"url\":\"https:\/\/knjiznice.nsk.hr\/ston\/\",\"name\":\"Narodna knji\\u017enica Ston\",\"description\":\"\",\"potentialAction\":[{\"@type\":\"SearchAction\",\"target\":\"https:\/\/knjiznice.nsk.hr\/ston\/?s={search_term_string}\",\"query-input\":\"required name=search_term_string\"}],\"inLanguage\":\"hr\"},{\"@type\":\"WebPage\",\"@id\":\"http:\/\/knjiznice.nsk.hr\/ston\/1908-2\/#webpage\",\"url\":\"http:\/\/knjiznice.nsk.hr\/ston\/1908-2\/\",\"name\":\"Natje\\u010daji &ndash; Narodna knji\\u017enica Ston\",\"isPartOf\":{\"@id\":\"https:\/\/knjiznice.nsk.hr\/ston\/#website\"},\"datePublished\":\"2022-11-30T08:23:18+00:00\",\"dateModified\":\"2023-08-28T08:13:01+00:00\",\"breadcrumb\":{\"@id\":\"http:\/\/knjiznice.nsk.hr\/ston\/1908-2\/#breadcrumb\"},\"inLanguage\":\"hr\",\"potentialAction\":[{\"@type\":\"ReadAction\",\"target\":[\"http:\/\/knjiznice.nsk.hr\/ston\/1908-2\/\"]}]},{\"@type\":\"BreadcrumbList\",\"@id\":\"http:\/\/knjiznice.nsk.hr\/ston\/1908-2\/#breadcrumb\",\"itemListElement\":[{\"@type\":\"ListItem\",\"position\":1,\"item\":{\"@type\":\"WebPage\",\"@id\":\"https:\/\/knjiznice.nsk.hr\/ston\/\",\"url\":\"https:\/\/knjiznice.nsk.hr\/ston\/\",\"name\":\"Po\\u010detna stranica\"}},{\"@type\":\"ListItem\",\"position\":2,\"item\":{\"@id\":\"http:\/\/knjiznice.nsk.hr\/ston\/1908-2\/#webpage\"}}]}]}<\/script>\n<!-- \/ Yoast SEO plugin. -->","_links":{"self":[{"href":"http:\/\/knjiznice.nsk.hr\/ston\/wp-json\/wp\/v2\/pages\/1908"}],"collection":[{"href":"http:\/\/knjiznice.nsk.hr\/ston\/wp-json\/wp\/v2\/pages"}],"about":[{"href":"http:\/\/knjiznice.nsk.hr\/ston\/wp-json\/wp\/v2\/types\/page"}],"author":[{"embeddable":true,"href":"http:\/\/knjiznice.nsk.hr\/ston\/wp-json\/wp\/v2\/users\/55"}],"replies":[{"embeddable":true,"href":"http:\/\/knjiznice.nsk.hr\/ston\/wp-json\/wp\/v2\/comments?post=1908"}],"version-history":[{"count":6,"href":"http:\/\/knjiznice.nsk.hr\/ston\/wp-json\/wp\/v2\/pages\/1908\/revisions"}],"predecessor-version":[{"id":2594,"href":"http:\/\/knjiznice.nsk.hr\/ston\/wp-json\/wp\/v2\/pages\/1908\/revisions\/2594"}],"wp:attachment":[{"href":"http:\/\/knjiznice.nsk.hr\/ston\/wp-json\/wp\/v2\/media?parent=1908"}],"curies":[{"name":"wp","href":"https:\/\/api.w.org\/{rel}","templated":true}]}}