{"id":1892,"date":"2022-11-02T15:33:14","date_gmt":"2022-11-02T15:33:14","guid":{"rendered":"http:\/\/knjiznice.nsk.hr\/ston\/?page_id=1892"},"modified":"2022-11-02T15:33:14","modified_gmt":"2022-11-02T15:33:14","slug":"kontra-vjetra-biciklom-od-senegala-do-gibraltara-putopisno-predavanje-gorana-blazevica","status":"publish","type":"page","link":"http:\/\/knjiznice.nsk.hr\/ston\/kontra-vjetra-biciklom-od-senegala-do-gibraltara-putopisno-predavanje-gorana-blazevica\/","title":{"rendered":"Kontra vjetra \u2013 biciklom od Senegala do Gibraltara Putopisno predavanje Gorana Bla\u017eevi\u0107a"},"content":{"rendered":"<p>&nbsp;<\/p>\n<p><a href=\"http:\/\/knjiznice.nsk.hr\/ston\/wp-content\/uploads\/sites\/12\/2022\/10\/Putopisno-predavanje-Kontra-vjetra.png\"><img loading=\"lazy\" class=\"alignnone wp-image-1891\" src=\"http:\/\/knjiznice.nsk.hr\/ston\/wp-content\/uploads\/sites\/12\/2022\/10\/Putopisno-predavanje-Kontra-vjetra-212x300.png\" alt=\"\" width=\"411\" height=\"581\" srcset=\"http:\/\/knjiznice.nsk.hr\/ston\/wp-content\/uploads\/sites\/12\/2022\/10\/Putopisno-predavanje-Kontra-vjetra-212x300.png 212w, http:\/\/knjiznice.nsk.hr\/ston\/wp-content\/uploads\/sites\/12\/2022\/10\/Putopisno-predavanje-Kontra-vjetra-724x1024.png 724w, http:\/\/knjiznice.nsk.hr\/ston\/wp-content\/uploads\/sites\/12\/2022\/10\/Putopisno-predavanje-Kontra-vjetra-768x1086.png 768w, http:\/\/knjiznice.nsk.hr\/ston\/wp-content\/uploads\/sites\/12\/2022\/10\/Putopisno-predavanje-Kontra-vjetra-600x849.png 600w, http:\/\/knjiznice.nsk.hr\/ston\/wp-content\/uploads\/sites\/12\/2022\/10\/Putopisno-predavanje-Kontra-vjetra-1086x1536.png 1086w, http:\/\/knjiznice.nsk.hr\/ston\/wp-content\/uploads\/sites\/12\/2022\/10\/Putopisno-predavanje-Kontra-vjetra-1448x2048.png 1448w, http:\/\/knjiznice.nsk.hr\/ston\/wp-content\/uploads\/sites\/12\/2022\/10\/Putopisno-predavanje-Kontra-vjetra.png 1587w\" sizes=\"(max-width: 411px) 100vw, 411px\" \/><\/a><\/p>\n<p>Nakon \u0161to je uspje\u0161no prehodao balkansku izbjegli\u010dku rutu 2016. godine te osmislio i promovirao projekt pod nazivom \u201eSolidarity Walk 4 km\/h\u201c za koji je dobio Nagradu Dijana Klari\u0107 u \u010dak dvije kategorije \u2013 Projekt godine i Putnik godine \u2013 Goran Bla\u017eevi\u0107 se tijekom 2020. upustio u novu putni\u010dku pustolovinu s ciljem usmjeravanja pa\u017enje na jo\u0161 jednu va\u017enu socijalnu i politi\u010dku temu. Projekt \u201eKontra vjetra\u201c temelji se na ideji Gorana Bla\u017eevi\u0107a da biciklom prije\u0111e udaljenost od 3500 kilometara \u2013 od zelenog Senegala preko vjetrovite Mauritanije te pusto\u0161i i praznine pijeska Zapadne Sahare, preko urbanog Maroka sve do \u0161panjolskog teritorija na afri\u010dkom kontinentu. U sredi\u0161tu interesa projekta bilo je pra\u0107enje jedne od tri migracijske rute koje afri\u010dki narodi koriste u poku\u0161aju dolaska do Europe. Osim Gorana Bla\u017eevi\u0107a, projektu se priklju\u010dio i iskusni putnik na biciklu Ivan Mladenovi\u0107 iz \u0160ida. Dvije osobe koje se nikad prije nisu srele, suo\u010davaju se s vlastitim pogledima na svijet i kre\u0107u u prelazak \u010ditavog ruba Saharske pustinje isklju\u010divo vlastitim snagama \u2013 kontra raznih izazova, kontra vjetra koji neprestano pu\u0161e u suprotnom smjeru. Nakon mjesec i pol dana stigao je do Gibraltara, odakle je njegov povratak ku\u0107i ote\u017ealo izbijanje pandemije. Za ovaj uspje\u0161no dovr\u0161en poduhvat Goran Bla\u017eevi\u0107 je zaslu\u017eio jo\u0161 jednu Nagradu Dijana Klari\u0107, onu za Najbolji projekt na Festivalu putnika u \u0160ibeniku 2021. godine. Ovim je rije\u010dima stru\u010dni \u017eiri obrazlo\u017eio svoju odluku: \u201eGoran Bla\u017eevi\u0107 prevalio je 3500 kilometara na dva kota\u010da afri\u010dkim cestama. Avanturisti\u010dki je podvig biciklirati od Dakra u Senegalu do \u0161panjolske enklave Ceute u sjevernoj Africi, neprestano izlo\u017een \u017earkom afri\u010dkom suncu i nemilice \u0161iban pustinjskim vjetrom. Istom rutom svakodnevno prolaze tisu\u0107e Afrikanaca koji bje\u017ee od afri\u010dke besperspektivnosti i sanjaju bolji \u017eivot u bogatoj Europi. Migrantska ruta bil je i nit vodilja njegova putovanja, kako bi bolje shvatio odakle ljudi bje\u017ee, \u0161to ih goni i kakve opasnosti vrebaju na tom putu. Goran nam svojim putopisima poma\u017ee da bolje shvatimo dana\u0161nju zapadnu Afriku i te\u017einu \u017eivota na afri\u010dkom tlu, ali istodobno i te\u017einu i ljepotu bicikliranja afri\u010dkom pustinjom.\u201c<\/p>\n<p>O autoru (iz knjige Karavana):<\/p>\n<p>Goran Bla\u017eevi\u0107 \u017eivi i radi u Istri. Putuje uglavnom pje\u0161ice ili na biciklu. Samostalno je organizirao i proveo nekolikolo velikih hodo\u010dasni\u010dkih poduhvata. Na devi je pro\u0161ao pustinju Rub al Khali u Saudijskoj Arabiji o \u010demu je pisao u knjizi Karavana, a napisao je i knjigu Svilim: 3300 kilometara pje\u0161ice po izbjegli\u010dkoj ruti. Bavi se planinarenjem, tr\u010danjem i sli\u010dnim sportskim aktivnostima kojima promi\u010de usporeno kretanje.<\/p>\n","protected":false},"excerpt":{"rendered":"<p>&nbsp; Nakon \u0161to je uspje\u0161no prehodao balkansku izbjegli\u010dku rutu 2016. godine te osmislio i promovirao projekt pod nazivom \u201eSolidarity Walk 4 km\/h\u201c za koji je dobio Nagradu Dijana Klari\u0107 u \u010dak dvije kategorije \u2013 Projekt godine i Putnik godine \u2013 Goran Bla\u017eevi\u0107 se tijekom 2020. upustio u novu putni\u010dku pustolovinu s ciljem usmjeravanja pa\u017enje na [&hellip;]<\/p>\n","protected":false},"author":55,"featured_media":0,"parent":0,"menu_order":0,"comment_status":"closed","ping_status":"closed","template":"","meta":{"ngg_post_thumbnail":0},"yoast_head":"<!-- This site is optimized with the Yoast SEO plugin v16.4 - https:\/\/yoast.com\/wordpress\/plugins\/seo\/ -->\n<meta name=\"robots\" content=\"index, follow, max-snippet:-1, max-image-preview:large, max-video-preview:-1\" \/>\n<link rel=\"canonical\" href=\"http:\/\/knjiznice.nsk.hr\/ston\/kontra-vjetra-biciklom-od-senegala-do-gibraltara-putopisno-predavanje-gorana-blazevica\/\" \/>\n<meta property=\"og:locale\" content=\"hr_HR\" \/>\n<meta property=\"og:type\" content=\"article\" \/>\n<meta property=\"og:title\" content=\"Kontra vjetra \u2013 biciklom od Senegala do Gibraltara Putopisno predavanje Gorana Bla\u017eevi\u0107a &ndash; Narodna knji\u017enica Ston\" \/>\n<meta property=\"og:description\" content=\"&nbsp; Nakon \u0161to je uspje\u0161no prehodao balkansku izbjegli\u010dku rutu 2016. godine te osmislio i promovirao projekt pod nazivom \u201eSolidarity Walk 4 km\/h\u201c za koji je dobio Nagradu Dijana Klari\u0107 u \u010dak dvije kategorije \u2013 Projekt godine i Putnik godine \u2013 Goran Bla\u017eevi\u0107 se tijekom 2020. upustio u novu putni\u010dku pustolovinu s ciljem usmjeravanja pa\u017enje na [&hellip;]\" \/>\n<meta property=\"og:url\" content=\"http:\/\/knjiznice.nsk.hr\/ston\/kontra-vjetra-biciklom-od-senegala-do-gibraltara-putopisno-predavanje-gorana-blazevica\/\" \/>\n<meta property=\"og:site_name\" content=\"Narodna knji\u017enica Ston\" \/>\n<meta property=\"og:image\" content=\"http:\/\/knjiznice.nsk.hr\/ston\/wp-content\/uploads\/sites\/12\/2022\/10\/Putopisno-predavanje-Kontra-vjetra-212x300.png\" \/>\n<meta name=\"twitter:label1\" content=\"Procijenjeno vrijeme \u010ditanja\" \/>\n\t<meta name=\"twitter:data1\" content=\"2 minute\" \/>\n<script type=\"application\/ld+json\" class=\"yoast-schema-graph\">{\"@context\":\"https:\/\/schema.org\",\"@graph\":[{\"@type\":\"WebSite\",\"@id\":\"http:\/\/knjiznice.nsk.hr\/ston\/#website\",\"url\":\"http:\/\/knjiznice.nsk.hr\/ston\/\",\"name\":\"Narodna knji\\u017enica Ston\",\"description\":\"\",\"potentialAction\":[{\"@type\":\"SearchAction\",\"target\":\"http:\/\/knjiznice.nsk.hr\/ston\/?s={search_term_string}\",\"query-input\":\"required name=search_term_string\"}],\"inLanguage\":\"hr\"},{\"@type\":\"ImageObject\",\"@id\":\"http:\/\/knjiznice.nsk.hr\/ston\/kontra-vjetra-biciklom-od-senegala-do-gibraltara-putopisno-predavanje-gorana-blazevica\/#primaryimage\",\"inLanguage\":\"hr\",\"url\":\"http:\/\/knjiznice.nsk.hr\/ston\/wp-content\/uploads\/sites\/12\/2022\/10\/Putopisno-predavanje-Kontra-vjetra.png\",\"contentUrl\":\"http:\/\/knjiznice.nsk.hr\/ston\/wp-content\/uploads\/sites\/12\/2022\/10\/Putopisno-predavanje-Kontra-vjetra.png\",\"width\":1587,\"height\":2245},{\"@type\":\"WebPage\",\"@id\":\"http:\/\/knjiznice.nsk.hr\/ston\/kontra-vjetra-biciklom-od-senegala-do-gibraltara-putopisno-predavanje-gorana-blazevica\/#webpage\",\"url\":\"http:\/\/knjiznice.nsk.hr\/ston\/kontra-vjetra-biciklom-od-senegala-do-gibraltara-putopisno-predavanje-gorana-blazevica\/\",\"name\":\"Kontra vjetra \\u2013 biciklom od Senegala do Gibraltara Putopisno predavanje Gorana Bla\\u017eevi\\u0107a &ndash; Narodna knji\\u017enica Ston\",\"isPartOf\":{\"@id\":\"http:\/\/knjiznice.nsk.hr\/ston\/#website\"},\"primaryImageOfPage\":{\"@id\":\"http:\/\/knjiznice.nsk.hr\/ston\/kontra-vjetra-biciklom-od-senegala-do-gibraltara-putopisno-predavanje-gorana-blazevica\/#primaryimage\"},\"datePublished\":\"2022-11-02T15:33:14+00:00\",\"dateModified\":\"2022-11-02T15:33:14+00:00\",\"breadcrumb\":{\"@id\":\"http:\/\/knjiznice.nsk.hr\/ston\/kontra-vjetra-biciklom-od-senegala-do-gibraltara-putopisno-predavanje-gorana-blazevica\/#breadcrumb\"},\"inLanguage\":\"hr\",\"potentialAction\":[{\"@type\":\"ReadAction\",\"target\":[\"http:\/\/knjiznice.nsk.hr\/ston\/kontra-vjetra-biciklom-od-senegala-do-gibraltara-putopisno-predavanje-gorana-blazevica\/\"]}]},{\"@type\":\"BreadcrumbList\",\"@id\":\"http:\/\/knjiznice.nsk.hr\/ston\/kontra-vjetra-biciklom-od-senegala-do-gibraltara-putopisno-predavanje-gorana-blazevica\/#breadcrumb\",\"itemListElement\":[{\"@type\":\"ListItem\",\"position\":1,\"item\":{\"@type\":\"WebPage\",\"@id\":\"http:\/\/knjiznice.nsk.hr\/ston\/\",\"url\":\"http:\/\/knjiznice.nsk.hr\/ston\/\",\"name\":\"Po\\u010detna stranica\"}},{\"@type\":\"ListItem\",\"position\":2,\"item\":{\"@id\":\"http:\/\/knjiznice.nsk.hr\/ston\/kontra-vjetra-biciklom-od-senegala-do-gibraltara-putopisno-predavanje-gorana-blazevica\/#webpage\"}}]}]}<\/script>\n<!-- \/ Yoast SEO plugin. -->","_links":{"self":[{"href":"http:\/\/knjiznice.nsk.hr\/ston\/wp-json\/wp\/v2\/pages\/1892"}],"collection":[{"href":"http:\/\/knjiznice.nsk.hr\/ston\/wp-json\/wp\/v2\/pages"}],"about":[{"href":"http:\/\/knjiznice.nsk.hr\/ston\/wp-json\/wp\/v2\/types\/page"}],"author":[{"embeddable":true,"href":"http:\/\/knjiznice.nsk.hr\/ston\/wp-json\/wp\/v2\/users\/55"}],"replies":[{"embeddable":true,"href":"http:\/\/knjiznice.nsk.hr\/ston\/wp-json\/wp\/v2\/comments?post=1892"}],"version-history":[{"count":2,"href":"http:\/\/knjiznice.nsk.hr\/ston\/wp-json\/wp\/v2\/pages\/1892\/revisions"}],"predecessor-version":[{"id":1894,"href":"http:\/\/knjiznice.nsk.hr\/ston\/wp-json\/wp\/v2\/pages\/1892\/revisions\/1894"}],"wp:attachment":[{"href":"http:\/\/knjiznice.nsk.hr\/ston\/wp-json\/wp\/v2\/media?parent=1892"}],"curies":[{"name":"wp","href":"https:\/\/api.w.org\/{rel}","templated":true}]}}