{"id":175,"date":"2020-09-14T09:34:29","date_gmt":"2020-09-14T09:34:29","guid":{"rendered":"http:\/\/knjiznice.nsk.hr\/ston\/?page_id=175"},"modified":"2020-09-25T08:51:26","modified_gmt":"2020-09-25T08:51:26","slug":"2019-3","status":"publish","type":"page","link":"http:\/\/knjiznice.nsk.hr\/ston\/2019-3\/","title":{"rendered":"2019."},"content":{"rendered":"<div class=\"ngg-albumoverview\">\n            <div class=\"ngg-album-compact\">\n            <div class=\"ngg-album-compactbox\">\n                <div class=\"ngg-album-link\">\n                                        <a title='Bo\u017ei\u010dna radionica-Karmela Popi\u0107 Ke\u0161ina'\n                       href='http:\/\/knjiznice.nsk.hr\/ston\/2019-3\/nggallery\/bozicna-radionica-karmela-popic-kesina\/bozicna-radionica-karmela-popic-kesina'>\n                        <img class=\"Thumb\"\n                             alt=\"Bo\u017ei\u010dna radionica-Karmela Popi\u0107 Ke\u0161ina\"\n                             src=\"http:\/\/knjiznice.nsk.hr\/ston\/wp-content\/uploads\/sites\/12\/nggallery\/bozicna-radionica-karmela-popic-kesina\/cache\/78595903_1388812934619566_3817732924027961344_o.jpg-nggid0214-ngg0dyn-240x160x100-00f0w010c011r110f110r010t010.jpg\"\/>\n                    <\/a>\n                                    <\/div>\n            <\/div>\n                        <h4>\n                <a class='ngg-album-desc' title='Bo\u017ei\u010dna radionica-Karmela Popi\u0107 Ke\u0161ina'\n                       href='http:\/\/knjiznice.nsk.hr\/ston\/2019-3\/nggallery\/bozicna-radionica-karmela-popic-kesina\/bozicna-radionica-karmela-popic-kesina'style=\"max-width: 260px\">Bo\u017ei\u010dna radionica-Karmela Popi\u0107 Ke\u0161ina<\/a>\n            <\/h4>\n            <p class=\"ngg-album-gallery-image-counter\">\n                                    <strong>5<\/strong>&nbsp;Photos                            <\/p>\n        <\/div>\n            <div class=\"ngg-album-compact\">\n            <div class=\"ngg-album-compactbox\">\n                <div class=\"ngg-album-link\">\n                                        <a title='Predstavljanje knjige Pribli\u017eavanje zore- Maja Klari\u0107'\n                       href='http:\/\/knjiznice.nsk.hr\/ston\/2019-3\/nggallery\/predstavljanje-knjige-priblizavanje-zore-maja-klaric\/predstavljanje-knjige-priblizavanje-zore-maja-klaric'>\n                        <img class=\"Thumb\"\n                             alt=\"Predstavljanje knjige Pribli\u017eavanje zore- Maja Klari\u0107\"\n                             src=\"http:\/\/knjiznice.nsk.hr\/ston\/wp-content\/uploads\/sites\/12\/nggallery\/predstavljanje-knjige-priblizavanje-zore-maja-klaric\/cache\/78780093_1380908725409987_7785002251226972160_o.jpg-nggid0219-ngg0dyn-240x160x100-00f0w010c011r110f110r010t010.jpg\"\/>\n                    <\/a>\n                                    <\/div>\n            <\/div>\n                        <h4>\n                <a class='ngg-album-desc' title='Predstavljanje knjige Pribli\u017eavanje zore- Maja Klari\u0107'\n                       href='http:\/\/knjiznice.nsk.hr\/ston\/2019-3\/nggallery\/predstavljanje-knjige-priblizavanje-zore-maja-klaric\/predstavljanje-knjige-priblizavanje-zore-maja-klaric'style=\"max-width: 260px\">Predstavljanje knjige Pribli\u017eavanje zore- Maja Klari\u0107<\/a>\n            <\/h4>\n            <p class=\"ngg-album-gallery-image-counter\">\n                                    <strong>5<\/strong>&nbsp;Photos                            <\/p>\n        <\/div>\n            <div class=\"ngg-album-compact\">\n            <div class=\"ngg-album-compactbox\">\n                <div class=\"ngg-album-link\">\n                                        <a title='Predstavljanje knjiga o Josipu Mariji Carevi\u0107u'\n                       href='http:\/\/knjiznice.nsk.hr\/ston\/2019-3\/nggallery\/predstavljanje-knjiga-o-josipu-mariji-crijevicu\/predstavljanje-knjiga-o-josipu-mariji-carevicu'>\n                        <img class=\"Thumb\"\n                             alt=\"Predstavljanje knjiga o Josipu Mariji Carevi\u0107u\"\n                             src=\"http:\/\/knjiznice.nsk.hr\/ston\/wp-content\/uploads\/sites\/12\/nggallery\/predstavljanje-knjiga-o-josipu-mariji-carevicu\/cache\/70805483_1363423273825199_3407891309099220992_o.jpg-nggid0234-ngg0dyn-240x160x100-00f0w010c011r110f110r010t010.jpg\"\/>\n                    <\/a>\n                                    <\/div>\n            <\/div>\n                        <h4>\n                <a class='ngg-album-desc' title='Predstavljanje knjiga o Josipu Mariji Carevi\u0107u'\n                       href='http:\/\/knjiznice.nsk.hr\/ston\/2019-3\/nggallery\/predstavljanje-knjiga-o-josipu-mariji-crijevicu\/predstavljanje-knjiga-o-josipu-mariji-carevicu'style=\"max-width: 260px\">Predstavljanje knjiga o Josipu Mariji Carevi\u0107u<\/a>\n            <\/h4>\n            <p class=\"ngg-album-gallery-image-counter\">\n                                    <strong>4<\/strong>&nbsp;Photos                            <\/p>\n        <\/div>\n            <div class=\"ngg-album-compact\">\n            <div class=\"ngg-album-compactbox\">\n                <div class=\"ngg-album-link\">\n                                        <a title='Udruga Aster - predstava Djevoj\u010dica crvene kapice'\n                       href='http:\/\/knjiznice.nsk.hr\/ston\/2019-3\/nggallery\/udruga-aster-predstava-djevojcica-crvene-kapice\/udruga-aster-predstava-djevojcica-crvene-kapice'>\n                        <img class=\"Thumb\"\n                             alt=\"Udruga Aster - predstava Djevoj\u010dica crvene kapice\"\n                             src=\"http:\/\/knjiznice.nsk.hr\/ston\/wp-content\/uploads\/sites\/12\/nggallery\/udruga-aster-predstava-djevojcica-crvene-kapice\/cache\/73320652_1350186411815552_8883601211337474048_o.jpg-nggid0238-ngg0dyn-240x160x100-00f0w010c011r110f110r010t010.jpg\"\/>\n                    <\/a>\n                                    <\/div>\n            <\/div>\n                        <h4>\n                <a class='ngg-album-desc' title='Udruga Aster - predstava Djevoj\u010dica crvene kapice'\n                       href='http:\/\/knjiznice.nsk.hr\/ston\/2019-3\/nggallery\/udruga-aster-predstava-djevojcica-crvene-kapice\/udruga-aster-predstava-djevojcica-crvene-kapice'style=\"max-width: 260px\">Udruga Aster - predstava Djevoj\u010dica crvene kapice<\/a>\n            <\/h4>\n            <p class=\"ngg-album-gallery-image-counter\">\n                                    <strong>7<\/strong>&nbsp;Photos                            <\/p>\n        <\/div>\n            <div class=\"ngg-album-compact\">\n            <div class=\"ngg-album-compactbox\">\n                <div class=\"ngg-album-link\">\n                                        <a title='Bo\u017eena Dela\u0161- Radionica \u010ditanje s praskanjem i bubnjanjemi bubn '\n                       href='http:\/\/knjiznice.nsk.hr\/ston\/2019-3\/nggallery\/bozena-delas-radionica-citanje-s-praskanjem-i-bubnjanjem\/bozena-delas-radionica-citanje-s-praskanjem-i-bubnjanjemi-bubn'>\n                        <img class=\"Thumb\"\n                             alt=\"Bo\u017eena Dela\u0161- Radionica \u010ditanje s praskanjem i bubnjanjemi bubn \"\n                             src=\"http:\/\/knjiznice.nsk.hr\/ston\/wp-content\/uploads\/sites\/12\/nggallery\/bozena-delas-radionica-citanje-s-praskanjem-i-bubnjanjemi-bubn\/cache\/72848692_1349138535253673_5460435606964273152_o.jpg-nggid0245-ngg0dyn-240x160x100-00f0w010c011r110f110r010t010.jpg\"\/>\n                    <\/a>\n                                    <\/div>\n            <\/div>\n                        <h4>\n                <a class='ngg-album-desc' title='Bo\u017eena Dela\u0161- Radionica \u010ditanje s praskanjem i bubnjanjemi bubn '\n                       href='http:\/\/knjiznice.nsk.hr\/ston\/2019-3\/nggallery\/bozena-delas-radionica-citanje-s-praskanjem-i-bubnjanjem\/bozena-delas-radionica-citanje-s-praskanjem-i-bubnjanjemi-bubn'style=\"max-width: 260px\">Bo\u017eena Dela\u0161- Radionica \u010ditanje s praskanjem i bubnjanjemi bubn <\/a>\n            <\/h4>\n            <p class=\"ngg-album-gallery-image-counter\">\n                                    <strong>6<\/strong>&nbsp;Photos                            <\/p>\n        <\/div>\n            <div class=\"ngg-album-compact\">\n            <div class=\"ngg-album-compactbox\">\n                <div class=\"ngg-album-link\">\n                                        <a title='Predstavljanje slikovnice Cvijet soli u Metkovi\u0107u'\n                       href='http:\/\/knjiznice.nsk.hr\/ston\/2019-3\/nggallery\/predstavljanje-slikovnice-cvijet-soli-u-metkovicu\/predstavljanje-slikovnice-cvijet-soli-u-metkovicu'>\n                        <img class=\"Thumb\"\n                             alt=\"Predstavljanje slikovnice Cvijet soli u Metkovi\u0107u\"\n                             src=\"http:\/\/knjiznice.nsk.hr\/ston\/wp-content\/uploads\/sites\/12\/nggallery\/predstavljanje-slikovnice-cvijet-soli-u-metkovicu\/cache\/72554642_1345461505621376_7309641013276966912_o.jpg-nggid0255-ngg0dyn-240x160x100-00f0w010c011r110f110r010t010.jpg\"\/>\n                    <\/a>\n                                    <\/div>\n            <\/div>\n                        <h4>\n                <a class='ngg-album-desc' title='Predstavljanje slikovnice Cvijet soli u Metkovi\u0107u'\n                       href='http:\/\/knjiznice.nsk.hr\/ston\/2019-3\/nggallery\/predstavljanje-slikovnice-cvijet-soli-u-metkovicu\/predstavljanje-slikovnice-cvijet-soli-u-metkovicu'style=\"max-width: 260px\">Predstavljanje slikovnice Cvijet soli u Metkovi\u0107u<\/a>\n            <\/h4>\n            <p class=\"ngg-album-gallery-image-counter\">\n                                    <strong>6<\/strong>&nbsp;Photos                            <\/p>\n        <\/div>\n        <br class=\"ngg-clear\"\/>\n    <div class='ngg-clear'><\/div><\/div>\n\n","protected":false},"excerpt":{"rendered":"","protected":false},"author":55,"featured_media":0,"parent":0,"menu_order":0,"comment_status":"closed","ping_status":"closed","template":"","meta":{"ngg_post_thumbnail":0},"yoast_head":"<!-- This site is optimized with the Yoast SEO plugin v16.4 - https:\/\/yoast.com\/wordpress\/plugins\/seo\/ -->\n<meta name=\"robots\" content=\"index, follow, max-snippet:-1, max-image-preview:large, max-video-preview:-1\" \/>\n<link rel=\"canonical\" href=\"http:\/\/knjiznice.nsk.hr\/ston\/2019-3\/\" \/>\n<meta property=\"og:locale\" content=\"hr_HR\" \/>\n<meta property=\"og:type\" content=\"article\" \/>\n<meta property=\"og:title\" content=\"2019. &ndash; Narodna knji\u017enica Ston\" \/>\n<meta property=\"og:url\" content=\"http:\/\/knjiznice.nsk.hr\/ston\/2019-3\/\" \/>\n<meta property=\"og:site_name\" content=\"Narodna knji\u017enica Ston\" \/>\n<meta property=\"article:modified_time\" content=\"2020-09-25T08:51:26+00:00\" \/>\n<script type=\"application\/ld+json\" class=\"yoast-schema-graph\">{\"@context\":\"https:\/\/schema.org\",\"@graph\":[{\"@type\":\"WebSite\",\"@id\":\"https:\/\/knjiznice.nsk.hr\/ston\/#website\",\"url\":\"https:\/\/knjiznice.nsk.hr\/ston\/\",\"name\":\"Narodna knji\\u017enica Ston\",\"description\":\"\",\"potentialAction\":[{\"@type\":\"SearchAction\",\"target\":\"https:\/\/knjiznice.nsk.hr\/ston\/?s={search_term_string}\",\"query-input\":\"required name=search_term_string\"}],\"inLanguage\":\"hr\"},{\"@type\":\"WebPage\",\"@id\":\"http:\/\/knjiznice.nsk.hr\/ston\/2019-3\/#webpage\",\"url\":\"http:\/\/knjiznice.nsk.hr\/ston\/2019-3\/\",\"name\":\"2019. &ndash; Narodna knji\\u017enica Ston\",\"isPartOf\":{\"@id\":\"https:\/\/knjiznice.nsk.hr\/ston\/#website\"},\"datePublished\":\"2020-09-14T09:34:29+00:00\",\"dateModified\":\"2020-09-25T08:51:26+00:00\",\"breadcrumb\":{\"@id\":\"http:\/\/knjiznice.nsk.hr\/ston\/2019-3\/#breadcrumb\"},\"inLanguage\":\"hr\",\"potentialAction\":[{\"@type\":\"ReadAction\",\"target\":[\"http:\/\/knjiznice.nsk.hr\/ston\/2019-3\/\"]}]},{\"@type\":\"BreadcrumbList\",\"@id\":\"http:\/\/knjiznice.nsk.hr\/ston\/2019-3\/#breadcrumb\",\"itemListElement\":[{\"@type\":\"ListItem\",\"position\":1,\"item\":{\"@type\":\"WebPage\",\"@id\":\"https:\/\/knjiznice.nsk.hr\/ston\/\",\"url\":\"https:\/\/knjiznice.nsk.hr\/ston\/\",\"name\":\"Po\\u010detna stranica\"}},{\"@type\":\"ListItem\",\"position\":2,\"item\":{\"@id\":\"http:\/\/knjiznice.nsk.hr\/ston\/2019-3\/#webpage\"}}]}]}<\/script>\n<!-- \/ Yoast SEO plugin. -->","_links":{"self":[{"href":"http:\/\/knjiznice.nsk.hr\/ston\/wp-json\/wp\/v2\/pages\/175"}],"collection":[{"href":"http:\/\/knjiznice.nsk.hr\/ston\/wp-json\/wp\/v2\/pages"}],"about":[{"href":"http:\/\/knjiznice.nsk.hr\/ston\/wp-json\/wp\/v2\/types\/page"}],"author":[{"embeddable":true,"href":"http:\/\/knjiznice.nsk.hr\/ston\/wp-json\/wp\/v2\/users\/55"}],"replies":[{"embeddable":true,"href":"http:\/\/knjiznice.nsk.hr\/ston\/wp-json\/wp\/v2\/comments?post=175"}],"version-history":[{"count":4,"href":"http:\/\/knjiznice.nsk.hr\/ston\/wp-json\/wp\/v2\/pages\/175\/revisions"}],"predecessor-version":[{"id":419,"href":"http:\/\/knjiznice.nsk.hr\/ston\/wp-json\/wp\/v2\/pages\/175\/revisions\/419"}],"wp:attachment":[{"href":"http:\/\/knjiznice.nsk.hr\/ston\/wp-json\/wp\/v2\/media?parent=175"}],"curies":[{"name":"wp","href":"https:\/\/api.w.org\/{rel}","templated":true}]}}