{"id":174,"date":"2020-09-14T09:34:29","date_gmt":"2020-09-14T09:34:29","guid":{"rendered":"http:\/\/knjiznice.nsk.hr\/ston\/?page_id=174"},"modified":"2020-12-06T11:49:06","modified_gmt":"2020-12-06T11:49:06","slug":"2020-3","status":"publish","type":"page","link":"http:\/\/knjiznice.nsk.hr\/ston\/2020-3\/","title":{"rendered":"2020."},"content":{"rendered":"<div class=\"ngg-albumoverview\">\n            <div class=\"ngg-album-compact\">\n            <div class=\"ngg-album-compactbox\">\n                <div class=\"ngg-album-link\">\n                                        <a title='Predstavljanje knjige Kre\u0161imire Gudelj-Obiteljski idiolekt'\n                       href='http:\/\/knjiznice.nsk.hr\/ston\/2020-3\/nggallery\/predstavljanje-knjige-kresimire-gudelj-obiteljski-idiolekt\/predstavljanje-knjige-kresimire-gudelj-obiteljski-idiolekt'>\n                        <img class=\"Thumb\"\n                             alt=\"Predstavljanje knjige Kre\u0161imire Gudelj-Obiteljski idiolekt\"\n                             src=\"http:\/\/knjiznice.nsk.hr\/ston\/wp-content\/uploads\/sites\/12\/nggallery\/predstavljanje-knjige-kresimire-gudelj-obiteljski-idiolekt\/cache\/117818189_1614597842041073_5939500720446359059_o.jpg-nggid011-ngg0dyn-240x160x100-00f0w010c011r110f110r010t010.jpg\"\/>\n                    <\/a>\n                                    <\/div>\n            <\/div>\n                        <h4>\n                <a class='ngg-album-desc' title='Predstavljanje knjige Kre\u0161imire Gudelj-Obiteljski idiolekt'\n                       href='http:\/\/knjiznice.nsk.hr\/ston\/2020-3\/nggallery\/predstavljanje-knjige-kresimire-gudelj-obiteljski-idiolekt\/predstavljanje-knjige-kresimire-gudelj-obiteljski-idiolekt'style=\"max-width: 260px\">Predstavljanje knjige Kre\u0161imire Gudelj-Obiteljski idiolekt<\/a>\n            <\/h4>\n            <p class=\"ngg-album-gallery-image-counter\">\n                                    <strong>7<\/strong>&nbsp;Photos                            <\/p>\n        <\/div>\n            <div class=\"ngg-album-compact\">\n            <div class=\"ngg-album-compactbox\">\n                <div class=\"ngg-album-link\">\n                                        <a title='Udruga De\u0161a-Dubrovnik: radionica Ususret Uskrsu'\n                       href='http:\/\/knjiznice.nsk.hr\/ston\/2020-3\/nggallery\/udruga-desa-dubrovnik-radionica-ususret-uskrsu\/udruga-desa-dubrovnik-radionica-ususret-uskrsu'>\n                        <img class=\"Thumb\"\n                             alt=\"Udruga De\u0161a-Dubrovnik: radionica Ususret Uskrsu\"\n                             src=\"http:\/\/knjiznice.nsk.hr\/ston\/wp-content\/uploads\/sites\/12\/nggallery\/udruga-desa-dubrovnik-radionica-ususret-uskrsu\/cache\/89865076_1477299955770863_997185552367222784_o.jpg-nggid018-ngg0dyn-240x160x100-00f0w010c011r110f110r010t010.jpg\"\/>\n                    <\/a>\n                                    <\/div>\n            <\/div>\n                        <h4>\n                <a class='ngg-album-desc' title='Udruga De\u0161a-Dubrovnik: radionica Ususret Uskrsu'\n                       href='http:\/\/knjiznice.nsk.hr\/ston\/2020-3\/nggallery\/udruga-desa-dubrovnik-radionica-ususret-uskrsu\/udruga-desa-dubrovnik-radionica-ususret-uskrsu'style=\"max-width: 260px\">Udruga De\u0161a-Dubrovnik: radionica Ususret Uskrsu<\/a>\n            <\/h4>\n            <p class=\"ngg-album-gallery-image-counter\">\n                                    <strong>6<\/strong>&nbsp;Photos                            <\/p>\n        <\/div>\n            <div class=\"ngg-album-compact\">\n            <div class=\"ngg-album-compactbox\">\n                <div class=\"ngg-album-link\">\n                                        <a title='Kerami\u010dka radionica- Anamarija Bezek'\n                       href='http:\/\/knjiznice.nsk.hr\/ston\/2020-3\/nggallery\/keramicka-radionica-bozena-delas\/keramicka-radionica-anamarija-bezek'>\n                        <img class=\"Thumb\"\n                             alt=\"Kerami\u010dka radionica- Anamarija Bezek\"\n                             src=\"http:\/\/knjiznice.nsk.hr\/ston\/wp-content\/uploads\/sites\/12\/nggallery\/keramicka-radionica-bozena-delas\/cache\/121576277_1672580399576150_8426686383162158340_o.jpg-nggid0265-ngg0dyn-240x160x100-00f0w010c011r110f110r010t010.jpg\"\/>\n                    <\/a>\n                                    <\/div>\n            <\/div>\n                        <h4>\n                <a class='ngg-album-desc' title='Kerami\u010dka radionica- Anamarija Bezek'\n                       href='http:\/\/knjiznice.nsk.hr\/ston\/2020-3\/nggallery\/keramicka-radionica-bozena-delas\/keramicka-radionica-anamarija-bezek'style=\"max-width: 260px\">Kerami\u010dka radionica- Anamarija Bezek<\/a>\n            <\/h4>\n            <p class=\"ngg-album-gallery-image-counter\">\n                                    <strong>6<\/strong>&nbsp;Photos                            <\/p>\n        <\/div>\n            <div class=\"ngg-album-compact\">\n            <div class=\"ngg-album-compactbox\">\n                <div class=\"ngg-album-link\">\n                                        <a title='Predstava Pono\u0107 u parku 52 - Bo\u017eena Dela\u0161'\n                       href='http:\/\/knjiznice.nsk.hr\/ston\/2020-3\/nggallery\/predstava-ponoc-u-parku-52-bozena-delas\/predstava-ponoc-u-parku-52-bozena-delas'>\n                        <img class=\"Thumb\"\n                             alt=\"Predstava Pono\u0107 u parku 52 - Bo\u017eena Dela\u0161\"\n                             src=\"http:\/\/knjiznice.nsk.hr\/ston\/wp-content\/uploads\/sites\/12\/nggallery\/predstava-ponoc-u-parku-52-bozena-delas\/cache\/122473772_1681414695359387_7116061777237734278_o.jpg-nggid0271-ngg0dyn-240x160x100-00f0w010c011r110f110r010t010.jpg\"\/>\n                    <\/a>\n                                    <\/div>\n            <\/div>\n                        <h4>\n                <a class='ngg-album-desc' title='Predstava Pono\u0107 u parku 52 - Bo\u017eena Dela\u0161'\n                       href='http:\/\/knjiznice.nsk.hr\/ston\/2020-3\/nggallery\/predstava-ponoc-u-parku-52-bozena-delas\/predstava-ponoc-u-parku-52-bozena-delas'style=\"max-width: 260px\">Predstava Pono\u0107 u parku 52 - Bo\u017eena Dela\u0161<\/a>\n            <\/h4>\n            <p class=\"ngg-album-gallery-image-counter\">\n                                    <strong>6<\/strong>&nbsp;Photos                            <\/p>\n        <\/div>\n            <div class=\"ngg-album-compact\">\n            <div class=\"ngg-album-compactbox\">\n                <div class=\"ngg-album-link\">\n                                        <a title='Origami radionica  - Tena Zmijarevi\u0107'\n                       href='http:\/\/knjiznice.nsk.hr\/ston\/2020-3\/nggallery\/origami-radionica-tena-zmijarevic\/origami-radionica-tena-zmijarevic'>\n                        <img class=\"Thumb\"\n                             alt=\"Origami radionica  - Tena Zmijarevi\u0107\"\n                             src=\"http:\/\/knjiznice.nsk.hr\/ston\/wp-content\/uploads\/sites\/12\/nggallery\/origami-radionica-tena-zmijarevic\/cache\/127678891_1711434552357401_3693317990166272643_o.jpg-nggid0277-ngg0dyn-240x160x100-00f0w010c011r110f110r010t010.jpg\"\/>\n                    <\/a>\n                                    <\/div>\n            <\/div>\n                        <h4>\n                <a class='ngg-album-desc' title='Origami radionica  - Tena Zmijarevi\u0107'\n                       href='http:\/\/knjiznice.nsk.hr\/ston\/2020-3\/nggallery\/origami-radionica-tena-zmijarevic\/origami-radionica-tena-zmijarevic'style=\"max-width: 260px\">Origami radionica  - Tena Zmijarevi\u0107<\/a>\n            <\/h4>\n            <p class=\"ngg-album-gallery-image-counter\">\n                                    <strong>7<\/strong>&nbsp;Photos                            <\/p>\n        <\/div>\n            <div class=\"ngg-album-compact\">\n            <div class=\"ngg-album-compactbox\">\n                <div class=\"ngg-album-link\">\n                                        <a title='Goran Bla\u017eevi\u0107 - putopisno predavanje i predstavljanje knjige Karavana'\n                       href='http:\/\/knjiznice.nsk.hr\/ston\/2020-3\/nggallery\/goran-blazevic-putopisno-predavanje-i-predstavljanje-knjige-karavana\/goran-blazevic-putopisno-predavanje-i-predstavljanje-knjige-karavana'>\n                        <img class=\"Thumb\"\n                             alt=\"Goran Bla\u017eevi\u0107 - putopisno predavanje i predstavljanje knjige Karavana\"\n                             src=\"http:\/\/knjiznice.nsk.hr\/ston\/wp-content\/uploads\/sites\/12\/nggallery\/goran-blazevic-putopisno-predavanje-i-predstavljanje-knjige-karavana\/cache\/126218760_1708534115980778_6163408171752066101_o.jpg-nggid0284-ngg0dyn-240x160x100-00f0w010c011r110f110r010t010.jpg\"\/>\n                    <\/a>\n                                    <\/div>\n            <\/div>\n                        <h4>\n                <a class='ngg-album-desc' title='Goran Bla\u017eevi\u0107 - putopisno predavanje i predstavljanje knjige Karavana'\n                       href='http:\/\/knjiznice.nsk.hr\/ston\/2020-3\/nggallery\/goran-blazevic-putopisno-predavanje-i-predstavljanje-knjige-karavana\/goran-blazevic-putopisno-predavanje-i-predstavljanje-knjige-karavana'style=\"max-width: 260px\">Goran Bla\u017eevi\u0107 - putopisno predavanje i predstavljanje knjige Karavana<\/a>\n            <\/h4>\n            <p class=\"ngg-album-gallery-image-counter\">\n                                    <strong>5<\/strong>&nbsp;Photos                            <\/p>\n        <\/div>\n        <br class=\"ngg-clear\"\/>\n    <div class='ngg-clear'><\/div><\/div>\n\n","protected":false},"excerpt":{"rendered":"","protected":false},"author":55,"featured_media":0,"parent":0,"menu_order":0,"comment_status":"closed","ping_status":"closed","template":"","meta":{"ngg_post_thumbnail":0},"yoast_head":"<!-- This site is optimized with the Yoast SEO plugin v16.4 - https:\/\/yoast.com\/wordpress\/plugins\/seo\/ -->\n<meta name=\"robots\" content=\"index, follow, max-snippet:-1, max-image-preview:large, max-video-preview:-1\" \/>\n<link rel=\"canonical\" href=\"http:\/\/knjiznice.nsk.hr\/ston\/2020-3\/\" \/>\n<meta property=\"og:locale\" content=\"hr_HR\" \/>\n<meta property=\"og:type\" content=\"article\" \/>\n<meta property=\"og:title\" content=\"2020. &ndash; Narodna knji\u017enica Ston\" \/>\n<meta property=\"og:url\" content=\"http:\/\/knjiznice.nsk.hr\/ston\/2020-3\/\" \/>\n<meta property=\"og:site_name\" content=\"Narodna knji\u017enica Ston\" \/>\n<meta property=\"article:modified_time\" content=\"2020-12-06T11:49:06+00:00\" \/>\n<script type=\"application\/ld+json\" class=\"yoast-schema-graph\">{\"@context\":\"https:\/\/schema.org\",\"@graph\":[{\"@type\":\"WebSite\",\"@id\":\"http:\/\/knjiznice.nsk.hr\/ston\/#website\",\"url\":\"http:\/\/knjiznice.nsk.hr\/ston\/\",\"name\":\"Narodna knji\\u017enica Ston\",\"description\":\"\",\"potentialAction\":[{\"@type\":\"SearchAction\",\"target\":\"http:\/\/knjiznice.nsk.hr\/ston\/?s={search_term_string}\",\"query-input\":\"required name=search_term_string\"}],\"inLanguage\":\"hr\"},{\"@type\":\"WebPage\",\"@id\":\"http:\/\/knjiznice.nsk.hr\/ston\/2020-3\/#webpage\",\"url\":\"http:\/\/knjiznice.nsk.hr\/ston\/2020-3\/\",\"name\":\"2020. &ndash; Narodna knji\\u017enica Ston\",\"isPartOf\":{\"@id\":\"http:\/\/knjiznice.nsk.hr\/ston\/#website\"},\"datePublished\":\"2020-09-14T09:34:29+00:00\",\"dateModified\":\"2020-12-06T11:49:06+00:00\",\"breadcrumb\":{\"@id\":\"http:\/\/knjiznice.nsk.hr\/ston\/2020-3\/#breadcrumb\"},\"inLanguage\":\"hr\",\"potentialAction\":[{\"@type\":\"ReadAction\",\"target\":[\"http:\/\/knjiznice.nsk.hr\/ston\/2020-3\/\"]}]},{\"@type\":\"BreadcrumbList\",\"@id\":\"http:\/\/knjiznice.nsk.hr\/ston\/2020-3\/#breadcrumb\",\"itemListElement\":[{\"@type\":\"ListItem\",\"position\":1,\"item\":{\"@type\":\"WebPage\",\"@id\":\"http:\/\/knjiznice.nsk.hr\/ston\/\",\"url\":\"http:\/\/knjiznice.nsk.hr\/ston\/\",\"name\":\"Po\\u010detna stranica\"}},{\"@type\":\"ListItem\",\"position\":2,\"item\":{\"@id\":\"http:\/\/knjiznice.nsk.hr\/ston\/2020-3\/#webpage\"}}]}]}<\/script>\n<!-- \/ Yoast SEO plugin. -->","_links":{"self":[{"href":"http:\/\/knjiznice.nsk.hr\/ston\/wp-json\/wp\/v2\/pages\/174"}],"collection":[{"href":"http:\/\/knjiznice.nsk.hr\/ston\/wp-json\/wp\/v2\/pages"}],"about":[{"href":"http:\/\/knjiznice.nsk.hr\/ston\/wp-json\/wp\/v2\/types\/page"}],"author":[{"embeddable":true,"href":"http:\/\/knjiznice.nsk.hr\/ston\/wp-json\/wp\/v2\/users\/55"}],"replies":[{"embeddable":true,"href":"http:\/\/knjiznice.nsk.hr\/ston\/wp-json\/wp\/v2\/comments?post=174"}],"version-history":[{"count":11,"href":"http:\/\/knjiznice.nsk.hr\/ston\/wp-json\/wp\/v2\/pages\/174\/revisions"}],"predecessor-version":[{"id":562,"href":"http:\/\/knjiznice.nsk.hr\/ston\/wp-json\/wp\/v2\/pages\/174\/revisions\/562"}],"wp:attachment":[{"href":"http:\/\/knjiznice.nsk.hr\/ston\/wp-json\/wp\/v2\/media?parent=174"}],"curies":[{"name":"wp","href":"https:\/\/api.w.org\/{rel}","templated":true}]}}