{"id":1476,"date":"2022-08-10T09:25:13","date_gmt":"2022-08-10T09:25:13","guid":{"rendered":"http:\/\/knjiznice.nsk.hr\/ston\/?page_id=1476"},"modified":"2022-08-10T11:46:11","modified_gmt":"2022-08-10T11:46:11","slug":"talijanski-autori","status":"publish","type":"page","link":"http:\/\/knjiznice.nsk.hr\/ston\/talijanski-autori\/","title":{"rendered":"Talijanski autori"},"content":{"rendered":"<p>&nbsp;<\/p>\n<p><strong><a href=\"http:\/\/knjiznice.nsk.hr\/ston\/wp-content\/uploads\/sites\/12\/2022\/08\/Untitled-design-2.jpg\">&nbsp; &nbsp; &nbsp; &nbsp; &nbsp; &nbsp; &nbsp; &nbsp; &nbsp; &nbsp; &nbsp; &nbsp; &nbsp; &nbsp; &nbsp; &nbsp; &nbsp;<img loading=\"lazy\" class=\"alignnone wp-image-1477\" src=\"http:\/\/knjiznice.nsk.hr\/ston\/wp-content\/uploads\/sites\/12\/2022\/08\/Untitled-design-2-300x251.jpg\" alt=\"\" width=\"374\" height=\"313\" srcset=\"http:\/\/knjiznice.nsk.hr\/ston\/wp-content\/uploads\/sites\/12\/2022\/08\/Untitled-design-2-300x251.jpg 300w, http:\/\/knjiznice.nsk.hr\/ston\/wp-content\/uploads\/sites\/12\/2022\/08\/Untitled-design-2-768x644.jpg 768w, http:\/\/knjiznice.nsk.hr\/ston\/wp-content\/uploads\/sites\/12\/2022\/08\/Untitled-design-2-600x503.jpg 600w, http:\/\/knjiznice.nsk.hr\/ston\/wp-content\/uploads\/sites\/12\/2022\/08\/Untitled-design-2.jpg 940w\" sizes=\"(max-width: 374px) 100vw, 374px\" \/><\/a><\/strong><\/p>\n<p><strong>Francese Melandri &#8211; Eva spava<\/strong><\/p>\n<p>Eva spava je roman spisateljice Francese Melandri. Njegova radnja smje\u0161tena je na prostor pokrajine Ju\u017eni Tirol te jug Italije, Kalabriju. Pro\u017eimanjem ljubavne i obiteljske tematike, sa pro\u0161lo\u0161\u0107u sjevera Italije roman donosi ne tako klasi\u010dnu sliku Italije.<\/p>\n<p><em>\u201cAli gdje je Eva?\u201d upitao je.<\/em><br \/>\n<em>\u201cEva spava.\u201d<\/em><br \/>\n<em>Sme\u0111i paket vratio se putem koji je pre\u0161ao da bi dotamo do\u0161ao:<\/em><br \/>\n<em>ukupno dvije tisu\u0107e sedam stotina devedeset i \u010detiri kilometra od polaska do povratka.<\/em><\/p>\n<p>U sredi\u0161tu romana su majka i k\u0107er, Gerda i Eva. Gerda je odrastala u sredi\u0161tu burnih povijesnih zbivanja u Ju\u017enome Tirolu, u obitelji sa ocem te\u0161ke naravi \u017eivot ju nije mazio. Njena izvanbra\u010dna k\u0107er, Eva u svojim \u010detrdeseti&nbsp; godinama dobiva priliku ispraviti nepravdu iz vremena svoga djetinjstva, kada je njena majka vratila po\u0161taru paket namijenjen njoj te se zapu\u0107uje u Kalabriju. Njenim putovanjem zapo\u010dinje \u010ditateljev put kroz povijest Ju\u017enog Tirola, povijest Gerdine obitelji te kroz unutarnji svijet \u010dovjeka.<\/p>\n<p>&nbsp;<\/p>\n<p><strong>Francesco Piccole &#8211; \u017delim biti kao drugi<\/strong><\/p>\n<p>\u017delim biti kao drugi roman&nbsp; je pisca Francesca Piccole<strong>. <\/strong>Radnja romana smje\u0161tena je u Italiju posljednjih pedeset godina. Radnja je osobna i politi\u010dka,&nbsp; ozbiljna i zabavna, a nadasve provokativna i slojevita. Autor iznosi pri\u010du o svome \u017eivotnom putu i fazama formiranja, o intimnim iskustvima, poslovnim uspjesima, razo\u010daranjima. Daje uvid u \u0161iru dru\u0161tvenu zajednicu koje je dio, a pri\u010daju\u0107i o politi\u010dkim potresima i socijalno ekonomskim promjenama za vrijeme talijanske ljevice opisuje njen put sazrijevanja. Piccole svim napisanim \u010ditatelja \u017eeli podsjetit da sve \u0161to se doga\u0111a oko njega ga se ti\u010de, da je to sastavni dio njegova \u017eivota. Glede politike on \u017eeli upozoriti ali i ismijati \u010dinjenicu da su \u017eivoti svih ljudi ne samo Talijana ispolitizirani, da se svi budimo i lije\u017eemo s politikom.<\/p>\n<p>&nbsp;<\/p>\n<p><strong>Niccolo Ammaniti &#8211; Blato<\/strong><\/p>\n<p>Blato&nbsp;je zbirka sedam pri\u010da razli\u010dite tematike Niccola Ammanitia, najcjenjenijeg pisca nove talijanske proze. Rije\u010d je o pitkom \u0161tivu \u010dija radnje je smje\u0161tena u Italiju. Pri\u010de pro\u017eima crni humor, brutalnost, napetost horora, ali i da\u0161ak komedije. Likovi su uglavnom ljudi sa dna dru\u0161tvene ljestvice skloni odavanju porocima. Tako primjerice radnju prve pri\u010de <em>Posljednja nova godina na zemlji<\/em> prati niz likova poput prostitutki, \u010dista\u010dica, preljubnika i narkomana koje povezuje o\u010daj i radnja koja vodi prema krvavom raspletu. S druge strane, tre\u0107a u nizu pri\u010da <em>Sanjam te<\/em> govori o studentici u inozemstvu i serijskom ubojici pleta\u0107im iglama. Ljubitelji napetog i dinami\u010dnog zasigurno \u0107e voljeti ovu zbirku.<\/p>\n","protected":false},"excerpt":{"rendered":"<p>&nbsp; &nbsp; &nbsp; &nbsp; &nbsp; &nbsp; &nbsp; &nbsp; &nbsp; &nbsp; &nbsp; &nbsp; &nbsp; &nbsp; &nbsp; &nbsp; &nbsp; &nbsp; Francese Melandri &#8211; Eva spava Eva spava je roman spisateljice Francese Melandri. Njegova radnja smje\u0161tena je na prostor pokrajine Ju\u017eni Tirol te jug Italije, Kalabriju. Pro\u017eimanjem ljubavne i obiteljske tematike, sa pro\u0161lo\u0161\u0107u sjevera Italije roman donosi ne [&hellip;]<\/p>\n","protected":false},"author":55,"featured_media":0,"parent":0,"menu_order":0,"comment_status":"closed","ping_status":"closed","template":"","meta":{"ngg_post_thumbnail":0},"yoast_head":"<!-- This site is optimized with the Yoast SEO plugin v16.4 - https:\/\/yoast.com\/wordpress\/plugins\/seo\/ -->\n<meta name=\"robots\" content=\"index, follow, max-snippet:-1, max-image-preview:large, max-video-preview:-1\" \/>\n<link rel=\"canonical\" href=\"https:\/\/knjiznice.nsk.hr\/ston\/talijanski-autori\/\" \/>\n<meta property=\"og:locale\" content=\"hr_HR\" \/>\n<meta property=\"og:type\" content=\"article\" \/>\n<meta property=\"og:title\" content=\"Talijanski autori &ndash; Narodna knji\u017enica Ston\" \/>\n<meta property=\"og:description\" content=\"&nbsp; &nbsp; &nbsp; &nbsp; &nbsp; &nbsp; &nbsp; &nbsp; &nbsp; &nbsp; &nbsp; &nbsp; &nbsp; &nbsp; &nbsp; &nbsp; &nbsp; &nbsp; Francese Melandri &#8211; Eva spava Eva spava je roman spisateljice Francese Melandri. Njegova radnja smje\u0161tena je na prostor pokrajine Ju\u017eni Tirol te jug Italije, Kalabriju. Pro\u017eimanjem ljubavne i obiteljske tematike, sa pro\u0161lo\u0161\u0107u sjevera Italije roman donosi ne [&hellip;]\" \/>\n<meta property=\"og:url\" content=\"https:\/\/knjiznice.nsk.hr\/ston\/talijanski-autori\/\" \/>\n<meta property=\"og:site_name\" content=\"Narodna knji\u017enica Ston\" \/>\n<meta property=\"article:modified_time\" content=\"2022-08-10T11:46:11+00:00\" \/>\n<meta property=\"og:image\" content=\"http:\/\/knjiznice.nsk.hr\/ston\/wp-content\/uploads\/sites\/12\/2022\/08\/Untitled-design-2-300x251.jpg\" \/>\n<meta name=\"twitter:label1\" content=\"Procijenjeno vrijeme \u010ditanja\" \/>\n\t<meta name=\"twitter:data1\" content=\"2 minute\" \/>\n<script type=\"application\/ld+json\" class=\"yoast-schema-graph\">{\"@context\":\"https:\/\/schema.org\",\"@graph\":[{\"@type\":\"WebSite\",\"@id\":\"http:\/\/knjiznice.nsk.hr\/ston\/#website\",\"url\":\"http:\/\/knjiznice.nsk.hr\/ston\/\",\"name\":\"Narodna knji\\u017enica Ston\",\"description\":\"\",\"potentialAction\":[{\"@type\":\"SearchAction\",\"target\":\"http:\/\/knjiznice.nsk.hr\/ston\/?s={search_term_string}\",\"query-input\":\"required name=search_term_string\"}],\"inLanguage\":\"hr\"},{\"@type\":\"ImageObject\",\"@id\":\"https:\/\/knjiznice.nsk.hr\/ston\/talijanski-autori\/#primaryimage\",\"inLanguage\":\"hr\",\"url\":\"http:\/\/knjiznice.nsk.hr\/ston\/wp-content\/uploads\/sites\/12\/2022\/08\/Untitled-design-2.jpg\",\"contentUrl\":\"http:\/\/knjiznice.nsk.hr\/ston\/wp-content\/uploads\/sites\/12\/2022\/08\/Untitled-design-2.jpg\",\"width\":940,\"height\":788},{\"@type\":\"WebPage\",\"@id\":\"https:\/\/knjiznice.nsk.hr\/ston\/talijanski-autori\/#webpage\",\"url\":\"https:\/\/knjiznice.nsk.hr\/ston\/talijanski-autori\/\",\"name\":\"Talijanski autori &ndash; Narodna knji\\u017enica Ston\",\"isPartOf\":{\"@id\":\"http:\/\/knjiznice.nsk.hr\/ston\/#website\"},\"primaryImageOfPage\":{\"@id\":\"https:\/\/knjiznice.nsk.hr\/ston\/talijanski-autori\/#primaryimage\"},\"datePublished\":\"2022-08-10T09:25:13+00:00\",\"dateModified\":\"2022-08-10T11:46:11+00:00\",\"breadcrumb\":{\"@id\":\"https:\/\/knjiznice.nsk.hr\/ston\/talijanski-autori\/#breadcrumb\"},\"inLanguage\":\"hr\",\"potentialAction\":[{\"@type\":\"ReadAction\",\"target\":[\"https:\/\/knjiznice.nsk.hr\/ston\/talijanski-autori\/\"]}]},{\"@type\":\"BreadcrumbList\",\"@id\":\"https:\/\/knjiznice.nsk.hr\/ston\/talijanski-autori\/#breadcrumb\",\"itemListElement\":[{\"@type\":\"ListItem\",\"position\":1,\"item\":{\"@type\":\"WebPage\",\"@id\":\"http:\/\/knjiznice.nsk.hr\/ston\/\",\"url\":\"http:\/\/knjiznice.nsk.hr\/ston\/\",\"name\":\"Po\\u010detna stranica\"}},{\"@type\":\"ListItem\",\"position\":2,\"item\":{\"@id\":\"https:\/\/knjiznice.nsk.hr\/ston\/talijanski-autori\/#webpage\"}}]}]}<\/script>\n<!-- \/ Yoast SEO plugin. -->","_links":{"self":[{"href":"http:\/\/knjiznice.nsk.hr\/ston\/wp-json\/wp\/v2\/pages\/1476"}],"collection":[{"href":"http:\/\/knjiznice.nsk.hr\/ston\/wp-json\/wp\/v2\/pages"}],"about":[{"href":"http:\/\/knjiznice.nsk.hr\/ston\/wp-json\/wp\/v2\/types\/page"}],"author":[{"embeddable":true,"href":"http:\/\/knjiznice.nsk.hr\/ston\/wp-json\/wp\/v2\/users\/55"}],"replies":[{"embeddable":true,"href":"http:\/\/knjiznice.nsk.hr\/ston\/wp-json\/wp\/v2\/comments?post=1476"}],"version-history":[{"count":8,"href":"http:\/\/knjiznice.nsk.hr\/ston\/wp-json\/wp\/v2\/pages\/1476\/revisions"}],"predecessor-version":[{"id":1511,"href":"http:\/\/knjiznice.nsk.hr\/ston\/wp-json\/wp\/v2\/pages\/1476\/revisions\/1511"}],"wp:attachment":[{"href":"http:\/\/knjiznice.nsk.hr\/ston\/wp-json\/wp\/v2\/media?parent=1476"}],"curies":[{"name":"wp","href":"https:\/\/api.w.org\/{rel}","templated":true}]}}