{"id":1457,"date":"2022-08-03T09:44:37","date_gmt":"2022-08-03T09:44:37","guid":{"rendered":"http:\/\/knjiznice.nsk.hr\/ston\/?page_id=1457"},"modified":"2025-12-31T08:41:30","modified_gmt":"2025-12-31T08:41:30","slug":"izvjesca-o-radu","status":"publish","type":"page","link":"http:\/\/knjiznice.nsk.hr\/ston\/izvjesca-o-radu\/","title":{"rendered":"Izvje\u0161\u0107a o radu"},"content":{"rendered":"<ul>\n<li><a href=\"http:\/\/knjiznice.nsk.hr\/ston\/wp-content\/uploads\/sites\/12\/2025\/12\/izvjestaj-o-radu-24-2-18.pdf\">izvje\u0161taj o radu za 2024. godinu<\/a><\/li>\n<li><a href=\"http:\/\/knjiznice.nsk.hr\/ston\/wp-content\/uploads\/sites\/12\/2024\/01\/izvjestaj-o-radu-2022_20240122_0001_compressed_compressed-1.pdf\">izvje\u0161taj o radu za 2022. godinu<\/a><\/li>\n<li><a href=\"http:\/\/knjiznice.nsk.hr\/ston\/wp-content\/uploads\/sites\/12\/2022\/08\/izvjestaj-o-radu-21.pdf\">Izvje\u0161\u0107e o radu za 20<\/a><a href=\"http:\/\/knjiznice.nsk.hr\/ston\/wp-content\/uploads\/sites\/12\/2022\/08\/izvjestaj-o-radu-21.pdf\">21. godinu<\/a><\/li>\n<li><a href=\"http:\/\/knjiznice.nsk.hr\/ston\/wp-content\/uploads\/sites\/12\/2022\/08\/SodaPDF-converted-izvjestaj-o-radu-20-converted.pdf\">Izvje\u0161\u0107e o radu za 2020. godinu<\/a><\/li>\n<li><a href=\"http:\/\/knjiznice.nsk.hr\/ston\/wp-content\/uploads\/sites\/12\/2022\/08\/izvjestaj-o-radu-19-1.pdf\">Izvje\u0161taj o ra<\/a><a href=\"http:\/\/knjiznice.nsk.hr\/ston\/wp-content\/uploads\/sites\/12\/2022\/08\/izvjestaj-o-radu-19-1.pdf\">du za 2019. godinu<\/a><\/li>\n<li><a href=\"http:\/\/knjiznice.nsk.hr\/ston\/wp-content\/uploads\/sites\/12\/2022\/08\/izvjestaj-o-radu-19.pdf\">Izvje\u0161\u0107e o radu za 2018. godinu<\/a><\/li>\n<\/ul>\n","protected":false},"excerpt":{"rendered":"<p>izvje\u0161taj o radu za 2024. godinu izvje\u0161taj o radu za 2022. godinu Izvje\u0161\u0107e o radu za 2021. godinu Izvje\u0161\u0107e o radu za 2020. godinu Izvje\u0161taj o radu za 2019. godinu Izvje\u0161\u0107e o radu za 2018. godinu<\/p>\n","protected":false},"author":55,"featured_media":0,"parent":0,"menu_order":0,"comment_status":"closed","ping_status":"closed","template":"","meta":{"ngg_post_thumbnail":0},"yoast_head":"<!-- This site is optimized with the Yoast SEO plugin v16.4 - https:\/\/yoast.com\/wordpress\/plugins\/seo\/ -->\n<meta name=\"robots\" content=\"index, follow, max-snippet:-1, max-image-preview:large, max-video-preview:-1\" \/>\n<link rel=\"canonical\" href=\"http:\/\/knjiznice.nsk.hr\/ston\/izvjesca-o-radu\/\" \/>\n<meta property=\"og:locale\" content=\"hr_HR\" \/>\n<meta property=\"og:type\" content=\"article\" \/>\n<meta property=\"og:title\" content=\"Izvje\u0161\u0107a o radu &ndash; Narodna knji\u017enica Ston\" \/>\n<meta property=\"og:description\" content=\"izvje\u0161taj o radu za 2024. godinu izvje\u0161taj o radu za 2022. godinu Izvje\u0161\u0107e o radu za 2021. godinu Izvje\u0161\u0107e o radu za 2020. godinu Izvje\u0161taj o radu za 2019. godinu Izvje\u0161\u0107e o radu za 2018. godinu\" \/>\n<meta property=\"og:url\" content=\"http:\/\/knjiznice.nsk.hr\/ston\/izvjesca-o-radu\/\" \/>\n<meta property=\"og:site_name\" content=\"Narodna knji\u017enica Ston\" \/>\n<meta property=\"article:modified_time\" content=\"2025-12-31T08:41:30+00:00\" \/>\n<meta name=\"twitter:label1\" content=\"Procijenjeno vrijeme \u010ditanja\" \/>\n\t<meta name=\"twitter:data1\" content=\"1 minuta\" \/>\n<script type=\"application\/ld+json\" class=\"yoast-schema-graph\">{\"@context\":\"https:\/\/schema.org\",\"@graph\":[{\"@type\":\"WebSite\",\"@id\":\"http:\/\/knjiznice.nsk.hr\/ston\/#website\",\"url\":\"http:\/\/knjiznice.nsk.hr\/ston\/\",\"name\":\"Narodna knji\\u017enica Ston\",\"description\":\"\",\"potentialAction\":[{\"@type\":\"SearchAction\",\"target\":\"http:\/\/knjiznice.nsk.hr\/ston\/?s={search_term_string}\",\"query-input\":\"required name=search_term_string\"}],\"inLanguage\":\"hr\"},{\"@type\":\"WebPage\",\"@id\":\"http:\/\/knjiznice.nsk.hr\/ston\/izvjesca-o-radu\/#webpage\",\"url\":\"http:\/\/knjiznice.nsk.hr\/ston\/izvjesca-o-radu\/\",\"name\":\"Izvje\\u0161\\u0107a o radu &ndash; Narodna knji\\u017enica Ston\",\"isPartOf\":{\"@id\":\"http:\/\/knjiznice.nsk.hr\/ston\/#website\"},\"datePublished\":\"2022-08-03T09:44:37+00:00\",\"dateModified\":\"2025-12-31T08:41:30+00:00\",\"breadcrumb\":{\"@id\":\"http:\/\/knjiznice.nsk.hr\/ston\/izvjesca-o-radu\/#breadcrumb\"},\"inLanguage\":\"hr\",\"potentialAction\":[{\"@type\":\"ReadAction\",\"target\":[\"http:\/\/knjiznice.nsk.hr\/ston\/izvjesca-o-radu\/\"]}]},{\"@type\":\"BreadcrumbList\",\"@id\":\"http:\/\/knjiznice.nsk.hr\/ston\/izvjesca-o-radu\/#breadcrumb\",\"itemListElement\":[{\"@type\":\"ListItem\",\"position\":1,\"item\":{\"@type\":\"WebPage\",\"@id\":\"http:\/\/knjiznice.nsk.hr\/ston\/\",\"url\":\"http:\/\/knjiznice.nsk.hr\/ston\/\",\"name\":\"Po\\u010detna stranica\"}},{\"@type\":\"ListItem\",\"position\":2,\"item\":{\"@id\":\"http:\/\/knjiznice.nsk.hr\/ston\/izvjesca-o-radu\/#webpage\"}}]}]}<\/script>\n<!-- \/ Yoast SEO plugin. -->","_links":{"self":[{"href":"http:\/\/knjiznice.nsk.hr\/ston\/wp-json\/wp\/v2\/pages\/1457"}],"collection":[{"href":"http:\/\/knjiznice.nsk.hr\/ston\/wp-json\/wp\/v2\/pages"}],"about":[{"href":"http:\/\/knjiznice.nsk.hr\/ston\/wp-json\/wp\/v2\/types\/page"}],"author":[{"embeddable":true,"href":"http:\/\/knjiznice.nsk.hr\/ston\/wp-json\/wp\/v2\/users\/55"}],"replies":[{"embeddable":true,"href":"http:\/\/knjiznice.nsk.hr\/ston\/wp-json\/wp\/v2\/comments?post=1457"}],"version-history":[{"count":7,"href":"http:\/\/knjiznice.nsk.hr\/ston\/wp-json\/wp\/v2\/pages\/1457\/revisions"}],"predecessor-version":[{"id":4264,"href":"http:\/\/knjiznice.nsk.hr\/ston\/wp-json\/wp\/v2\/pages\/1457\/revisions\/4264"}],"wp:attachment":[{"href":"http:\/\/knjiznice.nsk.hr\/ston\/wp-json\/wp\/v2\/media?parent=1457"}],"curies":[{"name":"wp","href":"https:\/\/api.w.org\/{rel}","templated":true}]}}