{"id":1428,"date":"2022-08-03T08:22:32","date_gmt":"2022-08-03T08:22:32","guid":{"rendered":"http:\/\/knjiznice.nsk.hr\/ston\/?page_id=1428"},"modified":"2026-01-09T08:42:28","modified_gmt":"2026-01-09T08:42:28","slug":"izvjesca-o-provedbi-zakona-o-pravu-na-pristup-informacijama","status":"publish","type":"page","link":"http:\/\/knjiznice.nsk.hr\/ston\/izvjesca-o-provedbi-zakona-o-pravu-na-pristup-informacijama\/","title":{"rendered":"Izvje\u0161\u0107a o provedbi Zakona o pravu na pristup informacijama"},"content":{"rendered":"<p>&nbsp;<\/p>\n<ul>\n<li><a href=\"http:\/\/knjiznice.nsk.hr\/ston\/wp-content\/uploads\/sites\/12\/2026\/01\/Godisnje_izvjesce-4.pdf\">Godisnje_izvje\u0161\u0107e za 2025. godinu<\/a><\/li>\n<li><a href=\"http:\/\/knjiznice.nsk.hr\/ston\/wp-content\/uploads\/sites\/12\/2026\/01\/Godisnje_izvjesce-5.pdf\">Godisnje_izvje\u0161\u0107e za 2024. godinu<\/a><\/li>\n<li><a href=\"http:\/\/knjiznice.nsk.hr\/ston\/wp-content\/uploads\/sites\/12\/2024\/01\/Godisnje_izvjesce-2.pdf\">Godisnje_izvjesce za 2023. godinu<\/a><\/li>\n<li><a href=\"http:\/\/knjiznice.nsk.hr\/ston\/wp-content\/uploads\/sites\/12\/2023\/01\/Godisnje_izvjesce-1.pdf\">Godisnje_izvjesce za 2022. godinu<\/a><\/li>\n<li><a href=\"http:\/\/knjiznice.nsk.hr\/ston\/wp-content\/uploads\/sites\/12\/2022\/02\/Godisnje_izvjesce-1.pdf\" data-wahfont=\"16\">Godi\u0161nje izvje\u0161\u0107e za 2021. godinu<\/a><\/li>\n<\/ul>\n","protected":false},"excerpt":{"rendered":"<p>&nbsp; Godisnje_izvje\u0161\u0107e za 2025. godinu Godisnje_izvje\u0161\u0107e za 2024. godinu Godisnje_izvjesce za 2023. godinu Godisnje_izvjesce za 2022. godinu Godi\u0161nje izvje\u0161\u0107e za 2021. godinu<\/p>\n","protected":false},"author":55,"featured_media":0,"parent":0,"menu_order":0,"comment_status":"closed","ping_status":"closed","template":"","meta":{"ngg_post_thumbnail":0},"yoast_head":"<!-- This site is optimized with the Yoast SEO plugin v16.4 - https:\/\/yoast.com\/wordpress\/plugins\/seo\/ -->\n<meta name=\"robots\" content=\"index, follow, max-snippet:-1, max-image-preview:large, max-video-preview:-1\" \/>\n<link rel=\"canonical\" href=\"http:\/\/knjiznice.nsk.hr\/ston\/izvjesca-o-provedbi-zakona-o-pravu-na-pristup-informacijama\/\" \/>\n<meta property=\"og:locale\" content=\"hr_HR\" \/>\n<meta property=\"og:type\" content=\"article\" \/>\n<meta property=\"og:title\" content=\"Izvje\u0161\u0107a o provedbi Zakona o pravu na pristup informacijama &ndash; Narodna knji\u017enica Ston\" \/>\n<meta property=\"og:description\" content=\"&nbsp; Godisnje_izvje\u0161\u0107e za 2025. godinu Godisnje_izvje\u0161\u0107e za 2024. godinu Godisnje_izvjesce za 2023. godinu Godisnje_izvjesce za 2022. godinu Godi\u0161nje izvje\u0161\u0107e za 2021. godinu\" \/>\n<meta property=\"og:url\" content=\"http:\/\/knjiznice.nsk.hr\/ston\/izvjesca-o-provedbi-zakona-o-pravu-na-pristup-informacijama\/\" \/>\n<meta property=\"og:site_name\" content=\"Narodna knji\u017enica Ston\" \/>\n<meta property=\"article:modified_time\" content=\"2026-01-09T08:42:28+00:00\" \/>\n<meta name=\"twitter:label1\" content=\"Procijenjeno vrijeme \u010ditanja\" \/>\n\t<meta name=\"twitter:data1\" content=\"1 minuta\" \/>\n<script type=\"application\/ld+json\" class=\"yoast-schema-graph\">{\"@context\":\"https:\/\/schema.org\",\"@graph\":[{\"@type\":\"WebSite\",\"@id\":\"http:\/\/knjiznice.nsk.hr\/ston\/#website\",\"url\":\"http:\/\/knjiznice.nsk.hr\/ston\/\",\"name\":\"Narodna knji\\u017enica Ston\",\"description\":\"\",\"potentialAction\":[{\"@type\":\"SearchAction\",\"target\":\"http:\/\/knjiznice.nsk.hr\/ston\/?s={search_term_string}\",\"query-input\":\"required name=search_term_string\"}],\"inLanguage\":\"hr\"},{\"@type\":\"WebPage\",\"@id\":\"http:\/\/knjiznice.nsk.hr\/ston\/izvjesca-o-provedbi-zakona-o-pravu-na-pristup-informacijama\/#webpage\",\"url\":\"http:\/\/knjiznice.nsk.hr\/ston\/izvjesca-o-provedbi-zakona-o-pravu-na-pristup-informacijama\/\",\"name\":\"Izvje\\u0161\\u0107a o provedbi Zakona o pravu na pristup informacijama &ndash; Narodna knji\\u017enica Ston\",\"isPartOf\":{\"@id\":\"http:\/\/knjiznice.nsk.hr\/ston\/#website\"},\"datePublished\":\"2022-08-03T08:22:32+00:00\",\"dateModified\":\"2026-01-09T08:42:28+00:00\",\"breadcrumb\":{\"@id\":\"http:\/\/knjiznice.nsk.hr\/ston\/izvjesca-o-provedbi-zakona-o-pravu-na-pristup-informacijama\/#breadcrumb\"},\"inLanguage\":\"hr\",\"potentialAction\":[{\"@type\":\"ReadAction\",\"target\":[\"http:\/\/knjiznice.nsk.hr\/ston\/izvjesca-o-provedbi-zakona-o-pravu-na-pristup-informacijama\/\"]}]},{\"@type\":\"BreadcrumbList\",\"@id\":\"http:\/\/knjiznice.nsk.hr\/ston\/izvjesca-o-provedbi-zakona-o-pravu-na-pristup-informacijama\/#breadcrumb\",\"itemListElement\":[{\"@type\":\"ListItem\",\"position\":1,\"item\":{\"@type\":\"WebPage\",\"@id\":\"http:\/\/knjiznice.nsk.hr\/ston\/\",\"url\":\"http:\/\/knjiznice.nsk.hr\/ston\/\",\"name\":\"Po\\u010detna stranica\"}},{\"@type\":\"ListItem\",\"position\":2,\"item\":{\"@id\":\"http:\/\/knjiznice.nsk.hr\/ston\/izvjesca-o-provedbi-zakona-o-pravu-na-pristup-informacijama\/#webpage\"}}]}]}<\/script>\n<!-- \/ Yoast SEO plugin. -->","_links":{"self":[{"href":"http:\/\/knjiznice.nsk.hr\/ston\/wp-json\/wp\/v2\/pages\/1428"}],"collection":[{"href":"http:\/\/knjiznice.nsk.hr\/ston\/wp-json\/wp\/v2\/pages"}],"about":[{"href":"http:\/\/knjiznice.nsk.hr\/ston\/wp-json\/wp\/v2\/types\/page"}],"author":[{"embeddable":true,"href":"http:\/\/knjiznice.nsk.hr\/ston\/wp-json\/wp\/v2\/users\/55"}],"replies":[{"embeddable":true,"href":"http:\/\/knjiznice.nsk.hr\/ston\/wp-json\/wp\/v2\/comments?post=1428"}],"version-history":[{"count":7,"href":"http:\/\/knjiznice.nsk.hr\/ston\/wp-json\/wp\/v2\/pages\/1428\/revisions"}],"predecessor-version":[{"id":4445,"href":"http:\/\/knjiznice.nsk.hr\/ston\/wp-json\/wp\/v2\/pages\/1428\/revisions\/4445"}],"wp:attachment":[{"href":"http:\/\/knjiznice.nsk.hr\/ston\/wp-json\/wp\/v2\/media?parent=1428"}],"curies":[{"name":"wp","href":"https:\/\/api.w.org\/{rel}","templated":true}]}}