{"id":1414,"date":"2022-08-03T08:04:33","date_gmt":"2022-08-03T08:04:33","guid":{"rendered":"http:\/\/knjiznice.nsk.hr\/ston\/?page_id=1414"},"modified":"2026-04-08T07:07:33","modified_gmt":"2026-04-08T07:07:33","slug":"financijski-izvjestaji-i-planovi","status":"publish","type":"page","link":"http:\/\/knjiznice.nsk.hr\/ston\/financijski-izvjestaji-i-planovi\/","title":{"rendered":"Financijski izvje\u0161taji i planovi"},"content":{"rendered":"<p>Financijski izvje\u0161taji:<\/p>\n<ul>\n<li><a href=\"https:\/\/knjiznice.nsk.hr\/ston\/financijski-izvjestaj-za-2026-godinu\/\">Financijski izvje\u0161taj za 2026. godinu<\/a><\/li>\n<li><a href=\"http:\/\/knjiznice.nsk.hr\/ston\/financijski-izvjestaj-za-2025-godinu\/\">Financijski izvje\u0161taj za 2025. godinu<\/a><\/li>\n<li><a href=\"http:\/\/knjiznice.nsk.hr\/ston\/financijski-izvjestaj-za-2024-godinu\/\">Financijski izvje\u0161taj za 2024. godinu<\/a><\/li>\n<li><a href=\"http:\/\/knjiznice.nsk.hr\/ston\/financijski-izvjestaj-za-2023-godinu\/\">Financijski izvje\u0161taj za 2023. godinu<\/a><\/li>\n<li><a href=\"http:\/\/knjiznice.nsk.hr\/ston\/financijski-izvjestaj-za-2022-godinu\/\">Financijski izvje\u0161taj za 2022. godinu<\/a><\/li>\n<li><a href=\"http:\/\/knjiznice.nsk.hr\/ston\/financijski-izvjestaj-za-2021-godinu\/\">Financijski izvje\u0161taj za 2021.&nbsp; godinu<\/a><\/li>\n<li><a href=\"http:\/\/knjiznice.nsk.hr\/ston\/godisnji-financijski-izvjestaj-za-2020-godinu\/\">Financijski izvje\u0161taj za 2020. godinu<\/a><\/li>\n<\/ul>\n<p>&nbsp;<\/p>\n<p>Financijski planovi:<\/p>\n<ul>\n<li><a href=\"http:\/\/knjiznice.nsk.hr\/ston\/wp-content\/uploads\/sites\/12\/2026\/01\/LCW147_IspisPlanaProracunaPozicija-NK-2.pdf\">Financijski plan za 2026. godinu&nbsp;<\/a><\/li>\n<li><a href=\"http:\/\/knjiznice.nsk.hr\/ston\/wp-content\/uploads\/sites\/12\/2026\/01\/plan-proracuna-za-2025.pdf\">Financijski plan za 2025. godinu plan&nbsp;<\/a><\/li>\n<li><a href=\"http:\/\/knjiznice.nsk.hr\/ston\/wp-content\/uploads\/sites\/12\/2025\/02\/knjiznica-plan-2024-1.pdf\">Financijski plan za 2024. godinu<\/a><\/li>\n<li><a href=\"http:\/\/knjiznice.nsk.hr\/ston\/wp-content\/uploads\/sites\/12\/2024\/02\/PROR-KNJIZNICA-2023-1.pdf\">Finanijski plan za 2023. godinu <\/a><\/li>\n<li><a href=\"http:\/\/knjiznice.nsk.hr\/ston\/wp-content\/uploads\/sites\/12\/2022\/02\/KNIZNICA-PLAN-2022-POSEBNI-DIO-2.pdf\" data-wahfont=\"16\">Financijski plan za 2022.godinu<\/a><\/li>\n<li><a href=\"http:\/\/knjiznice.nsk.hr\/ston\/wp-content\/uploads\/sites\/12\/2021\/01\/proracun-2021.pdf\" data-wahfont=\"16\">Financijski plan za 2021. godinu<\/a><\/li>\n<\/ul>\n","protected":false},"excerpt":{"rendered":"<p>Financijski izvje\u0161taji: Financijski izvje\u0161taj za 2026. godinu Financijski izvje\u0161taj za 2025. godinu Financijski izvje\u0161taj za 2024. godinu Financijski izvje\u0161taj za 2023. godinu Financijski izvje\u0161taj za 2022. godinu Financijski izvje\u0161taj za 2021.&nbsp; godinu Financijski izvje\u0161taj za 2020. godinu &nbsp; Financijski planovi: Financijski plan za 2026. godinu&nbsp; Financijski plan za 2025. godinu plan&nbsp; Financijski plan za 2024. [&hellip;]<\/p>\n","protected":false},"author":55,"featured_media":0,"parent":0,"menu_order":0,"comment_status":"closed","ping_status":"closed","template":"","meta":{"ngg_post_thumbnail":0},"yoast_head":"<!-- This site is optimized with the Yoast SEO plugin v16.4 - https:\/\/yoast.com\/wordpress\/plugins\/seo\/ -->\n<meta name=\"robots\" content=\"index, follow, max-snippet:-1, max-image-preview:large, max-video-preview:-1\" \/>\n<link rel=\"canonical\" href=\"http:\/\/knjiznice.nsk.hr\/ston\/financijski-izvjestaji-i-planovi\/\" \/>\n<meta property=\"og:locale\" content=\"hr_HR\" \/>\n<meta property=\"og:type\" content=\"article\" \/>\n<meta property=\"og:title\" content=\"Financijski izvje\u0161taji i planovi &ndash; Narodna knji\u017enica Ston\" \/>\n<meta property=\"og:description\" content=\"Financijski izvje\u0161taji: Financijski izvje\u0161taj za 2026. godinu Financijski izvje\u0161taj za 2025. godinu Financijski izvje\u0161taj za 2024. godinu Financijski izvje\u0161taj za 2023. godinu Financijski izvje\u0161taj za 2022. godinu Financijski izvje\u0161taj za 2021.&nbsp; godinu Financijski izvje\u0161taj za 2020. godinu &nbsp; Financijski planovi: Financijski plan za 2026. godinu&nbsp; Financijski plan za 2025. godinu plan&nbsp; Financijski plan za 2024. [&hellip;]\" \/>\n<meta property=\"og:url\" content=\"http:\/\/knjiznice.nsk.hr\/ston\/financijski-izvjestaji-i-planovi\/\" \/>\n<meta property=\"og:site_name\" content=\"Narodna knji\u017enica Ston\" \/>\n<meta property=\"article:modified_time\" content=\"2026-04-08T07:07:33+00:00\" \/>\n<meta name=\"twitter:label1\" content=\"Procijenjeno vrijeme \u010ditanja\" \/>\n\t<meta name=\"twitter:data1\" content=\"1 minuta\" \/>\n<script type=\"application\/ld+json\" class=\"yoast-schema-graph\">{\"@context\":\"https:\/\/schema.org\",\"@graph\":[{\"@type\":\"WebSite\",\"@id\":\"http:\/\/knjiznice.nsk.hr\/ston\/#website\",\"url\":\"http:\/\/knjiznice.nsk.hr\/ston\/\",\"name\":\"Narodna knji\\u017enica Ston\",\"description\":\"\",\"potentialAction\":[{\"@type\":\"SearchAction\",\"target\":\"http:\/\/knjiznice.nsk.hr\/ston\/?s={search_term_string}\",\"query-input\":\"required name=search_term_string\"}],\"inLanguage\":\"hr\"},{\"@type\":\"WebPage\",\"@id\":\"http:\/\/knjiznice.nsk.hr\/ston\/financijski-izvjestaji-i-planovi\/#webpage\",\"url\":\"http:\/\/knjiznice.nsk.hr\/ston\/financijski-izvjestaji-i-planovi\/\",\"name\":\"Financijski izvje\\u0161taji i planovi &ndash; Narodna knji\\u017enica Ston\",\"isPartOf\":{\"@id\":\"http:\/\/knjiznice.nsk.hr\/ston\/#website\"},\"datePublished\":\"2022-08-03T08:04:33+00:00\",\"dateModified\":\"2026-04-08T07:07:33+00:00\",\"breadcrumb\":{\"@id\":\"http:\/\/knjiznice.nsk.hr\/ston\/financijski-izvjestaji-i-planovi\/#breadcrumb\"},\"inLanguage\":\"hr\",\"potentialAction\":[{\"@type\":\"ReadAction\",\"target\":[\"http:\/\/knjiznice.nsk.hr\/ston\/financijski-izvjestaji-i-planovi\/\"]}]},{\"@type\":\"BreadcrumbList\",\"@id\":\"http:\/\/knjiznice.nsk.hr\/ston\/financijski-izvjestaji-i-planovi\/#breadcrumb\",\"itemListElement\":[{\"@type\":\"ListItem\",\"position\":1,\"item\":{\"@type\":\"WebPage\",\"@id\":\"http:\/\/knjiznice.nsk.hr\/ston\/\",\"url\":\"http:\/\/knjiznice.nsk.hr\/ston\/\",\"name\":\"Po\\u010detna stranica\"}},{\"@type\":\"ListItem\",\"position\":2,\"item\":{\"@id\":\"http:\/\/knjiznice.nsk.hr\/ston\/financijski-izvjestaji-i-planovi\/#webpage\"}}]}]}<\/script>\n<!-- \/ Yoast SEO plugin. -->","_links":{"self":[{"href":"http:\/\/knjiznice.nsk.hr\/ston\/wp-json\/wp\/v2\/pages\/1414"}],"collection":[{"href":"http:\/\/knjiznice.nsk.hr\/ston\/wp-json\/wp\/v2\/pages"}],"about":[{"href":"http:\/\/knjiznice.nsk.hr\/ston\/wp-json\/wp\/v2\/types\/page"}],"author":[{"embeddable":true,"href":"http:\/\/knjiznice.nsk.hr\/ston\/wp-json\/wp\/v2\/users\/55"}],"replies":[{"embeddable":true,"href":"http:\/\/knjiznice.nsk.hr\/ston\/wp-json\/wp\/v2\/comments?post=1414"}],"version-history":[{"count":29,"href":"http:\/\/knjiznice.nsk.hr\/ston\/wp-json\/wp\/v2\/pages\/1414\/revisions"}],"predecessor-version":[{"id":4483,"href":"http:\/\/knjiznice.nsk.hr\/ston\/wp-json\/wp\/v2\/pages\/1414\/revisions\/4483"}],"wp:attachment":[{"href":"http:\/\/knjiznice.nsk.hr\/ston\/wp-json\/wp\/v2\/media?parent=1414"}],"curies":[{"name":"wp","href":"https:\/\/api.w.org\/{rel}","templated":true}]}}