{"id":1387,"date":"2022-08-03T06:58:57","date_gmt":"2022-08-03T06:58:57","guid":{"rendered":"http:\/\/knjiznice.nsk.hr\/ston\/?page_id=1387"},"modified":"2022-08-11T11:49:36","modified_gmt":"2022-08-11T11:49:36","slug":"indija","status":"publish","type":"page","link":"http:\/\/knjiznice.nsk.hr\/ston\/indija\/","title":{"rendered":"Indija"},"content":{"rendered":"<p><a href=\"http:\/\/knjiznice.nsk.hr\/ston\/wp-content\/uploads\/sites\/12\/2022\/08\/298484834_388159153439760_7478634080639175769_n.jpg\"><img loading=\"lazy\" class=\"alignnone wp-image-1514\" src=\"http:\/\/knjiznice.nsk.hr\/ston\/wp-content\/uploads\/sites\/12\/2022\/08\/298484834_388159153439760_7478634080639175769_n-300x225.jpg\" alt=\"\" width=\"548\" height=\"411\" srcset=\"http:\/\/knjiznice.nsk.hr\/ston\/wp-content\/uploads\/sites\/12\/2022\/08\/298484834_388159153439760_7478634080639175769_n-300x225.jpg 300w, http:\/\/knjiznice.nsk.hr\/ston\/wp-content\/uploads\/sites\/12\/2022\/08\/298484834_388159153439760_7478634080639175769_n-1024x768.jpg 1024w, http:\/\/knjiznice.nsk.hr\/ston\/wp-content\/uploads\/sites\/12\/2022\/08\/298484834_388159153439760_7478634080639175769_n-768x576.jpg 768w, http:\/\/knjiznice.nsk.hr\/ston\/wp-content\/uploads\/sites\/12\/2022\/08\/298484834_388159153439760_7478634080639175769_n-600x450.jpg 600w, http:\/\/knjiznice.nsk.hr\/ston\/wp-content\/uploads\/sites\/12\/2022\/08\/298484834_388159153439760_7478634080639175769_n-1536x1152.jpg 1536w, http:\/\/knjiznice.nsk.hr\/ston\/wp-content\/uploads\/sites\/12\/2022\/08\/298484834_388159153439760_7478634080639175769_n.jpg 1734w\" sizes=\"(max-width: 548px) 100vw, 548px\" \/><\/a><\/p>\n<p><strong>Gregory David Roberts \u2013 Shantaram<\/strong><\/p>\n<p>Shantaram je roman australskog pisca Gregorya Davida Robertsa. Radnja je&nbsp; smje\u0161tena u Indiju, u multikulturalni velegrad Bombay. Glavni lik je bjegunac iz australskog zatvora, biv\u0161i ovisnik i plja\u010dka\u0161 Lindsay koji je spas prona\u0161ao u Bombayu ali njegova avantura i potraga za iskupljenjem tu tek zapo\u010dinje. Na 810 stranica ovog dijela nalazi se bezbroj epizoda koje govore o njegovim usponima i padovima, kretanjima i susretima sa ljudima razli\u010ditih karaktera, profesija i sudbina. Za \u010ditatelja se kroz to sve otklju\u010dava prava autohtona Indija, kaoti\u010dna, zastra\u0161uju\u0107a i zadivljuju\u0107a. Od slamova Bombaya, indijskih sela i zatvora, tr\u017enice ljudima, bollywodskih setova filmova, elitnih restorana i klubova pa nadalje. Impresivnosti ovog epskog djela dodatno doprinosi intriganta \u010dinjenica da je pro\u017eet autobiografskim elementima.<\/p>\n<p>&nbsp;<\/p>\n<p><strong>Jhumpa Lahiri \u2013 Ravnica<\/strong><\/p>\n<p>Ravnica je roman ameri\u010dko-indijske spisateljice Jhumpe Lahiri, dobitnice Pulitzerove nagrade. Radnja je smje\u0161tena na indijsko i ameri\u010dko tlo. U sredi\u0161tu su bra\u0107a Suhash i Udayan iz Calcutte. Odrastaju\u0107i nitko ih nije razlikovao zbog velike fizi\u010dke sli\u010dnosti, no kada je do\u0161lo vrijeme za fakultet njihov karakter sve \u0107e vi\u0161e biti stvar po kojoj \u0107e se drasti\u010dno razlikovati. Suhash je bio pravi knji\u0161ki moljac, odan u\u010denju i napredovanju zbog \u010dega je preselio u Ameriku. Udayan je pak vrlo brzo odustao od fakulteta i usmjerio se na politi\u010dka previranja u rodnoj Calcutti gdje se pridru\u017eio ustanicima i ilegalnom djelovanju.&nbsp; Takvi interesi ko\u0161tali su ga \u017eivota, a njegova brata povratka iz Amerike. Na Suhashu je sada bio teret sastavljanja obitelji u rasulu. Kroz dinami\u010dnu obiteljsku sagu i turbulentna povijesna zbivanja isprepli\u0107u se najintimniji osje\u0107aji likova i razne (ne)prilike koje izazivaju njihove unutarnje borbe.<\/p>\n<p>&nbsp;<\/p>\n<p><strong>Jasen Boko \u2013 \u017divot i smrt uz svetu rijeku: Gangesom od Himalaja do Bengalskog zaljeva<\/strong><\/p>\n<p>\u017divot i smrt uz svetu rijeku putopis je hrvatskog putopisca, dramaturga i novinara Jasenka Boka. On je svoju privla\u010dnost prema Indiji ovjekovje\u010dio nizom putovanja u nju iz \u010dega se izrodio i ovaj putopis koji donosi iskustva iz susreta sa lokalnim ljudima svih dru\u0161tvenih slojeva, interesa i profesija na putu od izvora svete rijeke u Himalaji do njezina u\u0161\u0107a u Banglade\u0161u. Kroz ovaj putopis mogu\u0107e je zaroniti u Indiju sa svim \u010darima koje njena kultura, a posebno religija donosi, sa svim usponima i padovima koje njena povijest krije, problemima i ljepotama kojima obiluje. Empatija i \u0161iroka paleta ostalih emocija provla\u010de se kroz sve pri\u010de i do\u017eivljaje autora te \u010ditatelja poti\u010du da se prepusti i postane vi\u0161e otvoren i empati\u010dan u svojoj budu\u0107nosti i susretima s drugima.<\/p>\n","protected":false},"excerpt":{"rendered":"<p>Gregory David Roberts \u2013 Shantaram Shantaram je roman australskog pisca Gregorya Davida Robertsa. Radnja je&nbsp; smje\u0161tena u Indiju, u multikulturalni velegrad Bombay. Glavni lik je bjegunac iz australskog zatvora, biv\u0161i ovisnik i plja\u010dka\u0161 Lindsay koji je spas prona\u0161ao u Bombayu ali njegova avantura i potraga za iskupljenjem tu tek zapo\u010dinje. Na 810 stranica ovog dijela [&hellip;]<\/p>\n","protected":false},"author":55,"featured_media":0,"parent":0,"menu_order":0,"comment_status":"closed","ping_status":"closed","template":"","meta":{"ngg_post_thumbnail":0},"yoast_head":"<!-- This site is optimized with the Yoast SEO plugin v16.4 - https:\/\/yoast.com\/wordpress\/plugins\/seo\/ -->\n<meta name=\"robots\" content=\"index, follow, max-snippet:-1, max-image-preview:large, max-video-preview:-1\" \/>\n<link rel=\"canonical\" href=\"http:\/\/knjiznice.nsk.hr\/ston\/indija\/\" \/>\n<meta property=\"og:locale\" content=\"hr_HR\" \/>\n<meta property=\"og:type\" content=\"article\" \/>\n<meta property=\"og:title\" content=\"Indija &ndash; Narodna knji\u017enica Ston\" \/>\n<meta property=\"og:description\" content=\"Gregory David Roberts \u2013 Shantaram Shantaram je roman australskog pisca Gregorya Davida Robertsa. Radnja je&nbsp; smje\u0161tena u Indiju, u multikulturalni velegrad Bombay. Glavni lik je bjegunac iz australskog zatvora, biv\u0161i ovisnik i plja\u010dka\u0161 Lindsay koji je spas prona\u0161ao u Bombayu ali njegova avantura i potraga za iskupljenjem tu tek zapo\u010dinje. Na 810 stranica ovog dijela [&hellip;]\" \/>\n<meta property=\"og:url\" content=\"http:\/\/knjiznice.nsk.hr\/ston\/indija\/\" \/>\n<meta property=\"og:site_name\" content=\"Narodna knji\u017enica Ston\" \/>\n<meta property=\"article:modified_time\" content=\"2022-08-11T11:49:36+00:00\" \/>\n<meta property=\"og:image\" content=\"http:\/\/knjiznice.nsk.hr\/ston\/wp-content\/uploads\/sites\/12\/2022\/08\/298484834_388159153439760_7478634080639175769_n-300x225.jpg\" \/>\n<meta name=\"twitter:label1\" content=\"Procijenjeno vrijeme \u010ditanja\" \/>\n\t<meta name=\"twitter:data1\" content=\"2 minute\" \/>\n<script type=\"application\/ld+json\" class=\"yoast-schema-graph\">{\"@context\":\"https:\/\/schema.org\",\"@graph\":[{\"@type\":\"WebSite\",\"@id\":\"https:\/\/knjiznice.nsk.hr\/ston\/#website\",\"url\":\"https:\/\/knjiznice.nsk.hr\/ston\/\",\"name\":\"Narodna knji\\u017enica Ston\",\"description\":\"\",\"potentialAction\":[{\"@type\":\"SearchAction\",\"target\":\"https:\/\/knjiznice.nsk.hr\/ston\/?s={search_term_string}\",\"query-input\":\"required name=search_term_string\"}],\"inLanguage\":\"hr\"},{\"@type\":\"ImageObject\",\"@id\":\"http:\/\/knjiznice.nsk.hr\/ston\/indija\/#primaryimage\",\"inLanguage\":\"hr\",\"url\":\"http:\/\/knjiznice.nsk.hr\/ston\/wp-content\/uploads\/sites\/12\/2022\/08\/298484834_388159153439760_7478634080639175769_n.jpg\",\"contentUrl\":\"http:\/\/knjiznice.nsk.hr\/ston\/wp-content\/uploads\/sites\/12\/2022\/08\/298484834_388159153439760_7478634080639175769_n.jpg\",\"width\":1734,\"height\":1301},{\"@type\":\"WebPage\",\"@id\":\"http:\/\/knjiznice.nsk.hr\/ston\/indija\/#webpage\",\"url\":\"http:\/\/knjiznice.nsk.hr\/ston\/indija\/\",\"name\":\"Indija &ndash; Narodna knji\\u017enica Ston\",\"isPartOf\":{\"@id\":\"https:\/\/knjiznice.nsk.hr\/ston\/#website\"},\"primaryImageOfPage\":{\"@id\":\"http:\/\/knjiznice.nsk.hr\/ston\/indija\/#primaryimage\"},\"datePublished\":\"2022-08-03T06:58:57+00:00\",\"dateModified\":\"2022-08-11T11:49:36+00:00\",\"breadcrumb\":{\"@id\":\"http:\/\/knjiznice.nsk.hr\/ston\/indija\/#breadcrumb\"},\"inLanguage\":\"hr\",\"potentialAction\":[{\"@type\":\"ReadAction\",\"target\":[\"http:\/\/knjiznice.nsk.hr\/ston\/indija\/\"]}]},{\"@type\":\"BreadcrumbList\",\"@id\":\"http:\/\/knjiznice.nsk.hr\/ston\/indija\/#breadcrumb\",\"itemListElement\":[{\"@type\":\"ListItem\",\"position\":1,\"item\":{\"@type\":\"WebPage\",\"@id\":\"https:\/\/knjiznice.nsk.hr\/ston\/\",\"url\":\"https:\/\/knjiznice.nsk.hr\/ston\/\",\"name\":\"Po\\u010detna stranica\"}},{\"@type\":\"ListItem\",\"position\":2,\"item\":{\"@id\":\"http:\/\/knjiznice.nsk.hr\/ston\/indija\/#webpage\"}}]}]}<\/script>\n<!-- \/ Yoast SEO plugin. -->","_links":{"self":[{"href":"http:\/\/knjiznice.nsk.hr\/ston\/wp-json\/wp\/v2\/pages\/1387"}],"collection":[{"href":"http:\/\/knjiznice.nsk.hr\/ston\/wp-json\/wp\/v2\/pages"}],"about":[{"href":"http:\/\/knjiznice.nsk.hr\/ston\/wp-json\/wp\/v2\/types\/page"}],"author":[{"embeddable":true,"href":"http:\/\/knjiznice.nsk.hr\/ston\/wp-json\/wp\/v2\/users\/55"}],"replies":[{"embeddable":true,"href":"http:\/\/knjiznice.nsk.hr\/ston\/wp-json\/wp\/v2\/comments?post=1387"}],"version-history":[{"count":5,"href":"http:\/\/knjiznice.nsk.hr\/ston\/wp-json\/wp\/v2\/pages\/1387\/revisions"}],"predecessor-version":[{"id":1517,"href":"http:\/\/knjiznice.nsk.hr\/ston\/wp-json\/wp\/v2\/pages\/1387\/revisions\/1517"}],"wp:attachment":[{"href":"http:\/\/knjiznice.nsk.hr\/ston\/wp-json\/wp\/v2\/media?parent=1387"}],"curies":[{"name":"wp","href":"https:\/\/api.w.org\/{rel}","templated":true}]}}