{"id":1350,"date":"2022-08-02T09:46:14","date_gmt":"2022-08-02T09:46:14","guid":{"rendered":"http:\/\/knjiznice.nsk.hr\/ston\/?page_id=1350"},"modified":"2022-08-02T09:47:22","modified_gmt":"2022-08-02T09:47:22","slug":"o-biljkama-i-zivotinjama","status":"publish","type":"page","link":"http:\/\/knjiznice.nsk.hr\/ston\/o-biljkama-i-zivotinjama\/","title":{"rendered":"O biljkama i \u017eivotinjama"},"content":{"rendered":"<p>&nbsp;<\/p>\n<p><strong><a href=\"http:\/\/knjiznice.nsk.hr\/ston\/wp-content\/uploads\/sites\/12\/2022\/08\/295715866_448915043543802_3702892624296734398_n.jpg\"><img loading=\"lazy\" class=\"alignnone wp-image-1351 \" src=\"http:\/\/knjiznice.nsk.hr\/ston\/wp-content\/uploads\/sites\/12\/2022\/08\/295715866_448915043543802_3702892624296734398_n-e1659433497989-300x225.jpg\" alt=\"\" width=\"391\" height=\"293\" srcset=\"http:\/\/knjiznice.nsk.hr\/ston\/wp-content\/uploads\/sites\/12\/2022\/08\/295715866_448915043543802_3702892624296734398_n-e1659433497989-300x225.jpg 300w, http:\/\/knjiznice.nsk.hr\/ston\/wp-content\/uploads\/sites\/12\/2022\/08\/295715866_448915043543802_3702892624296734398_n-e1659433497989-1024x768.jpg 1024w, http:\/\/knjiznice.nsk.hr\/ston\/wp-content\/uploads\/sites\/12\/2022\/08\/295715866_448915043543802_3702892624296734398_n-e1659433497989-768x576.jpg 768w, http:\/\/knjiznice.nsk.hr\/ston\/wp-content\/uploads\/sites\/12\/2022\/08\/295715866_448915043543802_3702892624296734398_n-e1659433497989-600x450.jpg 600w, http:\/\/knjiznice.nsk.hr\/ston\/wp-content\/uploads\/sites\/12\/2022\/08\/295715866_448915043543802_3702892624296734398_n-e1659433497989-1536x1152.jpg 1536w, http:\/\/knjiznice.nsk.hr\/ston\/wp-content\/uploads\/sites\/12\/2022\/08\/295715866_448915043543802_3702892624296734398_n-e1659433497989.jpg 2048w\" sizes=\"(max-width: 391px) 100vw, 391px\" \/><\/a><\/strong><\/p>\n<p><strong>Animalium<\/strong> je \u201emuzej\u201c \u017eivotinja \u010diji je vrlo informativni sadr\u017eaj napisala Jenny Broom, a \u017eivopisne i detaljne ilustracije napravila Katie Scott.&nbsp; Sadr\u017eaj ove knjige krije najneobi\u010dnija bi\u0107a, drevne i suvremene \u017eivotinje, goleme i malene, opasne i ugro\u017eene. Prikazuje &nbsp;evolucijsko stablo svijeta \u017eivotinja, dijeli ih prema razredima poput sisavaca, gmazova i ptica. Osim toga, na stranicama ovog \u201emuzeja\u201c nalazi se i muzejski laboratorij za prou\u010davanje kostura i unutra\u0161njih organa \u017eivotinja pa stoga zanimljivosti ne\u0107e nedostajati.<\/p>\n<p><strong>Oceanarium<\/strong> je \u201eakvarij\u201c koji predstavlja specifi\u010dni dio biljnog i \u017eivotinjskog svijeta koji \u017eivi u oceanima. Loveday Trinick napisala je tekst knjige koji se isti\u010de svojom razumljivo\u0161\u0107u i prilago\u0111eno\u0161\u0107u manjim uzrastima, a precizne i \u0161arene ilustracije napravila je Teagan White. Iako je svijet oceana jo\u0161 uvijek nedovoljno istra\u017een u ovoj knjizi nalazi se mno\u0161tvo \u017eivih bi\u0107a koje \u0107e malim \u010ditateljima biti novitet. Ova knjiga stoga je idealna za podizanje svijesti o potrebi o\u010duvanja oceana jer jednom kada se upozna bogat \u017eivot koji je u njemu svi \u0107e ga htjeti sa\u010duvati od zaga\u0111enja.<\/p>\n<p>Knjige <strong>Animalium<\/strong> i <strong>Oceanarium <\/strong>zami\u0161ljene su kao muzeji na papiru te su kao takvi izvrstan edukativni sadr\u017eaj za sve radoznale mali\u0161ane. Poti\u010du njihovo spoznavanje i upoznavanje svijeta oko sebe.<\/p>\n<p>&nbsp;<\/p>\n<p><strong>Velika knjiga cvije\u0107a <\/strong>tekstopisca i ilustratora Yuvala Zommera prekrasno je ilustriran edukativni sadr\u017eaj. Koncept ove knjige nije usmjeren samo na poja\u0161njenje podijele i vrsta cvije\u0107a ve\u0107 knjiga nudi i razne druge zanimljive informacije. Mogu\u0107e je nau\u010diti razliku kaktusa i orhideje, koje su biljke smrdljivke, a koje su smrtonosne. Zatim kako su biljke gra\u0111ene i tko ih opra\u0161uje. Na kraju, ne nedostaje ni sadr\u017eaja koji ukazuje na potrebu osvije\u0161tenosti ljudi o va\u017enosti biljaka, a tu je i prakti\u010dni dio sa uputama za samostalno uzgajanje biljaka koji svakako mo\u017ee biti poticaj \u010ditatelju da se oku\u0161a u tome poslu.<\/p>\n","protected":false},"excerpt":{"rendered":"<p>&nbsp; Animalium je \u201emuzej\u201c \u017eivotinja \u010diji je vrlo informativni sadr\u017eaj napisala Jenny Broom, a \u017eivopisne i detaljne ilustracije napravila Katie Scott.&nbsp; Sadr\u017eaj ove knjige krije najneobi\u010dnija bi\u0107a, drevne i suvremene \u017eivotinje, goleme i malene, opasne i ugro\u017eene. Prikazuje &nbsp;evolucijsko stablo svijeta \u017eivotinja, dijeli ih prema razredima poput sisavaca, gmazova i ptica. Osim toga, na stranicama [&hellip;]<\/p>\n","protected":false},"author":55,"featured_media":0,"parent":0,"menu_order":0,"comment_status":"closed","ping_status":"closed","template":"","meta":{"ngg_post_thumbnail":0},"yoast_head":"<!-- This site is optimized with the Yoast SEO plugin v16.4 - https:\/\/yoast.com\/wordpress\/plugins\/seo\/ -->\n<meta name=\"robots\" content=\"index, follow, max-snippet:-1, max-image-preview:large, max-video-preview:-1\" \/>\n<link rel=\"canonical\" href=\"http:\/\/knjiznice.nsk.hr\/ston\/o-biljkama-i-zivotinjama\/\" \/>\n<meta property=\"og:locale\" content=\"hr_HR\" \/>\n<meta property=\"og:type\" content=\"article\" \/>\n<meta property=\"og:title\" content=\"O biljkama i \u017eivotinjama &ndash; Narodna knji\u017enica Ston\" \/>\n<meta property=\"og:description\" content=\"&nbsp; Animalium je \u201emuzej\u201c \u017eivotinja \u010diji je vrlo informativni sadr\u017eaj napisala Jenny Broom, a \u017eivopisne i detaljne ilustracije napravila Katie Scott.&nbsp; Sadr\u017eaj ove knjige krije najneobi\u010dnija bi\u0107a, drevne i suvremene \u017eivotinje, goleme i malene, opasne i ugro\u017eene. Prikazuje &nbsp;evolucijsko stablo svijeta \u017eivotinja, dijeli ih prema razredima poput sisavaca, gmazova i ptica. Osim toga, na stranicama [&hellip;]\" \/>\n<meta property=\"og:url\" content=\"http:\/\/knjiznice.nsk.hr\/ston\/o-biljkama-i-zivotinjama\/\" \/>\n<meta property=\"og:site_name\" content=\"Narodna knji\u017enica Ston\" \/>\n<meta property=\"article:modified_time\" content=\"2022-08-02T09:47:22+00:00\" \/>\n<meta property=\"og:image\" content=\"http:\/\/knjiznice.nsk.hr\/ston\/wp-content\/uploads\/sites\/12\/2022\/08\/295715866_448915043543802_3702892624296734398_n-e1659433497989-300x225.jpg\" \/>\n<meta name=\"twitter:label1\" content=\"Procijenjeno vrijeme \u010ditanja\" \/>\n\t<meta name=\"twitter:data1\" content=\"2 minute\" \/>\n<script type=\"application\/ld+json\" class=\"yoast-schema-graph\">{\"@context\":\"https:\/\/schema.org\",\"@graph\":[{\"@type\":\"WebSite\",\"@id\":\"http:\/\/knjiznice.nsk.hr\/ston\/#website\",\"url\":\"http:\/\/knjiznice.nsk.hr\/ston\/\",\"name\":\"Narodna knji\\u017enica Ston\",\"description\":\"\",\"potentialAction\":[{\"@type\":\"SearchAction\",\"target\":\"http:\/\/knjiznice.nsk.hr\/ston\/?s={search_term_string}\",\"query-input\":\"required name=search_term_string\"}],\"inLanguage\":\"hr\"},{\"@type\":\"ImageObject\",\"@id\":\"http:\/\/knjiznice.nsk.hr\/ston\/o-biljkama-i-zivotinjama\/#primaryimage\",\"inLanguage\":\"hr\",\"url\":\"http:\/\/knjiznice.nsk.hr\/ston\/wp-content\/uploads\/sites\/12\/2022\/08\/295715866_448915043543802_3702892624296734398_n-e1659433497989.jpg\",\"contentUrl\":\"http:\/\/knjiznice.nsk.hr\/ston\/wp-content\/uploads\/sites\/12\/2022\/08\/295715866_448915043543802_3702892624296734398_n-e1659433497989.jpg\",\"width\":2048,\"height\":1536},{\"@type\":\"WebPage\",\"@id\":\"http:\/\/knjiznice.nsk.hr\/ston\/o-biljkama-i-zivotinjama\/#webpage\",\"url\":\"http:\/\/knjiznice.nsk.hr\/ston\/o-biljkama-i-zivotinjama\/\",\"name\":\"O biljkama i \\u017eivotinjama &ndash; Narodna knji\\u017enica Ston\",\"isPartOf\":{\"@id\":\"http:\/\/knjiznice.nsk.hr\/ston\/#website\"},\"primaryImageOfPage\":{\"@id\":\"http:\/\/knjiznice.nsk.hr\/ston\/o-biljkama-i-zivotinjama\/#primaryimage\"},\"datePublished\":\"2022-08-02T09:46:14+00:00\",\"dateModified\":\"2022-08-02T09:47:22+00:00\",\"breadcrumb\":{\"@id\":\"http:\/\/knjiznice.nsk.hr\/ston\/o-biljkama-i-zivotinjama\/#breadcrumb\"},\"inLanguage\":\"hr\",\"potentialAction\":[{\"@type\":\"ReadAction\",\"target\":[\"http:\/\/knjiznice.nsk.hr\/ston\/o-biljkama-i-zivotinjama\/\"]}]},{\"@type\":\"BreadcrumbList\",\"@id\":\"http:\/\/knjiznice.nsk.hr\/ston\/o-biljkama-i-zivotinjama\/#breadcrumb\",\"itemListElement\":[{\"@type\":\"ListItem\",\"position\":1,\"item\":{\"@type\":\"WebPage\",\"@id\":\"http:\/\/knjiznice.nsk.hr\/ston\/\",\"url\":\"http:\/\/knjiznice.nsk.hr\/ston\/\",\"name\":\"Po\\u010detna stranica\"}},{\"@type\":\"ListItem\",\"position\":2,\"item\":{\"@id\":\"http:\/\/knjiznice.nsk.hr\/ston\/o-biljkama-i-zivotinjama\/#webpage\"}}]}]}<\/script>\n<!-- \/ Yoast SEO plugin. -->","_links":{"self":[{"href":"http:\/\/knjiznice.nsk.hr\/ston\/wp-json\/wp\/v2\/pages\/1350"}],"collection":[{"href":"http:\/\/knjiznice.nsk.hr\/ston\/wp-json\/wp\/v2\/pages"}],"about":[{"href":"http:\/\/knjiznice.nsk.hr\/ston\/wp-json\/wp\/v2\/types\/page"}],"author":[{"embeddable":true,"href":"http:\/\/knjiznice.nsk.hr\/ston\/wp-json\/wp\/v2\/users\/55"}],"replies":[{"embeddable":true,"href":"http:\/\/knjiznice.nsk.hr\/ston\/wp-json\/wp\/v2\/comments?post=1350"}],"version-history":[{"count":2,"href":"http:\/\/knjiznice.nsk.hr\/ston\/wp-json\/wp\/v2\/pages\/1350\/revisions"}],"predecessor-version":[{"id":1354,"href":"http:\/\/knjiznice.nsk.hr\/ston\/wp-json\/wp\/v2\/pages\/1350\/revisions\/1354"}],"wp:attachment":[{"href":"http:\/\/knjiznice.nsk.hr\/ston\/wp-json\/wp\/v2\/media?parent=1350"}],"curies":[{"name":"wp","href":"https:\/\/api.w.org\/{rel}","templated":true}]}}