{"id":1326,"date":"2022-07-25T06:09:59","date_gmt":"2022-07-25T06:09:59","guid":{"rendered":"http:\/\/knjiznice.nsk.hr\/ston\/?page_id=1326"},"modified":"2022-08-11T11:34:12","modified_gmt":"2022-08-11T11:34:12","slug":"africki-autori","status":"publish","type":"page","link":"http:\/\/knjiznice.nsk.hr\/ston\/africki-autori\/","title":{"rendered":"Afri\u010dki autori"},"content":{"rendered":"<p><a href=\"http:\/\/knjiznice.nsk.hr\/ston\/wp-content\/uploads\/sites\/12\/2022\/07\/294144137_333863285491870_6208398274406534454_n.jpg\"><img loading=\"lazy\" class=\"alignnone  wp-image-1327\" src=\"http:\/\/knjiznice.nsk.hr\/ston\/wp-content\/uploads\/sites\/12\/2022\/07\/294144137_333863285491870_6208398274406534454_n-236x300.jpg\" alt=\"\" width=\"326\" height=\"414\" srcset=\"http:\/\/knjiznice.nsk.hr\/ston\/wp-content\/uploads\/sites\/12\/2022\/07\/294144137_333863285491870_6208398274406534454_n-236x300.jpg 236w, http:\/\/knjiznice.nsk.hr\/ston\/wp-content\/uploads\/sites\/12\/2022\/07\/294144137_333863285491870_6208398274406534454_n-804x1024.jpg 804w, http:\/\/knjiznice.nsk.hr\/ston\/wp-content\/uploads\/sites\/12\/2022\/07\/294144137_333863285491870_6208398274406534454_n-768x978.jpg 768w, http:\/\/knjiznice.nsk.hr\/ston\/wp-content\/uploads\/sites\/12\/2022\/07\/294144137_333863285491870_6208398274406534454_n-600x764.jpg 600w, http:\/\/knjiznice.nsk.hr\/ston\/wp-content\/uploads\/sites\/12\/2022\/07\/294144137_333863285491870_6208398274406534454_n-1206x1536.jpg 1206w, http:\/\/knjiznice.nsk.hr\/ston\/wp-content\/uploads\/sites\/12\/2022\/07\/294144137_333863285491870_6208398274406534454_n.jpg 1608w\" sizes=\"(max-width: 326px) 100vw, 326px\" \/><\/a><\/p>\n<p><strong>Nuruddin Farah &#8211; Karike<\/strong><\/p>\n<p>Karike je roman nagra\u0111ivanog afri\u010dkog autora Nuruddina Faraha. Radnja je smje\u0161tena u gra\u0111anskim ratom zahva\u0107enu Somaliju na prijelazu iz 20. u 21. stolje\u0107e. Prati Jeebleha, sredovje\u010dnog Somalca, koji se nakon dvadeset godina \u017eivota u SAD-u vra\u0107a u rodni grad Mogadi\u0161. Njegov povratak nije uzrokovan nostalgijom s obzirom da mu je posljednje mjesto boravi\u0161ta bila zatvorska \u0107elija gdje je smje\u0161ten zbog politi\u010dke nepodobnosti. Vra\u0107a se kako bi posjetio grob svoje majke ali i pomogao prijatelju iz djetinjstva u potrazi za ne\u0107akinjom. Vrlo brzo shva\u0107a da je jedini na\u010din za bilo kakvo djelovanje prihva\u0107anje igre bez pravila.<\/p>\n<p>Jeebleh mora zaboraviti na svoje ideale i obi\u010daje zapadnog svijeta jer u Mogadi\u0161u je dru\u0161tvo korumpirano, ne zna ni za kakva pravila, ljudi \u017eive od danas do sutra, a jedini cilj im je pre\u017eivljavanje.<\/p>\n<p>&nbsp;<\/p>\n<p><strong>Chimamanda Ngozi Adichie &#8211; Polovica \u017eutog sunca<\/strong><\/p>\n<p>Polovica \u017eutog sunca roman je nigerijske spisateljice Chimamanda Ngozi Adichie. Radnja prati borbu Biafre za neovisnost od Nigerije krajem 1960-ih. Prikazuje razvoj obiteljske situacije, egzistencijalnu patnju i glad s kojom se likovi suo\u010davaju uslijed ratnih sukoba.&nbsp; Prate\u0107i glavne likove, obrazovanu djevojku iz visokog dru\u0161tva Olannu i sveu\u010dili\u0161nog profesora Odenigba, zanesenog revolucionara slojevitost ovog romana postaje jo\u0161 ve\u0107a, a nemilosrdna borba vi\u0161e nije samo oru\u017ejem ve\u0107 je to i borba za ljubav pred koju su se postavile brojne ku\u0161nje i barijere.<\/p>\n<p>Ova knjiga vodi \u010ditatelja duboko u afri\u010dku realnost i du\u0161e njezinih stanovnika, daje uvid u njenu klasnu i rasnu raslojenost. Mirisi i boje Afrike ovdje su strastveno preneseni i dostupni \u010ditatelju da ih upije.<\/p>\n<p>&nbsp;<\/p>\n<p><strong>Oyinkan Braithwaite &#8211; Moja sestra, serijski ubojica<\/strong><\/p>\n<p>Moja sestra, serijski ubojica roman je nigerijske autorice Oyinkan Braitwaite. Rije\u010d je o ne ba\u0161 klasi\u010dnom trileru u kojem se \u010ditatelj ve\u0107 na samom po\u010detku upoznaje s tim tko je ubojica. Ubojica je mlada Nigerijka Ayoola, a njene \u017ertve su njeni de\u010dki. &nbsp;Ona kao i njena sestra Korede \u017eivi u Lagosu i dok je Korede medicinska sestra Ayoola je Instagram influencerica. Zahvaljuju\u0107i svom poslu Korede vje\u0161to prikriva tragove sestrinih zlo\u010dina. No, kada Ayoola za sljede\u0107u \u017ertvu odabere kolegu sa sestrina posla u kojeg je ona potajno zaljubljena stvari se mijenjaju. Korade mora odabrati koga \u0107e izabrati -sestri ili mu\u0161karca u koje je zaljubljena.<\/p>\n<p>U ovom dinami\u010dnom romanu, koji ima i bogatu psiholo\u0161ku dimenziju \u010ditatelj \u0107e se susresti sa spojem zabavnog,&nbsp; vrlo smije\u0161nog i mra\u010dnog.<\/p>\n","protected":false},"excerpt":{"rendered":"<p>Nuruddin Farah &#8211; Karike Karike je roman nagra\u0111ivanog afri\u010dkog autora Nuruddina Faraha. Radnja je smje\u0161tena u gra\u0111anskim ratom zahva\u0107enu Somaliju na prijelazu iz 20. u 21. stolje\u0107e. Prati Jeebleha, sredovje\u010dnog Somalca, koji se nakon dvadeset godina \u017eivota u SAD-u vra\u0107a u rodni grad Mogadi\u0161. Njegov povratak nije uzrokovan nostalgijom s obzirom da mu je posljednje [&hellip;]<\/p>\n","protected":false},"author":55,"featured_media":0,"parent":0,"menu_order":0,"comment_status":"closed","ping_status":"closed","template":"","meta":{"ngg_post_thumbnail":0},"yoast_head":"<!-- This site is optimized with the Yoast SEO plugin v16.4 - https:\/\/yoast.com\/wordpress\/plugins\/seo\/ -->\n<meta name=\"robots\" content=\"index, follow, max-snippet:-1, max-image-preview:large, max-video-preview:-1\" \/>\n<link rel=\"canonical\" href=\"http:\/\/knjiznice.nsk.hr\/ston\/africki-autori\/\" \/>\n<meta property=\"og:locale\" content=\"hr_HR\" \/>\n<meta property=\"og:type\" content=\"article\" \/>\n<meta property=\"og:title\" content=\"Afri\u010dki autori &ndash; Narodna knji\u017enica Ston\" \/>\n<meta property=\"og:description\" content=\"Nuruddin Farah &#8211; Karike Karike je roman nagra\u0111ivanog afri\u010dkog autora Nuruddina Faraha. Radnja je smje\u0161tena u gra\u0111anskim ratom zahva\u0107enu Somaliju na prijelazu iz 20. u 21. stolje\u0107e. Prati Jeebleha, sredovje\u010dnog Somalca, koji se nakon dvadeset godina \u017eivota u SAD-u vra\u0107a u rodni grad Mogadi\u0161. Njegov povratak nije uzrokovan nostalgijom s obzirom da mu je posljednje [&hellip;]\" \/>\n<meta property=\"og:url\" content=\"http:\/\/knjiznice.nsk.hr\/ston\/africki-autori\/\" \/>\n<meta property=\"og:site_name\" content=\"Narodna knji\u017enica Ston\" \/>\n<meta property=\"article:modified_time\" content=\"2022-08-11T11:34:12+00:00\" \/>\n<meta property=\"og:image\" content=\"http:\/\/knjiznice.nsk.hr\/ston\/wp-content\/uploads\/sites\/12\/2022\/07\/294144137_333863285491870_6208398274406534454_n-236x300.jpg\" \/>\n<meta name=\"twitter:label1\" content=\"Procijenjeno vrijeme \u010ditanja\" \/>\n\t<meta name=\"twitter:data1\" content=\"2 minute\" \/>\n<script type=\"application\/ld+json\" class=\"yoast-schema-graph\">{\"@context\":\"https:\/\/schema.org\",\"@graph\":[{\"@type\":\"WebSite\",\"@id\":\"http:\/\/knjiznice.nsk.hr\/ston\/#website\",\"url\":\"http:\/\/knjiznice.nsk.hr\/ston\/\",\"name\":\"Narodna knji\\u017enica Ston\",\"description\":\"\",\"potentialAction\":[{\"@type\":\"SearchAction\",\"target\":\"http:\/\/knjiznice.nsk.hr\/ston\/?s={search_term_string}\",\"query-input\":\"required name=search_term_string\"}],\"inLanguage\":\"hr\"},{\"@type\":\"ImageObject\",\"@id\":\"http:\/\/knjiznice.nsk.hr\/ston\/africki-autori\/#primaryimage\",\"inLanguage\":\"hr\",\"url\":\"http:\/\/knjiznice.nsk.hr\/ston\/wp-content\/uploads\/sites\/12\/2022\/07\/294144137_333863285491870_6208398274406534454_n.jpg\",\"contentUrl\":\"http:\/\/knjiznice.nsk.hr\/ston\/wp-content\/uploads\/sites\/12\/2022\/07\/294144137_333863285491870_6208398274406534454_n.jpg\",\"width\":1608,\"height\":2048},{\"@type\":\"WebPage\",\"@id\":\"http:\/\/knjiznice.nsk.hr\/ston\/africki-autori\/#webpage\",\"url\":\"http:\/\/knjiznice.nsk.hr\/ston\/africki-autori\/\",\"name\":\"Afri\\u010dki autori &ndash; Narodna knji\\u017enica Ston\",\"isPartOf\":{\"@id\":\"http:\/\/knjiznice.nsk.hr\/ston\/#website\"},\"primaryImageOfPage\":{\"@id\":\"http:\/\/knjiznice.nsk.hr\/ston\/africki-autori\/#primaryimage\"},\"datePublished\":\"2022-07-25T06:09:59+00:00\",\"dateModified\":\"2022-08-11T11:34:12+00:00\",\"breadcrumb\":{\"@id\":\"http:\/\/knjiznice.nsk.hr\/ston\/africki-autori\/#breadcrumb\"},\"inLanguage\":\"hr\",\"potentialAction\":[{\"@type\":\"ReadAction\",\"target\":[\"http:\/\/knjiznice.nsk.hr\/ston\/africki-autori\/\"]}]},{\"@type\":\"BreadcrumbList\",\"@id\":\"http:\/\/knjiznice.nsk.hr\/ston\/africki-autori\/#breadcrumb\",\"itemListElement\":[{\"@type\":\"ListItem\",\"position\":1,\"item\":{\"@type\":\"WebPage\",\"@id\":\"http:\/\/knjiznice.nsk.hr\/ston\/\",\"url\":\"http:\/\/knjiznice.nsk.hr\/ston\/\",\"name\":\"Po\\u010detna stranica\"}},{\"@type\":\"ListItem\",\"position\":2,\"item\":{\"@id\":\"http:\/\/knjiznice.nsk.hr\/ston\/africki-autori\/#webpage\"}}]}]}<\/script>\n<!-- \/ Yoast SEO plugin. -->","_links":{"self":[{"href":"http:\/\/knjiznice.nsk.hr\/ston\/wp-json\/wp\/v2\/pages\/1326"}],"collection":[{"href":"http:\/\/knjiznice.nsk.hr\/ston\/wp-json\/wp\/v2\/pages"}],"about":[{"href":"http:\/\/knjiznice.nsk.hr\/ston\/wp-json\/wp\/v2\/types\/page"}],"author":[{"embeddable":true,"href":"http:\/\/knjiznice.nsk.hr\/ston\/wp-json\/wp\/v2\/users\/55"}],"replies":[{"embeddable":true,"href":"http:\/\/knjiznice.nsk.hr\/ston\/wp-json\/wp\/v2\/comments?post=1326"}],"version-history":[{"count":5,"href":"http:\/\/knjiznice.nsk.hr\/ston\/wp-json\/wp\/v2\/pages\/1326\/revisions"}],"predecessor-version":[{"id":1516,"href":"http:\/\/knjiznice.nsk.hr\/ston\/wp-json\/wp\/v2\/pages\/1326\/revisions\/1516"}],"wp:attachment":[{"href":"http:\/\/knjiznice.nsk.hr\/ston\/wp-json\/wp\/v2\/media?parent=1326"}],"curies":[{"name":"wp","href":"https:\/\/api.w.org\/{rel}","templated":true}]}}