{"id":1065,"date":"2021-09-20T11:48:08","date_gmt":"2021-09-20T11:48:08","guid":{"rendered":"http:\/\/knjiznice.nsk.hr\/ston\/?page_id=1065"},"modified":"2021-09-20T11:48:08","modified_gmt":"2021-09-20T11:48:08","slug":"jura-i-kuckalo-protiv-dosade-roman-simic","status":"publish","type":"page","link":"http:\/\/knjiznice.nsk.hr\/ston\/jura-i-kuckalo-protiv-dosade-roman-simic\/","title":{"rendered":"Jura i kuckalo protiv dosade &#8211; Roman Simi\u0107"},"content":{"rendered":"<p>Jura i kuckalo protiv dosade je dio serijala o Juri doma\u0107eg autora Romana Simi\u0107a.  Radnja prati dje\u010daka Juru koji ovoga puta ima problema s dosadom. Ki\u0161ni je dan i on ne mo\u017ee van, uobi\u010dajena igra sada nije mogu\u0107a i potrebno je prona\u0107i zabavu u ku\u0107i. On stalno izgovara svim roditeljima dobro poznatu re\u010denicu \u201eMama, meni je dosadno\u201c. Mama, tata i njegov trokutasti ma\u010dak davaju mu ideje kako da rije\u0161i tu dosadu. Sve prijedloge je odbacio osim ma\u010dkove pri\u010de o kuckalu. Kuckalo svatko mo\u017ee besplatno nabaviti i ono ima bezbroj opcija, a \u0161to je ono to\u010dno saznajte u pri\u010di! Ono \u0161to vam mo\u017eemo otkriti je da je Jura uz pomo\u0107 kuckala izi\u0161ao iz sivila dosade i zaklju\u010dio kako za nju vi\u0161e ne\u0107e imati vremena.<\/p>\n<p>Ova pri\u010da o intrigantnom kuckalu idealna je za nadolaze\u0107e jesenske ki\u0161ne dane kada \u0107e svako dijete barem jednom re\u0107i \u201edosadno mi je\u201c. Osim \u0161to \u0107e im pri\u010da svojim zanimljivim sadr\u017eajem i ilustracijama ispuniti vrijeme probuditi \u0107e i njihovu ma\u0161tu.<\/p>\n<p><a href=\"http:\/\/knjiznice.nsk.hr\/ston\/wp-content\/uploads\/sites\/12\/2021\/09\/242439184_4416603931730291_3548924792609063_n.jpg\"><img loading=\"lazy\" src=\"http:\/\/knjiznice.nsk.hr\/ston\/wp-content\/uploads\/sites\/12\/2021\/09\/242439184_4416603931730291_3548924792609063_n-225x300.jpg\" alt=\"\" width=\"225\" height=\"300\" class=\"alignnone size-medium wp-image-1066\" srcset=\"http:\/\/knjiznice.nsk.hr\/ston\/wp-content\/uploads\/sites\/12\/2021\/09\/242439184_4416603931730291_3548924792609063_n-225x300.jpg 225w, http:\/\/knjiznice.nsk.hr\/ston\/wp-content\/uploads\/sites\/12\/2021\/09\/242439184_4416603931730291_3548924792609063_n-768x1024.jpg 768w, http:\/\/knjiznice.nsk.hr\/ston\/wp-content\/uploads\/sites\/12\/2021\/09\/242439184_4416603931730291_3548924792609063_n-600x800.jpg 600w, http:\/\/knjiznice.nsk.hr\/ston\/wp-content\/uploads\/sites\/12\/2021\/09\/242439184_4416603931730291_3548924792609063_n-1152x1536.jpg 1152w, http:\/\/knjiznice.nsk.hr\/ston\/wp-content\/uploads\/sites\/12\/2021\/09\/242439184_4416603931730291_3548924792609063_n.jpg 1536w\" sizes=\"(max-width: 225px) 100vw, 225px\" \/><\/a><\/p>\n<p>Lokacija: pogled na kulu Ka\u0161tio sa vrata od Zamirja <\/p>\n","protected":false},"excerpt":{"rendered":"<p>Jura i kuckalo protiv dosade je dio serijala o Juri doma\u0107eg autora Romana Simi\u0107a. Radnja prati dje\u010daka Juru koji ovoga puta ima problema s dosadom. Ki\u0161ni je dan i on ne mo\u017ee van, uobi\u010dajena igra sada nije mogu\u0107a i potrebno je prona\u0107i zabavu u ku\u0107i. On stalno izgovara svim roditeljima dobro poznatu re\u010denicu \u201eMama, meni [&hellip;]<\/p>\n","protected":false},"author":55,"featured_media":0,"parent":0,"menu_order":0,"comment_status":"closed","ping_status":"closed","template":"","meta":{"ngg_post_thumbnail":0},"yoast_head":"<!-- This site is optimized with the Yoast SEO plugin v16.4 - https:\/\/yoast.com\/wordpress\/plugins\/seo\/ -->\n<meta name=\"robots\" content=\"index, follow, max-snippet:-1, max-image-preview:large, max-video-preview:-1\" \/>\n<link rel=\"canonical\" href=\"http:\/\/knjiznice.nsk.hr\/ston\/jura-i-kuckalo-protiv-dosade-roman-simic\/\" \/>\n<meta property=\"og:locale\" content=\"hr_HR\" \/>\n<meta property=\"og:type\" content=\"article\" \/>\n<meta property=\"og:title\" content=\"Jura i kuckalo protiv dosade - Roman Simi\u0107 &ndash; Narodna knji\u017enica Ston\" \/>\n<meta property=\"og:description\" content=\"Jura i kuckalo protiv dosade je dio serijala o Juri doma\u0107eg autora Romana Simi\u0107a. Radnja prati dje\u010daka Juru koji ovoga puta ima problema s dosadom. Ki\u0161ni je dan i on ne mo\u017ee van, uobi\u010dajena igra sada nije mogu\u0107a i potrebno je prona\u0107i zabavu u ku\u0107i. On stalno izgovara svim roditeljima dobro poznatu re\u010denicu \u201eMama, meni [&hellip;]\" \/>\n<meta property=\"og:url\" content=\"http:\/\/knjiznice.nsk.hr\/ston\/jura-i-kuckalo-protiv-dosade-roman-simic\/\" \/>\n<meta property=\"og:site_name\" content=\"Narodna knji\u017enica Ston\" \/>\n<meta property=\"og:image\" content=\"http:\/\/knjiznice.nsk.hr\/ston\/wp-content\/uploads\/sites\/12\/2021\/09\/242439184_4416603931730291_3548924792609063_n-225x300.jpg\" \/>\n<meta name=\"twitter:label1\" content=\"Procijenjeno vrijeme \u010ditanja\" \/>\n\t<meta name=\"twitter:data1\" content=\"1 minuta\" \/>\n<script type=\"application\/ld+json\" class=\"yoast-schema-graph\">{\"@context\":\"https:\/\/schema.org\",\"@graph\":[{\"@type\":\"WebSite\",\"@id\":\"http:\/\/knjiznice.nsk.hr\/ston\/#website\",\"url\":\"http:\/\/knjiznice.nsk.hr\/ston\/\",\"name\":\"Narodna knji\\u017enica Ston\",\"description\":\"\",\"potentialAction\":[{\"@type\":\"SearchAction\",\"target\":\"http:\/\/knjiznice.nsk.hr\/ston\/?s={search_term_string}\",\"query-input\":\"required name=search_term_string\"}],\"inLanguage\":\"hr\"},{\"@type\":\"ImageObject\",\"@id\":\"http:\/\/knjiznice.nsk.hr\/ston\/jura-i-kuckalo-protiv-dosade-roman-simic\/#primaryimage\",\"inLanguage\":\"hr\",\"url\":\"http:\/\/knjiznice.nsk.hr\/ston\/wp-content\/uploads\/sites\/12\/2021\/09\/242439184_4416603931730291_3548924792609063_n.jpg\",\"contentUrl\":\"http:\/\/knjiznice.nsk.hr\/ston\/wp-content\/uploads\/sites\/12\/2021\/09\/242439184_4416603931730291_3548924792609063_n.jpg\",\"width\":1536,\"height\":2048},{\"@type\":\"WebPage\",\"@id\":\"http:\/\/knjiznice.nsk.hr\/ston\/jura-i-kuckalo-protiv-dosade-roman-simic\/#webpage\",\"url\":\"http:\/\/knjiznice.nsk.hr\/ston\/jura-i-kuckalo-protiv-dosade-roman-simic\/\",\"name\":\"Jura i kuckalo protiv dosade - Roman Simi\\u0107 &ndash; Narodna knji\\u017enica Ston\",\"isPartOf\":{\"@id\":\"http:\/\/knjiznice.nsk.hr\/ston\/#website\"},\"primaryImageOfPage\":{\"@id\":\"http:\/\/knjiznice.nsk.hr\/ston\/jura-i-kuckalo-protiv-dosade-roman-simic\/#primaryimage\"},\"datePublished\":\"2021-09-20T11:48:08+00:00\",\"dateModified\":\"2021-09-20T11:48:08+00:00\",\"breadcrumb\":{\"@id\":\"http:\/\/knjiznice.nsk.hr\/ston\/jura-i-kuckalo-protiv-dosade-roman-simic\/#breadcrumb\"},\"inLanguage\":\"hr\",\"potentialAction\":[{\"@type\":\"ReadAction\",\"target\":[\"http:\/\/knjiznice.nsk.hr\/ston\/jura-i-kuckalo-protiv-dosade-roman-simic\/\"]}]},{\"@type\":\"BreadcrumbList\",\"@id\":\"http:\/\/knjiznice.nsk.hr\/ston\/jura-i-kuckalo-protiv-dosade-roman-simic\/#breadcrumb\",\"itemListElement\":[{\"@type\":\"ListItem\",\"position\":1,\"item\":{\"@type\":\"WebPage\",\"@id\":\"http:\/\/knjiznice.nsk.hr\/ston\/\",\"url\":\"http:\/\/knjiznice.nsk.hr\/ston\/\",\"name\":\"Po\\u010detna stranica\"}},{\"@type\":\"ListItem\",\"position\":2,\"item\":{\"@id\":\"http:\/\/knjiznice.nsk.hr\/ston\/jura-i-kuckalo-protiv-dosade-roman-simic\/#webpage\"}}]}]}<\/script>\n<!-- \/ Yoast SEO plugin. -->","_links":{"self":[{"href":"http:\/\/knjiznice.nsk.hr\/ston\/wp-json\/wp\/v2\/pages\/1065"}],"collection":[{"href":"http:\/\/knjiznice.nsk.hr\/ston\/wp-json\/wp\/v2\/pages"}],"about":[{"href":"http:\/\/knjiznice.nsk.hr\/ston\/wp-json\/wp\/v2\/types\/page"}],"author":[{"embeddable":true,"href":"http:\/\/knjiznice.nsk.hr\/ston\/wp-json\/wp\/v2\/users\/55"}],"replies":[{"embeddable":true,"href":"http:\/\/knjiznice.nsk.hr\/ston\/wp-json\/wp\/v2\/comments?post=1065"}],"version-history":[{"count":1,"href":"http:\/\/knjiznice.nsk.hr\/ston\/wp-json\/wp\/v2\/pages\/1065\/revisions"}],"predecessor-version":[{"id":1067,"href":"http:\/\/knjiznice.nsk.hr\/ston\/wp-json\/wp\/v2\/pages\/1065\/revisions\/1067"}],"wp:attachment":[{"href":"http:\/\/knjiznice.nsk.hr\/ston\/wp-json\/wp\/v2\/media?parent=1065"}],"curies":[{"name":"wp","href":"https:\/\/api.w.org\/{rel}","templated":true}]}}