{"id":1033,"date":"2021-09-16T11:48:45","date_gmt":"2021-09-16T11:48:45","guid":{"rendered":"http:\/\/knjiznice.nsk.hr\/ston\/?page_id=1033"},"modified":"2021-09-16T11:55:54","modified_gmt":"2021-09-16T11:55:54","slug":"djecak-koji-je-poplavio-svijet-snjezana-babic-visnjic","status":"publish","type":"page","link":"http:\/\/knjiznice.nsk.hr\/ston\/djecak-koji-je-poplavio-svijet-snjezana-babic-visnjic\/","title":{"rendered":"Dje\u010dak koji je poplavio svijet &#8211; Snje\u017eana Babi\u0107 Vi\u0161nji\u0107"},"content":{"rendered":"<p>Dje\u010dak koji je poplavio svijet je emocionalna i pou\u010dna slikovnica hrvatske autorice Snje\u017eane Babi\u0107 Vi\u0161nji\u0107. Glavni junak je dje\u010dak Tihomir. On je oduvijek bio vrlo osjetljiv i lako bi se rastu\u017eio. Kada je krenuo u \u0161kolu takva praksa se nastavila, Tihomir je svaki dan plakao zbog ne\u010dega. Jednog od tih dana Tihomir je u navali pla\u010da pobjegao na vrh \u0161kole gdje je toliko plakao da je voda po\u010dela poplavljivati u\u010dionice, a onda i cijeli grad. Me\u0111utim na krovu je upoznao djevoj\u010dicu Janu koja je tako\u0111er tugovala. No njena tuga je bila tiha, bez vanjskih pokazatelja, a razlog je bio gubitak majke i posebne uspomene na nju. Kada je \u010duo njenu pri\u010du Tihomir je shvatio da on ni nema pravog razloga za plakanje i smirio se. Tihomir i Jana rije\u0161ili su se tuge pri\u010daju\u0107i jedno s drugim jer zajedni\u010dki rad na problemu uvijek je uspje\u0161niji.<\/p>\n<p>Kroz ovu slikovnicu izvrsno se podsje\u0107a djecu ali i roditelje da uvijek postoji gore od onog trenutnoga, da trebamo gledati na pozitivne stvari u svom \u017eivotu i biti zahvalni na njima. Isto tako, slikovnica mo\u017ee pomo\u0107i i u savladavanju prepreka prvih dana \u0161kole.<\/p>\n<p><a href=\"http:\/\/knjiznice.nsk.hr\/ston\/wp-content\/uploads\/sites\/12\/2021\/09\/242148779_396748585305017_7432742051380792143_n.jpg\"><img loading=\"lazy\" src=\"http:\/\/knjiznice.nsk.hr\/ston\/wp-content\/uploads\/sites\/12\/2021\/09\/242148779_396748585305017_7432742051380792143_n-225x300.jpg\" alt=\"\" width=\"225\" height=\"300\" class=\"alignnone size-medium wp-image-1036\" srcset=\"http:\/\/knjiznice.nsk.hr\/ston\/wp-content\/uploads\/sites\/12\/2021\/09\/242148779_396748585305017_7432742051380792143_n-225x300.jpg 225w, http:\/\/knjiznice.nsk.hr\/ston\/wp-content\/uploads\/sites\/12\/2021\/09\/242148779_396748585305017_7432742051380792143_n-768x1024.jpg 768w, http:\/\/knjiznice.nsk.hr\/ston\/wp-content\/uploads\/sites\/12\/2021\/09\/242148779_396748585305017_7432742051380792143_n-600x800.jpg 600w, http:\/\/knjiznice.nsk.hr\/ston\/wp-content\/uploads\/sites\/12\/2021\/09\/242148779_396748585305017_7432742051380792143_n-1152x1536.jpg 1152w, http:\/\/knjiznice.nsk.hr\/ston\/wp-content\/uploads\/sites\/12\/2021\/09\/242148779_396748585305017_7432742051380792143_n.jpg 1536w\" sizes=\"(max-width: 225px) 100vw, 225px\" \/><\/a><\/p>\n<p>Lokacija: atrij Kne\u017eeva dvora, Ston<\/p>\n","protected":false},"excerpt":{"rendered":"<p>Dje\u010dak koji je poplavio svijet je emocionalna i pou\u010dna slikovnica hrvatske autorice Snje\u017eane Babi\u0107 Vi\u0161nji\u0107. Glavni junak je dje\u010dak Tihomir. On je oduvijek bio vrlo osjetljiv i lako bi se rastu\u017eio. Kada je krenuo u \u0161kolu takva praksa se nastavila, Tihomir je svaki dan plakao zbog ne\u010dega. Jednog od tih dana Tihomir je u navali [&hellip;]<\/p>\n","protected":false},"author":55,"featured_media":0,"parent":0,"menu_order":0,"comment_status":"closed","ping_status":"closed","template":"","meta":{"ngg_post_thumbnail":0},"yoast_head":"<!-- This site is optimized with the Yoast SEO plugin v16.4 - https:\/\/yoast.com\/wordpress\/plugins\/seo\/ -->\n<meta name=\"robots\" content=\"index, follow, max-snippet:-1, max-image-preview:large, max-video-preview:-1\" \/>\n<link rel=\"canonical\" href=\"http:\/\/knjiznice.nsk.hr\/ston\/djecak-koji-je-poplavio-svijet-snjezana-babic-visnjic\/\" \/>\n<meta property=\"og:locale\" content=\"hr_HR\" \/>\n<meta property=\"og:type\" content=\"article\" \/>\n<meta property=\"og:title\" content=\"Dje\u010dak koji je poplavio svijet - Snje\u017eana Babi\u0107 Vi\u0161nji\u0107 &ndash; Narodna knji\u017enica Ston\" \/>\n<meta property=\"og:description\" content=\"Dje\u010dak koji je poplavio svijet je emocionalna i pou\u010dna slikovnica hrvatske autorice Snje\u017eane Babi\u0107 Vi\u0161nji\u0107. Glavni junak je dje\u010dak Tihomir. On je oduvijek bio vrlo osjetljiv i lako bi se rastu\u017eio. Kada je krenuo u \u0161kolu takva praksa se nastavila, Tihomir je svaki dan plakao zbog ne\u010dega. Jednog od tih dana Tihomir je u navali [&hellip;]\" \/>\n<meta property=\"og:url\" content=\"http:\/\/knjiznice.nsk.hr\/ston\/djecak-koji-je-poplavio-svijet-snjezana-babic-visnjic\/\" \/>\n<meta property=\"og:site_name\" content=\"Narodna knji\u017enica Ston\" \/>\n<meta property=\"article:modified_time\" content=\"2021-09-16T11:55:54+00:00\" \/>\n<meta property=\"og:image\" content=\"http:\/\/knjiznice.nsk.hr\/ston\/wp-content\/uploads\/sites\/12\/2021\/09\/242148779_396748585305017_7432742051380792143_n-225x300.jpg\" \/>\n<meta name=\"twitter:label1\" content=\"Procijenjeno vrijeme \u010ditanja\" \/>\n\t<meta name=\"twitter:data1\" content=\"1 minuta\" \/>\n<script type=\"application\/ld+json\" class=\"yoast-schema-graph\">{\"@context\":\"https:\/\/schema.org\",\"@graph\":[{\"@type\":\"WebSite\",\"@id\":\"http:\/\/knjiznice.nsk.hr\/ston\/#website\",\"url\":\"http:\/\/knjiznice.nsk.hr\/ston\/\",\"name\":\"Narodna knji\\u017enica Ston\",\"description\":\"\",\"potentialAction\":[{\"@type\":\"SearchAction\",\"target\":\"http:\/\/knjiznice.nsk.hr\/ston\/?s={search_term_string}\",\"query-input\":\"required name=search_term_string\"}],\"inLanguage\":\"hr\"},{\"@type\":\"ImageObject\",\"@id\":\"http:\/\/knjiznice.nsk.hr\/ston\/djecak-koji-je-poplavio-svijet-snjezana-babic-visnjic\/#primaryimage\",\"inLanguage\":\"hr\",\"url\":\"http:\/\/knjiznice.nsk.hr\/ston\/wp-content\/uploads\/sites\/12\/2021\/09\/242148779_396748585305017_7432742051380792143_n.jpg\",\"contentUrl\":\"http:\/\/knjiznice.nsk.hr\/ston\/wp-content\/uploads\/sites\/12\/2021\/09\/242148779_396748585305017_7432742051380792143_n.jpg\",\"width\":1536,\"height\":2048},{\"@type\":\"WebPage\",\"@id\":\"http:\/\/knjiznice.nsk.hr\/ston\/djecak-koji-je-poplavio-svijet-snjezana-babic-visnjic\/#webpage\",\"url\":\"http:\/\/knjiznice.nsk.hr\/ston\/djecak-koji-je-poplavio-svijet-snjezana-babic-visnjic\/\",\"name\":\"Dje\\u010dak koji je poplavio svijet - Snje\\u017eana Babi\\u0107 Vi\\u0161nji\\u0107 &ndash; Narodna knji\\u017enica Ston\",\"isPartOf\":{\"@id\":\"http:\/\/knjiznice.nsk.hr\/ston\/#website\"},\"primaryImageOfPage\":{\"@id\":\"http:\/\/knjiznice.nsk.hr\/ston\/djecak-koji-je-poplavio-svijet-snjezana-babic-visnjic\/#primaryimage\"},\"datePublished\":\"2021-09-16T11:48:45+00:00\",\"dateModified\":\"2021-09-16T11:55:54+00:00\",\"breadcrumb\":{\"@id\":\"http:\/\/knjiznice.nsk.hr\/ston\/djecak-koji-je-poplavio-svijet-snjezana-babic-visnjic\/#breadcrumb\"},\"inLanguage\":\"hr\",\"potentialAction\":[{\"@type\":\"ReadAction\",\"target\":[\"http:\/\/knjiznice.nsk.hr\/ston\/djecak-koji-je-poplavio-svijet-snjezana-babic-visnjic\/\"]}]},{\"@type\":\"BreadcrumbList\",\"@id\":\"http:\/\/knjiznice.nsk.hr\/ston\/djecak-koji-je-poplavio-svijet-snjezana-babic-visnjic\/#breadcrumb\",\"itemListElement\":[{\"@type\":\"ListItem\",\"position\":1,\"item\":{\"@type\":\"WebPage\",\"@id\":\"http:\/\/knjiznice.nsk.hr\/ston\/\",\"url\":\"http:\/\/knjiznice.nsk.hr\/ston\/\",\"name\":\"Po\\u010detna stranica\"}},{\"@type\":\"ListItem\",\"position\":2,\"item\":{\"@id\":\"http:\/\/knjiznice.nsk.hr\/ston\/djecak-koji-je-poplavio-svijet-snjezana-babic-visnjic\/#webpage\"}}]}]}<\/script>\n<!-- \/ Yoast SEO plugin. -->","_links":{"self":[{"href":"http:\/\/knjiznice.nsk.hr\/ston\/wp-json\/wp\/v2\/pages\/1033"}],"collection":[{"href":"http:\/\/knjiznice.nsk.hr\/ston\/wp-json\/wp\/v2\/pages"}],"about":[{"href":"http:\/\/knjiznice.nsk.hr\/ston\/wp-json\/wp\/v2\/types\/page"}],"author":[{"embeddable":true,"href":"http:\/\/knjiznice.nsk.hr\/ston\/wp-json\/wp\/v2\/users\/55"}],"replies":[{"embeddable":true,"href":"http:\/\/knjiznice.nsk.hr\/ston\/wp-json\/wp\/v2\/comments?post=1033"}],"version-history":[{"count":3,"href":"http:\/\/knjiznice.nsk.hr\/ston\/wp-json\/wp\/v2\/pages\/1033\/revisions"}],"predecessor-version":[{"id":1038,"href":"http:\/\/knjiznice.nsk.hr\/ston\/wp-json\/wp\/v2\/pages\/1033\/revisions\/1038"}],"wp:attachment":[{"href":"http:\/\/knjiznice.nsk.hr\/ston\/wp-json\/wp\/v2\/media?parent=1033"}],"curies":[{"name":"wp","href":"https:\/\/api.w.org\/{rel}","templated":true}]}}