{"id":763,"date":"2014-11-19T16:06:48","date_gmt":"2014-11-19T16:06:48","guid":{"rendered":"http:\/\/knjiznice.nsk.hr\/stariweb\/?page_id=763"},"modified":"2015-03-30T09:04:05","modified_gmt":"2015-03-30T09:04:05","slug":"uvjeti-koristenja","status":"publish","type":"page","link":"http:\/\/knjiznice.nsk.hr\/stariweb\/uvjeti-koristenja\/","title":{"rendered":"Uvjeti kori\u0161tenja"},"content":{"rendered":"<p><strong>Uvjeti kori\u0161tenja<\/strong><\/p>\n<p>Uvjeti kori\u0161tenja usluga projekta &#8220;Sredi\u0161nji sustav za upravljanje sadr\u017eajem internetskih stranica narodnih knji\u017enica&#8221; (u daljnjem tekstu: Uvjeti)<\/p>\n<p><strong>1. Pru\u017eatelj usluge<\/strong><\/p>\n<p>1.1. Vlasnik web stranice knjiznice.nsk.hr je Nacionalna i sveu\u010dili\u0161na knji\u017enica u Zagrebu, Hrvatske bratske zajednice 4 p.p. 550, 10000 Zagreb. OIB: 84838770814 | IBAN: HR66 2340 0091 1000 1008 1, Porezni broj (PDV identifikacijski broj): HR84838770814, (u daljnjem tekstu NSK).<\/p>\n<p>1.2 Kori\u0161tenjem usluga projekta \u201eSredi\u0161nji sustav za upravljanje sadr\u017eajem internetskih stranica narodnih knji\u017enica&#8221; putem web stranice knjiznice.nsk.hr (u daljnjem tekstu: Usluga) korisnik ima mogu\u0107nost izraditi internetsku stranicu za potrebe pojedine knji\u017enice, u obimu navedenom u to\u010dki 8.4. ovih Uvjeta.<\/p>\n<p><strong>2. Korisnik <\/strong><\/p>\n<p>2.1. Ovim Uvjetima utvr\u0111uje se odnos izme\u0111u korisnika (u daljnjem tekstu: KORISNIK) i NSK te kori\u0161tenje Usluge. Kori\u0161tenjem Usluge kao i web-stranice knjiznice.nsk.hr smatra se da su korisnici u svakom trenutku upoznati s ovim Uvjetima te da ih u potpunosti razumiju i prihva\u0107aju.<\/p>\n<p>2.2. KORISNIK je pravna osoba kojoj NSK odobri zahtjev za kori\u0161tenje Usluge uz pomo\u0107 alata dostupnog putem web stranice knjiznice.nsk.hr. Podno\u0161enjem Zahtjeva na web stranici <a href=\"http:\/\/knjiznice.nsk.hr\/stariweb\">knjiznice.nsk.hr<\/a> korisnik potvr\u0111uje svoje uklju\u010divanje u Sustav i prihva\u0107a Uvjete kori\u0161tenja (<a href=\"http:\/\/knjiznice.nsk.hr\/stariweb\/uvjeti-koristenja\/\">knjiznice.nsk.hr\/uvjeti-koristenja\/<\/a>).<\/p>\n<p>2.3. Ovi Uvjeti primjenjuju se od trenutka odobrenja zahtjeva za kori\u0161tenje Usluge i dodjelu korisni\u010dkog ra\u010duna do pisanog otkaza kori\u0161tenja Usluge bilo od strane NSK ili KORISNIKA.<\/p>\n<p>2.4. KORISNIK prihva\u0107anjem ovih Uvjeta potvr\u0111uje da:<br \/>\n\u2013 ima pravnu osobnost i poslovnu sposobnost u trenutku slanja zahtjeva za kori\u0161tenjem Usluge i za cijelo vrijeme kori\u0161tenja Usluge<br \/>\n\u2013 su sve informacije koje unosi prilikom registracije to\u010dne za \u0161to odgovara materijalno i kazneno<br \/>\n\u2013 \u0107e odr\u017eavati sve informacije o korisni\u010dkom ra\u010dunu to\u010dnima<br \/>\n\u2013 kori\u0161tenjem Usluge ne kr\u0161i zakonske propise Republike Hrvatske<\/p>\n<p>2.5. U slu\u010daju da KORISNIK kr\u0161i va\u017ee\u0107e propise Republike Hrvatske, NSK pridr\u017eava pravo, bez prethodne obavijesti, deaktivirati ra\u010dun i web stranicu KORISNIKA.<\/p>\n<p><strong>3. Korisni\u010dke vjerodajnice<\/strong><\/p>\n<p>3.1. Korisni\u010dko ime i lozinka ra\u010duna smatraju se korisni\u010dkim vjerodajnicama.<\/p>\n<p>3.2. KORISNIK je odgovoran za svoje korisni\u010dke vjerodajnice i njihovu za\u0161titu te se obvezuje da ne\u0107e javno dijeliti svoje korisni\u010dke vjerodajnice.<\/p>\n<p>3.3. KORISNIK se obvezuje da ni u kojem slu\u010daju ne\u0107e koristiti tu\u0111e korisni\u010dke vjerodajnice.<\/p>\n<p>3.4. KORISNIK se obvezuje odmah obavijestiti NSK u slu\u010daju neautoriziranog kori\u0161tenja vlastitih korisni\u010dkih vjerodajnica.<\/p>\n<p><strong>4. Vlasni\u0161tvo nad sadr\u017eajem web stranice i korisni\u010dkim podacima<\/strong><\/p>\n<p>4.1. KORISNIK zadr\u017eava potpuno autorsko pravo i pravo vlasni\u0161tva nad svima sadr\u017eajima koje objavi na svojoj web stranici kreiranoj kori\u0161tenjem Usluge (izuzetak su materijali koje je KORISNIKU na raspolaganje stavila NSK).<\/p>\n<p>4.2. KORISNIK zadr\u017eava autorsko pravo i pravo vlasni\u0161tva i nad sadr\u017eajem koje objavljuju korisnici njegove web stranice kreirane kori\u0161tenjem Usluge. Takav sadr\u017eaj mogu biti komentari, postovi, slike, video zapisi, tagovi, audio materijali, tekstovi itd.<\/p>\n<p><strong>5. Sadr\u017eaj<\/strong><\/p>\n<p>5.1. KORISNIK je u cijelosti odgovoran za sav sadr\u017eaj koji objavi na svojoj stranici kreirane kori\u0161tenjem Usluge. NSK nije obvezna nadzirati sadr\u017eaj KORISNIKOVE stranice.<\/p>\n<p>5.2. KORISNIK se obvezuje da sadr\u017eaj koji postavlja na svoju web stranicu nije u suprotnosti s va\u017ee\u0107im hrvatskim i\/ili me\u0111unarodnim propisima, a naro\u010dito da sadr\u017eaj ne\u0107e diskriminirati druge osobe ovisno o njihovoj rasi, boji ko\u017ee, spolu, jeziku, vjeri, politi\u010dkom ili drugom uvjerenju, nacionalnom ili socijalnom podrijetlu, imovini, ro\u0111enju, naobrazbi, dru\u0161tvenom polo\u017eaju ili drugim osobinama.<\/p>\n<p>5.3. KORISNIK odgovora za sav sadr\u017eaj koji posjetitelji njegove web stranice objave unutar njegove web stranice, du\u017ean je voditi ra\u010duna o tome da je sav sadr\u017eaj u skladu sa stavkom 5.2, te se suprotnom obvezuje odmah ukloniti sadr\u017eaj s web stranice.<\/p>\n<p>5.4. Izri\u010dito se zabranjuje objavljivanje bilo kakvih sadr\u017eaja za odrasle na pornografskim osnovama (slike, video, tekstovi, audio\u2026) u bilo kojem formatu. Takav sadr\u017eaj mo\u017ee biti odmah obrisan od strane PRU\u017dATELJA USLUGE, a ra\u010dun KORISNIKA deaktiviran bez mogu\u0107nosti ponovnog otvaranja ra\u010duna i daljnjeg kori\u0161tenja Usluge.<\/p>\n<p>5.5 NSK se u potpunosti odri\u010de svake odgovornosti koja na bilo koji na\u010din mo\u017ee nastati iz kori\u0161tenja ili je na bilo koji na\u010din vezana uz kori\u0161tenje Usluge te za bilo kakvu \u0161tetu koja mo\u017ee nastati KORISNIKU ili bilo kojoj tre\u0107oj osobi u vezi s bilo kakvom uporabom ili zlouporabom kori\u0161tenja Usluge i\/ili sadr\u017eaja web stranice knjiznice.nsk.hr, ili internetskih stranica KORISNIKA izra\u0111enih kori\u0161tenjem Usluge ili internetskih stranica tre\u0107ih osoba, koje su KORISNIKU i njegovim korisnicima dostupne preko web stranice knjiznice.nsk.hr ili preko web stranice KORISNIKA izra\u0111ene kori\u0161tenjem Usluge.<\/p>\n<p><strong>6. Newsletter<\/strong><\/p>\n<p>6.1. Prilikom slanja e-maila moraju se po\u0161tovati utvr\u0111eni limiti od strane NSK vezani uz maksimalni broj poslanih mailova u satu\/danu.<\/p>\n<p>6.2. Izri\u010dito se zabranjuje slanje e-mailova\/newsletera bez mogu\u0107nosti odjave korisnika s iste.<\/p>\n<p><strong>7. Predlo\u0161ci; \u017eigovi<\/strong><\/p>\n<p>7.1. Predlo\u0161ci koje KORISNIK koristi za izradu svoje web stranice, prilikom kori\u0161tenja Usluge, su vlasni\u0161tvo NSK.<\/p>\n<p>7.2. Sadr\u017eaj dostupan KORISNIKU za\u0161ti\u0107en je autorskim pravima. Sadr\u017eaji web stranice knjiznice.nsk.hr, koji su dostupni KORISNIKU Usluge bez korisni\u010dkih vjerodajnica, bilo u cjelosti ili u dijelu, kao niti sadr\u017eaji dostupni KORISNIKU Usluge uz kori\u0161tenje vjerodajnica (npr. predlo\u0161ci, komercijalni plug-inovi) ne smiju se reproducirati, distribuirati ili na bilo koji na\u010din koristiti u komercijalne svrhe bez izri\u010ditog pisanog pristanka NSK.<\/p>\n<p><strong>8. Postavljanje Usluge iz naru\u010denog paketa<\/strong><\/p>\n<p>8.1. KORISNIK \u0107e nakon odobrenog zahtjeva za kori\u0161tenje Usluge zaprimiti URL na kojem mo\u017ee ispuniti \u201cupitnik o postavljanju web stranice\u201d (u daljnjem tekstu: UPITNIK).<\/p>\n<p>8.2. UPITNIK \u0107e sadr\u017eavati sve mogu\u0107nosti koje je mogu\u0107e implementirati tijekom postavljanja web stranice u okviru kori\u0161tenja Usluge.<\/p>\n<p>8.3. NSK \u0107e implementirati sve mogu\u0107nosti koje KORISNIK ozna\u010di u UPITNIKU kao naru\u010dene iz paketa dostupnih mogu\u0107nosti.<\/p>\n<p>8.4. Inicijalno postavljanje Usluge obuhva\u0107a:<br \/>\n\u2013 izradu ra\u010duna i vjerodajnica<br \/>\n\u2013 postavljanje WordPressa<br \/>\n\u2013 postavljanje izabranog predlo\u0161ka<br \/>\n\u2013 postavljanje demo sadr\u017eaja ili postavljanje do 10 stranica sadr\u017eaja<br \/>\n\u2013 postavljanje do 1 kontakt obrazaca<br \/>\n\u2013 postavljanje 1 slidera<br \/>\n\u2013 postavljanje 1 galerije<br \/>\n\u2013 postavljanje loga<br \/>\n\u2013 postavljanje Google Analytics<br \/>\n\u2013 postavljanje Google Webmaster toolsa<\/p>\n<p>8.5. KORISNIK se obvezuje da \u0107e pozorno prou\u010diti UPITNIK jer \u0107e se naknadne izmjene \u017eeljenih mogu\u0107nosti morati odraditi samostalno. Sve mogu\u0107nosti koje nisu pobrojane u to\u010dci 8.4. KORISNIK postavlja samostalno u okviru kori\u0161tenja Usluge.<\/p>\n<p><strong>9. Odr\u017eavanje<\/strong><\/p>\n<p>9.1. Odr\u017eavanje podrazumijeva tehni\u010dko odr\u017eavanje Usluge od NSK.<\/p>\n<p>9.2. Tehni\u010dko odr\u017eavanje odnosi se na:<br \/>\n\u2013 a\u017euriranje na najnoviju verziju WordPressa<br \/>\n\u2013 a\u017euriranje na najnovije verzije pluginova<br \/>\n\u2013 a\u017euriranje na najnoviju verziju predlo\u0161ka<br \/>\n\u2013 redoviti backup sustava<\/p>\n<p>9.3. Tehni\u010dko odr\u017eavanje NE odnosi se na:<br \/>\n\u2013 programiranje<br \/>\n\u2013 izradu dizajna<br \/>\n\u2013 izrada sadr\u017eaja<br \/>\n\u2013 objavljivanje sadr\u017eaja<br \/>\ni sve ostale usluge koje nisu navedene u stavki 9.2.<\/p>\n<p><strong>10. Otkazivanje kori\u0161tenja Usluge<\/strong><\/p>\n<p>10.1. KORISNIK mo\u017ee u bilo kojem trenutku otkazati kori\u0161tenje Usluge nakon \u010dega prestaje primjena ovih Uvjeta kori\u0161tenja.<\/p>\n<p><strong>11. Uvjeti kori\u0161tenja<\/strong><\/p>\n<p>11.1. NSK zadr\u017eava pravo izmjene ovih Uvjeta bez prethodnog obavje\u0161tavanja KORISNIKA.<\/p>\n","protected":false},"excerpt":{"rendered":"<p>Uvjeti kori\u0161tenja Uvjeti kori\u0161tenja usluga projekta &#8220;Sredi\u0161nji sustav za upravljanje sadr\u017eajem internetskih stranica narodnih knji\u017enica&#8221; (u daljnjem tekstu: Uvjeti) 1. Pru\u017eatelj usluge 1.1. Vlasnik web stranice knjiznice.nsk.hr je Nacionalna i sveu\u010dili\u0161na knji\u017enica u Zagrebu, Hrvatske bratske zajednice 4 p.p. 550, 10000 Zagreb. OIB: 84838770814 | IBAN: HR66 2340 0091 1000 1008 1, Porezni broj (PDV&#8230;<\/p>\n","protected":false},"author":33,"featured_media":0,"parent":0,"menu_order":0,"comment_status":"closed","ping_status":"closed","template":"","meta":{"ngg_post_thumbnail":0},"yoast_head":"<!-- This site is optimized with the Yoast SEO plugin v16.4 - https:\/\/yoast.com\/wordpress\/plugins\/seo\/ -->\n<meta name=\"robots\" content=\"index, follow, max-snippet:-1, max-image-preview:large, max-video-preview:-1\" \/>\n<link rel=\"canonical\" href=\"http:\/\/knjiznice.nsk.hr\/stariweb\/uvjeti-koristenja\/\" \/>\n<meta property=\"og:locale\" content=\"hr_HR\" \/>\n<meta property=\"og:type\" content=\"article\" \/>\n<meta property=\"og:title\" content=\"Uvjeti kori\u0161tenja - Sredi\u0161nji sustav narodnih knji\u017enica\" \/>\n<meta property=\"og:description\" content=\"Uvjeti kori\u0161tenja Uvjeti kori\u0161tenja usluga projekta &#8220;Sredi\u0161nji sustav za upravljanje sadr\u017eajem internetskih stranica narodnih knji\u017enica&#8221; (u daljnjem tekstu: Uvjeti) 1. Pru\u017eatelj usluge 1.1. Vlasnik web stranice knjiznice.nsk.hr je Nacionalna i sveu\u010dili\u0161na knji\u017enica u Zagrebu, Hrvatske bratske zajednice 4 p.p. 550, 10000 Zagreb. OIB: 84838770814 | IBAN: HR66 2340 0091 1000 1008 1, Porezni broj (PDV...\" \/>\n<meta property=\"og:url\" content=\"http:\/\/knjiznice.nsk.hr\/stariweb\/uvjeti-koristenja\/\" \/>\n<meta property=\"og:site_name\" content=\"Sredi\u0161nji sustav narodnih knji\u017enica\" \/>\n<meta property=\"article:modified_time\" content=\"2015-03-30T09:04:05+00:00\" \/>\n<meta name=\"twitter:label1\" content=\"Procijenjeno vrijeme \u010ditanja\" \/>\n\t<meta name=\"twitter:data1\" content=\"6 minuta\" \/>\n<script type=\"application\/ld+json\" class=\"yoast-schema-graph\">{\"@context\":\"https:\/\/schema.org\",\"@graph\":[{\"@type\":\"WebSite\",\"@id\":\"http:\/\/knjiznice.nsk.hr\/stariweb\/#website\",\"url\":\"http:\/\/knjiznice.nsk.hr\/stariweb\/\",\"name\":\"Sredi\\u0161nji sustav narodnih knji\\u017enica\",\"description\":\"Nacionalna i sveu\\u010dili\\u0161na knji\\u017enica u Zagrebu\",\"potentialAction\":[{\"@type\":\"SearchAction\",\"target\":\"http:\/\/knjiznice.nsk.hr\/stariweb\/?s={search_term_string}\",\"query-input\":\"required name=search_term_string\"}],\"inLanguage\":\"hr\"},{\"@type\":\"WebPage\",\"@id\":\"http:\/\/knjiznice.nsk.hr\/stariweb\/uvjeti-koristenja\/#webpage\",\"url\":\"http:\/\/knjiznice.nsk.hr\/stariweb\/uvjeti-koristenja\/\",\"name\":\"Uvjeti kori\\u0161tenja - Sredi\\u0161nji sustav narodnih knji\\u017enica\",\"isPartOf\":{\"@id\":\"http:\/\/knjiznice.nsk.hr\/stariweb\/#website\"},\"datePublished\":\"2014-11-19T16:06:48+00:00\",\"dateModified\":\"2015-03-30T09:04:05+00:00\",\"breadcrumb\":{\"@id\":\"http:\/\/knjiznice.nsk.hr\/stariweb\/uvjeti-koristenja\/#breadcrumb\"},\"inLanguage\":\"hr\",\"potentialAction\":[{\"@type\":\"ReadAction\",\"target\":[\"http:\/\/knjiznice.nsk.hr\/stariweb\/uvjeti-koristenja\/\"]}]},{\"@type\":\"BreadcrumbList\",\"@id\":\"http:\/\/knjiznice.nsk.hr\/stariweb\/uvjeti-koristenja\/#breadcrumb\",\"itemListElement\":[{\"@type\":\"ListItem\",\"position\":1,\"item\":{\"@type\":\"WebPage\",\"@id\":\"http:\/\/knjiznice.nsk.hr\/stariweb\/\",\"url\":\"http:\/\/knjiznice.nsk.hr\/stariweb\/\",\"name\":\"Po\\u010detna stranica\"}},{\"@type\":\"ListItem\",\"position\":2,\"item\":{\"@id\":\"http:\/\/knjiznice.nsk.hr\/stariweb\/uvjeti-koristenja\/#webpage\"}}]}]}<\/script>\n<!-- \/ Yoast SEO plugin. -->","_links":{"self":[{"href":"http:\/\/knjiznice.nsk.hr\/stariweb\/wp-json\/wp\/v2\/pages\/763"}],"collection":[{"href":"http:\/\/knjiznice.nsk.hr\/stariweb\/wp-json\/wp\/v2\/pages"}],"about":[{"href":"http:\/\/knjiznice.nsk.hr\/stariweb\/wp-json\/wp\/v2\/types\/page"}],"author":[{"embeddable":true,"href":"http:\/\/knjiznice.nsk.hr\/stariweb\/wp-json\/wp\/v2\/users\/33"}],"replies":[{"embeddable":true,"href":"http:\/\/knjiznice.nsk.hr\/stariweb\/wp-json\/wp\/v2\/comments?post=763"}],"version-history":[{"count":17,"href":"http:\/\/knjiznice.nsk.hr\/stariweb\/wp-json\/wp\/v2\/pages\/763\/revisions"}],"predecessor-version":[{"id":1466,"href":"http:\/\/knjiznice.nsk.hr\/stariweb\/wp-json\/wp\/v2\/pages\/763\/revisions\/1466"}],"wp:attachment":[{"href":"http:\/\/knjiznice.nsk.hr\/stariweb\/wp-json\/wp\/v2\/media?parent=763"}],"curies":[{"name":"wp","href":"https:\/\/api.w.org\/{rel}","templated":true}]}}