{"id":761,"date":"2014-11-19T16:06:38","date_gmt":"2014-11-19T16:06:38","guid":{"rendered":"http:\/\/knjiznice.nsk.hr\/stariweb\/?page_id=761"},"modified":"2018-11-24T15:06:37","modified_gmt":"2018-11-24T15:06:37","slug":"o-nama","status":"publish","type":"page","link":"http:\/\/knjiznice.nsk.hr\/stariweb\/o-nama\/","title":{"rendered":"O nama"},"content":{"rendered":"<p>U posljednjih nekoliko godina, u javnom se sektoru sve vi\u0161e koristi softver otvorenog k\u00f4da. Nerijetko zbog slabe informiranosti dolazi do njegovog neadekvatnog kori\u0161tenja. Ustanove se nerijetko zbog ra\u0161irenih predrasuda ne usu\u0111uju koristiti programe otvorenog k\u00f4da, \u010dak ni u situacijama u kojima bi oni bili prikladni. S druge strane, oslanjanje na neprovjerene informacije mo\u017ee rezultirati kori\u0161tenjem programa otvorenog k\u00f4da za pogre\u0161ne namjene, na neadekvatne na\u010dine ili kori\u0161tenjem neprikladnih programa.<\/p>\n<p>U takvoj situaciji, u Nacionalnoj i sveu\u010dili\u0161noj knji\u017enici u Zagrebu, u kolovozu 2011. osnovan je Centar za otvoreni k\u00f4d. Ideja je izgradnja informacijskog, savjetodavnog i koordinacijskog sredi\u0161ta, koji bi pru\u017eao pristup programima otvorenog koda,\u00a0informacije o njima i mogu\u0107nostima njihove primjene, te se bavio projektima implementacije.<\/p>\n<p>Koriste\u0107i se resursima koje Centar nudi i uklapanjem programa otvorenog k\u00f4da u postoje\u0107u ra\u010dunalnu infrastrukturu ustanove mogu smanjiti tro\u0161kove i unaprijediti poslovanje.<\/p>\n<p>Djelatnost Centra trenuta\u010dno obuhva\u0107a:<\/p>\n<ul>\n<li>prikupljanje i objavljivanje sadr\u017eaja iz podru\u010dja razvoja softvera otvorenog k\u00f4da,<\/li>\n<li>testiranje pojedinih aplikacija korisnih za rad ustanova,<\/li>\n<li>\u00a0<em>Direktorij otvorenih programa<\/em>, koji nudi objedinjene sadr\u017eaje o programima otvorenog koda na jednom mjestu, te\u00a0mogu\u0107nost preuzimanja programa i izvornog koda.<\/li>\n<\/ul>\n<p>Djelatnost i svrha Centra za otvoreni k\u00f4d na tragu su inicijativa Europske unije <a title=\"eEurope 2005\" href=\"http:\/\/ec.europa.eu\/information_society\/eeurope\/2005\/index_en.htm\" target=\"_blank\" rel=\"nofollow\" >eEurope 2005<\/a> i <a title=\"i2010\" href=\"http:\/\/ec.europa.eu\/information_society\/eeurope\/i2010\/index_en.htm\" target=\"_blank\" rel=\"nofollow\" >i2010<\/a>, te <a title=\"Odrednice razvitka i uporabe ra\u010dunalnih programa s otvorenim k\u00f4dom u tijelima dr\u017eavne uprave\" href=\"http:\/\/www.vlada.hr\/hr\/content\/download\/13265\/151283\/file\/OSSpolicy_Odrednice.pdf\" target=\"_blank\" rel=\"nofollow\" >Odrednica razvitka i uporabe ra\u010dunalnih programa s otvorenim k\u00f4dom u tijelima dr\u017eavne uprave<\/a> Vlade Republike Hrvatske.<\/p>\n<p>Poticanje uporabe programa otvorenog k\u00f4da u javnom sektoru je me\u0111u osnovnim ciljevima inicijative <em>eEurope 2005 \u2013 An Information Society for All<\/em>, a zatvaranje informacijskih sustava kori\u0161tenjem zatvorenih programa navedeno je kao jedna od najve\u0107ih prepreka u postizanju postavljenih zada\u0107a inicijative Europske unije <em>i2010 \u2013 A European Information Society for Growth and Employment<\/em>.<\/p>\n<p style=\"text-align: right\"><em>dr.sc. Irena Petrijev\u010danin Vuksanovi\u0107<\/em><\/p>\n","protected":false},"excerpt":{"rendered":"<p>U posljednjih nekoliko godina, u javnom se sektoru sve vi\u0161e koristi softver otvorenog k\u00f4da. Nerijetko zbog slabe informiranosti dolazi do njegovog neadekvatnog kori\u0161tenja. Ustanove se nerijetko zbog ra\u0161irenih predrasuda ne usu\u0111uju koristiti programe otvorenog k\u00f4da, \u010dak ni u situacijama u kojima bi oni bili prikladni. S druge strane, oslanjanje na neprovjerene informacije mo\u017ee rezultirati kori\u0161tenjem&#8230;<\/p>\n","protected":false},"author":33,"featured_media":0,"parent":0,"menu_order":0,"comment_status":"closed","ping_status":"closed","template":"","meta":{"ngg_post_thumbnail":0},"yoast_head":"<!-- This site is optimized with the Yoast SEO plugin v16.4 - https:\/\/yoast.com\/wordpress\/plugins\/seo\/ -->\n<meta name=\"robots\" content=\"index, follow, max-snippet:-1, max-image-preview:large, max-video-preview:-1\" \/>\n<link rel=\"canonical\" href=\"http:\/\/knjiznice.nsk.hr\/stariweb\/o-nama\/\" \/>\n<meta property=\"og:locale\" content=\"hr_HR\" \/>\n<meta property=\"og:type\" content=\"article\" \/>\n<meta property=\"og:title\" content=\"O nama - Sredi\u0161nji sustav narodnih knji\u017enica\" \/>\n<meta property=\"og:description\" content=\"U posljednjih nekoliko godina, u javnom se sektoru sve vi\u0161e koristi softver otvorenog k\u00f4da. Nerijetko zbog slabe informiranosti dolazi do njegovog neadekvatnog kori\u0161tenja. Ustanove se nerijetko zbog ra\u0161irenih predrasuda ne usu\u0111uju koristiti programe otvorenog k\u00f4da, \u010dak ni u situacijama u kojima bi oni bili prikladni. S druge strane, oslanjanje na neprovjerene informacije mo\u017ee rezultirati kori\u0161tenjem...\" \/>\n<meta property=\"og:url\" content=\"http:\/\/knjiznice.nsk.hr\/stariweb\/o-nama\/\" \/>\n<meta property=\"og:site_name\" content=\"Sredi\u0161nji sustav narodnih knji\u017enica\" \/>\n<meta property=\"article:modified_time\" content=\"2018-11-24T15:06:37+00:00\" \/>\n<meta name=\"twitter:label1\" content=\"Procijenjeno vrijeme \u010ditanja\" \/>\n\t<meta name=\"twitter:data1\" content=\"2 minute\" \/>\n<script type=\"application\/ld+json\" class=\"yoast-schema-graph\">{\"@context\":\"https:\/\/schema.org\",\"@graph\":[{\"@type\":\"WebSite\",\"@id\":\"http:\/\/knjiznice.nsk.hr\/stariweb\/#website\",\"url\":\"http:\/\/knjiznice.nsk.hr\/stariweb\/\",\"name\":\"Sredi\\u0161nji sustav narodnih knji\\u017enica\",\"description\":\"Nacionalna i sveu\\u010dili\\u0161na knji\\u017enica u Zagrebu\",\"potentialAction\":[{\"@type\":\"SearchAction\",\"target\":\"http:\/\/knjiznice.nsk.hr\/stariweb\/?s={search_term_string}\",\"query-input\":\"required name=search_term_string\"}],\"inLanguage\":\"hr\"},{\"@type\":\"WebPage\",\"@id\":\"http:\/\/knjiznice.nsk.hr\/stariweb\/o-nama\/#webpage\",\"url\":\"http:\/\/knjiznice.nsk.hr\/stariweb\/o-nama\/\",\"name\":\"O nama - Sredi\\u0161nji sustav narodnih knji\\u017enica\",\"isPartOf\":{\"@id\":\"http:\/\/knjiznice.nsk.hr\/stariweb\/#website\"},\"datePublished\":\"2014-11-19T16:06:38+00:00\",\"dateModified\":\"2018-11-24T15:06:37+00:00\",\"breadcrumb\":{\"@id\":\"http:\/\/knjiznice.nsk.hr\/stariweb\/o-nama\/#breadcrumb\"},\"inLanguage\":\"hr\",\"potentialAction\":[{\"@type\":\"ReadAction\",\"target\":[\"http:\/\/knjiznice.nsk.hr\/stariweb\/o-nama\/\"]}]},{\"@type\":\"BreadcrumbList\",\"@id\":\"http:\/\/knjiznice.nsk.hr\/stariweb\/o-nama\/#breadcrumb\",\"itemListElement\":[{\"@type\":\"ListItem\",\"position\":1,\"item\":{\"@type\":\"WebPage\",\"@id\":\"http:\/\/knjiznice.nsk.hr\/stariweb\/\",\"url\":\"http:\/\/knjiznice.nsk.hr\/stariweb\/\",\"name\":\"Po\\u010detna stranica\"}},{\"@type\":\"ListItem\",\"position\":2,\"item\":{\"@id\":\"http:\/\/knjiznice.nsk.hr\/stariweb\/o-nama\/#webpage\"}}]}]}<\/script>\n<!-- \/ Yoast SEO plugin. -->","_links":{"self":[{"href":"http:\/\/knjiznice.nsk.hr\/stariweb\/wp-json\/wp\/v2\/pages\/761"}],"collection":[{"href":"http:\/\/knjiznice.nsk.hr\/stariweb\/wp-json\/wp\/v2\/pages"}],"about":[{"href":"http:\/\/knjiznice.nsk.hr\/stariweb\/wp-json\/wp\/v2\/types\/page"}],"author":[{"embeddable":true,"href":"http:\/\/knjiznice.nsk.hr\/stariweb\/wp-json\/wp\/v2\/users\/33"}],"replies":[{"embeddable":true,"href":"http:\/\/knjiznice.nsk.hr\/stariweb\/wp-json\/wp\/v2\/comments?post=761"}],"version-history":[{"count":12,"href":"http:\/\/knjiznice.nsk.hr\/stariweb\/wp-json\/wp\/v2\/pages\/761\/revisions"}],"predecessor-version":[{"id":10401,"href":"http:\/\/knjiznice.nsk.hr\/stariweb\/wp-json\/wp\/v2\/pages\/761\/revisions\/10401"}],"wp:attachment":[{"href":"http:\/\/knjiznice.nsk.hr\/stariweb\/wp-json\/wp\/v2\/media?parent=761"}],"curies":[{"name":"wp","href":"https:\/\/api.w.org\/{rel}","templated":true}]}}