{"id":757,"date":"2014-11-19T16:06:20","date_gmt":"2014-11-19T16:06:20","guid":{"rendered":"http:\/\/knjiznice.nsk.hr\/stariweb\/?page_id=757"},"modified":"2015-02-06T20:11:39","modified_gmt":"2015-02-06T20:11:39","slug":"mogucnosti","status":"publish","type":"page","link":"http:\/\/knjiznice.nsk.hr\/stariweb\/mogucnosti\/","title":{"rendered":"Mogu\u0107nosti"},"content":{"rendered":"<p>Ovo su neke od mogu\u0107nosti kojima \u0107ete imati pristup:<\/p>\n<div class=\"mogucnost\"><img class=\"ikona\" src=\"http:\/\/knjiznice.nsk.hr\/stariweb\/wp-content\/themes\/education\/images\/forma.png\" alt=\"U\u010dinkovit i jednostavan na\u010din izrade formi za kontakt obrasce.\" \/><\/p>\n<h2>Kontakt obrasci<\/h2>\n<p>U\u010dinkovit i jednostavan na\u010din izrade formi za kontakt obrasce. Izradite i postavite kontakt obrazac na stranicu u samo nekoliko minuta.<\/p>\n<\/div>\n<div class=\"mogucnost\"><img class=\"ikona\" src=\"http:\/\/knjiznice.nsk.hr\/stariweb\/wp-content\/themes\/education\/images\/newsletter.png\" alt=\"Sustav koji omogu\u0107uje slanje profesionalnih newslettera\" \/><\/p>\n<h2>Newsletter<\/h2>\n<p>Informirajte va\u0161e korisnike slanjem periodi\u010dkih e-obavijesti. Grupirajte va\u0161e pretplatnike te im dostavljate samo njima zanimljiv sadr\u017eaj.<\/p>\n<\/div>\n<div class=\"mogucnost\"><img class=\"ikona\" src=\"http:\/\/knjiznice.nsk.hr\/stariweb\/wp-content\/themes\/education\/images\/social.png\" alt=\"Dijelite sadr\u017eaj va\u0161e web stranice s va\u0161im korisnicima putem dru\u0161tvenih mre\u017ea\" \/><\/p>\n<h2>Dru\u0161tvene mre\u017ee<\/h2>\n<p>Dijelite sadr\u017eaj va\u0161e web stranice s va\u0161im korisnicima putem dru\u0161tvenih mre\u017ea poput Facebooka, Twittera, Google Plusa i drugih.<\/p>\n<\/div>\n<div class=\"mogucnost\"><img class=\"ikona\" src=\"http:\/\/knjiznice.nsk.hr\/stariweb\/wp-content\/themes\/education\/images\/komentari.png\" alt=\"Opcija koja omogu\u0107uje va\u0161im korisnicima da komentiraju sadr\u017eaj koji dijelite putem dru\u0161tvenih mre\u017ea\" \/><\/p>\n<h2>Komentari<\/h2>\n<p>Opcija koja omogu\u0107uje va\u0161im korisnicima da komentiraju sadr\u017eaj koji dijelite putem dru\u0161tvenih mre\u017ea.<\/p>\n<\/div>\n<div class=\"mogucnost\"><img class=\"ikona\" src=\"http:\/\/knjiznice.nsk.hr\/stariweb\/wp-content\/themes\/education\/images\/analytics.png\" alt=\"Implementacija naprednog alata pomo\u0107u kojeg mo\u017eete pratiti detaljne statistike vezane uz posje\u0107enost va\u0161e web stranice\" \/><\/p>\n<h2>Google Analytics<\/h2>\n<p>Napredan alat za web analitiku pomo\u0107u kojeg mo\u017eete pratiti detaljne statistike vezane uz posje\u0107enost va\u0161e web stranice.<\/p>\n<\/div>\n<div class=\"mogucnost\"><img class=\"ikona\" src=\"http:\/\/knjiznice.nsk.hr\/stariweb\/wp-content\/themes\/education\/images\/gmaps.png\" alt=\"Mogu\u0107nost prikaza va\u0161e lokacije korisnicima putem Google mapa\" \/><\/p>\n<h2>Google mape<\/h2>\n<p>Mogu\u0107nost prikaza va\u0161e lokacije korisnicima putem Google mapa. Omogu\u0107ena je jednostavna integracija mapa u va\u0161e stranice i \u010dlanke.<\/p>\n<\/div>\n<div class=\"mogucnost\"><img class=\"ikona\" src=\"http:\/\/knjiznice.nsk.hr\/stariweb\/wp-content\/themes\/education\/images\/konferencije.png\" alt=\"Sustav za organiziranje doga\u0111aja s ograni\u010denim brojem mjesta i mogu\u0107no\u0161\u0107u prijave za takve doga\u0111aje\" \/><\/p>\n<h2>Konferencije<\/h2>\n<p>Sustav za organiziranje doga\u0111aja s ograni\u010denim brojem mjesta i mogu\u0107no\u0161\u0107u prijave za takve doga\u0111aje.<\/p>\n<\/div>\n<div class=\"mogucnost\"><img class=\"ikona\" src=\"http:\/\/knjiznice.nsk.hr\/stariweb\/wp-content\/themes\/education\/images\/galerije.png\" alt=\"Prezentirajte svoje fotografije na interaktivan na\u010din s opcijom jednostavnog dijeljena na dru\u0161tvenim mre\u017eama\" \/><\/p>\n<h2>Galerije<\/h2>\n<p>Prezentirajte svoje fotografije na interaktivan na\u010din s opcijom jednostavnog dijeljena na dru\u0161tvenim mre\u017eama.<\/p>\n<\/div>\n<div class=\"mogucnost\"><img class=\"ikona\" src=\"http:\/\/knjiznice.nsk.hr\/stariweb\/wp-content\/themes\/education\/images\/youtube.png\" alt=\"Jednostavno postavljanje va\u0161ih video zapisa na najpopularniji video servis na svijetu\" \/><\/p>\n<h2>Youtube video<\/h2>\n<p>Jednostavno postavljanje va\u0161ih video zapisa na najpopularniji video servis na svijetu.<\/p>\n<\/div>\n<div class=\"mogucnost\"><img class=\"ikona\" src=\"http:\/\/knjiznice.nsk.hr\/stariweb\/wp-content\/themes\/education\/images\/podrska.png\" alt=\"Sustav koji vam omogu\u0107uje da pru\u017eate korisni\u010dku podr\u0161ku va\u0161im posjetiteljima\" \/><\/p>\n<h2>Korisni\u010dka podr\u0161ka<\/h2>\n<p>Sustav koji vam omogu\u0107uje da pru\u017eate korisni\u010dku podr\u0161ku va\u0161im posjetiteljima. <\/p>\n<\/div>\n","protected":false},"excerpt":{"rendered":"<p>Ovo su neke od mogu\u0107nosti kojima \u0107ete imati pristup: Kontakt obrasci U\u010dinkovit i jednostavan na\u010din izrade formi za kontakt obrasce. Izradite i postavite kontakt obrazac na stranicu u samo nekoliko minuta. Newsletter Informirajte va\u0161e korisnike slanjem periodi\u010dkih e-obavijesti. Grupirajte va\u0161e pretplatnike te im dostavljate samo njima zanimljiv sadr\u017eaj. Dru\u0161tvene mre\u017ee Dijelite sadr\u017eaj va\u0161e web stranice&#8230;<\/p>\n","protected":false},"author":33,"featured_media":0,"parent":0,"menu_order":0,"comment_status":"closed","ping_status":"closed","template":"","meta":{"ngg_post_thumbnail":0},"yoast_head":"<!-- This site is optimized with the Yoast SEO plugin v16.4 - https:\/\/yoast.com\/wordpress\/plugins\/seo\/ -->\n<meta name=\"robots\" content=\"index, follow, max-snippet:-1, max-image-preview:large, max-video-preview:-1\" \/>\n<link rel=\"canonical\" href=\"http:\/\/knjiznice.nsk.hr\/stariweb\/mogucnosti\/\" \/>\n<meta property=\"og:locale\" content=\"hr_HR\" \/>\n<meta property=\"og:type\" content=\"article\" \/>\n<meta property=\"og:title\" content=\"Mogu\u0107nosti - Sredi\u0161nji sustav narodnih knji\u017enica\" \/>\n<meta property=\"og:description\" content=\"Ovo su neke od mogu\u0107nosti kojima \u0107ete imati pristup: Kontakt obrasci U\u010dinkovit i jednostavan na\u010din izrade formi za kontakt obrasce. Izradite i postavite kontakt obrazac na stranicu u samo nekoliko minuta. Newsletter Informirajte va\u0161e korisnike slanjem periodi\u010dkih e-obavijesti. Grupirajte va\u0161e pretplatnike te im dostavljate samo njima zanimljiv sadr\u017eaj. Dru\u0161tvene mre\u017ee Dijelite sadr\u017eaj va\u0161e web stranice...\" \/>\n<meta property=\"og:url\" content=\"http:\/\/knjiznice.nsk.hr\/stariweb\/mogucnosti\/\" \/>\n<meta property=\"og:site_name\" content=\"Sredi\u0161nji sustav narodnih knji\u017enica\" \/>\n<meta property=\"article:modified_time\" content=\"2015-02-06T20:11:39+00:00\" \/>\n<meta property=\"og:image\" content=\"http:\/\/knjiznice.nsk.hr\/stariweb\/wp-content\/themes\/education\/images\/forma.png\" \/>\n<meta name=\"twitter:label1\" content=\"Procijenjeno vrijeme \u010ditanja\" \/>\n\t<meta name=\"twitter:data1\" content=\"1 minuta\" \/>\n<script type=\"application\/ld+json\" class=\"yoast-schema-graph\">{\"@context\":\"https:\/\/schema.org\",\"@graph\":[{\"@type\":\"WebSite\",\"@id\":\"http:\/\/knjiznice.nsk.hr\/stariweb\/#website\",\"url\":\"http:\/\/knjiznice.nsk.hr\/stariweb\/\",\"name\":\"Sredi\\u0161nji sustav narodnih knji\\u017enica\",\"description\":\"Nacionalna i sveu\\u010dili\\u0161na knji\\u017enica u Zagrebu\",\"potentialAction\":[{\"@type\":\"SearchAction\",\"target\":\"http:\/\/knjiznice.nsk.hr\/stariweb\/?s={search_term_string}\",\"query-input\":\"required name=search_term_string\"}],\"inLanguage\":\"hr\"},{\"@type\":\"ImageObject\",\"@id\":\"http:\/\/knjiznice.nsk.hr\/stariweb\/mogucnosti\/#primaryimage\",\"inLanguage\":\"hr\",\"url\":\"http:\/\/knjiznice.nsk.hr\/stariweb\/wp-content\/themes\/education\/images\/forma.png\",\"contentUrl\":\"http:\/\/knjiznice.nsk.hr\/stariweb\/wp-content\/themes\/education\/images\/forma.png\"},{\"@type\":\"WebPage\",\"@id\":\"http:\/\/knjiznice.nsk.hr\/stariweb\/mogucnosti\/#webpage\",\"url\":\"http:\/\/knjiznice.nsk.hr\/stariweb\/mogucnosti\/\",\"name\":\"Mogu\\u0107nosti - Sredi\\u0161nji sustav narodnih knji\\u017enica\",\"isPartOf\":{\"@id\":\"http:\/\/knjiznice.nsk.hr\/stariweb\/#website\"},\"primaryImageOfPage\":{\"@id\":\"http:\/\/knjiznice.nsk.hr\/stariweb\/mogucnosti\/#primaryimage\"},\"datePublished\":\"2014-11-19T16:06:20+00:00\",\"dateModified\":\"2015-02-06T20:11:39+00:00\",\"breadcrumb\":{\"@id\":\"http:\/\/knjiznice.nsk.hr\/stariweb\/mogucnosti\/#breadcrumb\"},\"inLanguage\":\"hr\",\"potentialAction\":[{\"@type\":\"ReadAction\",\"target\":[\"http:\/\/knjiznice.nsk.hr\/stariweb\/mogucnosti\/\"]}]},{\"@type\":\"BreadcrumbList\",\"@id\":\"http:\/\/knjiznice.nsk.hr\/stariweb\/mogucnosti\/#breadcrumb\",\"itemListElement\":[{\"@type\":\"ListItem\",\"position\":1,\"item\":{\"@type\":\"WebPage\",\"@id\":\"http:\/\/knjiznice.nsk.hr\/stariweb\/\",\"url\":\"http:\/\/knjiznice.nsk.hr\/stariweb\/\",\"name\":\"Po\\u010detna stranica\"}},{\"@type\":\"ListItem\",\"position\":2,\"item\":{\"@id\":\"http:\/\/knjiznice.nsk.hr\/stariweb\/mogucnosti\/#webpage\"}}]}]}<\/script>\n<!-- \/ Yoast SEO plugin. -->","_links":{"self":[{"href":"http:\/\/knjiznice.nsk.hr\/stariweb\/wp-json\/wp\/v2\/pages\/757"}],"collection":[{"href":"http:\/\/knjiznice.nsk.hr\/stariweb\/wp-json\/wp\/v2\/pages"}],"about":[{"href":"http:\/\/knjiznice.nsk.hr\/stariweb\/wp-json\/wp\/v2\/types\/page"}],"author":[{"embeddable":true,"href":"http:\/\/knjiznice.nsk.hr\/stariweb\/wp-json\/wp\/v2\/users\/33"}],"replies":[{"embeddable":true,"href":"http:\/\/knjiznice.nsk.hr\/stariweb\/wp-json\/wp\/v2\/comments?post=757"}],"version-history":[{"count":40,"href":"http:\/\/knjiznice.nsk.hr\/stariweb\/wp-json\/wp\/v2\/pages\/757\/revisions"}],"predecessor-version":[{"id":1127,"href":"http:\/\/knjiznice.nsk.hr\/stariweb\/wp-json\/wp\/v2\/pages\/757\/revisions\/1127"}],"wp:attachment":[{"href":"http:\/\/knjiznice.nsk.hr\/stariweb\/wp-json\/wp\/v2\/media?parent=757"}],"curies":[{"name":"wp","href":"https:\/\/api.w.org\/{rel}","templated":true}]}}