{"id":753,"date":"2014-11-19T16:05:36","date_gmt":"2014-11-19T16:05:36","guid":{"rendered":"http:\/\/knjiznice.nsk.hr\/stariweb\/?page_id=753"},"modified":"2018-09-24T08:10:31","modified_gmt":"2018-09-24T08:10:31","slug":"predlosci","status":"publish","type":"page","link":"http:\/\/knjiznice.nsk.hr\/stariweb\/predlosci\/","title":{"rendered":"Predlo\u0161ci kori\u0161teni u Sustavu"},"content":{"rendered":"<p>&nbsp;<\/p>\n<div id=\"cbp-so-scroller\" class=\"cbp-so-scroller\">\n<section class=\"cbp-so-section\">\n<article class=\"cbp-so-side cbp-so-side-left kraca\">\n<h2><a href=\"http:\/\/knjiznice.nsk.hr\/jednostavna\/\" target=\"_blank\"  rel=\"nofollow\" >Jednostavna&nbsp;<\/a><\/h2>\n<p>Jednostavan dizajn s nagla\u0161enim sliderom koji se mo\u017ee iskoristiti za istaknuti sadr\u017eaj. Po\u010detne boje su plava, crvena i bijela. Sadr\u017eaj se ispisuje u blog formatu s uklju\u010denom paginacijom. Na naslovnici postoji i sidebar koji se mo\u017ee vrlo lagano urediti pomo\u0107u widgeta. Footer je podijeljen na dva dijela. Prvi, fiksni dio, omogu\u0107uje pretplatu na newsletter. Drugi dio koji je widgetiziran omogu\u0107uje vam samostalno dodavanje novih funkcionalnosti.<\/p>\n<\/article>\n<figure class=\"cbp-so-side cbp-so-side-right dulja\"><a href=\"http:\/\/knjiznice.nsk.hr\/stariweb\/wp-content\/uploads\/sites\/111\/2018\/09\/jednostavna-1.png\" target=\"_blank\" rel=\"noopener\"><img loading=\"lazy\" class=\"alignleft wp-image-10382 size-full\" src=\"http:\/\/knjiznice.nsk.hr\/stariweb\/wp-content\/uploads\/sites\/111\/2018\/09\/jednostavna-1.png\" alt=\"\" width=\"997\" height=\"905\"><\/a><\/figure>\n<\/section>\n<section class=\"cbp-so-section\">\n<figure class=\"cbp-so-side cbp-so-side-left dulja\"><a href=\"http:\/\/knjiznice.nsk.hr\/stariweb\/wp-content\/uploads\/sites\/111\/2018\/09\/prilagodljiva-2.png\" target=\"_blank\" rel=\"noopener\"><img loading=\"lazy\" class=\"alignleft wp-image-10383 size-full\" src=\"http:\/\/knjiznice.nsk.hr\/stariweb\/wp-content\/uploads\/sites\/111\/2018\/09\/prilagodljiva-2.png\" alt=\"\" width=\"853\" height=\"909\"><\/a><\/figure>\n<article class=\"cbp-so-side cbp-so-side-right kraca\">\n<h2><a href=\"http:\/\/knjiznice.nsk.hr\/prilagodljiva\/\" target=\"_blank\" rel=\"noopener\" rel=\"nofollow\" >Prilagodljiva<\/a><\/h2>\n<p>Odli\u010dan predlo\u017eak za manje knji\u017enice spaja fleksibilnost WordPressa sa suvremenim dizajnom. Dizajn je u potpunosti responzivan \u0161to zna\u010di da \u0107e se predlo\u017eak prilagoditi svakom ure\u0111aju bez obzira na veli\u010dinu ekrana (tablet, mobitel). U zaglavlju se mo\u017eete lagano povezati s dru\u0161tvenim mre\u017eama na kojima se va\u0161a knji\u017enica nalazi. Tri istaknuta \u010dlanka ispod zaglavlja pomo\u0107i \u0107e vam da istaknete tri usluge koje su bitne va\u0161im korisnicima. Widgetiziran sidebar i footer omogu\u0107uje lagano dodavanje novog sadr\u017eaja i funkcionalnosti.<\/p>\n<\/article>\n<\/section>\n<section class=\"cbp-so-section\">\n<article class=\"cbp-so-side cbp-so-side-left kraca\">\n<h2><a href=\"http:\/\/knjiznice.nsk.hr\/sadrzajna\/\" target=\"_blank\"  rel=\"nofollow\" >Sadr\u017eajna&nbsp;<\/a><\/h2>\n<p>Ukoliko planirati objavljivati velike koli\u010dine sadr\u017eaja, tada je ovaj predlo\u017eak idealan za vas. Zaglavlje je podijeljeno u dva dijela. Prvi dio sastoji se od gornje, manje bitne navigacije. Donji dio je ne\u0161to \u0161to bismo mogli nazvati \u201eklasi\u010dnim\u201c zaglavljem, a obuhva\u0107a logo, tra\u017eilicu i glavnu navigaciju. Imate nekoliko razli\u010ditih varijanti ispisa sadr\u017eaja. Widgetiziran sidebar i footer omogu\u0107uju lagano dodavanje novih funkcionalnosti i sadr\u017eaja.<\/p>\n<\/article>\n<figure class=\"cbp-so-side cbp-so-side-right dulja\"><a href=\"http:\/\/knjiznice.nsk.hr\/stariweb\/wp-content\/uploads\/sites\/111\/2018\/09\/sadrzajna-1.png\" target=\"_blank\" rel=\"noopener\"><img loading=\"lazy\" class=\"alignleft wp-image-10384 size-full\" src=\"http:\/\/knjiznice.nsk.hr\/stariweb\/wp-content\/uploads\/sites\/111\/2018\/09\/sadrzajna-1.png\" alt=\"\" width=\"811\" height=\"871\"><\/a><\/figure>\n<\/section>\n<section class=\"cbp-so-section\">\n<figure class=\"cbp-so-side cbp-so-side-left dulja\"><a href=\"http:\/\/knjiznice.nsk.hr\/stariweb\/wp-content\/uploads\/sites\/111\/2018\/09\/flaksibilna-2.png\" target=\"_blank\" rel=\"noopener\"><img loading=\"lazy\" class=\"alignleft wp-image-10385 size-full\" src=\"http:\/\/knjiznice.nsk.hr\/stariweb\/wp-content\/uploads\/sites\/111\/2018\/09\/flaksibilna-2.png\" alt=\"\" width=\"957\" height=\"893\"><\/a><\/figure>\n<article class=\"cbp-so-side cbp-so-side-right kraca\">\n<h2><a href=\"http:\/\/knjiznice.nsk.hr\/fleksibilna\/\" target=\"_blank\"  rel=\"nofollow\" >Fleksibilna<\/a><\/h2>\n<p>Gotovo cijeli predlo\u017eak je izra\u0111en pomo\u0107u widgeta \u0161to omogu\u0107uje maksimalnu fleksibilnost prilikom planiranja web stranice. Inicijalno predlo\u017eak ima tri razli\u010dita ispisa sadr\u017eaja. Dizajn je responzivan, s time da je ukalkulirana mogu\u0107nost stavljanja novih pluginova tj. funkcionalnosti i sadr\u017eaja. Dakle ukoliko se i stavi novi sadr\u017eaj web stranica \u0107e i dalje ostati responzivna. Po\u010detne postavke teme omogu\u0107uje povezivanje s dru\u0161tvenim mre\u017eama, te pretplatu na sustav za novosti tj. newsletter.<\/p>\n<\/article>\n<\/section>\n<section class=\"cbp-so-section\">\n<article class=\"cbp-so-side cbp-so-side-left kraca\">\n<h2><a href=\"http:\/\/knjiznice.nsk.hr\/minimalisticka\/\" target=\"_blank\" rel=\"noopener\" rel=\"nofollow\" >Minimalisti\u010dka<\/a><\/h2>\n<p>Minimalisti\u010dki dizajn s dvije po\u010detne boje (crna i crvena). Nekoliko razli\u010ditih varijanti nagla\u0161enih postova na naslovnici omogu\u0107uje te\u010dnost sadr\u017eaja bez zamora korisnika. Zaglavlje omogu\u0107uje dvije navigacije (pomo\u0107nu i glavnu), na taj na\u010din manje va\u017eni linkove se mogu odvojiti u prvu tj. pomo\u0107nu navigaciju. Jedna od prednosti ovog predlo\u0161ka je svakako predvi\u0111eni prostor za oglase tj. bannere gdje se mogu istaknuti sponzori ili va\u017ena doga\u0111anja. Podno\u017eje nije fiksirano ve\u0107 vam na lagan na\u010din omogu\u0107uje izmjenu tj. dodavanje novog sadr\u017eaja ili funkcionalnosti (npr. ankete).<\/p>\n<\/article>\n<figure class=\"cbp-so-side cbp-so-side-right dulja\"><a href=\"http:\/\/knjiznice.nsk.hr\/stariweb\/wp-content\/uploads\/sites\/111\/2018\/09\/minimalisticka-1.png\" target=\"_blank\" rel=\"noopener\"><img loading=\"lazy\" class=\"alignleft wp-image-10381 size-full\" src=\"http:\/\/knjiznice.nsk.hr\/stariweb\/wp-content\/uploads\/sites\/111\/2018\/09\/minimalisticka-1.png\" alt=\"\" width=\"1025\" height=\"827\"><\/a><\/figure>\n<\/section>\n<\/div>\n","protected":false},"excerpt":{"rendered":"<p>&nbsp; Jednostavna&nbsp; Jednostavan dizajn s nagla\u0161enim sliderom koji se mo\u017ee iskoristiti za istaknuti sadr\u017eaj. Po\u010detne boje su plava, crvena i bijela. Sadr\u017eaj se ispisuje u blog formatu s uklju\u010denom paginacijom. Na naslovnici postoji i sidebar koji se mo\u017ee vrlo lagano urediti pomo\u0107u widgeta. Footer je podijeljen na dva dijela. Prvi, fiksni dio, omogu\u0107uje pretplatu na&#8230;<\/p>\n","protected":false},"author":33,"featured_media":1002,"parent":0,"menu_order":0,"comment_status":"closed","ping_status":"closed","template":"custom-template.php","meta":{"ngg_post_thumbnail":0},"yoast_head":"<!-- This site is optimized with the Yoast SEO plugin v16.4 - https:\/\/yoast.com\/wordpress\/plugins\/seo\/ -->\n<meta name=\"robots\" content=\"index, follow, max-snippet:-1, max-image-preview:large, max-video-preview:-1\" \/>\n<link rel=\"canonical\" href=\"http:\/\/knjiznice.nsk.hr\/stariweb\/predlosci\/\" \/>\n<meta property=\"og:locale\" content=\"hr_HR\" \/>\n<meta property=\"og:type\" content=\"article\" \/>\n<meta property=\"og:title\" content=\"Predlo\u0161ci kori\u0161teni u Sustavu - Sredi\u0161nji sustav narodnih knji\u017enica\" \/>\n<meta property=\"og:description\" content=\"&nbsp; Jednostavna&nbsp; Jednostavan dizajn s nagla\u0161enim sliderom koji se mo\u017ee iskoristiti za istaknuti sadr\u017eaj. Po\u010detne boje su plava, crvena i bijela. Sadr\u017eaj se ispisuje u blog formatu s uklju\u010denom paginacijom. Na naslovnici postoji i sidebar koji se mo\u017ee vrlo lagano urediti pomo\u0107u widgeta. Footer je podijeljen na dva dijela. Prvi, fiksni dio, omogu\u0107uje pretplatu na...\" \/>\n<meta property=\"og:url\" content=\"http:\/\/knjiznice.nsk.hr\/stariweb\/predlosci\/\" \/>\n<meta property=\"og:site_name\" content=\"Sredi\u0161nji sustav narodnih knji\u017enica\" \/>\n<meta property=\"article:modified_time\" content=\"2018-09-24T08:10:31+00:00\" \/>\n<meta property=\"og:image\" content=\"http:\/\/knjiznice.nsk.hr\/stariweb\/wp-content\/uploads\/sites\/111\/2014\/11\/izbor-predloska121.png\" \/>\n\t<meta property=\"og:image:width\" content=\"66\" \/>\n\t<meta property=\"og:image:height\" content=\"75\" \/>\n<meta name=\"twitter:label1\" content=\"Procijenjeno vrijeme \u010ditanja\" \/>\n\t<meta name=\"twitter:data1\" content=\"2 minute\" \/>\n<script type=\"application\/ld+json\" class=\"yoast-schema-graph\">{\"@context\":\"https:\/\/schema.org\",\"@graph\":[{\"@type\":\"WebSite\",\"@id\":\"http:\/\/knjiznice.nsk.hr\/stariweb\/#website\",\"url\":\"http:\/\/knjiznice.nsk.hr\/stariweb\/\",\"name\":\"Sredi\\u0161nji sustav narodnih knji\\u017enica\",\"description\":\"Nacionalna i sveu\\u010dili\\u0161na knji\\u017enica u Zagrebu\",\"potentialAction\":[{\"@type\":\"SearchAction\",\"target\":\"http:\/\/knjiznice.nsk.hr\/stariweb\/?s={search_term_string}\",\"query-input\":\"required name=search_term_string\"}],\"inLanguage\":\"hr\"},{\"@type\":\"ImageObject\",\"@id\":\"http:\/\/knjiznice.nsk.hr\/stariweb\/predlosci\/#primaryimage\",\"inLanguage\":\"hr\",\"url\":\"http:\/\/knjiznice.nsk.hr\/stariweb\/wp-content\/uploads\/sites\/111\/2014\/11\/izbor-predloska121.png\",\"contentUrl\":\"http:\/\/knjiznice.nsk.hr\/stariweb\/wp-content\/uploads\/sites\/111\/2014\/11\/izbor-predloska121.png\",\"width\":66,\"height\":75},{\"@type\":\"WebPage\",\"@id\":\"http:\/\/knjiznice.nsk.hr\/stariweb\/predlosci\/#webpage\",\"url\":\"http:\/\/knjiznice.nsk.hr\/stariweb\/predlosci\/\",\"name\":\"Predlo\\u0161ci kori\\u0161teni u Sustavu - Sredi\\u0161nji sustav narodnih knji\\u017enica\",\"isPartOf\":{\"@id\":\"http:\/\/knjiznice.nsk.hr\/stariweb\/#website\"},\"primaryImageOfPage\":{\"@id\":\"http:\/\/knjiznice.nsk.hr\/stariweb\/predlosci\/#primaryimage\"},\"datePublished\":\"2014-11-19T16:05:36+00:00\",\"dateModified\":\"2018-09-24T08:10:31+00:00\",\"breadcrumb\":{\"@id\":\"http:\/\/knjiznice.nsk.hr\/stariweb\/predlosci\/#breadcrumb\"},\"inLanguage\":\"hr\",\"potentialAction\":[{\"@type\":\"ReadAction\",\"target\":[\"http:\/\/knjiznice.nsk.hr\/stariweb\/predlosci\/\"]}]},{\"@type\":\"BreadcrumbList\",\"@id\":\"http:\/\/knjiznice.nsk.hr\/stariweb\/predlosci\/#breadcrumb\",\"itemListElement\":[{\"@type\":\"ListItem\",\"position\":1,\"item\":{\"@type\":\"WebPage\",\"@id\":\"http:\/\/knjiznice.nsk.hr\/stariweb\/\",\"url\":\"http:\/\/knjiznice.nsk.hr\/stariweb\/\",\"name\":\"Po\\u010detna stranica\"}},{\"@type\":\"ListItem\",\"position\":2,\"item\":{\"@id\":\"http:\/\/knjiznice.nsk.hr\/stariweb\/predlosci\/#webpage\"}}]}]}<\/script>\n<!-- \/ Yoast SEO plugin. -->","_links":{"self":[{"href":"http:\/\/knjiznice.nsk.hr\/stariweb\/wp-json\/wp\/v2\/pages\/753"}],"collection":[{"href":"http:\/\/knjiznice.nsk.hr\/stariweb\/wp-json\/wp\/v2\/pages"}],"about":[{"href":"http:\/\/knjiznice.nsk.hr\/stariweb\/wp-json\/wp\/v2\/types\/page"}],"author":[{"embeddable":true,"href":"http:\/\/knjiznice.nsk.hr\/stariweb\/wp-json\/wp\/v2\/users\/33"}],"replies":[{"embeddable":true,"href":"http:\/\/knjiznice.nsk.hr\/stariweb\/wp-json\/wp\/v2\/comments?post=753"}],"version-history":[{"count":47,"href":"http:\/\/knjiznice.nsk.hr\/stariweb\/wp-json\/wp\/v2\/pages\/753\/revisions"}],"predecessor-version":[{"id":10386,"href":"http:\/\/knjiznice.nsk.hr\/stariweb\/wp-json\/wp\/v2\/pages\/753\/revisions\/10386"}],"wp:featuredmedia":[{"embeddable":true,"href":"http:\/\/knjiznice.nsk.hr\/stariweb\/wp-json\/wp\/v2\/media\/1002"}],"wp:attachment":[{"href":"http:\/\/knjiznice.nsk.hr\/stariweb\/wp-json\/wp\/v2\/media?parent=753"}],"curies":[{"name":"wp","href":"https:\/\/api.w.org\/{rel}","templated":true}]}}