{"id":1004,"date":"2014-12-04T12:24:18","date_gmt":"2014-12-04T12:24:18","guid":{"rendered":"http:\/\/knjiznice.nsk.hr\/stariweb\/?page_id=1004"},"modified":"2017-03-13T09:24:18","modified_gmt":"2017-03-13T09:24:18","slug":"knjiznice-u-sustavu","status":"publish","type":"page","link":"http:\/\/knjiznice.nsk.hr\/stariweb\/knjiznice-u-sustavu\/","title":{"rendered":"Knji\u017enice u sustavu"},"content":{"rendered":"<p>Knji\u017enice s kori\u0161tenom uslugom izrade web stranice<br \/>\n<div id=\"mssls\"><ul><li><a href=\"http:\/\/knjiznice.nsk.hr\/komiza\" >Gradska knji\u017enica &quot;Ranko Marinkovi\u0107&quot; Komi\u017ea<\/a><\/li><li><a href=\"http:\/\/knjiznice.nsk.hr\/benkovac\" >Gradska knji\u017enica Benkovac<\/a><\/li><li><a href=\"http:\/\/knjiznice.nsk.hr\/biograd-na-moru\" >Gradska knji\u017enica Biograd na Moru<\/a><\/li><li><a href=\"http:\/\/knjiznice.nsk.hr\/skradin\" >Gradska knji\u017enica Ivan Pridojevi\u0107 Skradin<\/a><\/li><li><a href=\"http:\/\/knjiznice.nsk.hr\/lepoglava\" >Gradska knji\u017enica Ivana Belostenca Lepoglava<\/a><\/li><li><a href=\"http:\/\/knjiznice.nsk.hr\/vrbovsko\" >Gradska knji\u017enica Ivana Gorana Kova\u010di\u0107a Vrbovsko<\/a><\/li><li><a href=\"http:\/\/knjiznice.nsk.hr\/metkovic\" >Gradska knji\u017enica Metkovi\u0107<\/a><\/li><li><a href=\"http:\/\/knjiznice.nsk.hr\/nova-gradiska\" >Gradska knji\u017enica Nova Gradi\u0161ka<\/a><\/li><li><a href=\"http:\/\/knjiznice.nsk.hr\/opuzen\" >Gradska knji\u017enica Opuzen<\/a><\/li><li><a href=\"http:\/\/knjiznice.nsk.hr\/orahovica\" >Gradska knji\u017enica Orahovica<\/a><\/li><li><a href=\"http:\/\/knjiznice.nsk.hr\/otok\" >Gradska knji\u017enica Otok<\/a><\/li><li><a href=\"http:\/\/knjiznice.nsk.hr\/pag\" >Gradska knji\u017enica Pag<\/a><\/li><li><a href=\"http:\/\/knjiznice.nsk.hr\/porec\" >Gradska knji\u017enica Pore\u010d<\/a><\/li><li><a href=\"http:\/\/knjiznice.nsk.hr\/pregrada\" >Gradska knji\u017enica Pregrada<\/a><\/li><li><a href=\"http:\/\/knjiznice.nsk.hr\/senj\" >Gradska knji\u017enica Senj<\/a><\/li><li><a href=\"http:\/\/knjiznice.nsk.hr\/sinj\" >Gradska knji\u017enica Sinj<\/a><\/li><li><a href=\"http:\/\/knjiznice.nsk.hr\/slavonski-brod\" >Gradska knji\u017enica Slavonski Brod<\/a><\/li><li><a href=\"http:\/\/knjiznice.nsk.hr\/vrgorac\" >Gradska knji\u017enica Vrgorac<\/a><\/li><li><a href=\"http:\/\/knjiznice.nsk.hr\/vukovar\" >Gradska knji\u017enica Vukovar<\/a><\/li><li><a href=\"http:\/\/knjiznice.nsk.hr\/ivanec\" >Gradska knji\u017enica i \u010ditaonica &quot;Gustav Krklec&quot; Ivanec<\/a><\/li><li><a href=\"http:\/\/knjiznice.nsk.hr\/klanjec\" >Gradska knji\u017enica i \u010ditaonica Antun Mihanovi\u0107 Klanjec<\/a><\/li><li><a href=\"http:\/\/knjiznice.nsk.hr\/belisce\" >Gradska knji\u017enica i \u010ditaonica Beli\u0161\u0107e<\/a><\/li><li><a href=\"http:\/\/knjiznice.nsk.hr\/cres\" >Gradska knji\u017enica i \u010ditaonica Frane Petri\u0107a, Cres<\/a><\/li><li><a href=\"http:\/\/knjiznice.nsk.hr\/ilok\" >Gradska knji\u017enica i \u010ditaonica Ilok<\/a><\/li><li><a href=\"http:\/\/knjiznice.nsk.hr\/ozalj\" >Gradska knji\u017enica i \u010ditaonica Ivana Belostenca Ozalj<\/a><\/li><li><a href=\"http:\/\/knjiznice.nsk.hr\/hrvatska-kostajnica\" >Gradska knji\u017enica i \u010ditaonica Milivoja Cvetni\u0107a Hrvatska Kostajnica<\/a><\/li><li><a href=\"http:\/\/knjiznice.nsk.hr\/novi-marof\" >Gradska knji\u017enica i \u010ditaonica Novi Marof<\/a><\/li><li><a href=\"http:\/\/knjiznice.nsk.hr\/ogulin\" >Gradska knji\u017enica i \u010ditaonica Ogulin<\/a><\/li><li><a href=\"http:\/\/knjiznice.nsk.hr\/pula\" >Gradska knji\u017enica i \u010ditaonica Pula<\/a><\/li><li><a href=\"http:\/\/knjiznice.nsk.hr\/valpovo\" >Gradska knji\u017enica i \u010ditaonica Valpovo<\/a><\/li><li><a href=\"http:\/\/knjiznice.nsk.hr\/vis\" >Gradska knji\u017enica i \u010ditaonica Vis<\/a><\/li><li><a href=\"http:\/\/knjiznice.nsk.hr\/durdevac\" >Gradska knji\u017enica \u0110ur\u0111evac<\/a><\/li><li><a href=\"http:\/\/knjiznice.nsk.hr\/sali\" >Hrvatska knji\u017enica i \u010ditaonica Sali<\/a><\/li><li><a href=\"http:\/\/knjiznice.nsk.hr\/durdenovac\" >Hrvatska knji\u017enica i \u010ditaonica \u0110ur\u0111enovac<\/a><\/li><li><a href=\"http:\/\/knjiznice.nsk.hr\/nasice\" >Hrvatska narodna knji\u017enica i \u010ditaonica Na\u0161ice<\/a><\/li><li><a href=\"http:\/\/knjiznice.nsk.hr\/razanac\" >KNJI\u017dNICA jURJA BARAKOVI\u0106A RA\u017dANAC<\/a><\/li><li><a href=\"http:\/\/knjiznice.nsk.hr\/gorican\" >Knji\u017enica i \u010ditaonica Gori\u010dan<\/a><\/li><li><a href=\"http:\/\/knjiznice.nsk.hr\/prelog\" >Knji\u017enica i \u010ditaonica Grada Preloga<\/a><\/li><li><a href=\"http:\/\/knjiznice.nsk.hr\/gracac\" >Knji\u017enica i \u010ditaonica Gra\u010dac<\/a><\/li><li><a href=\"http:\/\/knjiznice.nsk.hr\/kotoriba\" >Knji\u017enica i \u010ditaonica Kotoriba<\/a><\/li><li><a href=\"http:\/\/knjiznice.nsk.hr\/martinska-ves\" >Knji\u017enica i \u010ditaonica Martinska Ves<\/a><\/li><li><a href=\"http:\/\/knjiznice.nsk.hr\/martinska-ves\" >Knji\u017enica i \u010ditaonica Martinska Ves - NK\u010c Vlado Gotovac Sisak<\/a><\/li><li><a href=\"http:\/\/knjiznice.nsk.hr\/novigrad\" >Knji\u017enica i \u010ditaonica Novigrad<\/a><\/li><li><a href=\"http:\/\/knjiznice.nsk.hr\/pitomaca\" >Knji\u017enica i \u010ditaonica Pitoma\u010da<\/a><\/li><li><a href=\"http:\/\/knjiznice.nsk.hr\/plaski\" >Knji\u017enica i \u010ditaonica Pla\u0161ki<\/a><\/li><li><a href=\"http:\/\/knjiznice.nsk.hr\/slunj\" >Knji\u017enica i \u010ditaonica Slunj<\/a><\/li><li><a href=\"http:\/\/knjiznice.nsk.hr\/vojnic\" >Knji\u017enica i \u010ditaonica Vojni\u0107<\/a><\/li><li><a href=\"http:\/\/knjiznice.nsk.hr\/senkovec\" >Knji\u017enica i \u010ditaonica \u0160enkovec<\/a><\/li><li><a href=\"http:\/\/knjiznice.nsk.hr\/vela-luka\" >Narodna knji\u017enica \"\u0160ime Vu\u010deti\u0107\"<\/a><\/li><li><a href=\"http:\/\/knjiznice.nsk.hr\/hrvatskiskup\" >Narodna knji\u017enica &quot;Hrvatski skup&quot;<\/a><\/li><li><a href=\"http:\/\/knjiznice.nsk.hr\/kali\" >Narodna knji\u017enica Kali<\/a><\/li><li><a href=\"http:\/\/knjiznice.nsk.hr\/lovas\" >Narodna knji\u017enica Lovas<\/a><\/li><li><a href=\"http:\/\/knjiznice.nsk.hr\/perusic\" >Narodna knji\u017enica Op\u0107ine Peru\u0161i\u0107<\/a><\/li><li><a href=\"http:\/\/knjiznice.nsk.hr\/ploce\" >Narodna knji\u017enica Plo\u010de<\/a><\/li><li><a href=\"http:\/\/knjiznice.nsk.hr\/ston\" >Narodna knji\u017enica Ston<\/a><\/li><li><a href=\"http:\/\/knjiznice.nsk.hr\/virje\" >Narodna knji\u017enica Virje<\/a><\/li><li><a href=\"http:\/\/knjiznice.nsk.hr\/bosnjaci\" >Narodna knji\u017enica i \u010ditaonica Bo\u0161njaci <\/a><\/li><li><a href=\"http:\/\/knjiznice.nsk.hr\/bribir\" >Narodna knji\u017enica i \u010ditaonica Bribir<\/a><\/li><li><a href=\"http:\/\/knjiznice.nsk.hr\/stupnik\" >Narodna knji\u017enica i \u010ditaonica Brodski Stupnik<\/a><\/li><li><a href=\"http:\/\/knjiznice.nsk.hr\/gornji-bogicevci\" >Narodna knji\u017enica i \u010ditaonica Grigor Vitez Gornji Bogi\u0107evci<\/a><\/li><li><a href=\"http:\/\/knjiznice.nsk.hr\/gunja\" >Narodna knji\u017enica i \u010ditaonica Gunja<\/a><\/li><li><a href=\"http:\/\/knjiznice.nsk.hr\/hrvatska-dubica\" >Narodna knji\u017enica i \u010ditaonica Ivo Kozar\u010danin Hrvatska Dubica<\/a><\/li><li><a href=\"http:\/\/knjiznice.nsk.hr\/jasenovac\" >Narodna knji\u017enica i \u010ditaonica Jasenovac<\/a><\/li><li><a href=\"http:\/\/knjiznice.nsk.hr\/majur\" >Narodna knji\u017enica i \u010ditaonica Majur<\/a><\/li><li><a href=\"http:\/\/knjiznice.nsk.hr\/murter\" >Narodna knji\u017enica i \u010ditaonica Murter<\/a><\/li><li><a href=\"http:\/\/knjiznice.nsk.hr\/donji-kukuruzari\" >Narodna knji\u017enica i \u010ditaonica Napredak Donji Kukuruzari<\/a><\/li><li><a href=\"http:\/\/knjiznice.nsk.hr\/topusko\" >Narodna knji\u017enica i \u010ditaonica Topusko<\/a><\/li><li><a href=\"http:\/\/knjiznice.nsk.hr\/nustar\" >Narodna knji\u017enica i \u010ditaonica sv. Benedikta Nu\u0161tar<\/a><\/li><li><a href=\"http:\/\/knjiznice.nsk.hr\/korenica\" >Narodna knji\u017enica op\u0107ine Plitvi\u010dka jezera Korenica<\/a><\/li><li><a href=\"http:\/\/knjiznice.nsk.hr\/novivinodolski\" >Narodna \u010ditaonica i knji\u017enica Novi Vinodolski<\/a><\/li><li><a href=\"http:\/\/knjiznice.nsk.hr\/hrvatskisastanak1888\" >Op\u0107inska knji\u017enica &quot;Hrvatski sastanak 1888.&quot;<\/a><\/li><li><a href=\"http:\/\/knjiznice.nsk.hr\/bistra\" >Op\u0107inska knji\u017enica Bistra<\/a><\/li><li><a href=\"http:\/\/knjiznice.nsk.hr\/erdody\" >Op\u0107inska knji\u017enica Sidonije Rubido Erd\u04e7dy Gornja Rijeka<\/a><\/li><li><a href=\"http:\/\/knjiznice.nsk.hr\/jelsa\" >Op\u0107inska knji\u017enica i \u010ditaonica Jelsa<\/a><\/li><li><a href=\"http:\/\/knjiznice.nsk.hr\/kolan\" >Op\u0107inska knji\u017enica \u0160ime \u0160ugar Ivanov - Kolan<\/a><\/li><li><a href=\"http:\/\/knjiznice.nsk.hr\/babina-greda\" >Op\u0107inska narodna knji\u017enica Babina Greda<\/a><\/li><li><a href=\"http:\/\/knjiznice.nsk.hr\/drenovci\" >Op\u0107inska narodna knji\u017enica i \u010ditaonica Drenovci<\/a><\/li><li><a href=\"http:\/\/knjiznice.nsk.hr\/obrovac\" >Pu\u010dko otvoreno u\u010dili\u0161te-Knji\u017enica i \u010ditaonica Obrovac<\/a><\/li><li><a href=\"http:\/\/knjiznice.nsk.hr\/gospic\" >Samostalna narodna knji\u017enica Gospi\u0107<\/a><\/li><li><a href=\"http:\/\/knjiznice.nsk.hr\/stariweb\" >Sredi\u0161nji sustav narodnih knji\u017enica<\/a><\/li><li><a href=\"http:\/\/knjiznice.nsk.hr\/tester\" >Tester title<\/a><\/li><li><a href=\"http:\/\/knjiznice.nsk.hr\/tutorijali\" >Tutorial web site<\/a><\/li><\/ul><\/div><\/p>\n<p>Knji\u017enice bez kori\u0161tenja usluge izrade web stranice<\/p>\n<ul>\n<li><a href=\"http:\/\/www.czk-cepin.hr\/\" target=\"_blank\"  rel=\"nofollow\" >Centar za kulturu \u010cepin<\/a><\/li>\n<li><a href=\"http:\/\/www.dkd.hr\/\" target=\"_blank\"  rel=\"nofollow\" >Dubrova\u010dke knji\u017enice Dubrovnik<\/a><\/li>\n<li><a href=\"http:\/\/www.gskos.unios.hr\/\" target=\"_blank\"  rel=\"nofollow\" >Gradska i sveu\u010dili\u0161na knji\u017enica Osijek<\/a><\/li>\n<li><a href=\"http:\/\/www.gkbakar.hr\/\" target=\"_blank\"  rel=\"nofollow\" >Gradska knji\u017enica Bakar<\/a><\/li>\n<li><a href=\"http:\/\/www.knjiznica-krizevci.hr\/\" target=\"_blank\"  rel=\"nofollow\" >Gradska knji\u017enica Franjo Markovi\u0107 Kri\u017eevci<\/a><\/li>\n<li><a href=\"http:\/\/gkicdr.hr\/\" target=\"_blank\"  rel=\"nofollow\" >Gradska knji\u017enica i \u010ditaonica Duga Resa<\/a><\/li>\n<li><a href=\"http:\/\/knjiznica-losinj.hr\/\" target=\"_blank\"  rel=\"nofollow\" >Gradska knji\u017enica i \u010ditaonica Mali Lo\u0161inj<\/a><\/li>\n<li><a href=\"http:\/\/www.knjiznica-ludbreg.hr\/\" target=\"_blank\"  rel=\"nofollow\" >Gradska knji\u017enica i \u010ditaonica Mladen Kerstner<\/a><\/li>\n<li><a href=\"http:\/\/www.gkc-petrinja.hr\/cms\/\" target=\"_blank\"  rel=\"nofollow\" >Gradska knji\u017enica i \u010ditaonica Petrinja<\/a><\/li>\n<li><a href=\"http:\/\/www.knjiznica-slatina.hr\/\" target=\"_blank\"  rel=\"nofollow\" >Gradska knji\u017enica i \u010ditaonica Slatina<\/a><\/li>\n<li><a href=\"http:\/\/www.gk-opatija.hr\/\" target=\"_blank\"  rel=\"nofollow\" >Gradska knji\u017enica i \u010ditaonica Viktor Car Emin Opatija<\/a><\/li>\n<li><a href=\"http:\/\/www.gkka.hr\/\" target=\"_blank\"  rel=\"nofollow\" >Gradska knji\u017enica Ivan Goran Kova\u010di\u0107 Karlovac<\/a><\/li>\n<li><a href=\"http:\/\/www.gk-korcula.hr\/\" target=\"_blank\"  rel=\"nofollow\" >Gradska knji\u017enica Ivan Vidali Kor\u010dula<\/a><\/li>\n<li><a href=\"http:\/\/www.knjiznica-sibenik.hr\/\" target=\"_blank\"  rel=\"nofollow\" >Gradska knji\u017enica Juraj \u0160i\u017egori\u0107 \u0160ibenik<\/a><\/li>\n<li><a href=\"http:\/\/www.knjiznica-vg.hr\/\" target=\"_blank\"  rel=\"nofollow\" >Gradska knji\u017enica Velika Gorica<\/a><\/li>\n<li><a href=\"http:\/\/www.gkv.hr\/\" target=\"_blank\"  rel=\"nofollow\" >Gradska knji\u017enica Vodice<\/a><\/li>\n<li><a href=\"http:\/\/www.knjiznica.hr\/zupanja\" target=\"_blank\"  rel=\"nofollow\" >Gradska knji\u017enica \u017dupanja<\/a><\/li>\n<li><a href=\"http:\/\/www.knjiznica.hr\/otocac\" target=\"_blank\"  rel=\"nofollow\" >Javna ustanova Narodna knji\u017enica Oto\u010dac<\/a><\/li>\n<li><a href=\"http:\/\/www.knjiznica-koprivnica.hr\/knjiznica\/\" target=\"_blank\"  rel=\"nofollow\" >Knji\u017enica i \u010ditaonica Fran Galovi\u0107 Koprivnica<\/a><\/li>\n<li><a href=\"http:\/\/senkovec.hr\/?cat=6\" target=\"_blank\"  rel=\"nofollow\" >Knji\u017enica i \u010ditaonica \u0160enkovec<\/a><\/li>\n<li><a href=\"http:\/\/www.kcc.hr\/\" target=\"_blank\"  rel=\"nofollow\" >Knji\u017enica Nikola Zrinski \u010cakovec<\/a><\/li>\n<li><a href=\"http:\/\/www.knjiznica-glina.hr\/joomla16\/index.php\" target=\"_blank\"  rel=\"nofollow\" >Knji\u017enica i \u010ditaonica Glina<\/a><\/li>\n<li><a href=\"http:\/\/www.nkknin.hr\/\" target=\"_blank\"  rel=\"nofollow\" >Narodna knji\u017enica &#8211; Knin<\/a><\/li>\n<li><a href=\"http:\/\/www.opcina-viskovo.hr\/g\/Kultura-i-sport\/Knjiznica-Halubajska-zora\/Narodna-knjiznica-i-citaonica-Halubajska-zora.aspx\" target=\"_blank\"  rel=\"nofollow\" >Narodna knji\u017enica i \u010ditaonica Halubajska zora Vi\u0161kovo<\/a><\/li>\n<li><a href=\"http:\/\/www.tisno.hr\/clanci\/svecano-otvorena-narodna-knjiznica-i-citaonica-u-tisnome\/23.html\" target=\"_blank\"  rel=\"nofollow\" >Narodna knji\u017enica i \u010ditaonica Tisno<\/a><\/li>\n<li><a href=\"http:\/\/www.nkc-sisak.hr\/\" target=\"_blank\"  rel=\"nofollow\" >Narodna knji\u017enica i \u010ditaonica Vlado Gotovac Sisak<\/a><\/li>\n<li><a href=\"http:\/\/www.knjiznica-kostrena.hr\/\" target=\"_blank\"  rel=\"nofollow\" >Narodna knji\u017enica Kostrena<\/a><\/li>\n<li><a href=\"http:\/\/www.knjiznica-bjelovar.hr\/\" target=\"_blank\"  rel=\"nofollow\" >Narodna knji\u017enica Petar Preradovi\u0107 Bjelovar<\/a><\/li>\n<li><a href=\"http:\/\/www.nksvvl.hr\/\" target=\"_blank\"  rel=\"nofollow\" >Narodna knji\u017enica \u0160ime Vu\u010deti\u0107 Vela Luka<\/a><\/li>\n<li><a href=\"http:\/\/www.knjiznica.hr\/kolan\" target=\"_blank\"  rel=\"nofollow\" >Op\u0107inska knji\u017enica \u0160ime \u0160ugar Ivanov Kolan<\/a><\/li>\n<\/ul>\n","protected":false},"excerpt":{"rendered":"<p>Knji\u017enice s kori\u0161tenom uslugom izrade web stranice Knji\u017enice bez kori\u0161tenja usluge izrade web stranice Centar za kulturu \u010cepin Dubrova\u010dke knji\u017enice Dubrovnik Gradska i sveu\u010dili\u0161na knji\u017enica Osijek Gradska knji\u017enica Bakar Gradska knji\u017enica Franjo Markovi\u0107 Kri\u017eevci Gradska knji\u017enica i \u010ditaonica Duga Resa Gradska knji\u017enica i \u010ditaonica Mali Lo\u0161inj Gradska knji\u017enica i \u010ditaonica Mladen Kerstner Gradska knji\u017enica i&#8230;<\/p>\n","protected":false},"author":33,"featured_media":0,"parent":0,"menu_order":0,"comment_status":"closed","ping_status":"closed","template":"","meta":{"ngg_post_thumbnail":0},"yoast_head":"<!-- This site is optimized with the Yoast SEO plugin v16.4 - https:\/\/yoast.com\/wordpress\/plugins\/seo\/ -->\n<meta name=\"robots\" content=\"index, follow, max-snippet:-1, max-image-preview:large, max-video-preview:-1\" \/>\n<link rel=\"canonical\" href=\"https:\/\/knjiznice.nsk.hr\/stariweb\/knjiznice-u-sustavu\/\" \/>\n<meta property=\"og:locale\" content=\"hr_HR\" \/>\n<meta property=\"og:type\" content=\"article\" \/>\n<meta property=\"og:title\" content=\"Knji\u017enice u sustavu - Sredi\u0161nji sustav narodnih knji\u017enica\" \/>\n<meta property=\"og:description\" content=\"Knji\u017enice s kori\u0161tenom uslugom izrade web stranice Knji\u017enice bez kori\u0161tenja usluge izrade web stranice Centar za kulturu \u010cepin Dubrova\u010dke knji\u017enice Dubrovnik Gradska i sveu\u010dili\u0161na knji\u017enica Osijek Gradska knji\u017enica Bakar Gradska knji\u017enica Franjo Markovi\u0107 Kri\u017eevci Gradska knji\u017enica i \u010ditaonica Duga Resa Gradska knji\u017enica i \u010ditaonica Mali Lo\u0161inj Gradska knji\u017enica i \u010ditaonica Mladen Kerstner Gradska knji\u017enica i...\" \/>\n<meta property=\"og:url\" content=\"https:\/\/knjiznice.nsk.hr\/stariweb\/knjiznice-u-sustavu\/\" \/>\n<meta property=\"og:site_name\" content=\"Sredi\u0161nji sustav narodnih knji\u017enica\" \/>\n<meta property=\"article:modified_time\" content=\"2017-03-13T09:24:18+00:00\" \/>\n<meta name=\"twitter:label1\" content=\"Procijenjeno vrijeme \u010ditanja\" \/>\n\t<meta name=\"twitter:data1\" content=\"1 minuta\" \/>\n<script type=\"application\/ld+json\" class=\"yoast-schema-graph\">{\"@context\":\"https:\/\/schema.org\",\"@graph\":[{\"@type\":\"WebSite\",\"@id\":\"http:\/\/knjiznice.nsk.hr\/stariweb\/#website\",\"url\":\"http:\/\/knjiznice.nsk.hr\/stariweb\/\",\"name\":\"Sredi\\u0161nji sustav narodnih knji\\u017enica\",\"description\":\"Nacionalna i sveu\\u010dili\\u0161na knji\\u017enica u Zagrebu\",\"potentialAction\":[{\"@type\":\"SearchAction\",\"target\":\"http:\/\/knjiznice.nsk.hr\/stariweb\/?s={search_term_string}\",\"query-input\":\"required name=search_term_string\"}],\"inLanguage\":\"hr\"},{\"@type\":\"WebPage\",\"@id\":\"https:\/\/knjiznice.nsk.hr\/stariweb\/knjiznice-u-sustavu\/#webpage\",\"url\":\"https:\/\/knjiznice.nsk.hr\/stariweb\/knjiznice-u-sustavu\/\",\"name\":\"Knji\\u017enice u sustavu - Sredi\\u0161nji sustav narodnih knji\\u017enica\",\"isPartOf\":{\"@id\":\"http:\/\/knjiznice.nsk.hr\/stariweb\/#website\"},\"datePublished\":\"2014-12-04T12:24:18+00:00\",\"dateModified\":\"2017-03-13T09:24:18+00:00\",\"breadcrumb\":{\"@id\":\"https:\/\/knjiznice.nsk.hr\/stariweb\/knjiznice-u-sustavu\/#breadcrumb\"},\"inLanguage\":\"hr\",\"potentialAction\":[{\"@type\":\"ReadAction\",\"target\":[\"https:\/\/knjiznice.nsk.hr\/stariweb\/knjiznice-u-sustavu\/\"]}]},{\"@type\":\"BreadcrumbList\",\"@id\":\"https:\/\/knjiznice.nsk.hr\/stariweb\/knjiznice-u-sustavu\/#breadcrumb\",\"itemListElement\":[{\"@type\":\"ListItem\",\"position\":1,\"item\":{\"@type\":\"WebPage\",\"@id\":\"http:\/\/knjiznice.nsk.hr\/stariweb\/\",\"url\":\"http:\/\/knjiznice.nsk.hr\/stariweb\/\",\"name\":\"Po\\u010detna stranica\"}},{\"@type\":\"ListItem\",\"position\":2,\"item\":{\"@id\":\"https:\/\/knjiznice.nsk.hr\/stariweb\/knjiznice-u-sustavu\/#webpage\"}}]}]}<\/script>\n<!-- \/ Yoast SEO plugin. -->","_links":{"self":[{"href":"http:\/\/knjiznice.nsk.hr\/stariweb\/wp-json\/wp\/v2\/pages\/1004"}],"collection":[{"href":"http:\/\/knjiznice.nsk.hr\/stariweb\/wp-json\/wp\/v2\/pages"}],"about":[{"href":"http:\/\/knjiznice.nsk.hr\/stariweb\/wp-json\/wp\/v2\/types\/page"}],"author":[{"embeddable":true,"href":"http:\/\/knjiznice.nsk.hr\/stariweb\/wp-json\/wp\/v2\/users\/33"}],"replies":[{"embeddable":true,"href":"http:\/\/knjiznice.nsk.hr\/stariweb\/wp-json\/wp\/v2\/comments?post=1004"}],"version-history":[{"count":24,"href":"http:\/\/knjiznice.nsk.hr\/stariweb\/wp-json\/wp\/v2\/pages\/1004\/revisions"}],"predecessor-version":[{"id":9629,"href":"http:\/\/knjiznice.nsk.hr\/stariweb\/wp-json\/wp\/v2\/pages\/1004\/revisions\/9629"}],"wp:attachment":[{"href":"http:\/\/knjiznice.nsk.hr\/stariweb\/wp-json\/wp\/v2\/media?parent=1004"}],"curies":[{"name":"wp","href":"https:\/\/api.w.org\/{rel}","templated":true}]}}