{"id":464,"date":"2013-05-21T17:02:27","date_gmt":"2013-05-21T17:02:27","guid":{"rendered":"http:\/\/demo.studiopress.com\/enterprise-pro\/?page_id=464"},"modified":"2013-05-21T17:02:27","modified_gmt":"2013-05-21T17:02:27","slug":"ured","status":"publish","type":"page","link":"http:\/\/knjiznice.nsk.hr\/prilagodljiva\/ured\/","title":{"rendered":"Ured"},"content":{"rendered":"<p>Ovo je primjer WordPress stranice, mo\u017eete ure\u0111ivati ovaj tekst kako biste postavili informacije o sebi i o Va\u0161oj stranici kako bi Va\u0161i posjetitelji mogli doznati sve \u0161to ih zanima o Vama. Mo\u017eete napraviti koliko god stranica \u017eelite kako biste s Va\u0161im posjetiteljima podijelili sve \u0161to Vam je na umu.<\/p>\n<p>Ovo je primjer WordPress stranice, mo\u017eete ure\u0111ivati ovaj tekst kako biste postavili informacije o sebi i o Va\u0161oj stranici kako bi Va\u0161i posjetitelji mogli doznati sve \u0161to ih zanima o Vama. Mo\u017eete napraviti koliko god stranica \u017eelite kako biste s Va\u0161im posjetiteljima podijelili sve \u0161to Vam je na umu.Ovo je primjer WordPress stranice, mo\u017eete ure\u0111ivati ovaj tekst kako biste postavili informacije o sebi i o Va\u0161oj stranici kako bi Va\u0161i posjetitelji mogli doznati sve \u0161to ih zanima o Vama. Mo\u017eete napraviti koliko god stranica \u017eelite kako biste s Va\u0161im posjetiteljima podijelili sve \u0161to Vam je na umu.<\/p>\n<p>Ovo je primjer WordPress stranice, mo\u017eete ure\u0111ivati ovaj tekst kako biste postavili informacije o sebi i o Va\u0161oj stranici kako bi Va\u0161i posjetitelji mogli doznati sve \u0161to ih zanima o Vama. Mo\u017eete napraviti koliko god stranica \u017eelite kako biste s Va\u0161im posjetiteljima podijelili sve \u0161to Vam je na umu.<\/p>\n<p>Ovo je primjer WordPress stranice, mo\u017eete ure\u0111ivati ovaj tekst kako biste postavili informacije o sebi i o Va\u0161oj stranici kako bi Va\u0161i posjetitelji mogli doznati sve \u0161to ih zanima o Vama. Mo\u017eete napraviti koliko god stranica \u017eelite kako biste s Va\u0161im posjetiteljima podijelili sve \u0161to Vam je na umu.Ovo je primjer WordPress stranice, mo\u017eete ure\u0111ivati ovaj tekst kako biste postavili informacije o sebi i o Va\u0161oj stranici kako bi Va\u0161i posjetitelji mogli doznati sve \u0161to ih zanima o Vama. Mo\u017eete napraviti koliko god stranica \u017eelite kako biste s Va\u0161im posjetiteljima podijelili sve \u0161to Vam je na umu.<\/p>\n","protected":false},"excerpt":{"rendered":"<p>Ovo je primjer WordPress stranice, mo\u017eete ure\u0111ivati ovaj tekst kako biste postavili informacije o sebi i o Va\u0161oj stranici kako bi Va\u0161i posjetitelji mogli doznati sve \u0161to ih zanima o Vama. Mo\u017eete napraviti koliko god stranica \u017eelite kako biste s Va\u0161im posjetiteljima podijelili sve \u0161to Vam je na umu. Ovo je primjer WordPress stranice, mo\u017eete [&hellip;]<\/p>\n","protected":false},"author":34,"featured_media":622,"parent":0,"menu_order":0,"comment_status":"open","ping_status":"open","template":"","meta":{"ngg_post_thumbnail":0},"yoast_head":"<!-- This site is optimized with the Yoast SEO plugin v16.4 - https:\/\/yoast.com\/wordpress\/plugins\/seo\/ -->\n<meta name=\"robots\" content=\"index, follow, max-snippet:-1, max-image-preview:large, max-video-preview:-1\" \/>\n<link rel=\"canonical\" href=\"http:\/\/knjiznice.nsk.hr\/prilagodljiva\/ured\/\" \/>\n<meta property=\"og:locale\" content=\"hr_HR\" \/>\n<meta property=\"og:type\" content=\"article\" \/>\n<meta property=\"og:title\" content=\"Ured - Prilagodljiva\" \/>\n<meta property=\"og:description\" content=\"Ovo je primjer WordPress stranice, mo\u017eete ure\u0111ivati ovaj tekst kako biste postavili informacije o sebi i o Va\u0161oj stranici kako bi Va\u0161i posjetitelji mogli doznati sve \u0161to ih zanima o Vama. Mo\u017eete napraviti koliko god stranica \u017eelite kako biste s Va\u0161im posjetiteljima podijelili sve \u0161to Vam je na umu. Ovo je primjer WordPress stranice, mo\u017eete [&hellip;]\" \/>\n<meta property=\"og:url\" content=\"http:\/\/knjiznice.nsk.hr\/prilagodljiva\/ured\/\" \/>\n<meta property=\"og:site_name\" content=\"Prilagodljiva\" \/>\n<meta property=\"og:image\" content=\"http:\/\/knjiznice.nsk.hr\/prilagodljiva\/wp-content\/uploads\/sites\/38\/2013\/05\/singapore-river-255116_640.jpg\" \/>\n\t<meta property=\"og:image:width\" content=\"640\" \/>\n\t<meta property=\"og:image:height\" content=\"359\" \/>\n<meta name=\"twitter:label1\" content=\"Procijenjeno vrijeme \u010ditanja\" \/>\n\t<meta name=\"twitter:data1\" content=\"2 minute\" \/>\n<script type=\"application\/ld+json\" class=\"yoast-schema-graph\">{\"@context\":\"https:\/\/schema.org\",\"@graph\":[{\"@type\":\"WebSite\",\"@id\":\"http:\/\/knjiznice.nsk.hr\/prilagodljiva\/#website\",\"url\":\"http:\/\/knjiznice.nsk.hr\/prilagodljiva\/\",\"name\":\"Prilagodljiva\",\"description\":\"knjiznice.nsk.hr - predlo\\u017eak\",\"potentialAction\":[{\"@type\":\"SearchAction\",\"target\":\"http:\/\/knjiznice.nsk.hr\/prilagodljiva\/?s={search_term_string}\",\"query-input\":\"required name=search_term_string\"}],\"inLanguage\":\"hr\"},{\"@type\":\"ImageObject\",\"@id\":\"http:\/\/knjiznice.nsk.hr\/prilagodljiva\/ured\/#primaryimage\",\"inLanguage\":\"hr\",\"url\":\"http:\/\/knjiznice.nsk.hr\/prilagodljiva\/wp-content\/uploads\/sites\/38\/2013\/05\/singapore-river-255116_640.jpg\",\"contentUrl\":\"http:\/\/knjiznice.nsk.hr\/prilagodljiva\/wp-content\/uploads\/sites\/38\/2013\/05\/singapore-river-255116_640.jpg\",\"width\":640,\"height\":359},{\"@type\":\"WebPage\",\"@id\":\"http:\/\/knjiznice.nsk.hr\/prilagodljiva\/ured\/#webpage\",\"url\":\"http:\/\/knjiznice.nsk.hr\/prilagodljiva\/ured\/\",\"name\":\"Ured - Prilagodljiva\",\"isPartOf\":{\"@id\":\"http:\/\/knjiznice.nsk.hr\/prilagodljiva\/#website\"},\"primaryImageOfPage\":{\"@id\":\"http:\/\/knjiznice.nsk.hr\/prilagodljiva\/ured\/#primaryimage\"},\"datePublished\":\"2013-05-21T17:02:27+00:00\",\"dateModified\":\"2013-05-21T17:02:27+00:00\",\"breadcrumb\":{\"@id\":\"http:\/\/knjiznice.nsk.hr\/prilagodljiva\/ured\/#breadcrumb\"},\"inLanguage\":\"hr\",\"potentialAction\":[{\"@type\":\"ReadAction\",\"target\":[\"http:\/\/knjiznice.nsk.hr\/prilagodljiva\/ured\/\"]}]},{\"@type\":\"BreadcrumbList\",\"@id\":\"http:\/\/knjiznice.nsk.hr\/prilagodljiva\/ured\/#breadcrumb\",\"itemListElement\":[{\"@type\":\"ListItem\",\"position\":1,\"item\":{\"@type\":\"WebPage\",\"@id\":\"http:\/\/knjiznice.nsk.hr\/prilagodljiva\/\",\"url\":\"http:\/\/knjiznice.nsk.hr\/prilagodljiva\/\",\"name\":\"Po\\u010detna stranica\"}},{\"@type\":\"ListItem\",\"position\":2,\"item\":{\"@id\":\"http:\/\/knjiznice.nsk.hr\/prilagodljiva\/ured\/#webpage\"}}]}]}<\/script>\n<!-- \/ Yoast SEO plugin. -->","_links":{"self":[{"href":"http:\/\/knjiznice.nsk.hr\/prilagodljiva\/wp-json\/wp\/v2\/pages\/464"}],"collection":[{"href":"http:\/\/knjiznice.nsk.hr\/prilagodljiva\/wp-json\/wp\/v2\/pages"}],"about":[{"href":"http:\/\/knjiznice.nsk.hr\/prilagodljiva\/wp-json\/wp\/v2\/types\/page"}],"author":[{"embeddable":true,"href":"http:\/\/knjiznice.nsk.hr\/prilagodljiva\/wp-json\/wp\/v2\/users\/34"}],"replies":[{"embeddable":true,"href":"http:\/\/knjiznice.nsk.hr\/prilagodljiva\/wp-json\/wp\/v2\/comments?post=464"}],"version-history":[{"count":0,"href":"http:\/\/knjiznice.nsk.hr\/prilagodljiva\/wp-json\/wp\/v2\/pages\/464\/revisions"}],"wp:featuredmedia":[{"embeddable":true,"href":"http:\/\/knjiznice.nsk.hr\/prilagodljiva\/wp-json\/wp\/v2\/media\/622"}],"wp:attachment":[{"href":"http:\/\/knjiznice.nsk.hr\/prilagodljiva\/wp-json\/wp\/v2\/media?parent=464"}],"curies":[{"name":"wp","href":"https:\/\/api.w.org\/{rel}","templated":true}]}}